{"id":3029,"date":"2021-11-24T20:22:28","date_gmt":"2021-11-24T19:29:09","guid":{"rendered":"http:\/\/pm.dev-designatelier.cz\/shop\/uncategorized\/masking-paper\/"},"modified":"2022-05-06T12:43:08","modified_gmt":"2022-05-06T10:43:08","slug":"masking-paper","status":"publish","type":"product","link":"http:\/\/pm.dev-designatelier.cz\/en\/products\/masking-for-plane-surface\/masking-paper\/masking-paper\/","title":{"rendered":"MASKING PAPER"},"content":{"rendered":"<style type=\"text\/css\">\n.tableizer-table {font-family: Arial, Helvetica, sans-serif; font-size: 11px;}\n.tableizer-table td {padding: 3px 25px 3px 25px; border: 1px solid #fff; background-color: #ddd; color: #000; text-align: center;}\n.tableizer-table th {text-align:center;padding: 3px 25px 3px 25px; border: 1px solid #fff; background-color: #ebbc06; color: #fff; font-weight: bold;}\ntd:first-child {text-align: left; background-color: #ccc7c2; font-weight: bold;}\nth:first-child {text-align: left;}\n<\/style>\n<table class=\"tableizer-table\">\n<thead>\n<tr class=\"tableizer-firstrow\">\n<th>PRODUKT \u010c.<\/th>\n<th>\u0160\u00cd\u0158KA (mm)<\/th>\n<th>PLOCHA (m2 \/ role)<\/th>\n<\/tr>\n<\/thead>\n<tbody>\n<tr>\n<td>PM-100mm-500m<\/td>\n<td>100<\/td>\n<td>50<\/td>\n<\/tr>\n<tr>\n<td>PM-200mm-500m<\/td>\n<td>200<\/td>\n<td>100<\/td>\n<\/tr>\n<tr>\n<td>PM-300mm-500m<\/td>\n<td>300<\/td>\n<td>150<\/td>\n<\/tr>\n<tr>\n<td>PM-400mm-500m<\/td>\n<td>400<\/td>\n<td>200<\/td>\n<\/tr>\n<tr>\n<td>PM-500mm-500m<\/td>\n<td>500<\/td>\n<td>250<\/td>\n<\/tr>\n<tr>\n<td>PM-600mm-500m<\/td>\n<td>600<\/td>\n<td>300<\/td>\n<\/tr>\n<tr>\n<td>PM-700mm-500m<\/td>\n<td>700<\/td>\n<td>350<\/td>\n<\/tr>\n<tr>\n<td>PM-800mm-500m<\/td>\n<td>800<\/td>\n<td>400<\/td>\n<\/tr>\n<tr>\n<td>PM-900mm-500m<\/td>\n<td>900<\/td>\n<td>450<\/td>\n<\/tr>\n<\/tbody>\n<\/table>\n","protected":false},"excerpt":{"rendered":"<ul>\n<li>Temperature range up to 240\u00b0C<\/li>\n<li>Roll &#8211; 500 m (cream color)<\/li>\n<li>Suitable for masking large surfaces<\/li>\n<li>Suitable for powder coating and dual colour coating and wet spray<\/li>\n<\/ul>\n","protected":false},"featured_media":3674,"comment_status":"closed","ping_status":"closed","template":"","meta":[],"product_cat":[164,168],"product_tag":[],"yoast_head":"<!-- This site is optimized with the Yoast SEO plugin v21.6 - https:\/\/yoast.com\/wordpress\/plugins\/seo\/ -->\n<title>MASKING PAPER - Maskovac\u00ed pap\u00edr - PRO MASK PRODUCTS s.r.o.<\/title>\n<meta name=\"description\" content=\"\u2022 Temperature range up to 240\u00b0C\u2022 Roll - 500 m (cream color)\u2022\u00a0Suitable for masking large surfaces\u2022 Suitable for powder coating and dual colour coating and wet spray\" \/>\n<meta name=\"robots\" content=\"noindex, follow, max-snippet:-1, max-image-preview:large, max-video-preview:-1\" \/>\n<meta property=\"og:locale\" content=\"en_US\" \/>\n<meta property=\"og:type\" content=\"article\" \/>\n<meta property=\"og:title\" content=\"MASKING PAPER - Maskovac\u00ed pap\u00edr - PRO MASK PRODUCTS s.r.o.\" \/>\n<meta property=\"og:description\" content=\"\u2022 Temperature range up to 240\u00b0C\u2022 Roll - 500 m (cream color)\u2022\u00a0Suitable for masking large surfaces\u2022 Suitable for powder coating and dual colour coating and wet sprayPRO MASK PRODUCTS s.r.o. - Maskovac\u00ed krytky, z\u00e1tky, p\u00e1sky, z\u00e1v\u011bsov\u00e1 technika - Maskovac\u00ed pap\u00edrP\u0159\u00edm\u00fd dovozce a zpracovatel maskovac\u00edch prost\u0159edk\u016f pro povrchov\u00e9 \u00fapravy.\" \/>\n<meta property=\"og:url\" content=\"http:\/\/pm.dev-designatelier.cz\/en\/products\/masking-for-plane-surface\/masking-paper\/masking-paper\/\" \/>\n<meta property=\"og:site_name\" content=\"PRO MASK PRODUCTS s.r.o.\" \/>\n<meta property=\"article:modified_time\" content=\"2022-05-06T10:43:08+00:00\" \/>\n<meta property=\"og:image\" content=\"http:\/\/pm.dev-designatelier.cz\/wp-content\/uploads\/2021\/11\/MASKOVACI\u0301-PAPI\u0301R_PM_1-scaled.jpg\" \/>\n\t<meta property=\"og:image:width\" content=\"2560\" \/>\n\t<meta property=\"og:image:height\" content=\"2560\" \/>\n\t<meta property=\"og:image:type\" content=\"image\/jpeg\" \/>\n<meta name=\"twitter:card\" content=\"summary_large_image\" \/>\n<meta name=\"twitter:description\" content=\"\u2022 Temperature range up to 240\u00b0C\u2022 Roll - 500 m (cream color)\u2022\u00a0Suitable for masking large surfaces\u2022 Suitable for powder coating and dual colour coating and wet sprayPRO MASK PRODUCTS s.r.o. - Maskovac\u00ed krytky, z\u00e1tky, p\u00e1sky, z\u00e1v\u011bsov\u00e1 technika - Maskovac\u00ed pap\u00edrP\u0159\u00edm\u00fd dovozce a zpracovatel maskovac\u00edch prost\u0159edk\u016f pro povrchov\u00e9 \u00fapravy.\" \/>\n<script type=\"application\/ld+json\" class=\"yoast-schema-graph\">{\"@context\":\"https:\/\/schema.org\",\"@graph\":[{\"@type\":\"WebPage\",\"@id\":\"http:\/\/pm.dev-designatelier.cz\/en\/products\/masking-for-plane-surface\/masking-paper\/masking-paper\/\",\"url\":\"http:\/\/pm.dev-designatelier.cz\/en\/products\/masking-for-plane-surface\/masking-paper\/masking-paper\/\",\"name\":\"MASKING PAPER - Maskovac\u00ed pap\u00edr - PRO MASK PRODUCTS s.r.o.\",\"isPartOf\":{\"@id\":\"http:\/\/pm.dev-designatelier.cz\/en\/#website\"},\"datePublished\":\"2021-11-24T19:29:09+00:00\",\"dateModified\":\"2022-05-06T10:43:08+00:00\",\"description\":\"\u2022 Temperature range up to 240\u00b0C\u2022 Roll - 500 m (cream color)\u2022\u00a0Suitable for masking large surfaces\u2022 Suitable for powder coating and dual colour coating and wet spray\",\"breadcrumb\":{\"@id\":\"http:\/\/pm.dev-designatelier.cz\/en\/products\/masking-for-plane-surface\/masking-paper\/masking-paper\/#breadcrumb\"},\"inLanguage\":\"en-US\",\"potentialAction\":[{\"@type\":\"ReadAction\",\"target\":[\"http:\/\/pm.dev-designatelier.cz\/en\/products\/masking-for-plane-surface\/masking-paper\/masking-paper\/\"]}]},{\"@type\":\"BreadcrumbList\",\"@id\":\"http:\/\/pm.dev-designatelier.cz\/en\/products\/masking-for-plane-surface\/masking-paper\/masking-paper\/#breadcrumb\",\"itemListElement\":[{\"@type\":\"ListItem\",\"position\":1,\"name\":\"Home\",\"item\":\"http:\/\/pm.dev-designatelier.cz\/en\/\"},{\"@type\":\"ListItem\",\"position\":2,\"name\":\"Shop\",\"item\":\"http:\/\/pm.dev-designatelier.cz\/en\/shop\/\"},{\"@type\":\"ListItem\",\"position\":3,\"name\":\"MASKING FOR PLANE SURFACE\",\"item\":\"http:\/\/pm.dev-designatelier.cz\/en\/product-category\/masking-for-plane-surface\/\"},{\"@type\":\"ListItem\",\"position\":4,\"name\":\"MASKING PAPER\",\"item\":\"http:\/\/pm.dev-designatelier.cz\/en\/product-category\/masking-for-plane-surface\/masking-paper\/\"},{\"@type\":\"ListItem\",\"position\":5,\"name\":\"MASKING PAPER\"}]},{\"@type\":\"WebSite\",\"@id\":\"http:\/\/pm.dev-designatelier.cz\/en\/#website\",\"url\":\"http:\/\/pm.dev-designatelier.cz\/en\/\",\"name\":\"PRO MASK PRODUCTS s.r.o.\",\"description\":\"\",\"publisher\":{\"@id\":\"http:\/\/pm.dev-designatelier.cz\/en\/#organization\"},\"potentialAction\":[{\"@type\":\"SearchAction\",\"target\":{\"@type\":\"EntryPoint\",\"urlTemplate\":\"http:\/\/pm.dev-designatelier.cz\/en\/?s={search_term_string}\"},\"query-input\":\"required name=search_term_string\"}],\"inLanguage\":\"en-US\"},{\"@type\":\"Organization\",\"@id\":\"http:\/\/pm.dev-designatelier.cz\/en\/#organization\",\"name\":\"Pro Mask Products s.r.o.\",\"url\":\"http:\/\/pm.dev-designatelier.cz\/en\/\",\"logo\":{\"@type\":\"ImageObject\",\"inLanguage\":\"en-US\",\"@id\":\"http:\/\/pm.dev-designatelier.cz\/en\/#\/schema\/logo\/image\/\",\"url\":\"http:\/\/pm.dev-designatelier.cz\/wp-content\/uploads\/2021\/12\/logo_PMP.png\",\"contentUrl\":\"http:\/\/pm.dev-designatelier.cz\/wp-content\/uploads\/2021\/12\/logo_PMP.png\",\"width\":264,\"height\":110,\"caption\":\"Pro Mask Products s.r.o.\"},\"image\":{\"@id\":\"http:\/\/pm.dev-designatelier.cz\/en\/#\/schema\/logo\/image\/\"}}]}<\/script>\n<!-- \/ Yoast SEO plugin. -->","yoast_head_json":{"title":"MASKING PAPER - Maskovac\u00ed pap\u00edr - PRO MASK PRODUCTS s.r.o.","description":"\u2022 Temperature range up to 240\u00b0C\u2022 Roll - 500 m (cream color)\u2022\u00a0Suitable for masking large surfaces\u2022 Suitable for powder coating and dual colour coating and wet spray","robots":{"index":"noindex","follow":"follow","max-snippet":"max-snippet:-1","max-image-preview":"max-image-preview:large","max-video-preview":"max-video-preview:-1"},"og_locale":"en_US","og_type":"article","og_title":"MASKING PAPER - Maskovac\u00ed pap\u00edr - PRO MASK PRODUCTS s.r.o.","og_description":"\u2022 Temperature range up to 240\u00b0C\u2022 Roll - 500 m (cream color)\u2022\u00a0Suitable for masking large surfaces\u2022 Suitable for powder coating and dual colour coating and wet sprayPRO MASK PRODUCTS s.r.o. - Maskovac\u00ed krytky, z\u00e1tky, p\u00e1sky, z\u00e1v\u011bsov\u00e1 technika - Maskovac\u00ed pap\u00edrP\u0159\u00edm\u00fd dovozce a zpracovatel maskovac\u00edch prost\u0159edk\u016f pro povrchov\u00e9 \u00fapravy.","og_url":"http:\/\/pm.dev-designatelier.cz\/en\/products\/masking-for-plane-surface\/masking-paper\/masking-paper\/","og_site_name":"PRO MASK PRODUCTS s.r.o.","article_modified_time":"2022-05-06T10:43:08+00:00","og_image":[{"width":2560,"height":2560,"url":"http:\/\/pm.dev-designatelier.cz\/wp-content\/uploads\/2021\/11\/MASKOVACI\u0301-PAPI\u0301R_PM_1-scaled.jpg","type":"image\/jpeg"}],"twitter_card":"summary_large_image","twitter_description":"\u2022 Temperature range up to 240\u00b0C\u2022 Roll - 500 m (cream color)\u2022\u00a0Suitable for masking large surfaces\u2022 Suitable for powder coating and dual colour coating and wet sprayPRO MASK PRODUCTS s.r.o. - Maskovac\u00ed krytky, z\u00e1tky, p\u00e1sky, z\u00e1v\u011bsov\u00e1 technika - Maskovac\u00ed pap\u00edrP\u0159\u00edm\u00fd dovozce a zpracovatel maskovac\u00edch prost\u0159edk\u016f pro povrchov\u00e9 \u00fapravy.","schema":{"@context":"https:\/\/schema.org","@graph":[{"@type":"WebPage","@id":"http:\/\/pm.dev-designatelier.cz\/en\/products\/masking-for-plane-surface\/masking-paper\/masking-paper\/","url":"http:\/\/pm.dev-designatelier.cz\/en\/products\/masking-for-plane-surface\/masking-paper\/masking-paper\/","name":"MASKING PAPER - Maskovac\u00ed pap\u00edr - PRO MASK PRODUCTS s.r.o.","isPartOf":{"@id":"http:\/\/pm.dev-designatelier.cz\/en\/#website"},"datePublished":"2021-11-24T19:29:09+00:00","dateModified":"2022-05-06T10:43:08+00:00","description":"\u2022 Temperature range up to 240\u00b0C\u2022 Roll - 500 m (cream color)\u2022\u00a0Suitable for masking large surfaces\u2022 Suitable for powder coating and dual colour coating and wet spray","breadcrumb":{"@id":"http:\/\/pm.dev-designatelier.cz\/en\/products\/masking-for-plane-surface\/masking-paper\/masking-paper\/#breadcrumb"},"inLanguage":"en-US","potentialAction":[{"@type":"ReadAction","target":["http:\/\/pm.dev-designatelier.cz\/en\/products\/masking-for-plane-surface\/masking-paper\/masking-paper\/"]}]},{"@type":"BreadcrumbList","@id":"http:\/\/pm.dev-designatelier.cz\/en\/products\/masking-for-plane-surface\/masking-paper\/masking-paper\/#breadcrumb","itemListElement":[{"@type":"ListItem","position":1,"name":"Home","item":"http:\/\/pm.dev-designatelier.cz\/en\/"},{"@type":"ListItem","position":2,"name":"Shop","item":"http:\/\/pm.dev-designatelier.cz\/en\/shop\/"},{"@type":"ListItem","position":3,"name":"MASKING FOR PLANE SURFACE","item":"http:\/\/pm.dev-designatelier.cz\/en\/product-category\/masking-for-plane-surface\/"},{"@type":"ListItem","position":4,"name":"MASKING PAPER","item":"http:\/\/pm.dev-designatelier.cz\/en\/product-category\/masking-for-plane-surface\/masking-paper\/"},{"@type":"ListItem","position":5,"name":"MASKING PAPER"}]},{"@type":"WebSite","@id":"http:\/\/pm.dev-designatelier.cz\/en\/#website","url":"http:\/\/pm.dev-designatelier.cz\/en\/","name":"PRO MASK PRODUCTS s.r.o.","description":"","publisher":{"@id":"http:\/\/pm.dev-designatelier.cz\/en\/#organization"},"potentialAction":[{"@type":"SearchAction","target":{"@type":"EntryPoint","urlTemplate":"http:\/\/pm.dev-designatelier.cz\/en\/?s={search_term_string}"},"query-input":"required name=search_term_string"}],"inLanguage":"en-US"},{"@type":"Organization","@id":"http:\/\/pm.dev-designatelier.cz\/en\/#organization","name":"Pro Mask Products s.r.o.","url":"http:\/\/pm.dev-designatelier.cz\/en\/","logo":{"@type":"ImageObject","inLanguage":"en-US","@id":"http:\/\/pm.dev-designatelier.cz\/en\/#\/schema\/logo\/image\/","url":"http:\/\/pm.dev-designatelier.cz\/wp-content\/uploads\/2021\/12\/logo_PMP.png","contentUrl":"http:\/\/pm.dev-designatelier.cz\/wp-content\/uploads\/2021\/12\/logo_PMP.png","width":264,"height":110,"caption":"Pro Mask Products s.r.o."},"image":{"@id":"http:\/\/pm.dev-designatelier.cz\/en\/#\/schema\/logo\/image\/"}}]}},"_links":{"self":[{"href":"http:\/\/pm.dev-designatelier.cz\/en\/wp-json\/wp\/v2\/product\/3029"}],"collection":[{"href":"http:\/\/pm.dev-designatelier.cz\/en\/wp-json\/wp\/v2\/product"}],"about":[{"href":"http:\/\/pm.dev-designatelier.cz\/en\/wp-json\/wp\/v2\/types\/product"}],"replies":[{"embeddable":true,"href":"http:\/\/pm.dev-designatelier.cz\/en\/wp-json\/wp\/v2\/comments?post=3029"}],"version-history":[{"count":0,"href":"http:\/\/pm.dev-designatelier.cz\/en\/wp-json\/wp\/v2\/product\/3029\/revisions"}],"wp:featuredmedia":[{"embeddable":true,"href":"http:\/\/pm.dev-designatelier.cz\/en\/wp-json\/wp\/v2\/media\/3674"}],"wp:attachment":[{"href":"http:\/\/pm.dev-designatelier.cz\/en\/wp-json\/wp\/v2\/media?parent=3029"}],"wp:term":[{"taxonomy":"product_cat","embeddable":true,"href":"http:\/\/pm.dev-designatelier.cz\/en\/wp-json\/wp\/v2\/product_cat?post=3029"},{"taxonomy":"product_tag","embeddable":true,"href":"http:\/\/pm.dev-designatelier.cz\/en\/wp-json\/wp\/v2\/product_tag?post=3029"}],"curies":[{"name":"wp","href":"https:\/\/api.w.org\/{rel}","templated":true}]}}