{"id":3025,"date":"2021-11-24T20:22:24","date_gmt":"2021-11-24T19:29:02","guid":{"rendered":"http:\/\/pm.dev-designatelier.cz\/shop\/uncategorized\/vi-hooks\/"},"modified":"2022-05-06T11:24:52","modified_gmt":"2022-05-06T09:24:52","slug":"vi-hooks","status":"publish","type":"product","link":"http:\/\/pm.dev-designatelier.cz\/en\/products\/hooks\/vi-hooks\/","title":{"rendered":"&#8220;VI&#8221; HOOKS"},"content":{"rendered":"<p><strong>In case you don&#8217;t find requested sizes, do not hesitate to&nbsp;<a href=\"http:\/\/pm.dev-designatelier.cz\/en\/contact-us\/\">contact us<\/a>.<\/strong><\/p>\n<style type=\"text\/css\">\n.tableizer-table {font-family: Arial, Helvetica, sans-serif; font-size: 11px;}\n.tableizer-table td {padding: 3px 25px 3px 25px; border: 1px solid #fff; background-color: #ddd; color: #000; text-align: center;}\n.tableizer-table th {text-align:center;padding: 3px 25px 3px 25px; border: 1px solid #fff; background-color: #ebbc06; color: #fff; font-weight: bold;}\ntd:first-child {text-align: left; background-color: #ccc7c2; font-weight: bold;}\nth:first-child {text-align: left;}\n<\/style>\n<p><P><\/P><br \/>\n<\/p>\n<h3>wire &#8211; \u00d8 1,5mm<\/h3>\n<table class=\"tableizer-table\">\n<thead>\n<tr class=\"tableizer-firstrow\">\n<th>PART NO.<\/th>\n<th>A (mm)<\/th>\n<th>B (mm)<\/th>\n<th>C (mm)<\/th>\n<th>D (mm)<\/th>\n<th>E (mm)<\/th>\n<th>pcs \/ PACKAGE<\/th>\n<\/tr>\n<\/thead>\n<tbody>\n<tr>\n<td>DM-VI-250&#215;1,5-17&#215;17-17<\/td>\n<td>250<\/td>\n<td>1,5<\/td>\n<td>17<\/td>\n<td>17<\/td>\n<td>17<\/td>\n<td>2 400<\/td>\n<\/tr>\n<tr>\n<td>DM-VI-300&#215;1,5-17&#215;17-17<\/td>\n<td>300<\/td>\n<td>1,5<\/td>\n<td>17<\/td>\n<td>17<\/td>\n<td>17<\/td>\n<td>1 800<\/td>\n<\/tr>\n<tr>\n<td>DM-VI-400&#215;1,5-17&#215;17-17<\/td>\n<td>400<\/td>\n<td>1,5<\/td>\n<td>17<\/td>\n<td>17<\/td>\n<td>17<\/td>\n<td>2 400<\/td>\n<\/tr>\n<tr>\n<td>DM-VI-500&#215;1,5-17&#215;17-17<\/td>\n<td>500<\/td>\n<td>1,5<\/td>\n<td>17<\/td>\n<td>17<\/td>\n<td>17<\/td>\n<td>2 100<\/td>\n<\/tr>\n<tr>\n<td>DM-VI-600&#215;1,5-17&#215;17-17<\/td>\n<td>600<\/td>\n<td>1,5<\/td>\n<td>17<\/td>\n<td>17<\/td>\n<td>17<\/td>\n<td>2 400<\/td>\n<\/tr>\n<\/tbody>\n<\/table>\n<p><P><\/P><br \/>\n<\/p>\n<h3>wire &#8211; \u00d8 2mm<\/h3>\n<table class=\"tableizer-table\">\n<thead>\n<tr class=\"tableizer-firstrow\">\n<th>PART NO.<\/th>\n<th>A (mm)<\/th>\n<th>B (mm)<\/th>\n<th>C (mm)<\/th>\n<th>D (mm)<\/th>\n<th>E (mm)<\/th>\n<th>pcs \/ PACKAGE<\/th>\n<\/tr>\n<\/thead>\n<tbody>\n<tr>\n<td>DM-VI-300&#215;2-17&#215;17-17<\/td>\n<td>300<\/td>\n<td>2<\/td>\n<td>17<\/td>\n<td>17<\/td>\n<td>17<\/td>\n<td>1 400<\/td>\n<\/tr>\n<tr>\n<td>DM-VI-400&#215;2-17&#215;17-17<\/td>\n<td>400<\/td>\n<td>2<\/td>\n<td>17<\/td>\n<td>17<\/td>\n<td>17<\/td>\n<td>1 400<\/td>\n<\/tr>\n<tr>\n<td>DM-VI-500&#215;2-17&#215;17-17<\/td>\n<td>500<\/td>\n<td>2<\/td>\n<td>17<\/td>\n<td>17<\/td>\n<td>17<\/td>\n<td>1 500<\/td>\n<\/tr>\n<tr>\n<td>DM-VI-600&#215;2-17&#215;17-17<\/td>\n<td>600<\/td>\n<td>2<\/td>\n<td>17<\/td>\n<td>17<\/td>\n<td>17<\/td>\n<td>1 800<\/td>\n<\/tr>\n<tr>\n<td>DM-VI-700&#215;2-17&#215;17-17<\/td>\n<td>700<\/td>\n<td>2<\/td>\n<td>17<\/td>\n<td>17<\/td>\n<td>17<\/td>\n<td>1 600<\/td>\n<\/tr>\n<tr>\n<td>DM-VI-800&#215;2-17&#215;17-17<\/td>\n<td>800<\/td>\n<td>2<\/td>\n<td>17<\/td>\n<td>17<\/td>\n<td>17<\/td>\n<td>1 800<\/td>\n<\/tr>\n<tr>\n<td>DM-VI-1000&#215;2-17&#215;17-17<\/td>\n<td>1000<\/td>\n<td>2<\/td>\n<td>17<\/td>\n<td>17<\/td>\n<td>17<\/td>\n<td>1 800<\/td>\n<\/tr>\n<\/tbody>\n<\/table>\n<p><P><\/P><br \/>\n<\/p>\n<h3>wire &#8211; \u00d8 3mm<\/h3>\n<table class=\"tableizer-table\">\n<thead>\n<tr class=\"tableizer-firstrow\">\n<th>PART NO.<\/th>\n<th>A (mm)<\/th>\n<th>B (mm)<\/th>\n<th>C (mm)<\/th>\n<th>D (mm)<\/th>\n<th>E (mm)<\/th>\n<th>pcs \/ PACKAGE<\/th>\n<\/tr>\n<\/thead>\n<tbody>\n<tr>\n<td>DM-VI-100&#215;3-18&#215;18-18<\/td>\n<td>100<\/td>\n<td>3<\/td>\n<td>18<\/td>\n<td>18<\/td>\n<td>18<\/td>\n<td>1 600<\/td>\n<\/tr>\n<tr>\n<td>DM-VI-150&#215;3-18&#215;18-18<\/td>\n<td>150<\/td>\n<td>3<\/td>\n<td>18<\/td>\n<td>18<\/td>\n<td>18<\/td>\n<td>900<\/td>\n<\/tr>\n<tr>\n<td>DM-VI-200&#215;3-18&#215;18-18<\/td>\n<td>200<\/td>\n<td>3<\/td>\n<td>18<\/td>\n<td>18<\/td>\n<td>18<\/td>\n<td>1 000<\/td>\n<\/tr>\n<tr>\n<td>DM-VI-250&#215;3-18&#215;18-18<\/td>\n<td>250<\/td>\n<td>3<\/td>\n<td>18<\/td>\n<td>18<\/td>\n<td>18<\/td>\n<td>900<\/td>\n<\/tr>\n<tr>\n<td>DM-VI-300&#215;3-18&#215;18-18<\/td>\n<td>300<\/td>\n<td>3<\/td>\n<td>18<\/td>\n<td>18<\/td>\n<td>18<\/td>\n<td>800<\/td>\n<\/tr>\n<tr>\n<td>DM-VI-400&#215;3-18x18x18<\/td>\n<td>400<\/td>\n<td>3<\/td>\n<td>18<\/td>\n<td>18<\/td>\n<td>18<\/td>\n<td>800<\/td>\n<\/tr>\n<tr>\n<td>DM-VI-500&#215;3-18&#215;18-18<\/td>\n<td>500<\/td>\n<td>3<\/td>\n<td>18<\/td>\n<td>18<\/td>\n<td>18<\/td>\n<td>800<\/td>\n<\/tr>\n<tr>\n<td>DM-VI-600&#215;3-18&#215;18-18<\/td>\n<td>600<\/td>\n<td>3<\/td>\n<td>18<\/td>\n<td>18<\/td>\n<td>18<\/td>\n<td>900<\/td>\n<\/tr>\n<tr>\n<td>DM-VI-700&#215;3-18&#215;18-18<\/td>\n<td>700<\/td>\n<td>3<\/td>\n<td>18<\/td>\n<td>18<\/td>\n<td>18<\/td>\n<td>900<\/td>\n<\/tr>\n<tr>\n<td>DM-VI-800&#215;3-18&#215;18-18<\/td>\n<td>800<\/td>\n<td>3<\/td>\n<td>18<\/td>\n<td>18<\/td>\n<td>18<\/td>\n<td>800<\/td>\n<\/tr>\n<tr>\n<td>DM-VI-900&#215;3-18&#215;18-18<\/td>\n<td>900<\/td>\n<td>3<\/td>\n<td>18<\/td>\n<td>18<\/td>\n<td>18<\/td>\n<td>600<\/td>\n<\/tr>\n<\/tbody>\n<\/table>\n<p><P><\/P><br \/>\n<\/p>\n<h3>wire &#8211; \u00d8 4mm<\/h3>\n<table class=\"tableizer-table\">\n<thead>\n<tr class=\"tableizer-firstrow\">\n<th>PART NO.<\/th>\n<th>A (mm)<\/th>\n<th>B (mm)<\/th>\n<th>C (mm)<\/th>\n<th>D (mm)<\/th>\n<th>E (mm)<\/th>\n<th>pcs \/ PACKAGE<\/th>\n<\/tr>\n<\/thead>\n<tbody>\n<tr>\n<td>DM-VI-400&#215;4-20&#215;20-19<\/td>\n<td>400<\/td>\n<td>4<\/td>\n<td>20<\/td>\n<td>20<\/td>\n<td>19<\/td>\n<td>500<\/td>\n<\/tr>\n<tr>\n<td>DM-VI-500&#215;4-20&#215;20-19<\/td>\n<td>500<\/td>\n<td>4<\/td>\n<td>20<\/td>\n<td>20<\/td>\n<td>19<\/td>\n<td>600<\/td>\n<\/tr>\n<tr>\n<td>DM-VI-600&#215;4-20&#215;20-19<\/td>\n<td>600<\/td>\n<td>4<\/td>\n<td>20<\/td>\n<td>20<\/td>\n<td>19<\/td>\n<td>500<\/td>\n<\/tr>\n<tr>\n<td>DM-VI-700&#215;4-20&#215;20-19<\/td>\n<td>700<\/td>\n<td>4<\/td>\n<td>20<\/td>\n<td>20<\/td>\n<td>19<\/td>\n<td>500<\/td>\n<\/tr>\n<tr>\n<td>DM-VI-800&#215;4-20&#215;20-19<\/td>\n<td>800<\/td>\n<td>4<\/td>\n<td>20<\/td>\n<td>20<\/td>\n<td>19<\/td>\n<td>500<\/td>\n<\/tr>\n<\/tbody>\n<\/table>\n","protected":false},"excerpt":{"rendered":"<p>&bull; Two-angular bend provides stabler hanging<br \/>&bull; Higher load capacity than radius (&#8220;CC&#8221;) hooks<br \/>&bull; Entire production with own CNC machines<br \/>&bull; Custom production according to customer&#8217;s requirements<br \/>&bull; Spring steel available<br \/>&bull; Entire packages only<br \/>&bull; Layers of hooks separated by cardboard interlays for easier taking<br \/>&bull; To verify the load capacity free samples available<\/p>\n","protected":false},"featured_media":3764,"comment_status":"closed","ping_status":"closed","template":"","meta":[],"product_cat":[189],"product_tag":[],"yoast_head":"<!-- This site is optimized with the Yoast SEO plugin v21.6 - https:\/\/yoast.com\/wordpress\/plugins\/seo\/ -->\n<title>&quot;VI&quot; HOOKS - Z\u00e1v\u011bsn\u00e9 VI h\u00e1ky - PRO MASK PRODUCTS s.r.o.<\/title>\n<meta name=\"description\" content=\"\u2022 Two-angular bend provides stabler hanging\u2022 Higher load capacity than radius (&quot;CC&quot;) hooks\u2022 Entire production with own CNC machines\u2022 Custom production according to customer&#039;s requirements\u2022 Spring steel available\u2022 Entire packages only\u2022 Layers of hooks separated by cardboard interlays for easier taking\u2022 To verify the load capacity free samples available\" \/>\n<meta name=\"robots\" content=\"noindex, follow, max-snippet:-1, max-image-preview:large, max-video-preview:-1\" \/>\n<meta property=\"og:locale\" content=\"en_US\" \/>\n<meta property=\"og:type\" content=\"article\" \/>\n<meta property=\"og:title\" content=\"&quot;VI&quot; HOOKS - Z\u00e1v\u011bsn\u00e9 VI h\u00e1ky - PRO MASK PRODUCTS s.r.o.\" \/>\n<meta property=\"og:description\" content=\"\u2022 Two-angular bend provides stabler hanging\u2022 Higher load capacity than radius (&quot;CC&quot;) hooks\u2022 Entire production with own CNC machines\u2022 Custom production according to customer&#039;s requirements\u2022 Spring steel available\u2022 Entire packages only\u2022 Layers of hooks separated by cardboard interlays for easier taking\u2022 To verify the load capacity free samples availablePRO MASK PRODUCTS s.r.o. - Maskovac\u00ed krytky, z\u00e1tky, p\u00e1sky, z\u00e1v\u011bsov\u00e1 technika - Z\u00e1v\u011bsn\u00e9 VI h\u00e1kyP\u0159\u00edm\u00fd dovozce a zpracovatel maskovac\u00edch prost\u0159edk\u016f pro povrchov\u00e9 \u00fapravy.\" \/>\n<meta property=\"og:url\" content=\"http:\/\/pm.dev-designatelier.cz\/en\/products\/hooks\/vi-hooks\/\" \/>\n<meta property=\"og:site_name\" content=\"PRO MASK PRODUCTS s.r.o.\" \/>\n<meta property=\"article:modified_time\" content=\"2022-05-06T09:24:52+00:00\" \/>\n<meta property=\"og:image\" content=\"http:\/\/pm.dev-designatelier.cz\/wp-content\/uploads\/2021\/11\/VI-HA\u0301KY_1.jpg\" \/>\n\t<meta property=\"og:image:width\" content=\"1428\" \/>\n\t<meta property=\"og:image:height\" content=\"1428\" \/>\n\t<meta property=\"og:image:type\" content=\"image\/jpeg\" \/>\n<meta name=\"twitter:card\" content=\"summary_large_image\" \/>\n<meta name=\"twitter:description\" content=\"\u2022 Two-angular bend provides stabler hanging\u2022 Higher load capacity than radius (&quot;CC&quot;) hooks\u2022 Entire production with own CNC machines\u2022 Custom production according to customer&#039;s requirements\u2022 Spring steel available\u2022 Entire packages only\u2022 Layers of hooks separated by cardboard interlays for easier taking\u2022 To verify the load capacity free samples availablePRO MASK PRODUCTS s.r.o. - Maskovac\u00ed krytky, z\u00e1tky, p\u00e1sky, z\u00e1v\u011bsov\u00e1 technika - Z\u00e1v\u011bsn\u00e9 VI h\u00e1kyP\u0159\u00edm\u00fd dovozce a zpracovatel maskovac\u00edch prost\u0159edk\u016f pro povrchov\u00e9 \u00fapravy.\" \/>\n<meta name=\"twitter:label1\" content=\"Est. reading time\" \/>\n\t<meta name=\"twitter:data1\" content=\"1 minute\" \/>\n<script type=\"application\/ld+json\" class=\"yoast-schema-graph\">{\"@context\":\"https:\/\/schema.org\",\"@graph\":[{\"@type\":\"WebPage\",\"@id\":\"http:\/\/pm.dev-designatelier.cz\/en\/products\/hooks\/vi-hooks\/\",\"url\":\"http:\/\/pm.dev-designatelier.cz\/en\/products\/hooks\/vi-hooks\/\",\"name\":\"\\\"VI\\\" HOOKS - Z\u00e1v\u011bsn\u00e9 VI h\u00e1ky - PRO MASK PRODUCTS s.r.o.\",\"isPartOf\":{\"@id\":\"http:\/\/pm.dev-designatelier.cz\/en\/#website\"},\"datePublished\":\"2021-11-24T19:29:02+00:00\",\"dateModified\":\"2022-05-06T09:24:52+00:00\",\"description\":\"\u2022 Two-angular bend provides stabler hanging\u2022 Higher load capacity than radius (\\\"CC\\\") hooks\u2022 Entire production with own CNC machines\u2022 Custom production according to customer's requirements\u2022 Spring steel available\u2022 Entire packages only\u2022 Layers of hooks separated by cardboard interlays for easier taking\u2022 To verify the load capacity free samples available\",\"breadcrumb\":{\"@id\":\"http:\/\/pm.dev-designatelier.cz\/en\/products\/hooks\/vi-hooks\/#breadcrumb\"},\"inLanguage\":\"en-US\",\"potentialAction\":[{\"@type\":\"ReadAction\",\"target\":[\"http:\/\/pm.dev-designatelier.cz\/en\/products\/hooks\/vi-hooks\/\"]}]},{\"@type\":\"BreadcrumbList\",\"@id\":\"http:\/\/pm.dev-designatelier.cz\/en\/products\/hooks\/vi-hooks\/#breadcrumb\",\"itemListElement\":[{\"@type\":\"ListItem\",\"position\":1,\"name\":\"Home\",\"item\":\"http:\/\/pm.dev-designatelier.cz\/en\/\"},{\"@type\":\"ListItem\",\"position\":2,\"name\":\"Shop\",\"item\":\"http:\/\/pm.dev-designatelier.cz\/en\/shop\/\"},{\"@type\":\"ListItem\",\"position\":3,\"name\":\"HOOKS\",\"item\":\"http:\/\/pm.dev-designatelier.cz\/en\/product-category\/hooks\/\"},{\"@type\":\"ListItem\",\"position\":4,\"name\":\"&#8220;VI&#8221; HOOKS\"}]},{\"@type\":\"WebSite\",\"@id\":\"http:\/\/pm.dev-designatelier.cz\/en\/#website\",\"url\":\"http:\/\/pm.dev-designatelier.cz\/en\/\",\"name\":\"PRO MASK PRODUCTS s.r.o.\",\"description\":\"\",\"publisher\":{\"@id\":\"http:\/\/pm.dev-designatelier.cz\/en\/#organization\"},\"potentialAction\":[{\"@type\":\"SearchAction\",\"target\":{\"@type\":\"EntryPoint\",\"urlTemplate\":\"http:\/\/pm.dev-designatelier.cz\/en\/?s={search_term_string}\"},\"query-input\":\"required name=search_term_string\"}],\"inLanguage\":\"en-US\"},{\"@type\":\"Organization\",\"@id\":\"http:\/\/pm.dev-designatelier.cz\/en\/#organization\",\"name\":\"Pro Mask Products s.r.o.\",\"url\":\"http:\/\/pm.dev-designatelier.cz\/en\/\",\"logo\":{\"@type\":\"ImageObject\",\"inLanguage\":\"en-US\",\"@id\":\"http:\/\/pm.dev-designatelier.cz\/en\/#\/schema\/logo\/image\/\",\"url\":\"http:\/\/pm.dev-designatelier.cz\/wp-content\/uploads\/2021\/12\/logo_PMP.png\",\"contentUrl\":\"http:\/\/pm.dev-designatelier.cz\/wp-content\/uploads\/2021\/12\/logo_PMP.png\",\"width\":264,\"height\":110,\"caption\":\"Pro Mask Products s.r.o.\"},\"image\":{\"@id\":\"http:\/\/pm.dev-designatelier.cz\/en\/#\/schema\/logo\/image\/\"}}]}<\/script>\n<!-- \/ Yoast SEO plugin. -->","yoast_head_json":{"title":"\"VI\" HOOKS - Z\u00e1v\u011bsn\u00e9 VI h\u00e1ky - PRO MASK PRODUCTS s.r.o.","description":"\u2022 Two-angular bend provides stabler hanging\u2022 Higher load capacity than radius (\"CC\") hooks\u2022 Entire production with own CNC machines\u2022 Custom production according to customer's requirements\u2022 Spring steel available\u2022 Entire packages only\u2022 Layers of hooks separated by cardboard interlays for easier taking\u2022 To verify the load capacity free samples available","robots":{"index":"noindex","follow":"follow","max-snippet":"max-snippet:-1","max-image-preview":"max-image-preview:large","max-video-preview":"max-video-preview:-1"},"og_locale":"en_US","og_type":"article","og_title":"\"VI\" HOOKS - Z\u00e1v\u011bsn\u00e9 VI h\u00e1ky - PRO MASK PRODUCTS s.r.o.","og_description":"\u2022 Two-angular bend provides stabler hanging\u2022 Higher load capacity than radius (\"CC\") hooks\u2022 Entire production with own CNC machines\u2022 Custom production according to customer's requirements\u2022 Spring steel available\u2022 Entire packages only\u2022 Layers of hooks separated by cardboard interlays for easier taking\u2022 To verify the load capacity free samples availablePRO MASK PRODUCTS s.r.o. - Maskovac\u00ed krytky, z\u00e1tky, p\u00e1sky, z\u00e1v\u011bsov\u00e1 technika - Z\u00e1v\u011bsn\u00e9 VI h\u00e1kyP\u0159\u00edm\u00fd dovozce a zpracovatel maskovac\u00edch prost\u0159edk\u016f pro povrchov\u00e9 \u00fapravy.","og_url":"http:\/\/pm.dev-designatelier.cz\/en\/products\/hooks\/vi-hooks\/","og_site_name":"PRO MASK PRODUCTS s.r.o.","article_modified_time":"2022-05-06T09:24:52+00:00","og_image":[{"width":1428,"height":1428,"url":"http:\/\/pm.dev-designatelier.cz\/wp-content\/uploads\/2021\/11\/VI-HA\u0301KY_1.jpg","type":"image\/jpeg"}],"twitter_card":"summary_large_image","twitter_description":"\u2022 Two-angular bend provides stabler hanging\u2022 Higher load capacity than radius (\"CC\") hooks\u2022 Entire production with own CNC machines\u2022 Custom production according to customer's requirements\u2022 Spring steel available\u2022 Entire packages only\u2022 Layers of hooks separated by cardboard interlays for easier taking\u2022 To verify the load capacity free samples availablePRO MASK PRODUCTS s.r.o. - Maskovac\u00ed krytky, z\u00e1tky, p\u00e1sky, z\u00e1v\u011bsov\u00e1 technika - Z\u00e1v\u011bsn\u00e9 VI h\u00e1kyP\u0159\u00edm\u00fd dovozce a zpracovatel maskovac\u00edch prost\u0159edk\u016f pro povrchov\u00e9 \u00fapravy.","twitter_misc":{"Est. reading time":"1 minute"},"schema":{"@context":"https:\/\/schema.org","@graph":[{"@type":"WebPage","@id":"http:\/\/pm.dev-designatelier.cz\/en\/products\/hooks\/vi-hooks\/","url":"http:\/\/pm.dev-designatelier.cz\/en\/products\/hooks\/vi-hooks\/","name":"\"VI\" HOOKS - Z\u00e1v\u011bsn\u00e9 VI h\u00e1ky - PRO MASK PRODUCTS s.r.o.","isPartOf":{"@id":"http:\/\/pm.dev-designatelier.cz\/en\/#website"},"datePublished":"2021-11-24T19:29:02+00:00","dateModified":"2022-05-06T09:24:52+00:00","description":"\u2022 Two-angular bend provides stabler hanging\u2022 Higher load capacity than radius (\"CC\") hooks\u2022 Entire production with own CNC machines\u2022 Custom production according to customer's requirements\u2022 Spring steel available\u2022 Entire packages only\u2022 Layers of hooks separated by cardboard interlays for easier taking\u2022 To verify the load capacity free samples available","breadcrumb":{"@id":"http:\/\/pm.dev-designatelier.cz\/en\/products\/hooks\/vi-hooks\/#breadcrumb"},"inLanguage":"en-US","potentialAction":[{"@type":"ReadAction","target":["http:\/\/pm.dev-designatelier.cz\/en\/products\/hooks\/vi-hooks\/"]}]},{"@type":"BreadcrumbList","@id":"http:\/\/pm.dev-designatelier.cz\/en\/products\/hooks\/vi-hooks\/#breadcrumb","itemListElement":[{"@type":"ListItem","position":1,"name":"Home","item":"http:\/\/pm.dev-designatelier.cz\/en\/"},{"@type":"ListItem","position":2,"name":"Shop","item":"http:\/\/pm.dev-designatelier.cz\/en\/shop\/"},{"@type":"ListItem","position":3,"name":"HOOKS","item":"http:\/\/pm.dev-designatelier.cz\/en\/product-category\/hooks\/"},{"@type":"ListItem","position":4,"name":"&#8220;VI&#8221; HOOKS"}]},{"@type":"WebSite","@id":"http:\/\/pm.dev-designatelier.cz\/en\/#website","url":"http:\/\/pm.dev-designatelier.cz\/en\/","name":"PRO MASK PRODUCTS s.r.o.","description":"","publisher":{"@id":"http:\/\/pm.dev-designatelier.cz\/en\/#organization"},"potentialAction":[{"@type":"SearchAction","target":{"@type":"EntryPoint","urlTemplate":"http:\/\/pm.dev-designatelier.cz\/en\/?s={search_term_string}"},"query-input":"required name=search_term_string"}],"inLanguage":"en-US"},{"@type":"Organization","@id":"http:\/\/pm.dev-designatelier.cz\/en\/#organization","name":"Pro Mask Products s.r.o.","url":"http:\/\/pm.dev-designatelier.cz\/en\/","logo":{"@type":"ImageObject","inLanguage":"en-US","@id":"http:\/\/pm.dev-designatelier.cz\/en\/#\/schema\/logo\/image\/","url":"http:\/\/pm.dev-designatelier.cz\/wp-content\/uploads\/2021\/12\/logo_PMP.png","contentUrl":"http:\/\/pm.dev-designatelier.cz\/wp-content\/uploads\/2021\/12\/logo_PMP.png","width":264,"height":110,"caption":"Pro Mask Products s.r.o."},"image":{"@id":"http:\/\/pm.dev-designatelier.cz\/en\/#\/schema\/logo\/image\/"}}]}},"_links":{"self":[{"href":"http:\/\/pm.dev-designatelier.cz\/en\/wp-json\/wp\/v2\/product\/3025"}],"collection":[{"href":"http:\/\/pm.dev-designatelier.cz\/en\/wp-json\/wp\/v2\/product"}],"about":[{"href":"http:\/\/pm.dev-designatelier.cz\/en\/wp-json\/wp\/v2\/types\/product"}],"replies":[{"embeddable":true,"href":"http:\/\/pm.dev-designatelier.cz\/en\/wp-json\/wp\/v2\/comments?post=3025"}],"version-history":[{"count":0,"href":"http:\/\/pm.dev-designatelier.cz\/en\/wp-json\/wp\/v2\/product\/3025\/revisions"}],"wp:featuredmedia":[{"embeddable":true,"href":"http:\/\/pm.dev-designatelier.cz\/en\/wp-json\/wp\/v2\/media\/3764"}],"wp:attachment":[{"href":"http:\/\/pm.dev-designatelier.cz\/en\/wp-json\/wp\/v2\/media?parent=3025"}],"wp:term":[{"taxonomy":"product_cat","embeddable":true,"href":"http:\/\/pm.dev-designatelier.cz\/en\/wp-json\/wp\/v2\/product_cat?post=3025"},{"taxonomy":"product_tag","embeddable":true,"href":"http:\/\/pm.dev-designatelier.cz\/en\/wp-json\/wp\/v2\/product_tag?post=3025"}],"curies":[{"name":"wp","href":"https:\/\/api.w.org\/{rel}","templated":true}]}}