{"id":3023,"date":"2021-11-24T20:22:24","date_gmt":"2021-11-24T19:29:02","guid":{"rendered":"http:\/\/pm.dev-designatelier.cz\/shop\/uncategorized\/bolt-caps-2\/"},"modified":"2022-05-09T15:34:41","modified_gmt":"2022-05-09T13:34:41","slug":"bolt-caps-2","status":"publish","type":"product","link":"http:\/\/pm.dev-designatelier.cz\/en\/products\/masking-for-axle\/standard-silicone-cn\/bolt-caps-2\/","title":{"rendered":"BOLT CAPS (CZ-HCM)"},"content":{"rendered":"<p><strong>In case you don&#8217;t find requested sizes, do not hasitate to <a href=\"http:\/\/pm.dev-designatelier.cz\/en\/contact-us\/\">contact us<\/a>.<\/strong><\/p>\n<style type=\"text\/css\">\n.tableizer-table {font-family: Arial, Helvetica, sans-serif; font-size: 11px;}\n.tableizer-table td {padding: 3px 25px 3px 25px; border: 1px solid #fff; background-color: #ddd; color: #000; text-align: center;}\n.tableizer-table th {text-align:center;padding: 3px 25px 3px 25px; border: 1px solid #fff; background-color: #ebbc06; color: #fff; font-weight: bold;}\ntd:first-child {text-align: left; background-color: #ccc7c2; font-weight: bold;}\nth:first-child {text-align: left;}\n<\/style>\n<table class=\"tableizer-table\">\n<thead>\n<tr class=\"tableizer-firstrow\">\n<th>PRODUKT<\/th>\n<th>A (mm)<\/th>\n<th>B (mm)<\/th>\n<th>C (mm)<\/th>\n<th>L1 (mm)<\/th>\n<th>L (mm)<\/th>\n<th><\/th>\n<\/tr>\n<\/thead>\n<tbody>\n<tr>\n<td>CZ-HCM4<\/td>\n<td>9,00<\/td>\n<td>6,80<\/td>\n<td>3,80<\/td>\n<td>4,00<\/td>\n<td>10,00<\/td>\n<td><\/td>\n<\/tr>\n<tr>\n<td>CZ-HCM5<\/td>\n<td>10,00<\/td>\n<td>7,70<\/td>\n<td>4,80<\/td>\n<td>5,00<\/td>\n<td>13,50<\/td>\n<td><\/td>\n<\/tr>\n<tr>\n<td>CZ-HCM6<\/td>\n<td>12,00<\/td>\n<td>9,70<\/td>\n<td>5,70<\/td>\n<td>6,00<\/td>\n<td>14,00<\/td>\n<td><\/td>\n<\/tr>\n<tr>\n<td>CZ-HCM8<\/td>\n<td>16,00<\/td>\n<td>12,50<\/td>\n<td>7,50<\/td>\n<td>7,50<\/td>\n<td>17,50<\/td>\n<td><\/td>\n<\/tr>\n<tr>\n<td>CZ-HCM10<\/td>\n<td>20,00<\/td>\n<td>16,50<\/td>\n<td>9,50<\/td>\n<td>9,00<\/td>\n<td>21,00<\/td>\n<td><\/td>\n<\/tr>\n<tr>\n<td>CZ-HCM12<\/td>\n<td>24,00<\/td>\n<td>18,40<\/td>\n<td>11,50<\/td>\n<td>11,00<\/td>\n<td>25,00<\/td>\n<td><\/td>\n<\/tr>\n<tr>\n<td>CZ-HCM14<\/td>\n<td>28,00<\/td>\n<td>21,30<\/td>\n<td>13,50<\/td>\n<td>12,00<\/td>\n<td>28,00<\/td>\n<td><\/td>\n<\/tr>\n<tr>\n<td>CZ-HCM16<\/td>\n<td>30,00<\/td>\n<td>23,20<\/td>\n<td>15,50<\/td>\n<td>15,00<\/td>\n<td>33,00<\/td>\n<td><\/td>\n<\/tr>\n<tr>\n<td><\/td>\n<td><\/td>\n<td><\/td>\n<td><\/td>\n<td><\/td>\n<td><\/td>\n<td><\/td>\n<\/tr>\n<\/tbody>\n<\/table>\n","protected":false},"excerpt":{"rendered":"<p>\u2022 Material &#8211; SILICONE (made in China)<br \/>\n\u2022 Thermal load: long withstand temperatures up to 210\u00b0C, briefly up to 315\u00b0C<br \/>\n\u2022 For masking of bolt<br \/>\n\u2022 Re-usability<br \/>\n\u2022 Suitable for powder coating, electroplating, anodizing, etc.<\/p>\n","protected":false},"featured_media":3341,"comment_status":"closed","ping_status":"closed","template":"","meta":[],"product_cat":[153,157],"product_tag":[],"yoast_head":"<!-- This site is optimized with the Yoast SEO plugin v21.6 - https:\/\/yoast.com\/wordpress\/plugins\/seo\/ -->\n<title>BOLT CAPS - Matkov\u00e9 krytky - PRO MASK PRODUCTS s.r.o.<\/title>\n<meta name=\"description\" content=\"\u2022 Material - SILICONE (made in China)\u2022 Thermal load - long withstand temperatures up to 210\u00b0C\u00a0\u00a0\u00a0\u00a0\u00a0\u00a0\u00a0\u00a0\u00a0\u00a0\u00a0\u00a0\u00a0\u00a0\u00a0\u00a0\u00a0\u00a0\u00a0\u00a0\u00a0\u00a0\u00a0 - briefly up to 315\u00b0C\u2022 For masking of bolt\u2022 Re-usability\u2022 Suitable for powder coating, electroplating, anodizing, etc.\" \/>\n<meta name=\"robots\" content=\"noindex, follow, max-snippet:-1, max-image-preview:large, max-video-preview:-1\" \/>\n<meta property=\"og:locale\" content=\"en_US\" \/>\n<meta property=\"og:type\" content=\"article\" \/>\n<meta property=\"og:title\" content=\"BOLT CAPS - Matkov\u00e9 krytky - PRO MASK PRODUCTS s.r.o.\" \/>\n<meta property=\"og:description\" content=\"\u2022 Material - SILICONE (made in China)\u2022 Thermal load - long withstand temperatures up to 210\u00b0C\u00a0\u00a0\u00a0\u00a0\u00a0\u00a0\u00a0\u00a0\u00a0\u00a0\u00a0\u00a0\u00a0\u00a0\u00a0\u00a0\u00a0\u00a0\u00a0\u00a0\u00a0\u00a0\u00a0 - briefly up to 315\u00b0C\u2022 For masking of bolt\u2022 Re-usability\u2022 Suitable for powder coating, electroplating, anodizing, etc.PRO MASK PRODUCTS s.r.o. - Maskovac\u00ed krytky, z\u00e1tky, p\u00e1sky, z\u00e1v\u011bsov\u00e1 technika - matkov\u00e9 krytkyP\u0159\u00edm\u00fd dovozce a zpracovatel maskovac\u00edch prost\u0159edk\u016f pro povrchov\u00e9 \u00fapravy.\" \/>\n<meta property=\"og:url\" content=\"http:\/\/pm.dev-designatelier.cz\/en\/products\/masking-for-axle\/standard-silicone-cn\/bolt-caps-2\/\" \/>\n<meta property=\"og:site_name\" content=\"PRO MASK PRODUCTS s.r.o.\" \/>\n<meta property=\"article:modified_time\" content=\"2022-05-09T13:34:41+00:00\" \/>\n<meta property=\"og:image\" content=\"http:\/\/pm.dev-designatelier.cz\/wp-content\/uploads\/2021\/11\/MATKOVE\u0301-KRYTKY_CZ-HCM_1.jpg\" \/>\n\t<meta property=\"og:image:width\" content=\"1500\" \/>\n\t<meta property=\"og:image:height\" content=\"1500\" \/>\n\t<meta property=\"og:image:type\" content=\"image\/jpeg\" \/>\n<meta name=\"twitter:card\" content=\"summary_large_image\" \/>\n<meta name=\"twitter:description\" content=\"\u2022 Material - SILICONE (made in China)\u2022 Thermal load - long withstand temperatures up to 210\u00b0C\u00a0\u00a0\u00a0\u00a0\u00a0\u00a0\u00a0\u00a0\u00a0\u00a0\u00a0\u00a0\u00a0\u00a0\u00a0\u00a0\u00a0\u00a0\u00a0\u00a0\u00a0\u00a0\u00a0 - briefly up to 315\u00b0C\u2022 For masking of bolt\u2022 Re-usability\u2022 Suitable for powder coating, electroplating, anodizing, etc.PRO MASK PRODUCTS s.r.o. - Maskovac\u00ed krytky, z\u00e1tky, p\u00e1sky, z\u00e1v\u011bsov\u00e1 technika - matkov\u00e9 krytkyP\u0159\u00edm\u00fd dovozce a zpracovatel maskovac\u00edch prost\u0159edk\u016f pro povrchov\u00e9 \u00fapravy.\" \/>\n<script type=\"application\/ld+json\" class=\"yoast-schema-graph\">{\"@context\":\"https:\/\/schema.org\",\"@graph\":[{\"@type\":\"WebPage\",\"@id\":\"http:\/\/pm.dev-designatelier.cz\/en\/products\/masking-for-axle\/standard-silicone-cn\/bolt-caps-2\/\",\"url\":\"http:\/\/pm.dev-designatelier.cz\/en\/products\/masking-for-axle\/standard-silicone-cn\/bolt-caps-2\/\",\"name\":\"BOLT CAPS - Matkov\u00e9 krytky - PRO MASK PRODUCTS s.r.o.\",\"isPartOf\":{\"@id\":\"http:\/\/pm.dev-designatelier.cz\/en\/#website\"},\"datePublished\":\"2021-11-24T19:29:02+00:00\",\"dateModified\":\"2022-05-09T13:34:41+00:00\",\"description\":\"\u2022 Material - SILICONE (made in China)\u2022 Thermal load - long withstand temperatures up to 210\u00b0C\u00a0\u00a0\u00a0\u00a0\u00a0\u00a0\u00a0\u00a0\u00a0\u00a0\u00a0\u00a0\u00a0\u00a0\u00a0\u00a0\u00a0\u00a0\u00a0\u00a0\u00a0\u00a0\u00a0 - briefly up to 315\u00b0C\u2022 For masking of bolt\u2022 Re-usability\u2022 Suitable for powder coating, electroplating, anodizing, etc.\",\"breadcrumb\":{\"@id\":\"http:\/\/pm.dev-designatelier.cz\/en\/products\/masking-for-axle\/standard-silicone-cn\/bolt-caps-2\/#breadcrumb\"},\"inLanguage\":\"en-US\",\"potentialAction\":[{\"@type\":\"ReadAction\",\"target\":[\"http:\/\/pm.dev-designatelier.cz\/en\/products\/masking-for-axle\/standard-silicone-cn\/bolt-caps-2\/\"]}]},{\"@type\":\"BreadcrumbList\",\"@id\":\"http:\/\/pm.dev-designatelier.cz\/en\/products\/masking-for-axle\/standard-silicone-cn\/bolt-caps-2\/#breadcrumb\",\"itemListElement\":[{\"@type\":\"ListItem\",\"position\":1,\"name\":\"Home\",\"item\":\"http:\/\/pm.dev-designatelier.cz\/en\/\"},{\"@type\":\"ListItem\",\"position\":2,\"name\":\"Shop\",\"item\":\"http:\/\/pm.dev-designatelier.cz\/en\/shop\/\"},{\"@type\":\"ListItem\",\"position\":3,\"name\":\"MASKING FOR AXLE\",\"item\":\"http:\/\/pm.dev-designatelier.cz\/en\/product-category\/masking-for-axle\/\"},{\"@type\":\"ListItem\",\"position\":4,\"name\":\"STANDARD silicone (CN)\",\"item\":\"http:\/\/pm.dev-designatelier.cz\/en\/product-category\/masking-for-axle\/standard-silicone-cn\/\"},{\"@type\":\"ListItem\",\"position\":5,\"name\":\"BOLT CAPS (CZ-HCM)\"}]},{\"@type\":\"WebSite\",\"@id\":\"http:\/\/pm.dev-designatelier.cz\/en\/#website\",\"url\":\"http:\/\/pm.dev-designatelier.cz\/en\/\",\"name\":\"PRO MASK PRODUCTS s.r.o.\",\"description\":\"\",\"publisher\":{\"@id\":\"http:\/\/pm.dev-designatelier.cz\/en\/#organization\"},\"potentialAction\":[{\"@type\":\"SearchAction\",\"target\":{\"@type\":\"EntryPoint\",\"urlTemplate\":\"http:\/\/pm.dev-designatelier.cz\/en\/?s={search_term_string}\"},\"query-input\":\"required name=search_term_string\"}],\"inLanguage\":\"en-US\"},{\"@type\":\"Organization\",\"@id\":\"http:\/\/pm.dev-designatelier.cz\/en\/#organization\",\"name\":\"Pro Mask Products s.r.o.\",\"url\":\"http:\/\/pm.dev-designatelier.cz\/en\/\",\"logo\":{\"@type\":\"ImageObject\",\"inLanguage\":\"en-US\",\"@id\":\"http:\/\/pm.dev-designatelier.cz\/en\/#\/schema\/logo\/image\/\",\"url\":\"http:\/\/pm.dev-designatelier.cz\/wp-content\/uploads\/2021\/12\/logo_PMP.png\",\"contentUrl\":\"http:\/\/pm.dev-designatelier.cz\/wp-content\/uploads\/2021\/12\/logo_PMP.png\",\"width\":264,\"height\":110,\"caption\":\"Pro Mask Products s.r.o.\"},\"image\":{\"@id\":\"http:\/\/pm.dev-designatelier.cz\/en\/#\/schema\/logo\/image\/\"}}]}<\/script>\n<!-- \/ Yoast SEO plugin. -->","yoast_head_json":{"title":"BOLT CAPS - Matkov\u00e9 krytky - PRO MASK PRODUCTS s.r.o.","description":"\u2022 Material - SILICONE (made in China)\u2022 Thermal load - long withstand temperatures up to 210\u00b0C\u00a0\u00a0\u00a0\u00a0\u00a0\u00a0\u00a0\u00a0\u00a0\u00a0\u00a0\u00a0\u00a0\u00a0\u00a0\u00a0\u00a0\u00a0\u00a0\u00a0\u00a0\u00a0\u00a0 - briefly up to 315\u00b0C\u2022 For masking of bolt\u2022 Re-usability\u2022 Suitable for powder coating, electroplating, anodizing, etc.","robots":{"index":"noindex","follow":"follow","max-snippet":"max-snippet:-1","max-image-preview":"max-image-preview:large","max-video-preview":"max-video-preview:-1"},"og_locale":"en_US","og_type":"article","og_title":"BOLT CAPS - Matkov\u00e9 krytky - PRO MASK PRODUCTS s.r.o.","og_description":"\u2022 Material - SILICONE (made in China)\u2022 Thermal load - long withstand temperatures up to 210\u00b0C\u00a0\u00a0\u00a0\u00a0\u00a0\u00a0\u00a0\u00a0\u00a0\u00a0\u00a0\u00a0\u00a0\u00a0\u00a0\u00a0\u00a0\u00a0\u00a0\u00a0\u00a0\u00a0\u00a0 - briefly up to 315\u00b0C\u2022 For masking of bolt\u2022 Re-usability\u2022 Suitable for powder coating, electroplating, anodizing, etc.PRO MASK PRODUCTS s.r.o. - Maskovac\u00ed krytky, z\u00e1tky, p\u00e1sky, z\u00e1v\u011bsov\u00e1 technika - matkov\u00e9 krytkyP\u0159\u00edm\u00fd dovozce a zpracovatel maskovac\u00edch prost\u0159edk\u016f pro povrchov\u00e9 \u00fapravy.","og_url":"http:\/\/pm.dev-designatelier.cz\/en\/products\/masking-for-axle\/standard-silicone-cn\/bolt-caps-2\/","og_site_name":"PRO MASK PRODUCTS s.r.o.","article_modified_time":"2022-05-09T13:34:41+00:00","og_image":[{"width":1500,"height":1500,"url":"http:\/\/pm.dev-designatelier.cz\/wp-content\/uploads\/2021\/11\/MATKOVE\u0301-KRYTKY_CZ-HCM_1.jpg","type":"image\/jpeg"}],"twitter_card":"summary_large_image","twitter_description":"\u2022 Material - SILICONE (made in China)\u2022 Thermal load - long withstand temperatures up to 210\u00b0C\u00a0\u00a0\u00a0\u00a0\u00a0\u00a0\u00a0\u00a0\u00a0\u00a0\u00a0\u00a0\u00a0\u00a0\u00a0\u00a0\u00a0\u00a0\u00a0\u00a0\u00a0\u00a0\u00a0 - briefly up to 315\u00b0C\u2022 For masking of bolt\u2022 Re-usability\u2022 Suitable for powder coating, electroplating, anodizing, etc.PRO MASK PRODUCTS s.r.o. - Maskovac\u00ed krytky, z\u00e1tky, p\u00e1sky, z\u00e1v\u011bsov\u00e1 technika - matkov\u00e9 krytkyP\u0159\u00edm\u00fd dovozce a zpracovatel maskovac\u00edch prost\u0159edk\u016f pro povrchov\u00e9 \u00fapravy.","schema":{"@context":"https:\/\/schema.org","@graph":[{"@type":"WebPage","@id":"http:\/\/pm.dev-designatelier.cz\/en\/products\/masking-for-axle\/standard-silicone-cn\/bolt-caps-2\/","url":"http:\/\/pm.dev-designatelier.cz\/en\/products\/masking-for-axle\/standard-silicone-cn\/bolt-caps-2\/","name":"BOLT CAPS - Matkov\u00e9 krytky - PRO MASK PRODUCTS s.r.o.","isPartOf":{"@id":"http:\/\/pm.dev-designatelier.cz\/en\/#website"},"datePublished":"2021-11-24T19:29:02+00:00","dateModified":"2022-05-09T13:34:41+00:00","description":"\u2022 Material - SILICONE (made in China)\u2022 Thermal load - long withstand temperatures up to 210\u00b0C\u00a0\u00a0\u00a0\u00a0\u00a0\u00a0\u00a0\u00a0\u00a0\u00a0\u00a0\u00a0\u00a0\u00a0\u00a0\u00a0\u00a0\u00a0\u00a0\u00a0\u00a0\u00a0\u00a0 - briefly up to 315\u00b0C\u2022 For masking of bolt\u2022 Re-usability\u2022 Suitable for powder coating, electroplating, anodizing, etc.","breadcrumb":{"@id":"http:\/\/pm.dev-designatelier.cz\/en\/products\/masking-for-axle\/standard-silicone-cn\/bolt-caps-2\/#breadcrumb"},"inLanguage":"en-US","potentialAction":[{"@type":"ReadAction","target":["http:\/\/pm.dev-designatelier.cz\/en\/products\/masking-for-axle\/standard-silicone-cn\/bolt-caps-2\/"]}]},{"@type":"BreadcrumbList","@id":"http:\/\/pm.dev-designatelier.cz\/en\/products\/masking-for-axle\/standard-silicone-cn\/bolt-caps-2\/#breadcrumb","itemListElement":[{"@type":"ListItem","position":1,"name":"Home","item":"http:\/\/pm.dev-designatelier.cz\/en\/"},{"@type":"ListItem","position":2,"name":"Shop","item":"http:\/\/pm.dev-designatelier.cz\/en\/shop\/"},{"@type":"ListItem","position":3,"name":"MASKING FOR AXLE","item":"http:\/\/pm.dev-designatelier.cz\/en\/product-category\/masking-for-axle\/"},{"@type":"ListItem","position":4,"name":"STANDARD silicone (CN)","item":"http:\/\/pm.dev-designatelier.cz\/en\/product-category\/masking-for-axle\/standard-silicone-cn\/"},{"@type":"ListItem","position":5,"name":"BOLT CAPS (CZ-HCM)"}]},{"@type":"WebSite","@id":"http:\/\/pm.dev-designatelier.cz\/en\/#website","url":"http:\/\/pm.dev-designatelier.cz\/en\/","name":"PRO MASK PRODUCTS s.r.o.","description":"","publisher":{"@id":"http:\/\/pm.dev-designatelier.cz\/en\/#organization"},"potentialAction":[{"@type":"SearchAction","target":{"@type":"EntryPoint","urlTemplate":"http:\/\/pm.dev-designatelier.cz\/en\/?s={search_term_string}"},"query-input":"required name=search_term_string"}],"inLanguage":"en-US"},{"@type":"Organization","@id":"http:\/\/pm.dev-designatelier.cz\/en\/#organization","name":"Pro Mask Products s.r.o.","url":"http:\/\/pm.dev-designatelier.cz\/en\/","logo":{"@type":"ImageObject","inLanguage":"en-US","@id":"http:\/\/pm.dev-designatelier.cz\/en\/#\/schema\/logo\/image\/","url":"http:\/\/pm.dev-designatelier.cz\/wp-content\/uploads\/2021\/12\/logo_PMP.png","contentUrl":"http:\/\/pm.dev-designatelier.cz\/wp-content\/uploads\/2021\/12\/logo_PMP.png","width":264,"height":110,"caption":"Pro Mask Products s.r.o."},"image":{"@id":"http:\/\/pm.dev-designatelier.cz\/en\/#\/schema\/logo\/image\/"}}]}},"_links":{"self":[{"href":"http:\/\/pm.dev-designatelier.cz\/en\/wp-json\/wp\/v2\/product\/3023"}],"collection":[{"href":"http:\/\/pm.dev-designatelier.cz\/en\/wp-json\/wp\/v2\/product"}],"about":[{"href":"http:\/\/pm.dev-designatelier.cz\/en\/wp-json\/wp\/v2\/types\/product"}],"replies":[{"embeddable":true,"href":"http:\/\/pm.dev-designatelier.cz\/en\/wp-json\/wp\/v2\/comments?post=3023"}],"version-history":[{"count":0,"href":"http:\/\/pm.dev-designatelier.cz\/en\/wp-json\/wp\/v2\/product\/3023\/revisions"}],"wp:featuredmedia":[{"embeddable":true,"href":"http:\/\/pm.dev-designatelier.cz\/en\/wp-json\/wp\/v2\/media\/3341"}],"wp:attachment":[{"href":"http:\/\/pm.dev-designatelier.cz\/en\/wp-json\/wp\/v2\/media?parent=3023"}],"wp:term":[{"taxonomy":"product_cat","embeddable":true,"href":"http:\/\/pm.dev-designatelier.cz\/en\/wp-json\/wp\/v2\/product_cat?post=3023"},{"taxonomy":"product_tag","embeddable":true,"href":"http:\/\/pm.dev-designatelier.cz\/en\/wp-json\/wp\/v2\/product_tag?post=3023"}],"curies":[{"name":"wp","href":"https:\/\/api.w.org\/{rel}","templated":true}]}}