{"id":3016,"date":"2021-11-24T20:22:20","date_gmt":"2021-11-24T19:28:55","guid":{"rendered":"http:\/\/pm.dev-designatelier.cz\/shop\/uncategorized\/washer-conic-caps\/"},"modified":"2022-05-09T15:31:30","modified_gmt":"2022-05-09T13:31:30","slug":"washer-conic-caps","status":"publish","type":"product","link":"http:\/\/pm.dev-designatelier.cz\/en\/products\/masking-for-axle\/standard-silicone-cn\/washer-conic-caps\/","title":{"rendered":"WASHER CONIC CAPS (SCC)"},"content":{"rendered":"<p><strong>In case you don&#8217;t find requested sizes, do not hasitate to <a href=\"http:\/\/pm.dev-designatelier.cz\/en\/contact-us\/\">contact us<\/a>.<\/strong><\/p>\n<style type=\"text\/css\">\n.tableizer-table {font-family: Arial, Helvetica, sans-serif; font-size: 11px;}\n.tableizer-table td {padding: 3px 25px 3px 25px; border: 1px solid #fff; background-color: #ddd; color: #000; text-align: center;}\n.tableizer-table th {text-align:center;padding: 3px 25px 3px 25px; border: 1px solid #fff; background-color: #ebbc06; color: #fff; font-weight: bold;}\ntd:first-child {text-align: left; background-color: #ccc7c2; font-weight: bold;}\nth:first-child {text-align: left;}\n<\/style>\n<table class=\"tableizer-table\">\n<tr class=\"tableizer-firstrow\">\n<th>PART NO.<\/th>\n<th>A (mm)<\/th>\n<th>B (mm)<\/th>\n<th>C (mm)<\/th>\n<th>L (mm)<\/th>\n<\/tr>\n<tr>\n<td>SCC-250-130<\/td>\n<td>3,30 <\/td>\n<td>12,70 <\/td>\n<td>6,35 <\/td>\n<td>23,01 <\/td>\n<\/tr>\n<tr>\n<td>SCC-316-216<\/td>\n<td>5,49 <\/td>\n<td>12,70 <\/td>\n<td>8,03 <\/td>\n<td>25,40 <\/td>\n<\/tr>\n<tr>\n<td>SCC-335-177<\/td>\n<td>4,50 <\/td>\n<td>15,88 <\/td>\n<td>8,51 <\/td>\n<td>25,40 <\/td>\n<\/tr>\n<tr>\n<td>SCC-394-197<\/td>\n<td>5,00 <\/td>\n<td>16,51 <\/td>\n<td>10,01 <\/td>\n<td>27,99 <\/td>\n<\/tr>\n<tr>\n<td>SCC-400-230<\/td>\n<td>5,84 <\/td>\n<td>16,13 <\/td>\n<td>10,16 <\/td>\n<td>27,94 <\/td>\n<\/tr>\n<tr>\n<td>SCC-551-315<\/td>\n<td>8,00 <\/td>\n<td>19,05 <\/td>\n<td>14,00 <\/td>\n<td>35,99 <\/td>\n<\/tr>\n<tr>\n<td>SCC-689-453<\/td>\n<td>11,51 <\/td>\n<td>24,89 <\/td>\n<td>17,50 <\/td>\n<td>38,10 <\/td>\n<\/tr>\n<tr>\n<td>SCC-767-532<\/td>\n<td>13,51 <\/td>\n<td>27,94 <\/td>\n<td>19,48 <\/td>\n<td>51,03 <\/td>\n<\/tr>\n<tr>\n<td>SCC-819-583<\/td>\n<td>14,81 <\/td>\n<td>25,40 <\/td>\n<td>20,80 <\/td>\n<td>49,00 <\/td>\n<\/tr>\n<tr>\n<td>SCC-866-630<\/td>\n<td>16,00 <\/td>\n<td>30,99 <\/td>\n<td>22,00 <\/td>\n<td>53,01 <\/td>\n<\/tr>\n<\/table>\n","protected":false},"excerpt":{"rendered":"<p>\u2022 Material &#8211; SILICONE (made in China)<br \/>\n\u2022 Thermal load &#8211; long withstand temperatures up to 210\u00b0C, briefly up to 315\u00b0C<br \/>\n\u2022 Suitable for covering pins including seating, through and blind holes, etc.<br \/>\n\u2022 Re-usability<br \/>\n\u2022 Suitable for powder coating, electroplating, anodizing, etc.<\/p>\n","protected":false},"featured_media":3335,"comment_status":"closed","ping_status":"closed","template":"","meta":[],"product_cat":[153,157],"product_tag":[],"yoast_head":"<!-- This site is optimized with the Yoast SEO plugin v21.6 - https:\/\/yoast.com\/wordpress\/plugins\/seo\/ -->\n<title>WASHER CONIC CAPS - Silikonov\u00e9 ku\u017eelov\u00e9 krytky s podlo\u017ekou - PRO MASK PRODUCTS s.r.o<\/title>\n<meta name=\"description\" content=\"\u2022 Materi\u00e1l - SILIKON (made in China)\u2022 Teplotn\u00ed zat\u00ed\u017een\u00ed - dlouhodob\u011b odol\u00e1v\u00e1 teplot\u00e1m do 210\u00b0C&lt;br \u2022 Material - SILICONE (made in China)\u2022 Thermal load - long withstand temperatures up to 210\u00b0C\u00a0\u00a0\u00a0\u00a0\u00a0\u00a0\u00a0\u00a0\u00a0\u00a0\u00a0\u00a0\u00a0\u00a0\u00a0\u00a0\u00a0\u00a0\u00a0\u00a0\u00a0\u00a0\u00a0 - briefly up to 315\u00b0C\u2022 Suitable for covering pins including seating, through and blind holes, etc.\u2022 Re-usability\u2022 Suitable for powder coating, electroplating, anodizing, etc.\" \/>\n<meta name=\"robots\" content=\"noindex, follow, max-snippet:-1, max-image-preview:large, max-video-preview:-1\" \/>\n<meta property=\"og:locale\" content=\"en_US\" \/>\n<meta property=\"og:type\" content=\"article\" \/>\n<meta property=\"og:title\" content=\"WASHER CONIC CAPS - Silikonov\u00e9 ku\u017eelov\u00e9 krytky s podlo\u017ekou - PRO MASK PRODUCTS s.r.o\" \/>\n<meta property=\"og:description\" content=\"\u2022 Materi\u00e1l - SILIKON (made in China)\u2022 Teplotn\u00ed zat\u00ed\u017een\u00ed - dlouhodob\u011b odol\u00e1v\u00e1 teplot\u00e1m do 210\u00b0C&lt;br \u2022 Material - SILICONE (made in China)\u2022 Thermal load - long withstand temperatures up to 210\u00b0C\u00a0\u00a0\u00a0\u00a0\u00a0\u00a0\u00a0\u00a0\u00a0\u00a0\u00a0\u00a0\u00a0\u00a0\u00a0\u00a0\u00a0\u00a0\u00a0\u00a0\u00a0\u00a0\u00a0 - briefly up to 315\u00b0C\u2022 Suitable for covering pins including seating, through and blind holes, etc.\u2022 Re-usability\u2022 Suitable for powder coating, electroplating, anodizing, etc.PRO MASK PRODUCTS s.r.o. - Maskovac\u00ed krytky, z\u00e1tky, p\u00e1sky, z\u00e1v\u011bsov\u00e1 technika - n\u00e1suvn\u00e9 krytky s podlo\u017ekouP\u0159\u00edm\u00fd dovozce a zpracovatel maskovac\u00edch prost\u0159edk\u016f pro povrchov\u00e9 \u00fapravy.\" \/>\n<meta property=\"og:url\" content=\"http:\/\/pm.dev-designatelier.cz\/en\/products\/masking-for-axle\/standard-silicone-cn\/washer-conic-caps\/\" \/>\n<meta property=\"og:site_name\" content=\"PRO MASK PRODUCTS s.r.o.\" \/>\n<meta property=\"article:modified_time\" content=\"2022-05-09T13:31:30+00:00\" \/>\n<meta property=\"og:image\" content=\"http:\/\/pm.dev-designatelier.cz\/wp-content\/uploads\/2021\/11\/KUZ\u030cELOVE\u0301-KRYTKY-S-PODLOZ\u030cKOU_SCC_1.jpg\" \/>\n\t<meta property=\"og:image:width\" content=\"1998\" \/>\n\t<meta property=\"og:image:height\" content=\"1998\" \/>\n\t<meta property=\"og:image:type\" content=\"image\/jpeg\" \/>\n<meta name=\"twitter:card\" content=\"summary_large_image\" \/>\n<meta name=\"twitter:description\" content=\"\u2022 Materi\u00e1l - SILIKON (made in China)\u2022 Teplotn\u00ed zat\u00ed\u017een\u00ed - dlouhodob\u011b odol\u00e1v\u00e1 teplot\u00e1m do 210\u00b0C&lt;br \u2022 Material - SILICONE (made in China)\u2022 Thermal load - long withstand temperatures up to 210\u00b0C\u00a0\u00a0\u00a0\u00a0\u00a0\u00a0\u00a0\u00a0\u00a0\u00a0\u00a0\u00a0\u00a0\u00a0\u00a0\u00a0\u00a0\u00a0\u00a0\u00a0\u00a0\u00a0\u00a0 - briefly up to 315\u00b0C\u2022 Suitable for covering pins including seating, through and blind holes, etc.\u2022 Re-usability\u2022 Suitable for powder coating, electroplating, anodizing, etc.PRO MASK PRODUCTS s.r.o. - Maskovac\u00ed krytky, z\u00e1tky, p\u00e1sky, z\u00e1v\u011bsov\u00e1 technika - n\u00e1suvn\u00e9 krytky s podlo\u017ekouP\u0159\u00edm\u00fd dovozce a zpracovatel maskovac\u00edch prost\u0159edk\u016f pro povrchov\u00e9 \u00fapravy.\" \/>\n<script type=\"application\/ld+json\" class=\"yoast-schema-graph\">{\"@context\":\"https:\/\/schema.org\",\"@graph\":[{\"@type\":\"WebPage\",\"@id\":\"http:\/\/pm.dev-designatelier.cz\/en\/products\/masking-for-axle\/standard-silicone-cn\/washer-conic-caps\/\",\"url\":\"http:\/\/pm.dev-designatelier.cz\/en\/products\/masking-for-axle\/standard-silicone-cn\/washer-conic-caps\/\",\"name\":\"WASHER CONIC CAPS - Silikonov\u00e9 ku\u017eelov\u00e9 krytky s podlo\u017ekou - PRO MASK PRODUCTS s.r.o\",\"isPartOf\":{\"@id\":\"http:\/\/pm.dev-designatelier.cz\/en\/#website\"},\"datePublished\":\"2021-11-24T19:28:55+00:00\",\"dateModified\":\"2022-05-09T13:31:30+00:00\",\"description\":\"\u2022 Materi\u00e1l - SILIKON (made in China)\u2022 Teplotn\u00ed zat\u00ed\u017een\u00ed - dlouhodob\u011b odol\u00e1v\u00e1 teplot\u00e1m do 210\u00b0C&lt;br \u2022 Material - SILICONE (made in China)\u2022 Thermal load - long withstand temperatures up to 210\u00b0C\u00a0\u00a0\u00a0\u00a0\u00a0\u00a0\u00a0\u00a0\u00a0\u00a0\u00a0\u00a0\u00a0\u00a0\u00a0\u00a0\u00a0\u00a0\u00a0\u00a0\u00a0\u00a0\u00a0 - briefly up to 315\u00b0C\u2022 Suitable for covering pins including seating, through and blind holes, etc.\u2022 Re-usability\u2022 Suitable for powder coating, electroplating, anodizing, etc.\",\"breadcrumb\":{\"@id\":\"http:\/\/pm.dev-designatelier.cz\/en\/products\/masking-for-axle\/standard-silicone-cn\/washer-conic-caps\/#breadcrumb\"},\"inLanguage\":\"en-US\",\"potentialAction\":[{\"@type\":\"ReadAction\",\"target\":[\"http:\/\/pm.dev-designatelier.cz\/en\/products\/masking-for-axle\/standard-silicone-cn\/washer-conic-caps\/\"]}]},{\"@type\":\"BreadcrumbList\",\"@id\":\"http:\/\/pm.dev-designatelier.cz\/en\/products\/masking-for-axle\/standard-silicone-cn\/washer-conic-caps\/#breadcrumb\",\"itemListElement\":[{\"@type\":\"ListItem\",\"position\":1,\"name\":\"Home\",\"item\":\"http:\/\/pm.dev-designatelier.cz\/en\/\"},{\"@type\":\"ListItem\",\"position\":2,\"name\":\"Shop\",\"item\":\"http:\/\/pm.dev-designatelier.cz\/en\/shop\/\"},{\"@type\":\"ListItem\",\"position\":3,\"name\":\"MASKING FOR AXLE\",\"item\":\"http:\/\/pm.dev-designatelier.cz\/en\/product-category\/masking-for-axle\/\"},{\"@type\":\"ListItem\",\"position\":4,\"name\":\"STANDARD silicone (CN)\",\"item\":\"http:\/\/pm.dev-designatelier.cz\/en\/product-category\/masking-for-axle\/standard-silicone-cn\/\"},{\"@type\":\"ListItem\",\"position\":5,\"name\":\"WASHER CONIC CAPS (SCC)\"}]},{\"@type\":\"WebSite\",\"@id\":\"http:\/\/pm.dev-designatelier.cz\/en\/#website\",\"url\":\"http:\/\/pm.dev-designatelier.cz\/en\/\",\"name\":\"PRO MASK PRODUCTS s.r.o.\",\"description\":\"\",\"publisher\":{\"@id\":\"http:\/\/pm.dev-designatelier.cz\/en\/#organization\"},\"potentialAction\":[{\"@type\":\"SearchAction\",\"target\":{\"@type\":\"EntryPoint\",\"urlTemplate\":\"http:\/\/pm.dev-designatelier.cz\/en\/?s={search_term_string}\"},\"query-input\":\"required name=search_term_string\"}],\"inLanguage\":\"en-US\"},{\"@type\":\"Organization\",\"@id\":\"http:\/\/pm.dev-designatelier.cz\/en\/#organization\",\"name\":\"Pro Mask Products s.r.o.\",\"url\":\"http:\/\/pm.dev-designatelier.cz\/en\/\",\"logo\":{\"@type\":\"ImageObject\",\"inLanguage\":\"en-US\",\"@id\":\"http:\/\/pm.dev-designatelier.cz\/en\/#\/schema\/logo\/image\/\",\"url\":\"http:\/\/pm.dev-designatelier.cz\/wp-content\/uploads\/2021\/12\/logo_PMP.png\",\"contentUrl\":\"http:\/\/pm.dev-designatelier.cz\/wp-content\/uploads\/2021\/12\/logo_PMP.png\",\"width\":264,\"height\":110,\"caption\":\"Pro Mask Products s.r.o.\"},\"image\":{\"@id\":\"http:\/\/pm.dev-designatelier.cz\/en\/#\/schema\/logo\/image\/\"}}]}<\/script>\n<!-- \/ Yoast SEO plugin. -->","yoast_head_json":{"title":"WASHER CONIC CAPS - Silikonov\u00e9 ku\u017eelov\u00e9 krytky s podlo\u017ekou - PRO MASK PRODUCTS s.r.o","description":"\u2022 Materi\u00e1l - SILIKON (made in China)\u2022 Teplotn\u00ed zat\u00ed\u017een\u00ed - dlouhodob\u011b odol\u00e1v\u00e1 teplot\u00e1m do 210\u00b0C&lt;br \u2022 Material - SILICONE (made in China)\u2022 Thermal load - long withstand temperatures up to 210\u00b0C\u00a0\u00a0\u00a0\u00a0\u00a0\u00a0\u00a0\u00a0\u00a0\u00a0\u00a0\u00a0\u00a0\u00a0\u00a0\u00a0\u00a0\u00a0\u00a0\u00a0\u00a0\u00a0\u00a0 - briefly up to 315\u00b0C\u2022 Suitable for covering pins including seating, through and blind holes, etc.\u2022 Re-usability\u2022 Suitable for powder coating, electroplating, anodizing, etc.","robots":{"index":"noindex","follow":"follow","max-snippet":"max-snippet:-1","max-image-preview":"max-image-preview:large","max-video-preview":"max-video-preview:-1"},"og_locale":"en_US","og_type":"article","og_title":"WASHER CONIC CAPS - Silikonov\u00e9 ku\u017eelov\u00e9 krytky s podlo\u017ekou - PRO MASK PRODUCTS s.r.o","og_description":"\u2022 Materi\u00e1l - SILIKON (made in China)\u2022 Teplotn\u00ed zat\u00ed\u017een\u00ed - dlouhodob\u011b odol\u00e1v\u00e1 teplot\u00e1m do 210\u00b0C&lt;br \u2022 Material - SILICONE (made in China)\u2022 Thermal load - long withstand temperatures up to 210\u00b0C\u00a0\u00a0\u00a0\u00a0\u00a0\u00a0\u00a0\u00a0\u00a0\u00a0\u00a0\u00a0\u00a0\u00a0\u00a0\u00a0\u00a0\u00a0\u00a0\u00a0\u00a0\u00a0\u00a0 - briefly up to 315\u00b0C\u2022 Suitable for covering pins including seating, through and blind holes, etc.\u2022 Re-usability\u2022 Suitable for powder coating, electroplating, anodizing, etc.PRO MASK PRODUCTS s.r.o. - Maskovac\u00ed krytky, z\u00e1tky, p\u00e1sky, z\u00e1v\u011bsov\u00e1 technika - n\u00e1suvn\u00e9 krytky s podlo\u017ekouP\u0159\u00edm\u00fd dovozce a zpracovatel maskovac\u00edch prost\u0159edk\u016f pro povrchov\u00e9 \u00fapravy.","og_url":"http:\/\/pm.dev-designatelier.cz\/en\/products\/masking-for-axle\/standard-silicone-cn\/washer-conic-caps\/","og_site_name":"PRO MASK PRODUCTS s.r.o.","article_modified_time":"2022-05-09T13:31:30+00:00","og_image":[{"width":1998,"height":1998,"url":"http:\/\/pm.dev-designatelier.cz\/wp-content\/uploads\/2021\/11\/KUZ\u030cELOVE\u0301-KRYTKY-S-PODLOZ\u030cKOU_SCC_1.jpg","type":"image\/jpeg"}],"twitter_card":"summary_large_image","twitter_description":"\u2022 Materi\u00e1l - SILIKON (made in China)\u2022 Teplotn\u00ed zat\u00ed\u017een\u00ed - dlouhodob\u011b odol\u00e1v\u00e1 teplot\u00e1m do 210\u00b0C&lt;br \u2022 Material - SILICONE (made in China)\u2022 Thermal load - long withstand temperatures up to 210\u00b0C\u00a0\u00a0\u00a0\u00a0\u00a0\u00a0\u00a0\u00a0\u00a0\u00a0\u00a0\u00a0\u00a0\u00a0\u00a0\u00a0\u00a0\u00a0\u00a0\u00a0\u00a0\u00a0\u00a0 - briefly up to 315\u00b0C\u2022 Suitable for covering pins including seating, through and blind holes, etc.\u2022 Re-usability\u2022 Suitable for powder coating, electroplating, anodizing, etc.PRO MASK PRODUCTS s.r.o. - Maskovac\u00ed krytky, z\u00e1tky, p\u00e1sky, z\u00e1v\u011bsov\u00e1 technika - n\u00e1suvn\u00e9 krytky s podlo\u017ekouP\u0159\u00edm\u00fd dovozce a zpracovatel maskovac\u00edch prost\u0159edk\u016f pro povrchov\u00e9 \u00fapravy.","schema":{"@context":"https:\/\/schema.org","@graph":[{"@type":"WebPage","@id":"http:\/\/pm.dev-designatelier.cz\/en\/products\/masking-for-axle\/standard-silicone-cn\/washer-conic-caps\/","url":"http:\/\/pm.dev-designatelier.cz\/en\/products\/masking-for-axle\/standard-silicone-cn\/washer-conic-caps\/","name":"WASHER CONIC CAPS - Silikonov\u00e9 ku\u017eelov\u00e9 krytky s podlo\u017ekou - PRO MASK PRODUCTS s.r.o","isPartOf":{"@id":"http:\/\/pm.dev-designatelier.cz\/en\/#website"},"datePublished":"2021-11-24T19:28:55+00:00","dateModified":"2022-05-09T13:31:30+00:00","description":"\u2022 Materi\u00e1l - SILIKON (made in China)\u2022 Teplotn\u00ed zat\u00ed\u017een\u00ed - dlouhodob\u011b odol\u00e1v\u00e1 teplot\u00e1m do 210\u00b0C&lt;br \u2022 Material - SILICONE (made in China)\u2022 Thermal load - long withstand temperatures up to 210\u00b0C\u00a0\u00a0\u00a0\u00a0\u00a0\u00a0\u00a0\u00a0\u00a0\u00a0\u00a0\u00a0\u00a0\u00a0\u00a0\u00a0\u00a0\u00a0\u00a0\u00a0\u00a0\u00a0\u00a0 - briefly up to 315\u00b0C\u2022 Suitable for covering pins including seating, through and blind holes, etc.\u2022 Re-usability\u2022 Suitable for powder coating, electroplating, anodizing, etc.","breadcrumb":{"@id":"http:\/\/pm.dev-designatelier.cz\/en\/products\/masking-for-axle\/standard-silicone-cn\/washer-conic-caps\/#breadcrumb"},"inLanguage":"en-US","potentialAction":[{"@type":"ReadAction","target":["http:\/\/pm.dev-designatelier.cz\/en\/products\/masking-for-axle\/standard-silicone-cn\/washer-conic-caps\/"]}]},{"@type":"BreadcrumbList","@id":"http:\/\/pm.dev-designatelier.cz\/en\/products\/masking-for-axle\/standard-silicone-cn\/washer-conic-caps\/#breadcrumb","itemListElement":[{"@type":"ListItem","position":1,"name":"Home","item":"http:\/\/pm.dev-designatelier.cz\/en\/"},{"@type":"ListItem","position":2,"name":"Shop","item":"http:\/\/pm.dev-designatelier.cz\/en\/shop\/"},{"@type":"ListItem","position":3,"name":"MASKING FOR AXLE","item":"http:\/\/pm.dev-designatelier.cz\/en\/product-category\/masking-for-axle\/"},{"@type":"ListItem","position":4,"name":"STANDARD silicone (CN)","item":"http:\/\/pm.dev-designatelier.cz\/en\/product-category\/masking-for-axle\/standard-silicone-cn\/"},{"@type":"ListItem","position":5,"name":"WASHER CONIC CAPS (SCC)"}]},{"@type":"WebSite","@id":"http:\/\/pm.dev-designatelier.cz\/en\/#website","url":"http:\/\/pm.dev-designatelier.cz\/en\/","name":"PRO MASK PRODUCTS s.r.o.","description":"","publisher":{"@id":"http:\/\/pm.dev-designatelier.cz\/en\/#organization"},"potentialAction":[{"@type":"SearchAction","target":{"@type":"EntryPoint","urlTemplate":"http:\/\/pm.dev-designatelier.cz\/en\/?s={search_term_string}"},"query-input":"required name=search_term_string"}],"inLanguage":"en-US"},{"@type":"Organization","@id":"http:\/\/pm.dev-designatelier.cz\/en\/#organization","name":"Pro Mask Products s.r.o.","url":"http:\/\/pm.dev-designatelier.cz\/en\/","logo":{"@type":"ImageObject","inLanguage":"en-US","@id":"http:\/\/pm.dev-designatelier.cz\/en\/#\/schema\/logo\/image\/","url":"http:\/\/pm.dev-designatelier.cz\/wp-content\/uploads\/2021\/12\/logo_PMP.png","contentUrl":"http:\/\/pm.dev-designatelier.cz\/wp-content\/uploads\/2021\/12\/logo_PMP.png","width":264,"height":110,"caption":"Pro Mask Products s.r.o."},"image":{"@id":"http:\/\/pm.dev-designatelier.cz\/en\/#\/schema\/logo\/image\/"}}]}},"_links":{"self":[{"href":"http:\/\/pm.dev-designatelier.cz\/en\/wp-json\/wp\/v2\/product\/3016"}],"collection":[{"href":"http:\/\/pm.dev-designatelier.cz\/en\/wp-json\/wp\/v2\/product"}],"about":[{"href":"http:\/\/pm.dev-designatelier.cz\/en\/wp-json\/wp\/v2\/types\/product"}],"replies":[{"embeddable":true,"href":"http:\/\/pm.dev-designatelier.cz\/en\/wp-json\/wp\/v2\/comments?post=3016"}],"version-history":[{"count":0,"href":"http:\/\/pm.dev-designatelier.cz\/en\/wp-json\/wp\/v2\/product\/3016\/revisions"}],"wp:featuredmedia":[{"embeddable":true,"href":"http:\/\/pm.dev-designatelier.cz\/en\/wp-json\/wp\/v2\/media\/3335"}],"wp:attachment":[{"href":"http:\/\/pm.dev-designatelier.cz\/en\/wp-json\/wp\/v2\/media?parent=3016"}],"wp:term":[{"taxonomy":"product_cat","embeddable":true,"href":"http:\/\/pm.dev-designatelier.cz\/en\/wp-json\/wp\/v2\/product_cat?post=3016"},{"taxonomy":"product_tag","embeddable":true,"href":"http:\/\/pm.dev-designatelier.cz\/en\/wp-json\/wp\/v2\/product_tag?post=3016"}],"curies":[{"name":"wp","href":"https:\/\/api.w.org\/{rel}","templated":true}]}}