{"id":2997,"date":"2021-11-24T20:22:08","date_gmt":"2021-11-24T19:28:48","guid":{"rendered":"http:\/\/pm.dev-designatelier.cz\/shop\/uncategorized\/tapered-plugs-with-threaded-sleeve\/"},"modified":"2022-05-06T12:30:26","modified_gmt":"2022-05-06T10:30:26","slug":"tapered-plugs-with-threaded-sleeve","status":"publish","type":"product","link":"http:\/\/pm.dev-designatelier.cz\/en\/products\/masking-for-hole\/standard-silicone-cn-en\/tapered-plugs-with-threaded-sleeve\/","title":{"rendered":"TAPERED PLUGS WITH THREADED SLEEVE"},"content":{"rendered":"<p><strong>In case you don&#8217;t find requested sizes, do not hasitate to <a href=\"http:\/\/pm.dev-designatelier.cz\/en\/contact-us\/\">contact us<\/a>.<\/strong><\/p>\n<style type=\"text\/css\">\n.tableizer-table {font-family: Arial, Helvetica, sans-serif; font-size: 11px;}\n.tableizer-table td {padding: 3px 25px 3px 25px; border: 1px solid #fff; background-color: #ddd; color: #000; text-align: center;}\n.tableizer-table th {text-align:center;padding: 3px 25px 3px 25px; border: 1px solid #fff; background-color: #ebbc06; color: #fff; font-weight: bold;}\ntd:first-child {text-align: left; background-color: #ccc7c2; font-weight: bold;}\nth:first-child {text-align: left;}\n<\/style>\n<table class=\"tableizer-table\">\n<tr class=\"tableizer-firstrow\">\n<th>PART NO.<\/th>\n<th>A (mm)<\/th>\n<th>B (mm)<\/th>\n<th>L (mm)<\/th>\n<\/tr>\n<tr>\n<td>CSPM-60-30-M8<\/td>\n<td>30,00<\/td>\n<td>60,00<\/td>\n<td>102,00<\/td>\n<\/tr>\n<tr>\n<td>CSPM-8-04-M8<\/td>\n<td>33,00<\/td>\n<td>41,00<\/td>\n<td>25,40<\/td>\n<\/tr>\n<tr>\n<td>CSPM-8,5-04-M8<\/td>\n<td>36,00<\/td>\n<td>43,00<\/td>\n<td>25,40<\/td>\n<\/tr>\n<tr>\n<td>CSPM-9-04-M8<\/td>\n<td>37,00<\/td>\n<td>45,00<\/td>\n<td>25,40<\/td>\n<\/tr>\n<tr>\n<td>CSPM-9,5-04-M8<\/td>\n<td>38,00<\/td>\n<td>46,00<\/td>\n<td>25,40<\/td>\n<\/tr>\n<tr>\n<td>CSPM-10-04-M8<\/td>\n<td>42,00<\/td>\n<td>50,00<\/td>\n<td>25,40<\/td>\n<\/tr>\n<tr>\n<td>CSPM-60-42-M8<\/td>\n<td>42,00<\/td>\n<td>60,00<\/td>\n<td>60,00<\/td>\n<\/tr>\n<tr>\n<td>CSPM-11-04-M8<\/td>\n<td>48,00<\/td>\n<td>56,00<\/td>\n<td>25,40<\/td>\n<\/tr>\n<tr>\n<td>CSPM-12-04-M8<\/td>\n<td>54,00<\/td>\n<td>64,00<\/td>\n<td>25,40<\/td>\n<\/tr>\n<tr>\n<td>CSPM-13-04-M8<\/td>\n<td>58,00<\/td>\n<td>68,00<\/td>\n<td>25,40<\/td>\n<\/tr>\n<tr>\n<td>CSPM-13,5-04-M8<\/td>\n<td>62,00<\/td>\n<td>75,00<\/td>\n<td>35,00<\/td>\n<\/tr>\n<tr>\n<td>CSPM-14-04-M8<\/td>\n<td>75,00<\/td>\n<td>90,00<\/td>\n<td>38,10<\/td>\n<\/tr>\n<tr>\n<td>CSPM-15-04-M8<\/td>\n<td>83,00<\/td>\n<td>103,00<\/td>\n<td>39,00<\/td>\n<\/tr>\n<tr>\n<td>CSPM-16-04-M8<\/td>\n<td>90,00<\/td>\n<td>127,00<\/td>\n<td>50,80<\/td>\n<\/tr>\n<\/table>\n<table class=\"tableizer-table\">\n<tr class=\"tableizer-firstrow\">\n<th>THREADED ROD<\/th>\n<th>LONG (mm)<\/th>\n<\/tr>\n<tr>\n<td>GEW-8&#215;20<\/td>\n<td>20<\/td>\n<\/tr>\n<tr>\n<td>GEW-8&#215;30<\/td>\n<td>30<\/td>\n<\/tr>\n<tr>\n<td>GEW-8&#215;40<\/td>\n<td>40<\/td>\n<\/tr>\n<tr>\n<td>GEW-8&#215;50<\/td>\n<td>50<\/td>\n<\/tr>\n<tr>\n<td>GEW-8&#215;60<\/td>\n<td>60<\/td>\n<\/tr>\n<tr>\n<td>GEW-8&#215;70<\/td>\n<td>70<\/td>\n<\/tr>\n<tr>\n<td>GEW-8&#215;80<\/td>\n<td>80<\/td>\n<\/tr>\n<tr>\n<td>GEW-8&#215;90<\/td>\n<td>90<\/td>\n<\/tr>\n<tr>\n<td>GEW-8&#215;100<\/td>\n<td>100<\/td>\n<\/tr>\n<tr>\n<td>GEW-8&#215;120<\/td>\n<td>120<\/td>\n<\/tr>\n<tr>\n<td>GEW-8&#215;140<\/td>\n<td>140<\/td>\n<\/tr>\n<tr>\n<td>GEW-8&#215;160<\/td>\n<td>160<\/td>\n<\/tr>\n<tr>\n<td>GEW-8&#215;180<\/td>\n<td>180<\/td>\n<\/tr>\n<tr>\n<td>GEW-8&#215;1000<\/td>\n<td>1000<\/td>\n<\/tr>\n<\/table>\n","protected":false},"excerpt":{"rendered":"<p>&bull; Material &#8211; SILICONE (made in China)<br \/>&bull; Thermal load &#8211; long withstand temperatures up to 210&deg;C<br \/>&nbsp;&nbsp;&nbsp;&nbsp;&nbsp;&nbsp;&nbsp;&nbsp;&nbsp;&nbsp;&nbsp;&nbsp;&nbsp;&nbsp;&nbsp;&nbsp;&nbsp;&nbsp;&nbsp;&nbsp;&nbsp;&nbsp;&nbsp; &#8211; briefly up to 315&deg;C<br \/>&bull; Suitable for masking a through holes and pipes<br \/>&bull; Liquid seal<br \/>&bull; For aplications where pressure is a problem the plugs can be joined by threaded rod<br \/>&bull; Re-usability<br \/>&bull; Suitable for powder coating, electroplating, sandblasting, etc.<\/p>\n","protected":false},"featured_media":3467,"comment_status":"closed","ping_status":"closed","template":"","meta":[],"product_cat":[158,163],"product_tag":[],"yoast_head":"<!-- This site is optimized with the Yoast SEO plugin v21.6 - https:\/\/yoast.com\/wordpress\/plugins\/seo\/ -->\n<title>TAPERED PLUGS WITH THREADED SLEEVE - Ku\u017eelov\u00e9 z\u00e1tky s vnit\u0159n\u00edm z\u00e1vitem - PRO MASK PRODUCTS s.r.o<\/title>\n<meta name=\"description\" content=\"\u2022 Material - SILICONE (made in China)\u2022 Thermal load - long withstand temperatures up to 210\u00b0C\u00a0\u00a0\u00a0\u00a0\u00a0\u00a0\u00a0\u00a0\u00a0\u00a0\u00a0\u00a0\u00a0\u00a0\u00a0\u00a0\u00a0\u00a0\u00a0\u00a0\u00a0\u00a0\u00a0 - briefly up to 315\u00b0C\u2022 Suitable for masking a through holes and pipes\u2022 Liquid seal\u2022 For aplications where pressure is a problem the plugs can be joined by threaded rod\u2022 Re-usability\u2022 Suitable for powder coating, electroplating, sandblasting, etc.\" \/>\n<meta name=\"robots\" content=\"noindex, follow, max-snippet:-1, max-image-preview:large, max-video-preview:-1\" \/>\n<meta property=\"og:locale\" content=\"en_US\" \/>\n<meta property=\"og:type\" content=\"article\" \/>\n<meta property=\"og:title\" content=\"TAPERED PLUGS WITH THREADED SLEEVE - Ku\u017eelov\u00e9 z\u00e1tky s vnit\u0159n\u00edm z\u00e1vitem - PRO MASK PRODUCTS s.r.o\" \/>\n<meta property=\"og:description\" content=\"\u2022 Material - SILICONE (made in China)\u2022 Thermal load - long withstand temperatures up to 210\u00b0C\u00a0\u00a0\u00a0\u00a0\u00a0\u00a0\u00a0\u00a0\u00a0\u00a0\u00a0\u00a0\u00a0\u00a0\u00a0\u00a0\u00a0\u00a0\u00a0\u00a0\u00a0\u00a0\u00a0 - briefly up to 315\u00b0C\u2022 Suitable for masking a through holes and pipes\u2022 Liquid seal\u2022 For aplications where pressure is a problem the plugs can be joined by threaded rod\u2022 Re-usability\u2022 Suitable for powder coating, electroplating, sandblasting, etc.PRO MASK PRODUCTS s.r.o. - Maskovac\u00ed krytky, z\u00e1tky, p\u00e1sky, z\u00e1v\u011bsov\u00e1 technika - ku\u017eelov\u00e9 z\u00e1tkyP\u0159\u00edm\u00fd dovozce a zpracovatel maskovac\u00edch prost\u0159edk\u016f pro povrchov\u00e9 \u00fapravy.\" \/>\n<meta property=\"og:url\" content=\"http:\/\/pm.dev-designatelier.cz\/en\/products\/masking-for-hole\/standard-silicone-cn-en\/tapered-plugs-with-threaded-sleeve\/\" \/>\n<meta property=\"og:site_name\" content=\"PRO MASK PRODUCTS s.r.o.\" \/>\n<meta property=\"article:modified_time\" content=\"2022-05-06T10:30:26+00:00\" \/>\n<meta property=\"og:image\" content=\"http:\/\/pm.dev-designatelier.cz\/wp-content\/uploads\/2021\/11\/KUZ\u030cELOVE\u0301-ZA\u0301TKY-S-VNITR\u030cI\u0301M-ZA\u0301VITEM_CSPM_1.jpg\" \/>\n\t<meta property=\"og:image:width\" content=\"1500\" \/>\n\t<meta property=\"og:image:height\" content=\"1500\" \/>\n\t<meta property=\"og:image:type\" content=\"image\/jpeg\" \/>\n<meta name=\"twitter:card\" content=\"summary_large_image\" \/>\n<meta name=\"twitter:description\" content=\"\u2022 Material - SILICONE (made in China)\u2022 Thermal load - long withstand temperatures up to 210\u00b0C\u00a0\u00a0\u00a0\u00a0\u00a0\u00a0\u00a0\u00a0\u00a0\u00a0\u00a0\u00a0\u00a0\u00a0\u00a0\u00a0\u00a0\u00a0\u00a0\u00a0\u00a0\u00a0\u00a0 - briefly up to 315\u00b0C\u2022 Suitable for masking a through holes and pipes\u2022 Liquid seal\u2022 For aplications where pressure is a problem the plugs can be joined by threaded rod\u2022 Re-usability\u2022 Suitable for powder coating, electroplating, sandblasting, etc.PRO MASK PRODUCTS s.r.o. - Maskovac\u00ed krytky, z\u00e1tky, p\u00e1sky, z\u00e1v\u011bsov\u00e1 technika - ku\u017eelov\u00e9 z\u00e1tkyP\u0159\u00edm\u00fd dovozce a zpracovatel maskovac\u00edch prost\u0159edk\u016f pro povrchov\u00e9 \u00fapravy.\" \/>\n<script type=\"application\/ld+json\" class=\"yoast-schema-graph\">{\"@context\":\"https:\/\/schema.org\",\"@graph\":[{\"@type\":\"WebPage\",\"@id\":\"http:\/\/pm.dev-designatelier.cz\/en\/products\/masking-for-hole\/standard-silicone-cn-en\/tapered-plugs-with-threaded-sleeve\/\",\"url\":\"http:\/\/pm.dev-designatelier.cz\/en\/products\/masking-for-hole\/standard-silicone-cn-en\/tapered-plugs-with-threaded-sleeve\/\",\"name\":\"TAPERED PLUGS WITH THREADED SLEEVE - Ku\u017eelov\u00e9 z\u00e1tky s vnit\u0159n\u00edm z\u00e1vitem - PRO MASK PRODUCTS s.r.o\",\"isPartOf\":{\"@id\":\"http:\/\/pm.dev-designatelier.cz\/en\/#website\"},\"datePublished\":\"2021-11-24T19:28:48+00:00\",\"dateModified\":\"2022-05-06T10:30:26+00:00\",\"description\":\"\u2022 Material - SILICONE (made in China)\u2022 Thermal load - long withstand temperatures up to 210\u00b0C\u00a0\u00a0\u00a0\u00a0\u00a0\u00a0\u00a0\u00a0\u00a0\u00a0\u00a0\u00a0\u00a0\u00a0\u00a0\u00a0\u00a0\u00a0\u00a0\u00a0\u00a0\u00a0\u00a0 - briefly up to 315\u00b0C\u2022 Suitable for masking a through holes and pipes\u2022 Liquid seal\u2022 For aplications where pressure is a problem the plugs can be joined by threaded rod\u2022 Re-usability\u2022 Suitable for powder coating, electroplating, sandblasting, etc.\",\"breadcrumb\":{\"@id\":\"http:\/\/pm.dev-designatelier.cz\/en\/products\/masking-for-hole\/standard-silicone-cn-en\/tapered-plugs-with-threaded-sleeve\/#breadcrumb\"},\"inLanguage\":\"en-US\",\"potentialAction\":[{\"@type\":\"ReadAction\",\"target\":[\"http:\/\/pm.dev-designatelier.cz\/en\/products\/masking-for-hole\/standard-silicone-cn-en\/tapered-plugs-with-threaded-sleeve\/\"]}]},{\"@type\":\"BreadcrumbList\",\"@id\":\"http:\/\/pm.dev-designatelier.cz\/en\/products\/masking-for-hole\/standard-silicone-cn-en\/tapered-plugs-with-threaded-sleeve\/#breadcrumb\",\"itemListElement\":[{\"@type\":\"ListItem\",\"position\":1,\"name\":\"Home\",\"item\":\"http:\/\/pm.dev-designatelier.cz\/en\/\"},{\"@type\":\"ListItem\",\"position\":2,\"name\":\"Shop\",\"item\":\"http:\/\/pm.dev-designatelier.cz\/en\/shop\/\"},{\"@type\":\"ListItem\",\"position\":3,\"name\":\"MASKING FOR HOLE\",\"item\":\"http:\/\/pm.dev-designatelier.cz\/en\/product-category\/masking-for-hole\/\"},{\"@type\":\"ListItem\",\"position\":4,\"name\":\"STANDARD silicone (CN)\",\"item\":\"http:\/\/pm.dev-designatelier.cz\/en\/product-category\/masking-for-hole\/standard-silicone-cn-en\/\"},{\"@type\":\"ListItem\",\"position\":5,\"name\":\"TAPERED PLUGS WITH THREADED SLEEVE\"}]},{\"@type\":\"WebSite\",\"@id\":\"http:\/\/pm.dev-designatelier.cz\/en\/#website\",\"url\":\"http:\/\/pm.dev-designatelier.cz\/en\/\",\"name\":\"PRO MASK PRODUCTS s.r.o.\",\"description\":\"\",\"publisher\":{\"@id\":\"http:\/\/pm.dev-designatelier.cz\/en\/#organization\"},\"potentialAction\":[{\"@type\":\"SearchAction\",\"target\":{\"@type\":\"EntryPoint\",\"urlTemplate\":\"http:\/\/pm.dev-designatelier.cz\/en\/?s={search_term_string}\"},\"query-input\":\"required name=search_term_string\"}],\"inLanguage\":\"en-US\"},{\"@type\":\"Organization\",\"@id\":\"http:\/\/pm.dev-designatelier.cz\/en\/#organization\",\"name\":\"Pro Mask Products s.r.o.\",\"url\":\"http:\/\/pm.dev-designatelier.cz\/en\/\",\"logo\":{\"@type\":\"ImageObject\",\"inLanguage\":\"en-US\",\"@id\":\"http:\/\/pm.dev-designatelier.cz\/en\/#\/schema\/logo\/image\/\",\"url\":\"http:\/\/pm.dev-designatelier.cz\/wp-content\/uploads\/2021\/12\/logo_PMP.png\",\"contentUrl\":\"http:\/\/pm.dev-designatelier.cz\/wp-content\/uploads\/2021\/12\/logo_PMP.png\",\"width\":264,\"height\":110,\"caption\":\"Pro Mask Products s.r.o.\"},\"image\":{\"@id\":\"http:\/\/pm.dev-designatelier.cz\/en\/#\/schema\/logo\/image\/\"}}]}<\/script>\n<!-- \/ Yoast SEO plugin. -->","yoast_head_json":{"title":"TAPERED PLUGS WITH THREADED SLEEVE - Ku\u017eelov\u00e9 z\u00e1tky s vnit\u0159n\u00edm z\u00e1vitem - PRO MASK PRODUCTS s.r.o","description":"\u2022 Material - SILICONE (made in China)\u2022 Thermal load - long withstand temperatures up to 210\u00b0C\u00a0\u00a0\u00a0\u00a0\u00a0\u00a0\u00a0\u00a0\u00a0\u00a0\u00a0\u00a0\u00a0\u00a0\u00a0\u00a0\u00a0\u00a0\u00a0\u00a0\u00a0\u00a0\u00a0 - briefly up to 315\u00b0C\u2022 Suitable for masking a through holes and pipes\u2022 Liquid seal\u2022 For aplications where pressure is a problem the plugs can be joined by threaded rod\u2022 Re-usability\u2022 Suitable for powder coating, electroplating, sandblasting, etc.","robots":{"index":"noindex","follow":"follow","max-snippet":"max-snippet:-1","max-image-preview":"max-image-preview:large","max-video-preview":"max-video-preview:-1"},"og_locale":"en_US","og_type":"article","og_title":"TAPERED PLUGS WITH THREADED SLEEVE - Ku\u017eelov\u00e9 z\u00e1tky s vnit\u0159n\u00edm z\u00e1vitem - PRO MASK PRODUCTS s.r.o","og_description":"\u2022 Material - SILICONE (made in China)\u2022 Thermal load - long withstand temperatures up to 210\u00b0C\u00a0\u00a0\u00a0\u00a0\u00a0\u00a0\u00a0\u00a0\u00a0\u00a0\u00a0\u00a0\u00a0\u00a0\u00a0\u00a0\u00a0\u00a0\u00a0\u00a0\u00a0\u00a0\u00a0 - briefly up to 315\u00b0C\u2022 Suitable for masking a through holes and pipes\u2022 Liquid seal\u2022 For aplications where pressure is a problem the plugs can be joined by threaded rod\u2022 Re-usability\u2022 Suitable for powder coating, electroplating, sandblasting, etc.PRO MASK PRODUCTS s.r.o. - Maskovac\u00ed krytky, z\u00e1tky, p\u00e1sky, z\u00e1v\u011bsov\u00e1 technika - ku\u017eelov\u00e9 z\u00e1tkyP\u0159\u00edm\u00fd dovozce a zpracovatel maskovac\u00edch prost\u0159edk\u016f pro povrchov\u00e9 \u00fapravy.","og_url":"http:\/\/pm.dev-designatelier.cz\/en\/products\/masking-for-hole\/standard-silicone-cn-en\/tapered-plugs-with-threaded-sleeve\/","og_site_name":"PRO MASK PRODUCTS s.r.o.","article_modified_time":"2022-05-06T10:30:26+00:00","og_image":[{"width":1500,"height":1500,"url":"http:\/\/pm.dev-designatelier.cz\/wp-content\/uploads\/2021\/11\/KUZ\u030cELOVE\u0301-ZA\u0301TKY-S-VNITR\u030cI\u0301M-ZA\u0301VITEM_CSPM_1.jpg","type":"image\/jpeg"}],"twitter_card":"summary_large_image","twitter_description":"\u2022 Material - SILICONE (made in China)\u2022 Thermal load - long withstand temperatures up to 210\u00b0C\u00a0\u00a0\u00a0\u00a0\u00a0\u00a0\u00a0\u00a0\u00a0\u00a0\u00a0\u00a0\u00a0\u00a0\u00a0\u00a0\u00a0\u00a0\u00a0\u00a0\u00a0\u00a0\u00a0 - briefly up to 315\u00b0C\u2022 Suitable for masking a through holes and pipes\u2022 Liquid seal\u2022 For aplications where pressure is a problem the plugs can be joined by threaded rod\u2022 Re-usability\u2022 Suitable for powder coating, electroplating, sandblasting, etc.PRO MASK PRODUCTS s.r.o. - Maskovac\u00ed krytky, z\u00e1tky, p\u00e1sky, z\u00e1v\u011bsov\u00e1 technika - ku\u017eelov\u00e9 z\u00e1tkyP\u0159\u00edm\u00fd dovozce a zpracovatel maskovac\u00edch prost\u0159edk\u016f pro povrchov\u00e9 \u00fapravy.","schema":{"@context":"https:\/\/schema.org","@graph":[{"@type":"WebPage","@id":"http:\/\/pm.dev-designatelier.cz\/en\/products\/masking-for-hole\/standard-silicone-cn-en\/tapered-plugs-with-threaded-sleeve\/","url":"http:\/\/pm.dev-designatelier.cz\/en\/products\/masking-for-hole\/standard-silicone-cn-en\/tapered-plugs-with-threaded-sleeve\/","name":"TAPERED PLUGS WITH THREADED SLEEVE - Ku\u017eelov\u00e9 z\u00e1tky s vnit\u0159n\u00edm z\u00e1vitem - PRO MASK PRODUCTS s.r.o","isPartOf":{"@id":"http:\/\/pm.dev-designatelier.cz\/en\/#website"},"datePublished":"2021-11-24T19:28:48+00:00","dateModified":"2022-05-06T10:30:26+00:00","description":"\u2022 Material - SILICONE (made in China)\u2022 Thermal load - long withstand temperatures up to 210\u00b0C\u00a0\u00a0\u00a0\u00a0\u00a0\u00a0\u00a0\u00a0\u00a0\u00a0\u00a0\u00a0\u00a0\u00a0\u00a0\u00a0\u00a0\u00a0\u00a0\u00a0\u00a0\u00a0\u00a0 - briefly up to 315\u00b0C\u2022 Suitable for masking a through holes and pipes\u2022 Liquid seal\u2022 For aplications where pressure is a problem the plugs can be joined by threaded rod\u2022 Re-usability\u2022 Suitable for powder coating, electroplating, sandblasting, etc.","breadcrumb":{"@id":"http:\/\/pm.dev-designatelier.cz\/en\/products\/masking-for-hole\/standard-silicone-cn-en\/tapered-plugs-with-threaded-sleeve\/#breadcrumb"},"inLanguage":"en-US","potentialAction":[{"@type":"ReadAction","target":["http:\/\/pm.dev-designatelier.cz\/en\/products\/masking-for-hole\/standard-silicone-cn-en\/tapered-plugs-with-threaded-sleeve\/"]}]},{"@type":"BreadcrumbList","@id":"http:\/\/pm.dev-designatelier.cz\/en\/products\/masking-for-hole\/standard-silicone-cn-en\/tapered-plugs-with-threaded-sleeve\/#breadcrumb","itemListElement":[{"@type":"ListItem","position":1,"name":"Home","item":"http:\/\/pm.dev-designatelier.cz\/en\/"},{"@type":"ListItem","position":2,"name":"Shop","item":"http:\/\/pm.dev-designatelier.cz\/en\/shop\/"},{"@type":"ListItem","position":3,"name":"MASKING FOR HOLE","item":"http:\/\/pm.dev-designatelier.cz\/en\/product-category\/masking-for-hole\/"},{"@type":"ListItem","position":4,"name":"STANDARD silicone (CN)","item":"http:\/\/pm.dev-designatelier.cz\/en\/product-category\/masking-for-hole\/standard-silicone-cn-en\/"},{"@type":"ListItem","position":5,"name":"TAPERED PLUGS WITH THREADED SLEEVE"}]},{"@type":"WebSite","@id":"http:\/\/pm.dev-designatelier.cz\/en\/#website","url":"http:\/\/pm.dev-designatelier.cz\/en\/","name":"PRO MASK PRODUCTS s.r.o.","description":"","publisher":{"@id":"http:\/\/pm.dev-designatelier.cz\/en\/#organization"},"potentialAction":[{"@type":"SearchAction","target":{"@type":"EntryPoint","urlTemplate":"http:\/\/pm.dev-designatelier.cz\/en\/?s={search_term_string}"},"query-input":"required name=search_term_string"}],"inLanguage":"en-US"},{"@type":"Organization","@id":"http:\/\/pm.dev-designatelier.cz\/en\/#organization","name":"Pro Mask Products s.r.o.","url":"http:\/\/pm.dev-designatelier.cz\/en\/","logo":{"@type":"ImageObject","inLanguage":"en-US","@id":"http:\/\/pm.dev-designatelier.cz\/en\/#\/schema\/logo\/image\/","url":"http:\/\/pm.dev-designatelier.cz\/wp-content\/uploads\/2021\/12\/logo_PMP.png","contentUrl":"http:\/\/pm.dev-designatelier.cz\/wp-content\/uploads\/2021\/12\/logo_PMP.png","width":264,"height":110,"caption":"Pro Mask Products s.r.o."},"image":{"@id":"http:\/\/pm.dev-designatelier.cz\/en\/#\/schema\/logo\/image\/"}}]}},"_links":{"self":[{"href":"http:\/\/pm.dev-designatelier.cz\/en\/wp-json\/wp\/v2\/product\/2997"}],"collection":[{"href":"http:\/\/pm.dev-designatelier.cz\/en\/wp-json\/wp\/v2\/product"}],"about":[{"href":"http:\/\/pm.dev-designatelier.cz\/en\/wp-json\/wp\/v2\/types\/product"}],"replies":[{"embeddable":true,"href":"http:\/\/pm.dev-designatelier.cz\/en\/wp-json\/wp\/v2\/comments?post=2997"}],"version-history":[{"count":0,"href":"http:\/\/pm.dev-designatelier.cz\/en\/wp-json\/wp\/v2\/product\/2997\/revisions"}],"wp:featuredmedia":[{"embeddable":true,"href":"http:\/\/pm.dev-designatelier.cz\/en\/wp-json\/wp\/v2\/media\/3467"}],"wp:attachment":[{"href":"http:\/\/pm.dev-designatelier.cz\/en\/wp-json\/wp\/v2\/media?parent=2997"}],"wp:term":[{"taxonomy":"product_cat","embeddable":true,"href":"http:\/\/pm.dev-designatelier.cz\/en\/wp-json\/wp\/v2\/product_cat?post=2997"},{"taxonomy":"product_tag","embeddable":true,"href":"http:\/\/pm.dev-designatelier.cz\/en\/wp-json\/wp\/v2\/product_tag?post=2997"}],"curies":[{"name":"wp","href":"https:\/\/api.w.org\/{rel}","templated":true}]}}