{"id":2979,"date":"2021-11-24T20:21:58","date_gmt":"2021-11-24T19:28:34","guid":{"rendered":"http:\/\/pm.dev-designatelier.cz\/shop\/uncategorized\/kapton\/"},"modified":"2022-04-23T18:43:06","modified_gmt":"2022-04-23T16:43:06","slug":"kapton-r","status":"publish","type":"product","link":"http:\/\/pm.dev-designatelier.cz\/en\/products\/masking-for-plane-surface\/polyimide-tapes\/kapton-r\/","title":{"rendered":"KAPTON \u00ae"},"content":{"rendered":"<style type=\"text\/css\">\ntable.tableizer-table { font-family: Arial, Helvetica, sans-serif; font-size: 11px;}<br \/>\n.tableizer-table td {padding: 3px 25px 3px 25px; border: 1px solid #fff; background-color: #ddd; color: #000; text-align: right }<br \/>\n.tableizer-table th {padding: 3px 25px 3px 25px; border: 1px solid #fff; background-color: #ebbc06; color: #FFF; font-weight: bold;}<\/p>\n<p>.doleva {text-align: left; background-color: #ccc7c2; font-weight: bold;}<br \/>\ntd:first-child {text-align: left; background-color: #ccc7c2; font-weight: bold;} <\/p>\n<\/style>\n","protected":false},"excerpt":{"rendered":"<ul>\n<li>Polyimide film \/ silicone adhesive (made in Italy)<\/li>\n<li>Total thickness 0,06 mm<\/li>\n<li>Temperature range up to 300\u00b0C for 1 hour<\/li>\n<li>Roll &#8211; 33 m (brown color)<\/li>\n<li>Suitable for high temperature masking<\/li>\n<li>Recommended for electrical insulation<\/li>\n<li>No residue after removal<\/li>\n<li>Also offered on liner for die cutting<\/li>\n<\/ul>\n","protected":false},"featured_media":3690,"comment_status":"closed","ping_status":"closed","template":"","meta":[],"product_cat":[164,174],"product_tag":[],"yoast_head":"<!-- This site is optimized with the Yoast SEO plugin v21.6 - https:\/\/yoast.com\/wordpress\/plugins\/seo\/ -->\n<title>KAPTON \u00ae - Kaptonov\u00e1 maskovac\u00ed p\u00e1ska - PRO MASK PRODUCTS s.r.o.<\/title>\n<meta name=\"description\" content=\"\u2022 Polyimide film \/ silicone adhesive (made in Italy)\u2022 Total thickness 0,06 mm\u2022 Temperature range up to 300\u00b0C for 1 hour\u2022 Roll - 33 m (brown color)\u2022 Suitable for high temperature masking\u2022 Recommended for electrical insulation\u2022 No residue after removal\u2022 Also offered on liner for die cutting\" \/>\n<meta name=\"robots\" content=\"noindex, follow, max-snippet:-1, max-image-preview:large, max-video-preview:-1\" \/>\n<meta property=\"og:locale\" content=\"en_US\" \/>\n<meta property=\"og:type\" content=\"article\" \/>\n<meta property=\"og:title\" content=\"KAPTON \u00ae - Kaptonov\u00e1 maskovac\u00ed p\u00e1ska - PRO MASK PRODUCTS s.r.o.\" \/>\n<meta property=\"og:description\" content=\"\u2022 Polyimide film \/ silicone adhesive (made in Italy)\u2022 Total thickness 0,06 mm\u2022 Temperature range up to 300\u00b0C for 1 hour\u2022 Roll - 33 m (brown color)\u2022 Suitable for high temperature masking\u2022 Recommended for electrical insulation\u2022 No residue after removal\u2022 Also offered on liner for die cuttingPRO MASK PRODUCTS s.r.o. - Maskovac\u00ed krytky, z\u00e1tky, p\u00e1sky, z\u00e1v\u011bsov\u00e1 technika - kaptonov\u00e1 maskovac\u00ed p\u00e1skaP\u0159\u00edm\u00fd dovozce a zpracovatel maskovac\u00edch prost\u0159edk\u016f pro povrchov\u00e9 \u00fapravy.\" \/>\n<meta property=\"og:url\" content=\"http:\/\/pm.dev-designatelier.cz\/en\/products\/masking-for-plane-surface\/polyimide-tapes\/kapton-r\/\" \/>\n<meta property=\"og:site_name\" content=\"PRO MASK PRODUCTS s.r.o.\" \/>\n<meta property=\"article:modified_time\" content=\"2022-04-23T16:43:06+00:00\" \/>\n<meta property=\"og:image\" content=\"http:\/\/pm.dev-designatelier.cz\/wp-content\/uploads\/2021\/11\/POLYIMIDOVA\u0301-PA\u0301SKA_KAPTON_1.jpg\" \/>\n\t<meta property=\"og:image:width\" content=\"2190\" \/>\n\t<meta property=\"og:image:height\" content=\"2190\" \/>\n\t<meta property=\"og:image:type\" content=\"image\/jpeg\" \/>\n<meta name=\"twitter:card\" content=\"summary_large_image\" \/>\n<meta name=\"twitter:description\" content=\"\u2022 Polyimide film \/ silicone adhesive (made in Italy)\u2022 Total thickness 0,06 mm\u2022 Temperature range up to 300\u00b0C for 1 hour\u2022 Roll - 33 m (brown color)\u2022 Suitable for high temperature masking\u2022 Recommended for electrical insulation\u2022 No residue after removal\u2022 Also offered on liner for die cuttingPRO MASK PRODUCTS s.r.o. - Maskovac\u00ed krytky, z\u00e1tky, p\u00e1sky, z\u00e1v\u011bsov\u00e1 technika - kaptonov\u00e1 maskovac\u00ed p\u00e1skaP\u0159\u00edm\u00fd dovozce a zpracovatel maskovac\u00edch prost\u0159edk\u016f pro povrchov\u00e9 \u00fapravy.\" \/>\n<script type=\"application\/ld+json\" class=\"yoast-schema-graph\">{\"@context\":\"https:\/\/schema.org\",\"@graph\":[{\"@type\":\"WebPage\",\"@id\":\"http:\/\/pm.dev-designatelier.cz\/en\/products\/masking-for-plane-surface\/polyimide-tapes\/kapton-r\/\",\"url\":\"http:\/\/pm.dev-designatelier.cz\/en\/products\/masking-for-plane-surface\/polyimide-tapes\/kapton-r\/\",\"name\":\"KAPTON \u00ae - Kaptonov\u00e1 maskovac\u00ed p\u00e1ska - PRO MASK PRODUCTS s.r.o.\",\"isPartOf\":{\"@id\":\"http:\/\/pm.dev-designatelier.cz\/en\/#website\"},\"datePublished\":\"2021-11-24T19:28:34+00:00\",\"dateModified\":\"2022-04-23T16:43:06+00:00\",\"description\":\"\u2022 Polyimide film \/ silicone adhesive (made in Italy)\u2022 Total thickness 0,06 mm\u2022 Temperature range up to 300\u00b0C for 1 hour\u2022 Roll - 33 m (brown color)\u2022 Suitable for high temperature masking\u2022 Recommended for electrical insulation\u2022 No residue after removal\u2022 Also offered on liner for die cutting\",\"breadcrumb\":{\"@id\":\"http:\/\/pm.dev-designatelier.cz\/en\/products\/masking-for-plane-surface\/polyimide-tapes\/kapton-r\/#breadcrumb\"},\"inLanguage\":\"en-US\",\"potentialAction\":[{\"@type\":\"ReadAction\",\"target\":[\"http:\/\/pm.dev-designatelier.cz\/en\/products\/masking-for-plane-surface\/polyimide-tapes\/kapton-r\/\"]}]},{\"@type\":\"BreadcrumbList\",\"@id\":\"http:\/\/pm.dev-designatelier.cz\/en\/products\/masking-for-plane-surface\/polyimide-tapes\/kapton-r\/#breadcrumb\",\"itemListElement\":[{\"@type\":\"ListItem\",\"position\":1,\"name\":\"Home\",\"item\":\"http:\/\/pm.dev-designatelier.cz\/en\/\"},{\"@type\":\"ListItem\",\"position\":2,\"name\":\"Shop\",\"item\":\"http:\/\/pm.dev-designatelier.cz\/en\/shop\/\"},{\"@type\":\"ListItem\",\"position\":3,\"name\":\"MASKING FOR PLANE SURFACE\",\"item\":\"http:\/\/pm.dev-designatelier.cz\/en\/product-category\/masking-for-plane-surface\/\"},{\"@type\":\"ListItem\",\"position\":4,\"name\":\"POLYIMIDE TAPES\",\"item\":\"http:\/\/pm.dev-designatelier.cz\/en\/product-category\/masking-for-plane-surface\/polyimide-tapes\/\"},{\"@type\":\"ListItem\",\"position\":5,\"name\":\"KAPTON \u00ae\"}]},{\"@type\":\"WebSite\",\"@id\":\"http:\/\/pm.dev-designatelier.cz\/en\/#website\",\"url\":\"http:\/\/pm.dev-designatelier.cz\/en\/\",\"name\":\"PRO MASK PRODUCTS s.r.o.\",\"description\":\"\",\"publisher\":{\"@id\":\"http:\/\/pm.dev-designatelier.cz\/en\/#organization\"},\"potentialAction\":[{\"@type\":\"SearchAction\",\"target\":{\"@type\":\"EntryPoint\",\"urlTemplate\":\"http:\/\/pm.dev-designatelier.cz\/en\/?s={search_term_string}\"},\"query-input\":\"required name=search_term_string\"}],\"inLanguage\":\"en-US\"},{\"@type\":\"Organization\",\"@id\":\"http:\/\/pm.dev-designatelier.cz\/en\/#organization\",\"name\":\"Pro Mask Products s.r.o.\",\"url\":\"http:\/\/pm.dev-designatelier.cz\/en\/\",\"logo\":{\"@type\":\"ImageObject\",\"inLanguage\":\"en-US\",\"@id\":\"http:\/\/pm.dev-designatelier.cz\/en\/#\/schema\/logo\/image\/\",\"url\":\"http:\/\/pm.dev-designatelier.cz\/wp-content\/uploads\/2021\/12\/logo_PMP.png\",\"contentUrl\":\"http:\/\/pm.dev-designatelier.cz\/wp-content\/uploads\/2021\/12\/logo_PMP.png\",\"width\":264,\"height\":110,\"caption\":\"Pro Mask Products s.r.o.\"},\"image\":{\"@id\":\"http:\/\/pm.dev-designatelier.cz\/en\/#\/schema\/logo\/image\/\"}}]}<\/script>\n<!-- \/ Yoast SEO plugin. -->","yoast_head_json":{"title":"KAPTON \u00ae - Kaptonov\u00e1 maskovac\u00ed p\u00e1ska - PRO MASK PRODUCTS s.r.o.","description":"\u2022 Polyimide film \/ silicone adhesive (made in Italy)\u2022 Total thickness 0,06 mm\u2022 Temperature range up to 300\u00b0C for 1 hour\u2022 Roll - 33 m (brown color)\u2022 Suitable for high temperature masking\u2022 Recommended for electrical insulation\u2022 No residue after removal\u2022 Also offered on liner for die cutting","robots":{"index":"noindex","follow":"follow","max-snippet":"max-snippet:-1","max-image-preview":"max-image-preview:large","max-video-preview":"max-video-preview:-1"},"og_locale":"en_US","og_type":"article","og_title":"KAPTON \u00ae - Kaptonov\u00e1 maskovac\u00ed p\u00e1ska - PRO MASK PRODUCTS s.r.o.","og_description":"\u2022 Polyimide film \/ silicone adhesive (made in Italy)\u2022 Total thickness 0,06 mm\u2022 Temperature range up to 300\u00b0C for 1 hour\u2022 Roll - 33 m (brown color)\u2022 Suitable for high temperature masking\u2022 Recommended for electrical insulation\u2022 No residue after removal\u2022 Also offered on liner for die cuttingPRO MASK PRODUCTS s.r.o. - Maskovac\u00ed krytky, z\u00e1tky, p\u00e1sky, z\u00e1v\u011bsov\u00e1 technika - kaptonov\u00e1 maskovac\u00ed p\u00e1skaP\u0159\u00edm\u00fd dovozce a zpracovatel maskovac\u00edch prost\u0159edk\u016f pro povrchov\u00e9 \u00fapravy.","og_url":"http:\/\/pm.dev-designatelier.cz\/en\/products\/masking-for-plane-surface\/polyimide-tapes\/kapton-r\/","og_site_name":"PRO MASK PRODUCTS s.r.o.","article_modified_time":"2022-04-23T16:43:06+00:00","og_image":[{"width":2190,"height":2190,"url":"http:\/\/pm.dev-designatelier.cz\/wp-content\/uploads\/2021\/11\/POLYIMIDOVA\u0301-PA\u0301SKA_KAPTON_1.jpg","type":"image\/jpeg"}],"twitter_card":"summary_large_image","twitter_description":"\u2022 Polyimide film \/ silicone adhesive (made in Italy)\u2022 Total thickness 0,06 mm\u2022 Temperature range up to 300\u00b0C for 1 hour\u2022 Roll - 33 m (brown color)\u2022 Suitable for high temperature masking\u2022 Recommended for electrical insulation\u2022 No residue after removal\u2022 Also offered on liner for die cuttingPRO MASK PRODUCTS s.r.o. - Maskovac\u00ed krytky, z\u00e1tky, p\u00e1sky, z\u00e1v\u011bsov\u00e1 technika - kaptonov\u00e1 maskovac\u00ed p\u00e1skaP\u0159\u00edm\u00fd dovozce a zpracovatel maskovac\u00edch prost\u0159edk\u016f pro povrchov\u00e9 \u00fapravy.","schema":{"@context":"https:\/\/schema.org","@graph":[{"@type":"WebPage","@id":"http:\/\/pm.dev-designatelier.cz\/en\/products\/masking-for-plane-surface\/polyimide-tapes\/kapton-r\/","url":"http:\/\/pm.dev-designatelier.cz\/en\/products\/masking-for-plane-surface\/polyimide-tapes\/kapton-r\/","name":"KAPTON \u00ae - Kaptonov\u00e1 maskovac\u00ed p\u00e1ska - PRO MASK PRODUCTS s.r.o.","isPartOf":{"@id":"http:\/\/pm.dev-designatelier.cz\/en\/#website"},"datePublished":"2021-11-24T19:28:34+00:00","dateModified":"2022-04-23T16:43:06+00:00","description":"\u2022 Polyimide film \/ silicone adhesive (made in Italy)\u2022 Total thickness 0,06 mm\u2022 Temperature range up to 300\u00b0C for 1 hour\u2022 Roll - 33 m (brown color)\u2022 Suitable for high temperature masking\u2022 Recommended for electrical insulation\u2022 No residue after removal\u2022 Also offered on liner for die cutting","breadcrumb":{"@id":"http:\/\/pm.dev-designatelier.cz\/en\/products\/masking-for-plane-surface\/polyimide-tapes\/kapton-r\/#breadcrumb"},"inLanguage":"en-US","potentialAction":[{"@type":"ReadAction","target":["http:\/\/pm.dev-designatelier.cz\/en\/products\/masking-for-plane-surface\/polyimide-tapes\/kapton-r\/"]}]},{"@type":"BreadcrumbList","@id":"http:\/\/pm.dev-designatelier.cz\/en\/products\/masking-for-plane-surface\/polyimide-tapes\/kapton-r\/#breadcrumb","itemListElement":[{"@type":"ListItem","position":1,"name":"Home","item":"http:\/\/pm.dev-designatelier.cz\/en\/"},{"@type":"ListItem","position":2,"name":"Shop","item":"http:\/\/pm.dev-designatelier.cz\/en\/shop\/"},{"@type":"ListItem","position":3,"name":"MASKING FOR PLANE SURFACE","item":"http:\/\/pm.dev-designatelier.cz\/en\/product-category\/masking-for-plane-surface\/"},{"@type":"ListItem","position":4,"name":"POLYIMIDE TAPES","item":"http:\/\/pm.dev-designatelier.cz\/en\/product-category\/masking-for-plane-surface\/polyimide-tapes\/"},{"@type":"ListItem","position":5,"name":"KAPTON \u00ae"}]},{"@type":"WebSite","@id":"http:\/\/pm.dev-designatelier.cz\/en\/#website","url":"http:\/\/pm.dev-designatelier.cz\/en\/","name":"PRO MASK PRODUCTS s.r.o.","description":"","publisher":{"@id":"http:\/\/pm.dev-designatelier.cz\/en\/#organization"},"potentialAction":[{"@type":"SearchAction","target":{"@type":"EntryPoint","urlTemplate":"http:\/\/pm.dev-designatelier.cz\/en\/?s={search_term_string}"},"query-input":"required name=search_term_string"}],"inLanguage":"en-US"},{"@type":"Organization","@id":"http:\/\/pm.dev-designatelier.cz\/en\/#organization","name":"Pro Mask Products s.r.o.","url":"http:\/\/pm.dev-designatelier.cz\/en\/","logo":{"@type":"ImageObject","inLanguage":"en-US","@id":"http:\/\/pm.dev-designatelier.cz\/en\/#\/schema\/logo\/image\/","url":"http:\/\/pm.dev-designatelier.cz\/wp-content\/uploads\/2021\/12\/logo_PMP.png","contentUrl":"http:\/\/pm.dev-designatelier.cz\/wp-content\/uploads\/2021\/12\/logo_PMP.png","width":264,"height":110,"caption":"Pro Mask Products s.r.o."},"image":{"@id":"http:\/\/pm.dev-designatelier.cz\/en\/#\/schema\/logo\/image\/"}}]}},"_links":{"self":[{"href":"http:\/\/pm.dev-designatelier.cz\/en\/wp-json\/wp\/v2\/product\/2979"}],"collection":[{"href":"http:\/\/pm.dev-designatelier.cz\/en\/wp-json\/wp\/v2\/product"}],"about":[{"href":"http:\/\/pm.dev-designatelier.cz\/en\/wp-json\/wp\/v2\/types\/product"}],"replies":[{"embeddable":true,"href":"http:\/\/pm.dev-designatelier.cz\/en\/wp-json\/wp\/v2\/comments?post=2979"}],"version-history":[{"count":0,"href":"http:\/\/pm.dev-designatelier.cz\/en\/wp-json\/wp\/v2\/product\/2979\/revisions"}],"wp:featuredmedia":[{"embeddable":true,"href":"http:\/\/pm.dev-designatelier.cz\/en\/wp-json\/wp\/v2\/media\/3690"}],"wp:attachment":[{"href":"http:\/\/pm.dev-designatelier.cz\/en\/wp-json\/wp\/v2\/media?parent=2979"}],"wp:term":[{"taxonomy":"product_cat","embeddable":true,"href":"http:\/\/pm.dev-designatelier.cz\/en\/wp-json\/wp\/v2\/product_cat?post=2979"},{"taxonomy":"product_tag","embeddable":true,"href":"http:\/\/pm.dev-designatelier.cz\/en\/wp-json\/wp\/v2\/product_tag?post=2979"}],"curies":[{"name":"wp","href":"https:\/\/api.w.org\/{rel}","templated":true}]}}