{"id":2960,"date":"2021-11-24T20:21:51","date_gmt":"2021-11-24T19:28:27","guid":{"rendered":"http:\/\/pm.dev-designatelier.cz\/shop\/uncategorized\/cylindrical-wads-with-collar\/"},"modified":"2022-05-06T12:35:58","modified_gmt":"2022-05-06T10:35:58","slug":"cylindrical-wads-with-collar","status":"publish","type":"product","link":"http:\/\/pm.dev-designatelier.cz\/en\/products\/masking-for-hole\/premium-silicone-eu-en\/cylindrical-wads-with-collar\/","title":{"rendered":"CYLINDRICAL WADS WITH COLLAR"},"content":{"rendered":"<style type=\"text\/css\">\n.tableizer-table {font-family: Arial, Helvetica, sans-serif; font-size: 11px;}\n.tableizer-table td {padding: 3px 25px 3px 25px; border: 1px solid #fff; background-color: #ddd; color: #000; text-align: center;}\n.tableizer-table th {text-align:center;padding: 3px 25px 3px 25px; border: 1px solid #fff; background-color: #ebbc06; color: #fff; font-weight: bold;}\ntd:first-child {text-align: left; background-color: #ccc7c2; font-weight: bold;}\nth:first-child {text-align: left;}\n<\/style>\n<table class=\"tableizer-table\">\n<tr class=\"tableizer-firstrow\">\n<th>PART NO.<\/th>\n<th>A (mm)<\/th>\n<th>B (mm)<\/th>\n<th>C (mm)<\/th>\n<th>D (mm)<\/th>\n<th>E (mm)<\/th>\n<th>F (mm)<\/th>\n<th>G (mm)<\/th>\n<th>L (mm)<\/th>\n<\/tr>\n<tr>\n<td>B-1205-0001-00<\/td>\n<td>6.65<\/td>\n<td>11.0<\/td>\n<td>4.3<\/td>\n<td>4.0<\/td>\n<td>1.0<\/td>\n<td>&nbsp;<\/td>\n<td>&nbsp;<\/td>\n<td>6.0<\/td>\n<\/tr>\n<tr>\n<td>B-1205-0000-00<\/td>\n<td>6.65<\/td>\n<td>11.0<\/td>\n<td>4.3<\/td>\n<td>7.0<\/td>\n<td>1.0<\/td>\n<td>&nbsp;<\/td>\n<td>&nbsp;<\/td>\n<td>6.0<\/td>\n<\/tr>\n<tr>\n<td>B-0656-0001-00<\/td>\n<td>7.0<\/td>\n<td>11.0<\/td>\n<td>5.0<\/td>\n<td>11.0<\/td>\n<td>3.0<\/td>\n<td>&nbsp;<\/td>\n<td>&nbsp;<\/td>\n<td>5.0<\/td>\n<\/tr>\n<tr>\n<td>B-0656-0000-00<\/td>\n<td>7.0<\/td>\n<td>11.0<\/td>\n<td>5.0<\/td>\n<td>11.0<\/td>\n<td>3.0<\/td>\n<td>&nbsp;<\/td>\n<td>&nbsp;<\/td>\n<td>11.0<\/td>\n<\/tr>\n<tr>\n<td>B-0656-0003-00<\/td>\n<td>7.0<\/td>\n<td>11.0<\/td>\n<td>5.0<\/td>\n<td>16.0<\/td>\n<td>3.0<\/td>\n<td>&nbsp;<\/td>\n<td>&nbsp;<\/td>\n<td>11.0<\/td>\n<\/tr>\n<tr>\n<td>B-1012-0000-00<\/td>\n<td>8.0<\/td>\n<td>32.0<\/td>\n<td>5.0<\/td>\n<td>10.0<\/td>\n<td>3.0<\/td>\n<td>&nbsp;<\/td>\n<td>&nbsp;<\/td>\n<td>15.0<\/td>\n<\/tr>\n<tr>\n<td>B-0622-0000-00<\/td>\n<td>9.0<\/td>\n<td>12.0<\/td>\n<td>7.0<\/td>\n<td>11.0<\/td>\n<td>2.0<\/td>\n<td>&nbsp;<\/td>\n<td>&nbsp;<\/td>\n<td>11.0<\/td>\n<\/tr>\n<tr>\n<td>B-0622-0003-00<\/td>\n<td>9.0<\/td>\n<td>12.0<\/td>\n<td>7.0<\/td>\n<td>16.0<\/td>\n<td>2.0<\/td>\n<td>&nbsp;<\/td>\n<td>&nbsp;<\/td>\n<td>11.0<\/td>\n<\/tr>\n<tr>\n<td>B-0622-0002-00<\/td>\n<td>9.0<\/td>\n<td>12.0<\/td>\n<td>7.0<\/td>\n<td>11.0<\/td>\n<td>2.0<\/td>\n<td>&nbsp;<\/td>\n<td>&nbsp;<\/td>\n<td>16.0<\/td>\n<\/tr>\n<tr>\n<td>B-0622-0001-00<\/td>\n<td>9.0<\/td>\n<td>12.0<\/td>\n<td>7.0<\/td>\n<td>16.0<\/td>\n<td>2.0<\/td>\n<td>&nbsp;<\/td>\n<td>&nbsp;<\/td>\n<td>16.0<\/td>\n<\/tr>\n<tr>\n<td>B-0622-0004-00<\/td>\n<td>9.0<\/td>\n<td>12.0<\/td>\n<td>7.2<\/td>\n<td>11.0<\/td>\n<td>2.0<\/td>\n<td>&nbsp;<\/td>\n<td>&nbsp;<\/td>\n<td>11.0<\/td>\n<\/tr>\n<tr>\n<td>B-0660-0001-00<\/td>\n<td>9.3<\/td>\n<td>14.2<\/td>\n<td>5.0<\/td>\n<td>10.0<\/td>\n<td>2.0<\/td>\n<td>&nbsp;<\/td>\n<td>&nbsp;<\/td>\n<td>6.2<\/td>\n<\/tr>\n<tr>\n<td>B-1168-0000-00<\/td>\n<td>10.0<\/td>\n<td>18.0<\/td>\n<td>6.0<\/td>\n<td>14.5<\/td>\n<td>5.5<\/td>\n<td>&nbsp;<\/td>\n<td>&nbsp;<\/td>\n<td>8.0<\/td>\n<\/tr>\n<tr>\n<td>B-0657-0000-00<\/td>\n<td>11.0<\/td>\n<td>14.0<\/td>\n<td>9.0<\/td>\n<td>10.5<\/td>\n<td>2.5<\/td>\n<td>&nbsp;<\/td>\n<td>&nbsp;<\/td>\n<td>10.5<\/td>\n<\/tr>\n<tr>\n<td>B-0657-0002-00<\/td>\n<td>11.0<\/td>\n<td>14.0<\/td>\n<td>10.4<\/td>\n<td>5.0<\/td>\n<td>2.5<\/td>\n<td>&nbsp;<\/td>\n<td>&nbsp;<\/td>\n<td>10.5<\/td>\n<\/tr>\n<tr>\n<td>B-1193-0000-00<\/td>\n<td>11.3<\/td>\n<td>18.0<\/td>\n<td>6.0<\/td>\n<td>14.5<\/td>\n<td>5.5<\/td>\n<td>&nbsp;<\/td>\n<td>&nbsp;<\/td>\n<td>8.0<\/td>\n<\/tr>\n<tr>\n<td>B-1193-0001-00<\/td>\n<td>11.3<\/td>\n<td>18.0<\/td>\n<td>&nbsp;<\/td>\n<td>&nbsp;<\/td>\n<td>13.0<\/td>\n<td>&nbsp;<\/td>\n<td>&nbsp;<\/td>\n<td>8.0<\/td>\n<\/tr>\n<tr>\n<td>B-1108-0000-00<\/td>\n<td>11.8<\/td>\n<td>18.5<\/td>\n<td>8.0<\/td>\n<td>15.0<\/td>\n<td>3.0<\/td>\n<td>&nbsp;<\/td>\n<td>&nbsp;<\/td>\n<td>11.0<\/td>\n<\/tr>\n<tr>\n<td>B-1265-0000-00<\/td>\n<td>12.6<\/td>\n<td>20.0<\/td>\n<td>6.0<\/td>\n<td>14.0<\/td>\n<td>6.0<\/td>\n<td>&nbsp;<\/td>\n<td>&nbsp;<\/td>\n<td>8.0<\/td>\n<\/tr>\n<tr>\n<td>B-1867-0000-00<\/td>\n<td>13.2<\/td>\n<td>30.0<\/td>\n<td>8.0<\/td>\n<td>14.5<\/td>\n<td>3.0<\/td>\n<td>&nbsp;<\/td>\n<td>&nbsp;<\/td>\n<td>6.0<\/td>\n<\/tr>\n<tr>\n<td>B-1459-0000-00<\/td>\n<td>13.3<\/td>\n<td>30.0<\/td>\n<td>&nbsp;<\/td>\n<td>&nbsp;<\/td>\n<td>6.0<\/td>\n<td>&nbsp;<\/td>\n<td>&nbsp;<\/td>\n<td>3.0<\/td>\n<\/tr>\n<tr>\n<td>B-1441-0000-00<\/td>\n<td>14.4<\/td>\n<td>21.0<\/td>\n<td>8.0<\/td>\n<td>15.0<\/td>\n<td>2.5<\/td>\n<td>&nbsp;<\/td>\n<td>&nbsp;<\/td>\n<td>3.0<\/td>\n<\/tr>\n<tr>\n<td>B-2111-0000-00<\/td>\n<td>15.0<\/td>\n<td>26.0<\/td>\n<td>8.0<\/td>\n<td>14.0<\/td>\n<td>3.0<\/td>\n<td>8.0<\/td>\n<td>9.0<\/td>\n<td>10.0<\/td>\n<\/tr>\n<tr>\n<td>B-1612-0000-00<\/td>\n<td>16.2<\/td>\n<td>27.5<\/td>\n<td>8.0<\/td>\n<td>14.5<\/td>\n<td>2.5<\/td>\n<td>9.8<\/td>\n<td>10.0<\/td>\n<td>9.0<\/td>\n<\/tr>\n<tr>\n<td>B-1576-0000-00<\/td>\n<td>18.2<\/td>\n<td>20.0<\/td>\n<td>8.0<\/td>\n<td>8.0<\/td>\n<td>2.0<\/td>\n<td>14.0<\/td>\n<td>25.0<\/td>\n<td>25.0<\/td>\n<\/tr>\n<tr>\n<td>B-1458-0000-00<\/td>\n<td>20.3<\/td>\n<td>30.0<\/td>\n<td>&nbsp;<\/td>\n<td>&nbsp;<\/td>\n<td>6.0<\/td>\n<td>&nbsp;<\/td>\n<td>&nbsp;<\/td>\n<td>3.0<\/td>\n<\/tr>\n<tr>\n<td>B-1832-0000-00<\/td>\n<td>22.0<\/td>\n<td>30.0<\/td>\n<td>8.0<\/td>\n<td>16.0<\/td>\n<td>3.0<\/td>\n<td>12.0<\/td>\n<td>18.0<\/td>\n<td>16.0<\/td>\n<\/tr>\n<tr>\n<td>B-1541-0000-00<\/td>\n<td>23.2<\/td>\n<td>33.0<\/td>\n<td>8.0<\/td>\n<td>14.0<\/td>\n<td>3.0<\/td>\n<td>14.0<\/td>\n<td>10.0<\/td>\n<td>9.0<\/td>\n<\/tr>\n<tr>\n<td>B-1575-0000-00<\/td>\n<td>24.2<\/td>\n<td>26.5<\/td>\n<td>&nbsp;<\/td>\n<td>&nbsp;<\/td>\n<td>4.0<\/td>\n<td>20.5<\/td>\n<td>20.0<\/td>\n<td>20.0<\/td>\n<\/tr>\n<tr>\n<td>B-1063-0000-00<\/td>\n<td>24.3<\/td>\n<td>35.0<\/td>\n<td>&nbsp;<\/td>\n<td>&nbsp;<\/td>\n<td>15.0<\/td>\n<td>&nbsp;<\/td>\n<td>&nbsp;<\/td>\n<td>29.5<\/td>\n<\/tr>\n<tr>\n<td>B-1577-0000-00<\/td>\n<td>24.4<\/td>\n<td>40.0<\/td>\n<td>12.0<\/td>\n<td>15.0<\/td>\n<td>4.0<\/td>\n<td>18.0<\/td>\n<td>29.0<\/td>\n<td>28.0<\/td>\n<\/tr>\n<tr>\n<td>B-1833-0000-00<\/td>\n<td>24.7<\/td>\n<td>32.5<\/td>\n<td>8.0<\/td>\n<td>16.0<\/td>\n<td>3.0<\/td>\n<td>&nbsp;<\/td>\n<td>&nbsp;<\/td>\n<td>4.0<\/td>\n<\/tr>\n<tr>\n<td>B-2109-0000-00<\/td>\n<td>25.3<\/td>\n<td>36.0<\/td>\n<td>10.0<\/td>\n<td>14.0<\/td>\n<td>4.0<\/td>\n<td>16.0<\/td>\n<td>34.0<\/td>\n<td>34.0<\/td>\n<\/tr>\n<tr>\n<td>B-1614-0000-00<\/td>\n<td>25.9<\/td>\n<td>37.5<\/td>\n<td>8.0<\/td>\n<td>14.0<\/td>\n<td>3.0<\/td>\n<td>15.0<\/td>\n<td>10.0<\/td>\n<td>9.0<\/td>\n<\/tr>\n<tr>\n<td>B-1018-0002-00<\/td>\n<td>26.5<\/td>\n<td>33.0<\/td>\n<td>&nbsp;<\/td>\n<td>&nbsp;<\/td>\n<td>4.0<\/td>\n<td>21.0<\/td>\n<td>8.0<\/td>\n<td>6.0<\/td>\n<\/tr>\n<tr>\n<td>B-1018-0000-00<\/td>\n<td>27.0<\/td>\n<td>33.0<\/td>\n<td>&nbsp;<\/td>\n<td>&nbsp;<\/td>\n<td>4.0<\/td>\n<td>21.0<\/td>\n<td>15.0<\/td>\n<td>13.0<\/td>\n<\/tr>\n<tr>\n<td>B-0814-0000-00<\/td>\n<td>30.0<\/td>\n<td>42.0<\/td>\n<td>&nbsp;<\/td>\n<td>&nbsp;<\/td>\n<td>5.0<\/td>\n<td>&nbsp;<\/td>\n<td>&nbsp;<\/td>\n<td>15.0<\/td>\n<\/tr>\n<tr>\n<td>B-1062-0000-00<\/td>\n<td>30.5<\/td>\n<td>35.0<\/td>\n<td>&nbsp;<\/td>\n<td>&nbsp;<\/td>\n<td>15.0<\/td>\n<td>&nbsp;<\/td>\n<td>&nbsp;<\/td>\n<td>29.5<\/td>\n<\/tr>\n<tr>\n<td>B-0640-0001-00<\/td>\n<td>33.0<\/td>\n<td>39.0<\/td>\n<td>&nbsp;<\/td>\n<td>&nbsp;<\/td>\n<td>3.0<\/td>\n<td>22.5<\/td>\n<td>15.5<\/td>\n<td>15.5<\/td>\n<\/tr>\n<tr>\n<td>B-1019-0000-00<\/td>\n<td>33.0<\/td>\n<td>39.0<\/td>\n<td>&nbsp;<\/td>\n<td>&nbsp;<\/td>\n<td>3.0<\/td>\n<td>26.5<\/td>\n<td>15.0<\/td>\n<td>15.5<\/td>\n<\/tr>\n<tr>\n<td>B-1288-0000-00<\/td>\n<td>33.5<\/td>\n<td>46.0<\/td>\n<td>8.0<\/td>\n<td>15.0<\/td>\n<td>4.0<\/td>\n<td>1.5<\/td>\n<td>14.0<\/td>\n<td>8.0<\/td>\n<\/tr>\n<\/table>\n","protected":false},"excerpt":{"rendered":"<p>&bull; Material &#8211; SILICONE (made in CZ)<br \/>&bull;  Thermal load &#8211; 3 hrs&#8230;&#8230;.300&deg;C<br \/>&nbsp;&nbsp;&nbsp;&nbsp;&nbsp;&nbsp;&nbsp;&nbsp;&nbsp;&nbsp;&nbsp;&nbsp;&nbsp;&nbsp;&nbsp;&nbsp;&nbsp;&nbsp;&nbsp;&nbsp;&nbsp;&nbsp;&nbsp; &#8211; 30 min&#8230;&#8230;320&deg;C<br \/>&nbsp;&nbsp;&nbsp;&nbsp;&nbsp;&nbsp;&nbsp;&nbsp;&nbsp;&nbsp;&nbsp;&nbsp;&nbsp;&nbsp;&nbsp;&nbsp;&nbsp;&nbsp;&nbsp;&nbsp;&nbsp;&nbsp;&nbsp; &#8211; 10 min&#8230;&#8230;350&deg;C<br \/>&nbsp;&nbsp;&nbsp;&nbsp;&nbsp;&nbsp;&nbsp;&nbsp;&nbsp;&nbsp;&nbsp;&nbsp;&nbsp;&nbsp;&nbsp;&nbsp;&nbsp;&nbsp;&nbsp;&nbsp;&nbsp;&nbsp;&nbsp; ( No mechanical load all figures with out guarantee )<br \/>&bull; Suitable for masking holes threaded and unthreaded including contact surfaces<br \/>&bull; Easy application and removal<br \/>&bull; Re-usability<br \/>&bull; Suitable for powder coating, electroplating, anodizing, etc.<\/p>\n","protected":false},"featured_media":3645,"comment_status":"closed","ping_status":"closed","template":"","meta":[],"product_cat":[158,162],"product_tag":[],"yoast_head":"<!-- This site is optimized with the Yoast SEO plugin v21.6 - https:\/\/yoast.com\/wordpress\/plugins\/seo\/ -->\n<title>CYLINDRICAL WADS WITH COLLAR - V\u00e1lcov\u00e9 ucp\u00e1vky s l\u00edmcem - PRO MASK PRODUCTS s.r.o.<\/title>\n<meta name=\"description\" content=\"\u2022 Material - SILICONE (made in CZ)\u2022 Thermal load - 3 hrs.......300\u00b0C\u00a0\u00a0\u00a0\u00a0\u00a0\u00a0\u00a0\u00a0\u00a0\u00a0\u00a0\u00a0\u00a0\u00a0\u00a0\u00a0\u00a0\u00a0\u00a0\u00a0\u00a0\u00a0\u00a0 - 30 min......320\u00b0C\u00a0\u00a0\u00a0\u00a0\u00a0\u00a0\u00a0\u00a0\u00a0\u00a0\u00a0\u00a0\u00a0\u00a0\u00a0\u00a0\u00a0\u00a0\u00a0\u00a0\u00a0\u00a0\u00a0 - 10 min......350\u00b0C\u00a0\u00a0\u00a0\u00a0\u00a0\u00a0\u00a0\u00a0\u00a0\u00a0\u00a0\u00a0\u00a0\u00a0\u00a0\u00a0\u00a0\u00a0\u00a0\u00a0\u00a0\u00a0\u00a0 ( No mechanical load all figures with out guarantee )\u2022 Suitable for masking holes threaded and unthreaded including contact surfaces\u2022 Easy application and removal\u2022 Re-usability\u2022 Suitable for powder coating, electroplating, anodizing, etc.\" \/>\n<meta name=\"robots\" content=\"noindex, follow, max-snippet:-1, max-image-preview:large, max-video-preview:-1\" \/>\n<meta property=\"og:locale\" content=\"en_US\" \/>\n<meta property=\"og:type\" content=\"article\" \/>\n<meta property=\"og:title\" content=\"CYLINDRICAL WADS WITH COLLAR - V\u00e1lcov\u00e9 ucp\u00e1vky s l\u00edmcem - PRO MASK PRODUCTS s.r.o.\" \/>\n<meta property=\"og:description\" content=\"\u2022 Material - SILICONE (made in CZ)\u2022 Thermal load - 3 hrs.......300\u00b0C\u00a0\u00a0\u00a0\u00a0\u00a0\u00a0\u00a0\u00a0\u00a0\u00a0\u00a0\u00a0\u00a0\u00a0\u00a0\u00a0\u00a0\u00a0\u00a0\u00a0\u00a0\u00a0\u00a0 - 30 min......320\u00b0C\u00a0\u00a0\u00a0\u00a0\u00a0\u00a0\u00a0\u00a0\u00a0\u00a0\u00a0\u00a0\u00a0\u00a0\u00a0\u00a0\u00a0\u00a0\u00a0\u00a0\u00a0\u00a0\u00a0 - 10 min......350\u00b0C\u00a0\u00a0\u00a0\u00a0\u00a0\u00a0\u00a0\u00a0\u00a0\u00a0\u00a0\u00a0\u00a0\u00a0\u00a0\u00a0\u00a0\u00a0\u00a0\u00a0\u00a0\u00a0\u00a0 ( No mechanical load all figures with out guarantee )\u2022 Suitable for masking holes threaded and unthreaded including contact surfaces\u2022 Easy application and removal\u2022 Re-usability\u2022 Suitable for powder coating, electroplating, anodizing, etc.PRO MASK PRODUCTS s.r.o. - Maskovac\u00ed krytky, z\u00e1tky, p\u00e1sky, z\u00e1v\u011bsov\u00e1 technika - Silikonov\u00e9 v\u00e1lcov\u00e9 ucp\u00e1vky s l\u00edmcemP\u0159\u00edm\u00fd dovozce a zpracovatel maskovac\u00edch prost\u0159edk\u016f pro povrchov\u00e9 \u00fapravy.\" \/>\n<meta property=\"og:url\" content=\"http:\/\/pm.dev-designatelier.cz\/en\/products\/masking-for-hole\/premium-silicone-eu-en\/cylindrical-wads-with-collar\/\" \/>\n<meta property=\"og:site_name\" content=\"PRO MASK PRODUCTS s.r.o.\" \/>\n<meta property=\"article:modified_time\" content=\"2022-05-06T10:35:58+00:00\" \/>\n<meta property=\"og:image\" content=\"http:\/\/pm.dev-designatelier.cz\/wp-content\/uploads\/2021\/11\/VA\u0301LCOVE\u0301-UCPA\u0301VKY-S-LI\u0301MCEM_1.jpg\" \/>\n\t<meta property=\"og:image:width\" content=\"1129\" \/>\n\t<meta property=\"og:image:height\" content=\"1129\" \/>\n\t<meta property=\"og:image:type\" content=\"image\/jpeg\" \/>\n<meta name=\"twitter:card\" content=\"summary_large_image\" \/>\n<meta name=\"twitter:description\" content=\"\u2022 Material - SILICONE (made in CZ)\u2022 Thermal load - 3 hrs.......300\u00b0C\u00a0\u00a0\u00a0\u00a0\u00a0\u00a0\u00a0\u00a0\u00a0\u00a0\u00a0\u00a0\u00a0\u00a0\u00a0\u00a0\u00a0\u00a0\u00a0\u00a0\u00a0\u00a0\u00a0 - 30 min......320\u00b0C\u00a0\u00a0\u00a0\u00a0\u00a0\u00a0\u00a0\u00a0\u00a0\u00a0\u00a0\u00a0\u00a0\u00a0\u00a0\u00a0\u00a0\u00a0\u00a0\u00a0\u00a0\u00a0\u00a0 - 10 min......350\u00b0C\u00a0\u00a0\u00a0\u00a0\u00a0\u00a0\u00a0\u00a0\u00a0\u00a0\u00a0\u00a0\u00a0\u00a0\u00a0\u00a0\u00a0\u00a0\u00a0\u00a0\u00a0\u00a0\u00a0 ( No mechanical load all figures with out guarantee )\u2022 Suitable for masking holes threaded and unthreaded including contact surfaces\u2022 Easy application and removal\u2022 Re-usability\u2022 Suitable for powder coating, electroplating, anodizing, etc.PRO MASK PRODUCTS s.r.o. - Maskovac\u00ed krytky, z\u00e1tky, p\u00e1sky, z\u00e1v\u011bsov\u00e1 technika - Silikonov\u00e9 v\u00e1lcov\u00e9 ucp\u00e1vky s l\u00edmcemP\u0159\u00edm\u00fd dovozce a zpracovatel maskovac\u00edch prost\u0159edk\u016f pro povrchov\u00e9 \u00fapravy.\" \/>\n<meta name=\"twitter:label1\" content=\"Est. reading time\" \/>\n\t<meta name=\"twitter:data1\" content=\"1 minute\" \/>\n<script type=\"application\/ld+json\" class=\"yoast-schema-graph\">{\"@context\":\"https:\/\/schema.org\",\"@graph\":[{\"@type\":\"WebPage\",\"@id\":\"http:\/\/pm.dev-designatelier.cz\/en\/products\/masking-for-hole\/premium-silicone-eu-en\/cylindrical-wads-with-collar\/\",\"url\":\"http:\/\/pm.dev-designatelier.cz\/en\/products\/masking-for-hole\/premium-silicone-eu-en\/cylindrical-wads-with-collar\/\",\"name\":\"CYLINDRICAL WADS WITH COLLAR - V\u00e1lcov\u00e9 ucp\u00e1vky s l\u00edmcem - PRO MASK PRODUCTS s.r.o.\",\"isPartOf\":{\"@id\":\"http:\/\/pm.dev-designatelier.cz\/en\/#website\"},\"datePublished\":\"2021-11-24T19:28:27+00:00\",\"dateModified\":\"2022-05-06T10:35:58+00:00\",\"description\":\"\u2022 Material - SILICONE (made in CZ)\u2022 Thermal load - 3 hrs.......300\u00b0C\u00a0\u00a0\u00a0\u00a0\u00a0\u00a0\u00a0\u00a0\u00a0\u00a0\u00a0\u00a0\u00a0\u00a0\u00a0\u00a0\u00a0\u00a0\u00a0\u00a0\u00a0\u00a0\u00a0 - 30 min......320\u00b0C\u00a0\u00a0\u00a0\u00a0\u00a0\u00a0\u00a0\u00a0\u00a0\u00a0\u00a0\u00a0\u00a0\u00a0\u00a0\u00a0\u00a0\u00a0\u00a0\u00a0\u00a0\u00a0\u00a0 - 10 min......350\u00b0C\u00a0\u00a0\u00a0\u00a0\u00a0\u00a0\u00a0\u00a0\u00a0\u00a0\u00a0\u00a0\u00a0\u00a0\u00a0\u00a0\u00a0\u00a0\u00a0\u00a0\u00a0\u00a0\u00a0 ( No mechanical load all figures with out guarantee )\u2022 Suitable for masking holes threaded and unthreaded including contact surfaces\u2022 Easy application and removal\u2022 Re-usability\u2022 Suitable for powder coating, electroplating, anodizing, etc.\",\"breadcrumb\":{\"@id\":\"http:\/\/pm.dev-designatelier.cz\/en\/products\/masking-for-hole\/premium-silicone-eu-en\/cylindrical-wads-with-collar\/#breadcrumb\"},\"inLanguage\":\"en-US\",\"potentialAction\":[{\"@type\":\"ReadAction\",\"target\":[\"http:\/\/pm.dev-designatelier.cz\/en\/products\/masking-for-hole\/premium-silicone-eu-en\/cylindrical-wads-with-collar\/\"]}]},{\"@type\":\"BreadcrumbList\",\"@id\":\"http:\/\/pm.dev-designatelier.cz\/en\/products\/masking-for-hole\/premium-silicone-eu-en\/cylindrical-wads-with-collar\/#breadcrumb\",\"itemListElement\":[{\"@type\":\"ListItem\",\"position\":1,\"name\":\"Home\",\"item\":\"http:\/\/pm.dev-designatelier.cz\/en\/\"},{\"@type\":\"ListItem\",\"position\":2,\"name\":\"Shop\",\"item\":\"http:\/\/pm.dev-designatelier.cz\/en\/shop\/\"},{\"@type\":\"ListItem\",\"position\":3,\"name\":\"MASKING FOR HOLE\",\"item\":\"http:\/\/pm.dev-designatelier.cz\/en\/product-category\/masking-for-hole\/\"},{\"@type\":\"ListItem\",\"position\":4,\"name\":\"PREMIUM silicone (EU)\",\"item\":\"http:\/\/pm.dev-designatelier.cz\/en\/product-category\/masking-for-hole\/premium-silicone-eu-en\/\"},{\"@type\":\"ListItem\",\"position\":5,\"name\":\"CYLINDRICAL WADS WITH COLLAR\"}]},{\"@type\":\"WebSite\",\"@id\":\"http:\/\/pm.dev-designatelier.cz\/en\/#website\",\"url\":\"http:\/\/pm.dev-designatelier.cz\/en\/\",\"name\":\"PRO MASK PRODUCTS s.r.o.\",\"description\":\"\",\"publisher\":{\"@id\":\"http:\/\/pm.dev-designatelier.cz\/en\/#organization\"},\"potentialAction\":[{\"@type\":\"SearchAction\",\"target\":{\"@type\":\"EntryPoint\",\"urlTemplate\":\"http:\/\/pm.dev-designatelier.cz\/en\/?s={search_term_string}\"},\"query-input\":\"required name=search_term_string\"}],\"inLanguage\":\"en-US\"},{\"@type\":\"Organization\",\"@id\":\"http:\/\/pm.dev-designatelier.cz\/en\/#organization\",\"name\":\"Pro Mask Products s.r.o.\",\"url\":\"http:\/\/pm.dev-designatelier.cz\/en\/\",\"logo\":{\"@type\":\"ImageObject\",\"inLanguage\":\"en-US\",\"@id\":\"http:\/\/pm.dev-designatelier.cz\/en\/#\/schema\/logo\/image\/\",\"url\":\"http:\/\/pm.dev-designatelier.cz\/wp-content\/uploads\/2021\/12\/logo_PMP.png\",\"contentUrl\":\"http:\/\/pm.dev-designatelier.cz\/wp-content\/uploads\/2021\/12\/logo_PMP.png\",\"width\":264,\"height\":110,\"caption\":\"Pro Mask Products s.r.o.\"},\"image\":{\"@id\":\"http:\/\/pm.dev-designatelier.cz\/en\/#\/schema\/logo\/image\/\"}}]}<\/script>\n<!-- \/ Yoast SEO plugin. -->","yoast_head_json":{"title":"CYLINDRICAL WADS WITH COLLAR - V\u00e1lcov\u00e9 ucp\u00e1vky s l\u00edmcem - PRO MASK PRODUCTS s.r.o.","description":"\u2022 Material - SILICONE (made in CZ)\u2022 Thermal load - 3 hrs.......300\u00b0C\u00a0\u00a0\u00a0\u00a0\u00a0\u00a0\u00a0\u00a0\u00a0\u00a0\u00a0\u00a0\u00a0\u00a0\u00a0\u00a0\u00a0\u00a0\u00a0\u00a0\u00a0\u00a0\u00a0 - 30 min......320\u00b0C\u00a0\u00a0\u00a0\u00a0\u00a0\u00a0\u00a0\u00a0\u00a0\u00a0\u00a0\u00a0\u00a0\u00a0\u00a0\u00a0\u00a0\u00a0\u00a0\u00a0\u00a0\u00a0\u00a0 - 10 min......350\u00b0C\u00a0\u00a0\u00a0\u00a0\u00a0\u00a0\u00a0\u00a0\u00a0\u00a0\u00a0\u00a0\u00a0\u00a0\u00a0\u00a0\u00a0\u00a0\u00a0\u00a0\u00a0\u00a0\u00a0 ( No mechanical load all figures with out guarantee )\u2022 Suitable for masking holes threaded and unthreaded including contact surfaces\u2022 Easy application and removal\u2022 Re-usability\u2022 Suitable for powder coating, electroplating, anodizing, etc.","robots":{"index":"noindex","follow":"follow","max-snippet":"max-snippet:-1","max-image-preview":"max-image-preview:large","max-video-preview":"max-video-preview:-1"},"og_locale":"en_US","og_type":"article","og_title":"CYLINDRICAL WADS WITH COLLAR - V\u00e1lcov\u00e9 ucp\u00e1vky s l\u00edmcem - PRO MASK PRODUCTS s.r.o.","og_description":"\u2022 Material - SILICONE (made in CZ)\u2022 Thermal load - 3 hrs.......300\u00b0C\u00a0\u00a0\u00a0\u00a0\u00a0\u00a0\u00a0\u00a0\u00a0\u00a0\u00a0\u00a0\u00a0\u00a0\u00a0\u00a0\u00a0\u00a0\u00a0\u00a0\u00a0\u00a0\u00a0 - 30 min......320\u00b0C\u00a0\u00a0\u00a0\u00a0\u00a0\u00a0\u00a0\u00a0\u00a0\u00a0\u00a0\u00a0\u00a0\u00a0\u00a0\u00a0\u00a0\u00a0\u00a0\u00a0\u00a0\u00a0\u00a0 - 10 min......350\u00b0C\u00a0\u00a0\u00a0\u00a0\u00a0\u00a0\u00a0\u00a0\u00a0\u00a0\u00a0\u00a0\u00a0\u00a0\u00a0\u00a0\u00a0\u00a0\u00a0\u00a0\u00a0\u00a0\u00a0 ( No mechanical load all figures with out guarantee )\u2022 Suitable for masking holes threaded and unthreaded including contact surfaces\u2022 Easy application and removal\u2022 Re-usability\u2022 Suitable for powder coating, electroplating, anodizing, etc.PRO MASK PRODUCTS s.r.o. - Maskovac\u00ed krytky, z\u00e1tky, p\u00e1sky, z\u00e1v\u011bsov\u00e1 technika - Silikonov\u00e9 v\u00e1lcov\u00e9 ucp\u00e1vky s l\u00edmcemP\u0159\u00edm\u00fd dovozce a zpracovatel maskovac\u00edch prost\u0159edk\u016f pro povrchov\u00e9 \u00fapravy.","og_url":"http:\/\/pm.dev-designatelier.cz\/en\/products\/masking-for-hole\/premium-silicone-eu-en\/cylindrical-wads-with-collar\/","og_site_name":"PRO MASK PRODUCTS s.r.o.","article_modified_time":"2022-05-06T10:35:58+00:00","og_image":[{"width":1129,"height":1129,"url":"http:\/\/pm.dev-designatelier.cz\/wp-content\/uploads\/2021\/11\/VA\u0301LCOVE\u0301-UCPA\u0301VKY-S-LI\u0301MCEM_1.jpg","type":"image\/jpeg"}],"twitter_card":"summary_large_image","twitter_description":"\u2022 Material - SILICONE (made in CZ)\u2022 Thermal load - 3 hrs.......300\u00b0C\u00a0\u00a0\u00a0\u00a0\u00a0\u00a0\u00a0\u00a0\u00a0\u00a0\u00a0\u00a0\u00a0\u00a0\u00a0\u00a0\u00a0\u00a0\u00a0\u00a0\u00a0\u00a0\u00a0 - 30 min......320\u00b0C\u00a0\u00a0\u00a0\u00a0\u00a0\u00a0\u00a0\u00a0\u00a0\u00a0\u00a0\u00a0\u00a0\u00a0\u00a0\u00a0\u00a0\u00a0\u00a0\u00a0\u00a0\u00a0\u00a0 - 10 min......350\u00b0C\u00a0\u00a0\u00a0\u00a0\u00a0\u00a0\u00a0\u00a0\u00a0\u00a0\u00a0\u00a0\u00a0\u00a0\u00a0\u00a0\u00a0\u00a0\u00a0\u00a0\u00a0\u00a0\u00a0 ( No mechanical load all figures with out guarantee )\u2022 Suitable for masking holes threaded and unthreaded including contact surfaces\u2022 Easy application and removal\u2022 Re-usability\u2022 Suitable for powder coating, electroplating, anodizing, etc.PRO MASK PRODUCTS s.r.o. - Maskovac\u00ed krytky, z\u00e1tky, p\u00e1sky, z\u00e1v\u011bsov\u00e1 technika - Silikonov\u00e9 v\u00e1lcov\u00e9 ucp\u00e1vky s l\u00edmcemP\u0159\u00edm\u00fd dovozce a zpracovatel maskovac\u00edch prost\u0159edk\u016f pro povrchov\u00e9 \u00fapravy.","twitter_misc":{"Est. reading time":"1 minute"},"schema":{"@context":"https:\/\/schema.org","@graph":[{"@type":"WebPage","@id":"http:\/\/pm.dev-designatelier.cz\/en\/products\/masking-for-hole\/premium-silicone-eu-en\/cylindrical-wads-with-collar\/","url":"http:\/\/pm.dev-designatelier.cz\/en\/products\/masking-for-hole\/premium-silicone-eu-en\/cylindrical-wads-with-collar\/","name":"CYLINDRICAL WADS WITH COLLAR - V\u00e1lcov\u00e9 ucp\u00e1vky s l\u00edmcem - PRO MASK PRODUCTS s.r.o.","isPartOf":{"@id":"http:\/\/pm.dev-designatelier.cz\/en\/#website"},"datePublished":"2021-11-24T19:28:27+00:00","dateModified":"2022-05-06T10:35:58+00:00","description":"\u2022 Material - SILICONE (made in CZ)\u2022 Thermal load - 3 hrs.......300\u00b0C\u00a0\u00a0\u00a0\u00a0\u00a0\u00a0\u00a0\u00a0\u00a0\u00a0\u00a0\u00a0\u00a0\u00a0\u00a0\u00a0\u00a0\u00a0\u00a0\u00a0\u00a0\u00a0\u00a0 - 30 min......320\u00b0C\u00a0\u00a0\u00a0\u00a0\u00a0\u00a0\u00a0\u00a0\u00a0\u00a0\u00a0\u00a0\u00a0\u00a0\u00a0\u00a0\u00a0\u00a0\u00a0\u00a0\u00a0\u00a0\u00a0 - 10 min......350\u00b0C\u00a0\u00a0\u00a0\u00a0\u00a0\u00a0\u00a0\u00a0\u00a0\u00a0\u00a0\u00a0\u00a0\u00a0\u00a0\u00a0\u00a0\u00a0\u00a0\u00a0\u00a0\u00a0\u00a0 ( No mechanical load all figures with out guarantee )\u2022 Suitable for masking holes threaded and unthreaded including contact surfaces\u2022 Easy application and removal\u2022 Re-usability\u2022 Suitable for powder coating, electroplating, anodizing, etc.","breadcrumb":{"@id":"http:\/\/pm.dev-designatelier.cz\/en\/products\/masking-for-hole\/premium-silicone-eu-en\/cylindrical-wads-with-collar\/#breadcrumb"},"inLanguage":"en-US","potentialAction":[{"@type":"ReadAction","target":["http:\/\/pm.dev-designatelier.cz\/en\/products\/masking-for-hole\/premium-silicone-eu-en\/cylindrical-wads-with-collar\/"]}]},{"@type":"BreadcrumbList","@id":"http:\/\/pm.dev-designatelier.cz\/en\/products\/masking-for-hole\/premium-silicone-eu-en\/cylindrical-wads-with-collar\/#breadcrumb","itemListElement":[{"@type":"ListItem","position":1,"name":"Home","item":"http:\/\/pm.dev-designatelier.cz\/en\/"},{"@type":"ListItem","position":2,"name":"Shop","item":"http:\/\/pm.dev-designatelier.cz\/en\/shop\/"},{"@type":"ListItem","position":3,"name":"MASKING FOR HOLE","item":"http:\/\/pm.dev-designatelier.cz\/en\/product-category\/masking-for-hole\/"},{"@type":"ListItem","position":4,"name":"PREMIUM silicone (EU)","item":"http:\/\/pm.dev-designatelier.cz\/en\/product-category\/masking-for-hole\/premium-silicone-eu-en\/"},{"@type":"ListItem","position":5,"name":"CYLINDRICAL WADS WITH COLLAR"}]},{"@type":"WebSite","@id":"http:\/\/pm.dev-designatelier.cz\/en\/#website","url":"http:\/\/pm.dev-designatelier.cz\/en\/","name":"PRO MASK PRODUCTS s.r.o.","description":"","publisher":{"@id":"http:\/\/pm.dev-designatelier.cz\/en\/#organization"},"potentialAction":[{"@type":"SearchAction","target":{"@type":"EntryPoint","urlTemplate":"http:\/\/pm.dev-designatelier.cz\/en\/?s={search_term_string}"},"query-input":"required name=search_term_string"}],"inLanguage":"en-US"},{"@type":"Organization","@id":"http:\/\/pm.dev-designatelier.cz\/en\/#organization","name":"Pro Mask Products s.r.o.","url":"http:\/\/pm.dev-designatelier.cz\/en\/","logo":{"@type":"ImageObject","inLanguage":"en-US","@id":"http:\/\/pm.dev-designatelier.cz\/en\/#\/schema\/logo\/image\/","url":"http:\/\/pm.dev-designatelier.cz\/wp-content\/uploads\/2021\/12\/logo_PMP.png","contentUrl":"http:\/\/pm.dev-designatelier.cz\/wp-content\/uploads\/2021\/12\/logo_PMP.png","width":264,"height":110,"caption":"Pro Mask Products s.r.o."},"image":{"@id":"http:\/\/pm.dev-designatelier.cz\/en\/#\/schema\/logo\/image\/"}}]}},"_links":{"self":[{"href":"http:\/\/pm.dev-designatelier.cz\/en\/wp-json\/wp\/v2\/product\/2960"}],"collection":[{"href":"http:\/\/pm.dev-designatelier.cz\/en\/wp-json\/wp\/v2\/product"}],"about":[{"href":"http:\/\/pm.dev-designatelier.cz\/en\/wp-json\/wp\/v2\/types\/product"}],"replies":[{"embeddable":true,"href":"http:\/\/pm.dev-designatelier.cz\/en\/wp-json\/wp\/v2\/comments?post=2960"}],"version-history":[{"count":0,"href":"http:\/\/pm.dev-designatelier.cz\/en\/wp-json\/wp\/v2\/product\/2960\/revisions"}],"wp:featuredmedia":[{"embeddable":true,"href":"http:\/\/pm.dev-designatelier.cz\/en\/wp-json\/wp\/v2\/media\/3645"}],"wp:attachment":[{"href":"http:\/\/pm.dev-designatelier.cz\/en\/wp-json\/wp\/v2\/media?parent=2960"}],"wp:term":[{"taxonomy":"product_cat","embeddable":true,"href":"http:\/\/pm.dev-designatelier.cz\/en\/wp-json\/wp\/v2\/product_cat?post=2960"},{"taxonomy":"product_tag","embeddable":true,"href":"http:\/\/pm.dev-designatelier.cz\/en\/wp-json\/wp\/v2\/product_tag?post=2960"}],"curies":[{"name":"wp","href":"https:\/\/api.w.org\/{rel}","templated":true}]}}