{"id":2956,"date":"2021-11-24T20:21:43","date_gmt":"2021-11-24T19:28:20","guid":{"rendered":"http:\/\/pm.dev-designatelier.cz\/shop\/uncategorized\/conic-wads-with-handle\/"},"modified":"2022-05-06T12:35:51","modified_gmt":"2022-05-06T10:35:51","slug":"conic-wads-with-handle","status":"publish","type":"product","link":"http:\/\/pm.dev-designatelier.cz\/en\/products\/masking-for-hole\/premium-silicone-eu-en\/conic-wads-with-handle\/","title":{"rendered":"CONIC WADS WITH HANDLE"},"content":{"rendered":"<style type=\"text\/css\">\n.tableizer-table {font-family: Arial, Helvetica, sans-serif; font-size: 11px;}\n.tableizer-table td {padding: 3px 25px 3px 25px; border: 1px solid #fff; background-color: #ddd; color: #000; text-align: center;}\n.tableizer-table th {text-align:center;padding: 3px 25px 3px 25px; border: 1px solid #fff; background-color: #ebbc06; color: #fff; font-weight: bold;}\ntd:first-child {text-align: left; background-color: #ccc7c2; font-weight: bold;}\nth:first-child {text-align: left;}\n<\/style>\n<table class=\"tableizer-table\">\n<tr class=\"tableizer-firstrow\">\n<th>PART NO.<\/th>\n<th>A (mm)<\/th>\n<th>B (mm)<\/th>\n<th>C (mm)<\/th>\n<th>D (mm)<\/th>\n<th>L (mm)<\/th>\n<\/tr>\n<tr>\n<td>B-0912-0000-00<\/td>\n<td>8.5<\/td>\n<td>9.5<\/td>\n<td>5.0<\/td>\n<td>15.0<\/td>\n<td>15.0<\/td>\n<\/tr>\n<tr>\n<td>B-2079-0000-00<\/td>\n<td>9.5<\/td>\n<td>10.5<\/td>\n<td>5.0<\/td>\n<td>14.0<\/td>\n<td>14.5<\/td>\n<\/tr>\n<tr>\n<td>B-0913-0000-00<\/td>\n<td>11.7<\/td>\n<td>12.3<\/td>\n<td>5.0<\/td>\n<td>15.0<\/td>\n<td>15.0<\/td>\n<\/tr>\n<tr>\n<td>B-0474-0004-00<\/td>\n<td>12.0<\/td>\n<td>18.0<\/td>\n<td>6.0<\/td>\n<td>14.0<\/td>\n<td>25.0<\/td>\n<\/tr>\n<tr>\n<td>B-2080-0000-00<\/td>\n<td>14.5<\/td>\n<td>15.5<\/td>\n<td>5.0<\/td>\n<td>14.0<\/td>\n<td>14.5<\/td>\n<\/tr>\n<tr>\n<td>B-0914-0000-00<\/td>\n<td>15.2<\/td>\n<td>15.9<\/td>\n<td>5.0<\/td>\n<td>15.0<\/td>\n<td>15.0<\/td>\n<\/tr>\n<tr>\n<td>B-2096-0000-00<\/td>\n<td>16.5<\/td>\n<td>17.5<\/td>\n<td>6.0<\/td>\n<td>14.0<\/td>\n<td>14.5<\/td>\n<\/tr>\n<tr>\n<td>B-0915-0000-00<\/td>\n<td>18.5<\/td>\n<td>19.5<\/td>\n<td>5.0<\/td>\n<td>15.0<\/td>\n<td>15.0<\/td>\n<\/tr>\n<tr>\n<td>B-0779-0001-00<\/td>\n<td>20.0<\/td>\n<td>32.0<\/td>\n<td>10.0<\/td>\n<td>15.0<\/td>\n<td>25.0<\/td>\n<\/tr>\n<tr>\n<td>B-0720-0001-00<\/td>\n<td>21.5<\/td>\n<td>29.0<\/td>\n<td>8.7<\/td>\n<td>25.0<\/td>\n<td>15.0<\/td>\n<\/tr>\n<tr>\n<td>B-0720-0000-00<\/td>\n<td>21.5<\/td>\n<td>29.0<\/td>\n<td>9.0<\/td>\n<td>25.0<\/td>\n<td>15.0<\/td>\n<\/tr>\n<tr>\n<td>B-0916-0000-00<\/td>\n<td>23.5<\/td>\n<td>24.5<\/td>\n<td>5.0<\/td>\n<td>15.0<\/td>\n<td>15.0<\/td>\n<\/tr>\n<tr>\n<td>B-0482-0000-00<\/td>\n<td>27.6<\/td>\n<td>28.3<\/td>\n<td>10.0<\/td>\n<td>15.0<\/td>\n<td>14.0<\/td>\n<\/tr>\n<tr>\n<td>B-0482-0001-00<\/td>\n<td>27.6<\/td>\n<td>28.3<\/td>\n<td>10.0<\/td>\n<td>20.0<\/td>\n<td>14.0<\/td>\n<\/tr>\n<tr>\n<td>B-0763-0002-00<\/td>\n<td>31.5<\/td>\n<td>33.0<\/td>\n<td>15.0<\/td>\n<td>30.0<\/td>\n<td>34.0<\/td>\n<\/tr>\n<tr>\n<td>B-0763-0000-00<\/td>\n<td>31.5<\/td>\n<td>34.8<\/td>\n<td>15.0<\/td>\n<td>30.0<\/td>\n<td>63.0<\/td>\n<\/tr>\n<tr>\n<td>B-0763-0001-00<\/td>\n<td>33.0<\/td>\n<td>34.8<\/td>\n<td>15.0<\/td>\n<td>30.0<\/td>\n<td>29.0<\/td>\n<\/tr>\n<tr>\n<td>B-1298-0000-00<\/td>\n<td>33.0<\/td>\n<td>36.0<\/td>\n<td>14.0<\/td>\n<td>15.0<\/td>\n<td>15.0<\/td>\n<\/tr>\n<tr>\n<td>B-1299-0000-00<\/td>\n<td>38.0<\/td>\n<td>42.0<\/td>\n<td>14.0<\/td>\n<td>15.0<\/td>\n<td>20.0<\/td>\n<\/tr>\n<tr>\n<td>B-1424-0000-00<\/td>\n<td>39.0<\/td>\n<td>41.0<\/td>\n<td>14.0<\/td>\n<td>15.0<\/td>\n<td>15.0<\/td>\n<\/tr>\n<\/table>\n","protected":false},"excerpt":{"rendered":"<p>&bull; Material &#8211; SILICONE (made in CZ)<br \/>&bull;  Thermal load &#8211; 3 hrs&#8230;&#8230;.300&deg;C<br \/>&nbsp;&nbsp;&nbsp;&nbsp;&nbsp;&nbsp;&nbsp;&nbsp;&nbsp;&nbsp;&nbsp;&nbsp;&nbsp;&nbsp;&nbsp;&nbsp;&nbsp;&nbsp;&nbsp;&nbsp;&nbsp;&nbsp;&nbsp; &#8211; 30 min&#8230;&#8230;320&deg;C<br \/>&nbsp;&nbsp;&nbsp;&nbsp;&nbsp;&nbsp;&nbsp;&nbsp;&nbsp;&nbsp;&nbsp;&nbsp;&nbsp;&nbsp;&nbsp;&nbsp;&nbsp;&nbsp;&nbsp;&nbsp;&nbsp;&nbsp;&nbsp; &#8211; 10 min&#8230;&#8230;350&deg;C<br \/>&nbsp;&nbsp;&nbsp;&nbsp;&nbsp;&nbsp;&nbsp;&nbsp;&nbsp;&nbsp;&nbsp;&nbsp;&nbsp;&nbsp;&nbsp;&nbsp;&nbsp;&nbsp;&nbsp;&nbsp;&nbsp;&nbsp;&nbsp; ( No mechanical load all figures with out guarantee )<br \/>&bull; Suitable for covering external threads, pins, through and blind holes, etc.<br \/>&bull; Easy application and removal<br \/>&bull; Re-usability<br \/>&bull; Suitable for powder coating, electroplating, anodizing, etc.<\/p>\n","protected":false},"featured_media":3615,"comment_status":"closed","ping_status":"closed","template":"","meta":[],"product_cat":[158,162],"product_tag":[],"yoast_head":"<!-- This site is optimized with the Yoast SEO plugin v21.6 - https:\/\/yoast.com\/wordpress\/plugins\/seo\/ -->\n<title>CONIC WADS WITH HANDLE - Silikonov\u00e9 ku\u017eelov\u00e9 ucp\u00e1vky se stopkou - PRO MASK PRODUCTS s.r.o.<\/title>\n<meta name=\"description\" content=\"\u2022 Material - SILICONE (made in CZ)\u2022 Thermal load - 3 hrs.......300\u00b0C\u00a0\u00a0\u00a0\u00a0\u00a0\u00a0\u00a0\u00a0\u00a0\u00a0\u00a0\u00a0\u00a0\u00a0\u00a0\u00a0\u00a0\u00a0\u00a0\u00a0\u00a0\u00a0\u00a0 - 30 min......320\u00b0C\u00a0\u00a0\u00a0\u00a0\u00a0\u00a0\u00a0\u00a0\u00a0\u00a0\u00a0\u00a0\u00a0\u00a0\u00a0\u00a0\u00a0\u00a0\u00a0\u00a0\u00a0\u00a0\u00a0 - 10 min......350\u00b0C\u00a0\u00a0\u00a0\u00a0\u00a0\u00a0\u00a0\u00a0\u00a0\u00a0\u00a0\u00a0\u00a0\u00a0\u00a0\u00a0\u00a0\u00a0\u00a0\u00a0\u00a0\u00a0\u00a0 ( No mechanical load all figures with out guarantee )\u2022 Suitable for covering external threads, pins, through and blind holes, etc.\u2022 Easy application and removal\u2022 Re-usability\u2022 Suitable for powder coating, electroplating, anodizing, etc.\" \/>\n<meta name=\"robots\" content=\"noindex, follow, max-snippet:-1, max-image-preview:large, max-video-preview:-1\" \/>\n<meta property=\"og:locale\" content=\"en_US\" \/>\n<meta property=\"og:type\" content=\"article\" \/>\n<meta property=\"og:title\" content=\"CONIC WADS WITH HANDLE - Silikonov\u00e9 ku\u017eelov\u00e9 ucp\u00e1vky se stopkou - PRO MASK PRODUCTS s.r.o.\" \/>\n<meta property=\"og:description\" content=\"\u2022 Material - SILICONE (made in CZ)\u2022 Thermal load - 3 hrs.......300\u00b0C\u00a0\u00a0\u00a0\u00a0\u00a0\u00a0\u00a0\u00a0\u00a0\u00a0\u00a0\u00a0\u00a0\u00a0\u00a0\u00a0\u00a0\u00a0\u00a0\u00a0\u00a0\u00a0\u00a0 - 30 min......320\u00b0C\u00a0\u00a0\u00a0\u00a0\u00a0\u00a0\u00a0\u00a0\u00a0\u00a0\u00a0\u00a0\u00a0\u00a0\u00a0\u00a0\u00a0\u00a0\u00a0\u00a0\u00a0\u00a0\u00a0 - 10 min......350\u00b0C\u00a0\u00a0\u00a0\u00a0\u00a0\u00a0\u00a0\u00a0\u00a0\u00a0\u00a0\u00a0\u00a0\u00a0\u00a0\u00a0\u00a0\u00a0\u00a0\u00a0\u00a0\u00a0\u00a0 ( No mechanical load all figures with out guarantee )\u2022 Suitable for covering external threads, pins, through and blind holes, etc.\u2022 Easy application and removal\u2022 Re-usability\u2022 Suitable for powder coating, electroplating, anodizing, etc.PRO MASK PRODUCTS s.r.o. - Maskovac\u00ed krytky, z\u00e1tky, p\u00e1sky, z\u00e1v\u011bsov\u00e1 technika - ku\u017eelov\u00e9 ucp\u00e1vky se stopkouP\u0159\u00edm\u00fd dovozce a zpracovatel maskovac\u00edch prost\u0159edk\u016f pro povrchov\u00e9 \u00fapravy.\" \/>\n<meta property=\"og:url\" content=\"http:\/\/pm.dev-designatelier.cz\/en\/products\/masking-for-hole\/premium-silicone-eu-en\/conic-wads-with-handle\/\" \/>\n<meta property=\"og:site_name\" content=\"PRO MASK PRODUCTS s.r.o.\" \/>\n<meta property=\"article:modified_time\" content=\"2022-05-06T10:35:51+00:00\" \/>\n<meta property=\"og:image\" content=\"http:\/\/pm.dev-designatelier.cz\/wp-content\/uploads\/2021\/11\/KUZ\u030cELOVE\u0301-UCPA\u0301VKY-SE-STOPKOU_1.jpg\" \/>\n\t<meta property=\"og:image:width\" content=\"915\" \/>\n\t<meta property=\"og:image:height\" content=\"915\" \/>\n\t<meta property=\"og:image:type\" content=\"image\/jpeg\" \/>\n<meta name=\"twitter:card\" content=\"summary_large_image\" \/>\n<meta name=\"twitter:description\" content=\"\u2022 Material - SILICONE (made in CZ)\u2022 Thermal load - 3 hrs.......300\u00b0C\u00a0\u00a0\u00a0\u00a0\u00a0\u00a0\u00a0\u00a0\u00a0\u00a0\u00a0\u00a0\u00a0\u00a0\u00a0\u00a0\u00a0\u00a0\u00a0\u00a0\u00a0\u00a0\u00a0 - 30 min......320\u00b0C\u00a0\u00a0\u00a0\u00a0\u00a0\u00a0\u00a0\u00a0\u00a0\u00a0\u00a0\u00a0\u00a0\u00a0\u00a0\u00a0\u00a0\u00a0\u00a0\u00a0\u00a0\u00a0\u00a0 - 10 min......350\u00b0C\u00a0\u00a0\u00a0\u00a0\u00a0\u00a0\u00a0\u00a0\u00a0\u00a0\u00a0\u00a0\u00a0\u00a0\u00a0\u00a0\u00a0\u00a0\u00a0\u00a0\u00a0\u00a0\u00a0 ( No mechanical load all figures with out guarantee )\u2022 Suitable for covering external threads, pins, through and blind holes, etc.\u2022 Easy application and removal\u2022 Re-usability\u2022 Suitable for powder coating, electroplating, anodizing, etc.PRO MASK PRODUCTS s.r.o. - Maskovac\u00ed krytky, z\u00e1tky, p\u00e1sky, z\u00e1v\u011bsov\u00e1 technika - ku\u017eelov\u00e9 ucp\u00e1vky se stopkouP\u0159\u00edm\u00fd dovozce a zpracovatel maskovac\u00edch prost\u0159edk\u016f pro povrchov\u00e9 \u00fapravy.\" \/>\n<script type=\"application\/ld+json\" class=\"yoast-schema-graph\">{\"@context\":\"https:\/\/schema.org\",\"@graph\":[{\"@type\":\"WebPage\",\"@id\":\"http:\/\/pm.dev-designatelier.cz\/en\/products\/masking-for-hole\/premium-silicone-eu-en\/conic-wads-with-handle\/\",\"url\":\"http:\/\/pm.dev-designatelier.cz\/en\/products\/masking-for-hole\/premium-silicone-eu-en\/conic-wads-with-handle\/\",\"name\":\"CONIC WADS WITH HANDLE - Silikonov\u00e9 ku\u017eelov\u00e9 ucp\u00e1vky se stopkou - PRO MASK PRODUCTS s.r.o.\",\"isPartOf\":{\"@id\":\"http:\/\/pm.dev-designatelier.cz\/en\/#website\"},\"datePublished\":\"2021-11-24T19:28:20+00:00\",\"dateModified\":\"2022-05-06T10:35:51+00:00\",\"description\":\"\u2022 Material - SILICONE (made in CZ)\u2022 Thermal load - 3 hrs.......300\u00b0C\u00a0\u00a0\u00a0\u00a0\u00a0\u00a0\u00a0\u00a0\u00a0\u00a0\u00a0\u00a0\u00a0\u00a0\u00a0\u00a0\u00a0\u00a0\u00a0\u00a0\u00a0\u00a0\u00a0 - 30 min......320\u00b0C\u00a0\u00a0\u00a0\u00a0\u00a0\u00a0\u00a0\u00a0\u00a0\u00a0\u00a0\u00a0\u00a0\u00a0\u00a0\u00a0\u00a0\u00a0\u00a0\u00a0\u00a0\u00a0\u00a0 - 10 min......350\u00b0C\u00a0\u00a0\u00a0\u00a0\u00a0\u00a0\u00a0\u00a0\u00a0\u00a0\u00a0\u00a0\u00a0\u00a0\u00a0\u00a0\u00a0\u00a0\u00a0\u00a0\u00a0\u00a0\u00a0 ( No mechanical load all figures with out guarantee )\u2022 Suitable for covering external threads, pins, through and blind holes, etc.\u2022 Easy application and removal\u2022 Re-usability\u2022 Suitable for powder coating, electroplating, anodizing, etc.\",\"breadcrumb\":{\"@id\":\"http:\/\/pm.dev-designatelier.cz\/en\/products\/masking-for-hole\/premium-silicone-eu-en\/conic-wads-with-handle\/#breadcrumb\"},\"inLanguage\":\"en-US\",\"potentialAction\":[{\"@type\":\"ReadAction\",\"target\":[\"http:\/\/pm.dev-designatelier.cz\/en\/products\/masking-for-hole\/premium-silicone-eu-en\/conic-wads-with-handle\/\"]}]},{\"@type\":\"BreadcrumbList\",\"@id\":\"http:\/\/pm.dev-designatelier.cz\/en\/products\/masking-for-hole\/premium-silicone-eu-en\/conic-wads-with-handle\/#breadcrumb\",\"itemListElement\":[{\"@type\":\"ListItem\",\"position\":1,\"name\":\"Home\",\"item\":\"http:\/\/pm.dev-designatelier.cz\/en\/\"},{\"@type\":\"ListItem\",\"position\":2,\"name\":\"Shop\",\"item\":\"http:\/\/pm.dev-designatelier.cz\/en\/shop\/\"},{\"@type\":\"ListItem\",\"position\":3,\"name\":\"MASKING FOR HOLE\",\"item\":\"http:\/\/pm.dev-designatelier.cz\/en\/product-category\/masking-for-hole\/\"},{\"@type\":\"ListItem\",\"position\":4,\"name\":\"PREMIUM silicone (EU)\",\"item\":\"http:\/\/pm.dev-designatelier.cz\/en\/product-category\/masking-for-hole\/premium-silicone-eu-en\/\"},{\"@type\":\"ListItem\",\"position\":5,\"name\":\"CONIC WADS WITH HANDLE\"}]},{\"@type\":\"WebSite\",\"@id\":\"http:\/\/pm.dev-designatelier.cz\/en\/#website\",\"url\":\"http:\/\/pm.dev-designatelier.cz\/en\/\",\"name\":\"PRO MASK PRODUCTS s.r.o.\",\"description\":\"\",\"publisher\":{\"@id\":\"http:\/\/pm.dev-designatelier.cz\/en\/#organization\"},\"potentialAction\":[{\"@type\":\"SearchAction\",\"target\":{\"@type\":\"EntryPoint\",\"urlTemplate\":\"http:\/\/pm.dev-designatelier.cz\/en\/?s={search_term_string}\"},\"query-input\":\"required name=search_term_string\"}],\"inLanguage\":\"en-US\"},{\"@type\":\"Organization\",\"@id\":\"http:\/\/pm.dev-designatelier.cz\/en\/#organization\",\"name\":\"Pro Mask Products s.r.o.\",\"url\":\"http:\/\/pm.dev-designatelier.cz\/en\/\",\"logo\":{\"@type\":\"ImageObject\",\"inLanguage\":\"en-US\",\"@id\":\"http:\/\/pm.dev-designatelier.cz\/en\/#\/schema\/logo\/image\/\",\"url\":\"http:\/\/pm.dev-designatelier.cz\/wp-content\/uploads\/2021\/12\/logo_PMP.png\",\"contentUrl\":\"http:\/\/pm.dev-designatelier.cz\/wp-content\/uploads\/2021\/12\/logo_PMP.png\",\"width\":264,\"height\":110,\"caption\":\"Pro Mask Products s.r.o.\"},\"image\":{\"@id\":\"http:\/\/pm.dev-designatelier.cz\/en\/#\/schema\/logo\/image\/\"}}]}<\/script>\n<!-- \/ Yoast SEO plugin. -->","yoast_head_json":{"title":"CONIC WADS WITH HANDLE - Silikonov\u00e9 ku\u017eelov\u00e9 ucp\u00e1vky se stopkou - PRO MASK PRODUCTS s.r.o.","description":"\u2022 Material - SILICONE (made in CZ)\u2022 Thermal load - 3 hrs.......300\u00b0C\u00a0\u00a0\u00a0\u00a0\u00a0\u00a0\u00a0\u00a0\u00a0\u00a0\u00a0\u00a0\u00a0\u00a0\u00a0\u00a0\u00a0\u00a0\u00a0\u00a0\u00a0\u00a0\u00a0 - 30 min......320\u00b0C\u00a0\u00a0\u00a0\u00a0\u00a0\u00a0\u00a0\u00a0\u00a0\u00a0\u00a0\u00a0\u00a0\u00a0\u00a0\u00a0\u00a0\u00a0\u00a0\u00a0\u00a0\u00a0\u00a0 - 10 min......350\u00b0C\u00a0\u00a0\u00a0\u00a0\u00a0\u00a0\u00a0\u00a0\u00a0\u00a0\u00a0\u00a0\u00a0\u00a0\u00a0\u00a0\u00a0\u00a0\u00a0\u00a0\u00a0\u00a0\u00a0 ( No mechanical load all figures with out guarantee )\u2022 Suitable for covering external threads, pins, through and blind holes, etc.\u2022 Easy application and removal\u2022 Re-usability\u2022 Suitable for powder coating, electroplating, anodizing, etc.","robots":{"index":"noindex","follow":"follow","max-snippet":"max-snippet:-1","max-image-preview":"max-image-preview:large","max-video-preview":"max-video-preview:-1"},"og_locale":"en_US","og_type":"article","og_title":"CONIC WADS WITH HANDLE - Silikonov\u00e9 ku\u017eelov\u00e9 ucp\u00e1vky se stopkou - PRO MASK PRODUCTS s.r.o.","og_description":"\u2022 Material - SILICONE (made in CZ)\u2022 Thermal load - 3 hrs.......300\u00b0C\u00a0\u00a0\u00a0\u00a0\u00a0\u00a0\u00a0\u00a0\u00a0\u00a0\u00a0\u00a0\u00a0\u00a0\u00a0\u00a0\u00a0\u00a0\u00a0\u00a0\u00a0\u00a0\u00a0 - 30 min......320\u00b0C\u00a0\u00a0\u00a0\u00a0\u00a0\u00a0\u00a0\u00a0\u00a0\u00a0\u00a0\u00a0\u00a0\u00a0\u00a0\u00a0\u00a0\u00a0\u00a0\u00a0\u00a0\u00a0\u00a0 - 10 min......350\u00b0C\u00a0\u00a0\u00a0\u00a0\u00a0\u00a0\u00a0\u00a0\u00a0\u00a0\u00a0\u00a0\u00a0\u00a0\u00a0\u00a0\u00a0\u00a0\u00a0\u00a0\u00a0\u00a0\u00a0 ( No mechanical load all figures with out guarantee )\u2022 Suitable for covering external threads, pins, through and blind holes, etc.\u2022 Easy application and removal\u2022 Re-usability\u2022 Suitable for powder coating, electroplating, anodizing, etc.PRO MASK PRODUCTS s.r.o. - Maskovac\u00ed krytky, z\u00e1tky, p\u00e1sky, z\u00e1v\u011bsov\u00e1 technika - ku\u017eelov\u00e9 ucp\u00e1vky se stopkouP\u0159\u00edm\u00fd dovozce a zpracovatel maskovac\u00edch prost\u0159edk\u016f pro povrchov\u00e9 \u00fapravy.","og_url":"http:\/\/pm.dev-designatelier.cz\/en\/products\/masking-for-hole\/premium-silicone-eu-en\/conic-wads-with-handle\/","og_site_name":"PRO MASK PRODUCTS s.r.o.","article_modified_time":"2022-05-06T10:35:51+00:00","og_image":[{"width":915,"height":915,"url":"http:\/\/pm.dev-designatelier.cz\/wp-content\/uploads\/2021\/11\/KUZ\u030cELOVE\u0301-UCPA\u0301VKY-SE-STOPKOU_1.jpg","type":"image\/jpeg"}],"twitter_card":"summary_large_image","twitter_description":"\u2022 Material - SILICONE (made in CZ)\u2022 Thermal load - 3 hrs.......300\u00b0C\u00a0\u00a0\u00a0\u00a0\u00a0\u00a0\u00a0\u00a0\u00a0\u00a0\u00a0\u00a0\u00a0\u00a0\u00a0\u00a0\u00a0\u00a0\u00a0\u00a0\u00a0\u00a0\u00a0 - 30 min......320\u00b0C\u00a0\u00a0\u00a0\u00a0\u00a0\u00a0\u00a0\u00a0\u00a0\u00a0\u00a0\u00a0\u00a0\u00a0\u00a0\u00a0\u00a0\u00a0\u00a0\u00a0\u00a0\u00a0\u00a0 - 10 min......350\u00b0C\u00a0\u00a0\u00a0\u00a0\u00a0\u00a0\u00a0\u00a0\u00a0\u00a0\u00a0\u00a0\u00a0\u00a0\u00a0\u00a0\u00a0\u00a0\u00a0\u00a0\u00a0\u00a0\u00a0 ( No mechanical load all figures with out guarantee )\u2022 Suitable for covering external threads, pins, through and blind holes, etc.\u2022 Easy application and removal\u2022 Re-usability\u2022 Suitable for powder coating, electroplating, anodizing, etc.PRO MASK PRODUCTS s.r.o. - Maskovac\u00ed krytky, z\u00e1tky, p\u00e1sky, z\u00e1v\u011bsov\u00e1 technika - ku\u017eelov\u00e9 ucp\u00e1vky se stopkouP\u0159\u00edm\u00fd dovozce a zpracovatel maskovac\u00edch prost\u0159edk\u016f pro povrchov\u00e9 \u00fapravy.","schema":{"@context":"https:\/\/schema.org","@graph":[{"@type":"WebPage","@id":"http:\/\/pm.dev-designatelier.cz\/en\/products\/masking-for-hole\/premium-silicone-eu-en\/conic-wads-with-handle\/","url":"http:\/\/pm.dev-designatelier.cz\/en\/products\/masking-for-hole\/premium-silicone-eu-en\/conic-wads-with-handle\/","name":"CONIC WADS WITH HANDLE - Silikonov\u00e9 ku\u017eelov\u00e9 ucp\u00e1vky se stopkou - PRO MASK PRODUCTS s.r.o.","isPartOf":{"@id":"http:\/\/pm.dev-designatelier.cz\/en\/#website"},"datePublished":"2021-11-24T19:28:20+00:00","dateModified":"2022-05-06T10:35:51+00:00","description":"\u2022 Material - SILICONE (made in CZ)\u2022 Thermal load - 3 hrs.......300\u00b0C\u00a0\u00a0\u00a0\u00a0\u00a0\u00a0\u00a0\u00a0\u00a0\u00a0\u00a0\u00a0\u00a0\u00a0\u00a0\u00a0\u00a0\u00a0\u00a0\u00a0\u00a0\u00a0\u00a0 - 30 min......320\u00b0C\u00a0\u00a0\u00a0\u00a0\u00a0\u00a0\u00a0\u00a0\u00a0\u00a0\u00a0\u00a0\u00a0\u00a0\u00a0\u00a0\u00a0\u00a0\u00a0\u00a0\u00a0\u00a0\u00a0 - 10 min......350\u00b0C\u00a0\u00a0\u00a0\u00a0\u00a0\u00a0\u00a0\u00a0\u00a0\u00a0\u00a0\u00a0\u00a0\u00a0\u00a0\u00a0\u00a0\u00a0\u00a0\u00a0\u00a0\u00a0\u00a0 ( No mechanical load all figures with out guarantee )\u2022 Suitable for covering external threads, pins, through and blind holes, etc.\u2022 Easy application and removal\u2022 Re-usability\u2022 Suitable for powder coating, electroplating, anodizing, etc.","breadcrumb":{"@id":"http:\/\/pm.dev-designatelier.cz\/en\/products\/masking-for-hole\/premium-silicone-eu-en\/conic-wads-with-handle\/#breadcrumb"},"inLanguage":"en-US","potentialAction":[{"@type":"ReadAction","target":["http:\/\/pm.dev-designatelier.cz\/en\/products\/masking-for-hole\/premium-silicone-eu-en\/conic-wads-with-handle\/"]}]},{"@type":"BreadcrumbList","@id":"http:\/\/pm.dev-designatelier.cz\/en\/products\/masking-for-hole\/premium-silicone-eu-en\/conic-wads-with-handle\/#breadcrumb","itemListElement":[{"@type":"ListItem","position":1,"name":"Home","item":"http:\/\/pm.dev-designatelier.cz\/en\/"},{"@type":"ListItem","position":2,"name":"Shop","item":"http:\/\/pm.dev-designatelier.cz\/en\/shop\/"},{"@type":"ListItem","position":3,"name":"MASKING FOR HOLE","item":"http:\/\/pm.dev-designatelier.cz\/en\/product-category\/masking-for-hole\/"},{"@type":"ListItem","position":4,"name":"PREMIUM silicone (EU)","item":"http:\/\/pm.dev-designatelier.cz\/en\/product-category\/masking-for-hole\/premium-silicone-eu-en\/"},{"@type":"ListItem","position":5,"name":"CONIC WADS WITH HANDLE"}]},{"@type":"WebSite","@id":"http:\/\/pm.dev-designatelier.cz\/en\/#website","url":"http:\/\/pm.dev-designatelier.cz\/en\/","name":"PRO MASK PRODUCTS s.r.o.","description":"","publisher":{"@id":"http:\/\/pm.dev-designatelier.cz\/en\/#organization"},"potentialAction":[{"@type":"SearchAction","target":{"@type":"EntryPoint","urlTemplate":"http:\/\/pm.dev-designatelier.cz\/en\/?s={search_term_string}"},"query-input":"required name=search_term_string"}],"inLanguage":"en-US"},{"@type":"Organization","@id":"http:\/\/pm.dev-designatelier.cz\/en\/#organization","name":"Pro Mask Products s.r.o.","url":"http:\/\/pm.dev-designatelier.cz\/en\/","logo":{"@type":"ImageObject","inLanguage":"en-US","@id":"http:\/\/pm.dev-designatelier.cz\/en\/#\/schema\/logo\/image\/","url":"http:\/\/pm.dev-designatelier.cz\/wp-content\/uploads\/2021\/12\/logo_PMP.png","contentUrl":"http:\/\/pm.dev-designatelier.cz\/wp-content\/uploads\/2021\/12\/logo_PMP.png","width":264,"height":110,"caption":"Pro Mask Products s.r.o."},"image":{"@id":"http:\/\/pm.dev-designatelier.cz\/en\/#\/schema\/logo\/image\/"}}]}},"_links":{"self":[{"href":"http:\/\/pm.dev-designatelier.cz\/en\/wp-json\/wp\/v2\/product\/2956"}],"collection":[{"href":"http:\/\/pm.dev-designatelier.cz\/en\/wp-json\/wp\/v2\/product"}],"about":[{"href":"http:\/\/pm.dev-designatelier.cz\/en\/wp-json\/wp\/v2\/types\/product"}],"replies":[{"embeddable":true,"href":"http:\/\/pm.dev-designatelier.cz\/en\/wp-json\/wp\/v2\/comments?post=2956"}],"version-history":[{"count":0,"href":"http:\/\/pm.dev-designatelier.cz\/en\/wp-json\/wp\/v2\/product\/2956\/revisions"}],"wp:featuredmedia":[{"embeddable":true,"href":"http:\/\/pm.dev-designatelier.cz\/en\/wp-json\/wp\/v2\/media\/3615"}],"wp:attachment":[{"href":"http:\/\/pm.dev-designatelier.cz\/en\/wp-json\/wp\/v2\/media?parent=2956"}],"wp:term":[{"taxonomy":"product_cat","embeddable":true,"href":"http:\/\/pm.dev-designatelier.cz\/en\/wp-json\/wp\/v2\/product_cat?post=2956"},{"taxonomy":"product_tag","embeddable":true,"href":"http:\/\/pm.dev-designatelier.cz\/en\/wp-json\/wp\/v2\/product_tag?post=2956"}],"curies":[{"name":"wp","href":"https:\/\/api.w.org\/{rel}","templated":true}]}}