{"id":2955,"date":"2021-11-24T20:21:43","date_gmt":"2021-11-24T19:28:20","guid":{"rendered":"http:\/\/pm.dev-designatelier.cz\/shop\/uncategorized\/conic-wads\/"},"modified":"2022-05-06T12:35:46","modified_gmt":"2022-05-06T10:35:46","slug":"conic-wads","status":"publish","type":"product","link":"http:\/\/pm.dev-designatelier.cz\/en\/products\/masking-for-hole\/premium-silicone-eu-en\/conic-wads\/","title":{"rendered":"CONIC WADS"},"content":{"rendered":"<style type=\"text\/css\">\n.tableizer-table {font-family: Arial, Helvetica, sans-serif; font-size: 11px;}\n.tableizer-table td {padding: 3px 25px 3px 25px; border: 1px solid #fff; background-color: #ddd; color: #000; text-align: center;}\n.tableizer-table th {text-align:center;padding: 3px 25px 3px 25px; border: 1px solid #fff; background-color: #ebbc06; color: #fff; font-weight: bold;}\ntd:first-child {text-align: left; background-color: #ccc7c2; font-weight: bold;}\nth:first-child {text-align: left;}\n<\/style>\n<table class=\"tableizer-table\">\n<tr class=\"tableizer-firstrow\">\n<th>PART NO.<\/th>\n<th>A (mm)<\/th>\n<th>B (mm)<\/th>\n<th>L (mm)<\/th>\n<\/tr>\n<tr>\n<td>B-0349-0000-00<\/td>\n<td>1.2<\/td>\n<td>3.2<\/td>\n<td>19.0<\/td>\n<\/tr>\n<tr>\n<td>B-0346-0000-00<\/td>\n<td>1.2<\/td>\n<td>4.8<\/td>\n<td>31.8<\/td>\n<\/tr>\n<tr>\n<td>B-0248-0001-00<\/td>\n<td>1.2<\/td>\n<td>5.5<\/td>\n<td>38.0<\/td>\n<\/tr>\n<tr>\n<td>B-0307-0000-00<\/td>\n<td>1.2<\/td>\n<td>7.0<\/td>\n<td>57.0<\/td>\n<\/tr>\n<tr>\n<td>B-1237-0000-00<\/td>\n<td>2.0<\/td>\n<td>4.0<\/td>\n<td>20.0<\/td>\n<\/tr>\n<tr>\n<td>B-0347-0000-00<\/td>\n<td>2.3<\/td>\n<td>4.6<\/td>\n<td>20.0<\/td>\n<\/tr>\n<tr>\n<td>B-0248-0002-00<\/td>\n<td>2.5<\/td>\n<td>7.0<\/td>\n<td>39.0<\/td>\n<\/tr>\n<tr>\n<td>B-1238-0000-00<\/td>\n<td>3.0<\/td>\n<td>5.0<\/td>\n<td>20.0<\/td>\n<\/tr>\n<tr>\n<td>B-1241-0000-00<\/td>\n<td>3.0<\/td>\n<td>7.0<\/td>\n<td>21.0<\/td>\n<\/tr>\n<tr>\n<td>B-0345-0000-00<\/td>\n<td>3.4<\/td>\n<td>5.8<\/td>\n<td>20.0<\/td>\n<\/tr>\n<tr>\n<td>B-0345-0001-00<\/td>\n<td>3.9<\/td>\n<td>5.7<\/td>\n<td>15.0<\/td>\n<\/tr>\n<tr>\n<td>B-1167-0000-00<\/td>\n<td>4.0<\/td>\n<td>8.0<\/td>\n<td>20.0<\/td>\n<\/tr>\n<tr>\n<td>B-1199-0000-00<\/td>\n<td>4.5<\/td>\n<td>9.0<\/td>\n<td>25.5<\/td>\n<\/tr>\n<tr>\n<td>B-0354-0000-00<\/td>\n<td>4.5<\/td>\n<td>10.0<\/td>\n<td>50.0<\/td>\n<\/tr>\n<tr>\n<td>B-0348-0000-00<\/td>\n<td>4.7<\/td>\n<td>7.0<\/td>\n<td>20.0<\/td>\n<\/tr>\n<tr>\n<td>B-1049-0000-00<\/td>\n<td>5.0<\/td>\n<td>7.0<\/td>\n<td>9.0<\/td>\n<\/tr>\n<tr>\n<td>B-0440-0000-00<\/td>\n<td>5.0<\/td>\n<td>7.5<\/td>\n<td>24.0<\/td>\n<\/tr>\n<tr>\n<td>B-0306-0000-00<\/td>\n<td>5.0<\/td>\n<td>10.0<\/td>\n<td>49.0<\/td>\n<\/tr>\n<tr>\n<td>B-0888-0000-00<\/td>\n<td>5.0<\/td>\n<td>12.0<\/td>\n<td>47.0<\/td>\n<\/tr>\n<tr>\n<td>B-0440-0001-00<\/td>\n<td>5.5<\/td>\n<td>7.5<\/td>\n<td>19.2<\/td>\n<\/tr>\n<tr>\n<td>B-0306-0001-00<\/td>\n<td>5.5<\/td>\n<td>10.0<\/td>\n<td>38.0<\/td>\n<\/tr>\n<tr>\n<td>B-0667-0000-00<\/td>\n<td>6.0<\/td>\n<td>10.2<\/td>\n<td>20.0<\/td>\n<\/tr>\n<tr>\n<td>B-1499-0000-00<\/td>\n<td>6.0<\/td>\n<td>12.0<\/td>\n<td>25.0<\/td>\n<\/tr>\n<tr>\n<td>B-1447-0000-00<\/td>\n<td>6.8<\/td>\n<td>7.4<\/td>\n<td>20.0<\/td>\n<\/tr>\n<tr>\n<td>B-1409-0000-00<\/td>\n<td>7.0<\/td>\n<td>7.8<\/td>\n<td>25.2<\/td>\n<\/tr>\n<tr>\n<td>B-0355-0000-00<\/td>\n<td>7.0<\/td>\n<td>9.0<\/td>\n<td>19.0<\/td>\n<\/tr>\n<tr>\n<td>B-0357-0000-00<\/td>\n<td>7.0<\/td>\n<td>10.0<\/td>\n<td>30.0<\/td>\n<\/tr>\n<tr>\n<td>B-0402-0000-00<\/td>\n<td>7.0<\/td>\n<td>11.0<\/td>\n<td>39.0<\/td>\n<\/tr>\n<tr>\n<td>B-0377-0000-00<\/td>\n<td>7.0<\/td>\n<td>13.0<\/td>\n<td>57.0<\/td>\n<\/tr>\n<tr>\n<td>B-1406-0000-00<\/td>\n<td>7.4<\/td>\n<td>8.1<\/td>\n<td>22.0<\/td>\n<\/tr>\n<tr>\n<td>B-0441-0000-00<\/td>\n<td>7.5<\/td>\n<td>10.0<\/td>\n<td>24.0<\/td>\n<\/tr>\n<tr>\n<td>B-0355-0001-00<\/td>\n<td>7.6<\/td>\n<td>9.5<\/td>\n<td>18.5<\/td>\n<\/tr>\n<tr>\n<td>B-0680-0000-00<\/td>\n<td>8.0<\/td>\n<td>12.0<\/td>\n<td>18.0<\/td>\n<\/tr>\n<tr>\n<td>B-0582-0000-00<\/td>\n<td>8.0<\/td>\n<td>12.3<\/td>\n<td>28.0<\/td>\n<\/tr>\n<tr>\n<td>B-0859-0001-00<\/td>\n<td>8.0<\/td>\n<td>14.0<\/td>\n<td>28.0<\/td>\n<\/tr>\n<tr>\n<td>B-0759-0000-00<\/td>\n<td>8.5<\/td>\n<td>13.0<\/td>\n<td>42.0<\/td>\n<\/tr>\n<tr>\n<td>B-0378-0000-00<\/td>\n<td>9.0<\/td>\n<td>11.0<\/td>\n<td>19.0<\/td>\n<\/tr>\n<tr>\n<td>B-0378-0003-00<\/td>\n<td>9.0<\/td>\n<td>11.0<\/td>\n<td>19.0<\/td>\n<\/tr>\n<tr>\n<td>B-0557-0004-00<\/td>\n<td>9.0<\/td>\n<td>12.0<\/td>\n<td>25.0<\/td>\n<\/tr>\n<tr>\n<td>B-1546-0000-00<\/td>\n<td>9.0<\/td>\n<td>13.0<\/td>\n<td>20.0<\/td>\n<\/tr>\n<tr>\n<td>B-0403-0000-00<\/td>\n<td>9.0<\/td>\n<td>13.0<\/td>\n<td>39.0<\/td>\n<\/tr>\n<tr>\n<td>B-0557-0034-00<\/td>\n<td>9.0<\/td>\n<td>15.0<\/td>\n<td>50.0<\/td>\n<\/tr>\n<tr>\n<td>B-0557-0234-00<\/td>\n<td>9.0<\/td>\n<td>18.0<\/td>\n<td>75.0<\/td>\n<\/tr>\n<tr>\n<td>B-0557-0000-00<\/td>\n<td>9.0<\/td>\n<td>20.0<\/td>\n<td>100.0<\/td>\n<\/tr>\n<tr>\n<td>B-0356-0000-00<\/td>\n<td>10.0<\/td>\n<td>13.0<\/td>\n<td>30.0<\/td>\n<\/tr>\n<tr>\n<td>B-1048-0000-00<\/td>\n<td>10.0<\/td>\n<td>15.0<\/td>\n<td>25.0<\/td>\n<\/tr>\n<tr>\n<td>B-1547-0000-00<\/td>\n<td>11.0<\/td>\n<td>15.0<\/td>\n<td>20.0<\/td>\n<\/tr>\n<tr>\n<td>B-0998-0000-00<\/td>\n<td>11.0<\/td>\n<td>17.0<\/td>\n<td>30.0<\/td>\n<\/tr>\n<tr>\n<td>B-0328-0000-00<\/td>\n<td>11.3<\/td>\n<td>13.3<\/td>\n<td>19.0<\/td>\n<\/tr>\n<tr>\n<td>B-0697-0001-00<\/td>\n<td>11.5<\/td>\n<td>16.0<\/td>\n<td>20.0<\/td>\n<\/tr>\n<tr>\n<td>B-0557-0003-00<\/td>\n<td>12.0<\/td>\n<td>15.0<\/td>\n<td>25.0<\/td>\n<\/tr>\n<tr>\n<td>B-1047-0001-00<\/td>\n<td>12.0<\/td>\n<td>17.0<\/td>\n<td>25.0<\/td>\n<\/tr>\n<tr>\n<td>B-0474-0000-00<\/td>\n<td>12.0<\/td>\n<td>18.0<\/td>\n<td>25.0<\/td>\n<\/tr>\n<tr>\n<td>B-0557-0023-00<\/td>\n<td>12.0<\/td>\n<td>18.0<\/td>\n<td>50.0<\/td>\n<\/tr>\n<tr>\n<td>B-0557-0123-00<\/td>\n<td>12.0<\/td>\n<td>20.0<\/td>\n<td>75.0<\/td>\n<\/tr>\n<tr>\n<td>B-1548-0000-00<\/td>\n<td>14.0<\/td>\n<td>18.0<\/td>\n<td>20.0<\/td>\n<\/tr>\n<tr>\n<td>B-1397-0000-00<\/td>\n<td>14.0<\/td>\n<td>22.0<\/td>\n<td>25.0<\/td>\n<\/tr>\n<tr>\n<td>B-0475-0000-00<\/td>\n<td>14.5<\/td>\n<td>16.0<\/td>\n<td>19.0<\/td>\n<\/tr>\n<tr>\n<td>B-0557-0002-00<\/td>\n<td>15.0<\/td>\n<td>18.0<\/td>\n<td>25.0<\/td>\n<\/tr>\n<tr>\n<td>B-0557-0012-00<\/td>\n<td>15.0<\/td>\n<td>20.0<\/td>\n<td>50.0<\/td>\n<\/tr>\n<tr>\n<td>B-1726-0000-00<\/td>\n<td>15.0<\/td>\n<td>30.0<\/td>\n<td>40.0<\/td>\n<\/tr>\n<tr>\n<td>B-1549-0000-00<\/td>\n<td>16.0<\/td>\n<td>21.0<\/td>\n<td>25.0<\/td>\n<\/tr>\n<tr>\n<td>B-0816-0002-00<\/td>\n<td>17.0<\/td>\n<td>22.5<\/td>\n<td>19.0<\/td>\n<\/tr>\n<tr>\n<td>B-0311-0000-00<\/td>\n<td>17.0<\/td>\n<td>25.0<\/td>\n<td>25.0<\/td>\n<\/tr>\n<tr>\n<td>B-0816-0000-00<\/td>\n<td>17.0<\/td>\n<td>28.0<\/td>\n<td>39.0<\/td>\n<\/tr>\n<tr>\n<td>B-0393-0000-00<\/td>\n<td>17.5<\/td>\n<td>20.0<\/td>\n<td>24.0<\/td>\n<\/tr>\n<tr>\n<td>B-0396-0000-00<\/td>\n<td>17.5<\/td>\n<td>22.0<\/td>\n<td>44.5<\/td>\n<\/tr>\n<tr>\n<td>B-1473-0000-00<\/td>\n<td>17.8<\/td>\n<td>18.5<\/td>\n<td>25.0<\/td>\n<\/tr>\n<tr>\n<td>B-0557-0001-00<\/td>\n<td>18.0<\/td>\n<td>20.0<\/td>\n<td>25.0<\/td>\n<\/tr>\n<tr>\n<td>B-0396-0002-00<\/td>\n<td>18.0<\/td>\n<td>22.0<\/td>\n<td>38.0<\/td>\n<\/tr>\n<tr>\n<td>B-0398-0000-00<\/td>\n<td>18.0<\/td>\n<td>25.0<\/td>\n<td>67.5<\/td>\n<\/tr>\n<tr>\n<td>B-0396-0003-00<\/td>\n<td>18.3<\/td>\n<td>22.0<\/td>\n<td>35.0<\/td>\n<\/tr>\n<tr>\n<td>B-0394-0000-00<\/td>\n<td>20.0<\/td>\n<td>22.0<\/td>\n<td>20.5<\/td>\n<\/tr>\n<tr>\n<td>B-0397-0000-00<\/td>\n<td>20.0<\/td>\n<td>24.5<\/td>\n<td>41.0<\/td>\n<\/tr>\n<tr>\n<td>B-0783-0000-00<\/td>\n<td>20.0<\/td>\n<td>30.0<\/td>\n<td>25.0<\/td>\n<\/tr>\n<tr>\n<td>B-0395-0000-00<\/td>\n<td>22.0<\/td>\n<td>24.5<\/td>\n<td>20.5<\/td>\n<\/tr>\n<tr>\n<td>B-0808-0000-00<\/td>\n<td>23.0<\/td>\n<td>27.0<\/td>\n<td>50.0<\/td>\n<\/tr>\n<tr>\n<td>B-0993-0000-00<\/td>\n<td>23.0<\/td>\n<td>29.0<\/td>\n<td>30.0<\/td>\n<\/tr>\n<tr>\n<td>B-1846-0000-00<\/td>\n<td>28.0<\/td>\n<td>45.0<\/td>\n<td>50.0<\/td>\n<\/tr>\n<tr>\n<td>B-0855-0000-00<\/td>\n<td>29.0<\/td>\n<td>36.0<\/td>\n<td>25.0<\/td>\n<\/tr>\n<tr>\n<td>B-0952-0000-00<\/td>\n<td>31.3<\/td>\n<td>32.0<\/td>\n<td>22.0<\/td>\n<\/tr>\n<tr>\n<td>B-0942-0000-00<\/td>\n<td>33.0<\/td>\n<td>39.0<\/td>\n<td>25.0<\/td>\n<\/tr>\n<tr>\n<td>B-0943-0000-00<\/td>\n<td>36.0<\/td>\n<td>42.14<\/td>\n<td>25.0<\/td>\n<\/tr>\n<tr>\n<td>B-1365-0000-00<\/td>\n<td>50.0<\/td>\n<td>70.0<\/td>\n<td>70.0<\/td>\n<\/tr>\n<tr>\n<td>B-0405-0001-00<\/td>\n<td>62.0<\/td>\n<td>75.0<\/td>\n<td>12.0<\/td>\n<\/tr>\n<\/table>\n","protected":false},"excerpt":{"rendered":"<p>&bull; Material &#8211; SILICONE (made in CZ)<br \/>&bull;  Thermal load &#8211; 3 hrs&#8230;&#8230;.300&deg;C<br \/>&nbsp;&nbsp;&nbsp;&nbsp;&nbsp;&nbsp;&nbsp;&nbsp;&nbsp;&nbsp;&nbsp;&nbsp;&nbsp;&nbsp;&nbsp;&nbsp;&nbsp;&nbsp;&nbsp;&nbsp;&nbsp;&nbsp;&nbsp; &#8211; 30 min&#8230;&#8230;320&deg;C<br \/>&nbsp;&nbsp;&nbsp;&nbsp;&nbsp;&nbsp;&nbsp;&nbsp;&nbsp;&nbsp;&nbsp;&nbsp;&nbsp;&nbsp;&nbsp;&nbsp;&nbsp;&nbsp;&nbsp;&nbsp;&nbsp;&nbsp;&nbsp; &#8211; 10 min&#8230;&#8230;350&deg;C<br \/>&nbsp;&nbsp;&nbsp;&nbsp;&nbsp;&nbsp;&nbsp;&nbsp;&nbsp;&nbsp;&nbsp;&nbsp;&nbsp;&nbsp;&nbsp;&nbsp;&nbsp;&nbsp;&nbsp;&nbsp;&nbsp;&nbsp;&nbsp; ( No mechanical load all figures with out guarantee )<br \/>&bull; Suitable for covering external threads, pins, through and blind holes, etc.<br \/>&bull; Re-usability<br \/>&bull; Suitable for powder coating, electroplating, anodizing, etc.<\/p>\n","protected":false},"featured_media":3621,"comment_status":"closed","ping_status":"closed","template":"","meta":[],"product_cat":[158,162],"product_tag":[],"yoast_head":"<!-- This site is optimized with the Yoast SEO plugin v21.6 - https:\/\/yoast.com\/wordpress\/plugins\/seo\/ -->\n<title>CONIC WADS - Silikonov\u00e9 ku\u017eelov\u00e9 ucp\u00e1vky - PRO MASK PRODUCTS s.r.o.<\/title>\n<meta name=\"description\" content=\"\u2022 Material - SILICONE (made in CZ)\u2022 Thermal load - 3 hrs.......300\u00b0C\u00a0\u00a0\u00a0\u00a0\u00a0\u00a0\u00a0\u00a0\u00a0\u00a0\u00a0\u00a0\u00a0\u00a0\u00a0\u00a0\u00a0\u00a0\u00a0\u00a0\u00a0\u00a0\u00a0 - 30 min......320\u00b0C\u00a0\u00a0\u00a0\u00a0\u00a0\u00a0\u00a0\u00a0\u00a0\u00a0\u00a0\u00a0\u00a0\u00a0\u00a0\u00a0\u00a0\u00a0\u00a0\u00a0\u00a0\u00a0\u00a0 - 10 min......350\u00b0C\u00a0\u00a0\u00a0\u00a0\u00a0\u00a0\u00a0\u00a0\u00a0\u00a0\u00a0\u00a0\u00a0\u00a0\u00a0\u00a0\u00a0\u00a0\u00a0\u00a0\u00a0\u00a0\u00a0 ( No mechanical load all figures with out guarantee )\u2022 Suitable for covering external threads, pins, through and blind holes, etc.\u2022 Re-usability\u2022 Suitable for powder coating, electroplating, anodizing, etc.\" \/>\n<meta name=\"robots\" content=\"noindex, follow, max-snippet:-1, max-image-preview:large, max-video-preview:-1\" \/>\n<meta property=\"og:locale\" content=\"en_US\" \/>\n<meta property=\"og:type\" content=\"article\" \/>\n<meta property=\"og:title\" content=\"CONIC WADS - Silikonov\u00e9 ku\u017eelov\u00e9 ucp\u00e1vky - PRO MASK PRODUCTS s.r.o.\" \/>\n<meta property=\"og:description\" content=\"\u2022 Material - SILICONE (made in CZ)\u2022 Thermal load - 3 hrs.......300\u00b0C\u00a0\u00a0\u00a0\u00a0\u00a0\u00a0\u00a0\u00a0\u00a0\u00a0\u00a0\u00a0\u00a0\u00a0\u00a0\u00a0\u00a0\u00a0\u00a0\u00a0\u00a0\u00a0\u00a0 - 30 min......320\u00b0C\u00a0\u00a0\u00a0\u00a0\u00a0\u00a0\u00a0\u00a0\u00a0\u00a0\u00a0\u00a0\u00a0\u00a0\u00a0\u00a0\u00a0\u00a0\u00a0\u00a0\u00a0\u00a0\u00a0 - 10 min......350\u00b0C\u00a0\u00a0\u00a0\u00a0\u00a0\u00a0\u00a0\u00a0\u00a0\u00a0\u00a0\u00a0\u00a0\u00a0\u00a0\u00a0\u00a0\u00a0\u00a0\u00a0\u00a0\u00a0\u00a0 ( No mechanical load all figures with out guarantee )\u2022 Suitable for covering external threads, pins, through and blind holes, etc.\u2022 Re-usability\u2022 Suitable for powder coating, electroplating, anodizing, etc.PRO MASK PRODUCTS s.r.o. - Maskovac\u00ed krytky, z\u00e1tky, p\u00e1sky, z\u00e1v\u011bsov\u00e1 technika - Silikonov\u00e9 ku\u017eelov\u00e9 ucp\u00e1vkyP\u0159\u00edm\u00fd dovozce a zpracovatel maskovac\u00edch prost\u0159edk\u016f pro povrchov\u00e9 \u00fapravy.\" \/>\n<meta property=\"og:url\" content=\"http:\/\/pm.dev-designatelier.cz\/en\/products\/masking-for-hole\/premium-silicone-eu-en\/conic-wads\/\" \/>\n<meta property=\"og:site_name\" content=\"PRO MASK PRODUCTS s.r.o.\" \/>\n<meta property=\"article:modified_time\" content=\"2022-05-06T10:35:46+00:00\" \/>\n<meta property=\"og:image\" content=\"http:\/\/pm.dev-designatelier.cz\/wp-content\/uploads\/2021\/11\/KUZ\u030cELOVE\u0301-UCPA\u0301VKY_1.jpg\" \/>\n\t<meta property=\"og:image:width\" content=\"1560\" \/>\n\t<meta property=\"og:image:height\" content=\"1560\" \/>\n\t<meta property=\"og:image:type\" content=\"image\/jpeg\" \/>\n<meta name=\"twitter:card\" content=\"summary_large_image\" \/>\n<meta name=\"twitter:description\" content=\"\u2022 Material - SILICONE (made in CZ)\u2022 Thermal load - 3 hrs.......300\u00b0C\u00a0\u00a0\u00a0\u00a0\u00a0\u00a0\u00a0\u00a0\u00a0\u00a0\u00a0\u00a0\u00a0\u00a0\u00a0\u00a0\u00a0\u00a0\u00a0\u00a0\u00a0\u00a0\u00a0 - 30 min......320\u00b0C\u00a0\u00a0\u00a0\u00a0\u00a0\u00a0\u00a0\u00a0\u00a0\u00a0\u00a0\u00a0\u00a0\u00a0\u00a0\u00a0\u00a0\u00a0\u00a0\u00a0\u00a0\u00a0\u00a0 - 10 min......350\u00b0C\u00a0\u00a0\u00a0\u00a0\u00a0\u00a0\u00a0\u00a0\u00a0\u00a0\u00a0\u00a0\u00a0\u00a0\u00a0\u00a0\u00a0\u00a0\u00a0\u00a0\u00a0\u00a0\u00a0 ( No mechanical load all figures with out guarantee )\u2022 Suitable for covering external threads, pins, through and blind holes, etc.\u2022 Re-usability\u2022 Suitable for powder coating, electroplating, anodizing, etc.PRO MASK PRODUCTS s.r.o. - Maskovac\u00ed krytky, z\u00e1tky, p\u00e1sky, z\u00e1v\u011bsov\u00e1 technika - Silikonov\u00e9 ku\u017eelov\u00e9 ucp\u00e1vkyP\u0159\u00edm\u00fd dovozce a zpracovatel maskovac\u00edch prost\u0159edk\u016f pro povrchov\u00e9 \u00fapravy.\" \/>\n<meta name=\"twitter:label1\" content=\"Est. reading time\" \/>\n\t<meta name=\"twitter:data1\" content=\"1 minute\" \/>\n<script type=\"application\/ld+json\" class=\"yoast-schema-graph\">{\"@context\":\"https:\/\/schema.org\",\"@graph\":[{\"@type\":\"WebPage\",\"@id\":\"http:\/\/pm.dev-designatelier.cz\/en\/products\/masking-for-hole\/premium-silicone-eu-en\/conic-wads\/\",\"url\":\"http:\/\/pm.dev-designatelier.cz\/en\/products\/masking-for-hole\/premium-silicone-eu-en\/conic-wads\/\",\"name\":\"CONIC WADS - Silikonov\u00e9 ku\u017eelov\u00e9 ucp\u00e1vky - PRO MASK PRODUCTS s.r.o.\",\"isPartOf\":{\"@id\":\"http:\/\/pm.dev-designatelier.cz\/en\/#website\"},\"datePublished\":\"2021-11-24T19:28:20+00:00\",\"dateModified\":\"2022-05-06T10:35:46+00:00\",\"description\":\"\u2022 Material - SILICONE (made in CZ)\u2022 Thermal load - 3 hrs.......300\u00b0C\u00a0\u00a0\u00a0\u00a0\u00a0\u00a0\u00a0\u00a0\u00a0\u00a0\u00a0\u00a0\u00a0\u00a0\u00a0\u00a0\u00a0\u00a0\u00a0\u00a0\u00a0\u00a0\u00a0 - 30 min......320\u00b0C\u00a0\u00a0\u00a0\u00a0\u00a0\u00a0\u00a0\u00a0\u00a0\u00a0\u00a0\u00a0\u00a0\u00a0\u00a0\u00a0\u00a0\u00a0\u00a0\u00a0\u00a0\u00a0\u00a0 - 10 min......350\u00b0C\u00a0\u00a0\u00a0\u00a0\u00a0\u00a0\u00a0\u00a0\u00a0\u00a0\u00a0\u00a0\u00a0\u00a0\u00a0\u00a0\u00a0\u00a0\u00a0\u00a0\u00a0\u00a0\u00a0 ( No mechanical load all figures with out guarantee )\u2022 Suitable for covering external threads, pins, through and blind holes, etc.\u2022 Re-usability\u2022 Suitable for powder coating, electroplating, anodizing, etc.\",\"breadcrumb\":{\"@id\":\"http:\/\/pm.dev-designatelier.cz\/en\/products\/masking-for-hole\/premium-silicone-eu-en\/conic-wads\/#breadcrumb\"},\"inLanguage\":\"en-US\",\"potentialAction\":[{\"@type\":\"ReadAction\",\"target\":[\"http:\/\/pm.dev-designatelier.cz\/en\/products\/masking-for-hole\/premium-silicone-eu-en\/conic-wads\/\"]}]},{\"@type\":\"BreadcrumbList\",\"@id\":\"http:\/\/pm.dev-designatelier.cz\/en\/products\/masking-for-hole\/premium-silicone-eu-en\/conic-wads\/#breadcrumb\",\"itemListElement\":[{\"@type\":\"ListItem\",\"position\":1,\"name\":\"Home\",\"item\":\"http:\/\/pm.dev-designatelier.cz\/en\/\"},{\"@type\":\"ListItem\",\"position\":2,\"name\":\"Shop\",\"item\":\"http:\/\/pm.dev-designatelier.cz\/en\/shop\/\"},{\"@type\":\"ListItem\",\"position\":3,\"name\":\"MASKING FOR HOLE\",\"item\":\"http:\/\/pm.dev-designatelier.cz\/en\/product-category\/masking-for-hole\/\"},{\"@type\":\"ListItem\",\"position\":4,\"name\":\"PREMIUM silicone (EU)\",\"item\":\"http:\/\/pm.dev-designatelier.cz\/en\/product-category\/masking-for-hole\/premium-silicone-eu-en\/\"},{\"@type\":\"ListItem\",\"position\":5,\"name\":\"CONIC WADS\"}]},{\"@type\":\"WebSite\",\"@id\":\"http:\/\/pm.dev-designatelier.cz\/en\/#website\",\"url\":\"http:\/\/pm.dev-designatelier.cz\/en\/\",\"name\":\"PRO MASK PRODUCTS s.r.o.\",\"description\":\"\",\"publisher\":{\"@id\":\"http:\/\/pm.dev-designatelier.cz\/en\/#organization\"},\"potentialAction\":[{\"@type\":\"SearchAction\",\"target\":{\"@type\":\"EntryPoint\",\"urlTemplate\":\"http:\/\/pm.dev-designatelier.cz\/en\/?s={search_term_string}\"},\"query-input\":\"required name=search_term_string\"}],\"inLanguage\":\"en-US\"},{\"@type\":\"Organization\",\"@id\":\"http:\/\/pm.dev-designatelier.cz\/en\/#organization\",\"name\":\"Pro Mask Products s.r.o.\",\"url\":\"http:\/\/pm.dev-designatelier.cz\/en\/\",\"logo\":{\"@type\":\"ImageObject\",\"inLanguage\":\"en-US\",\"@id\":\"http:\/\/pm.dev-designatelier.cz\/en\/#\/schema\/logo\/image\/\",\"url\":\"http:\/\/pm.dev-designatelier.cz\/wp-content\/uploads\/2021\/12\/logo_PMP.png\",\"contentUrl\":\"http:\/\/pm.dev-designatelier.cz\/wp-content\/uploads\/2021\/12\/logo_PMP.png\",\"width\":264,\"height\":110,\"caption\":\"Pro Mask Products s.r.o.\"},\"image\":{\"@id\":\"http:\/\/pm.dev-designatelier.cz\/en\/#\/schema\/logo\/image\/\"}}]}<\/script>\n<!-- \/ Yoast SEO plugin. -->","yoast_head_json":{"title":"CONIC WADS - Silikonov\u00e9 ku\u017eelov\u00e9 ucp\u00e1vky - PRO MASK PRODUCTS s.r.o.","description":"\u2022 Material - SILICONE (made in CZ)\u2022 Thermal load - 3 hrs.......300\u00b0C\u00a0\u00a0\u00a0\u00a0\u00a0\u00a0\u00a0\u00a0\u00a0\u00a0\u00a0\u00a0\u00a0\u00a0\u00a0\u00a0\u00a0\u00a0\u00a0\u00a0\u00a0\u00a0\u00a0 - 30 min......320\u00b0C\u00a0\u00a0\u00a0\u00a0\u00a0\u00a0\u00a0\u00a0\u00a0\u00a0\u00a0\u00a0\u00a0\u00a0\u00a0\u00a0\u00a0\u00a0\u00a0\u00a0\u00a0\u00a0\u00a0 - 10 min......350\u00b0C\u00a0\u00a0\u00a0\u00a0\u00a0\u00a0\u00a0\u00a0\u00a0\u00a0\u00a0\u00a0\u00a0\u00a0\u00a0\u00a0\u00a0\u00a0\u00a0\u00a0\u00a0\u00a0\u00a0 ( No mechanical load all figures with out guarantee )\u2022 Suitable for covering external threads, pins, through and blind holes, etc.\u2022 Re-usability\u2022 Suitable for powder coating, electroplating, anodizing, etc.","robots":{"index":"noindex","follow":"follow","max-snippet":"max-snippet:-1","max-image-preview":"max-image-preview:large","max-video-preview":"max-video-preview:-1"},"og_locale":"en_US","og_type":"article","og_title":"CONIC WADS - Silikonov\u00e9 ku\u017eelov\u00e9 ucp\u00e1vky - PRO MASK PRODUCTS s.r.o.","og_description":"\u2022 Material - SILICONE (made in CZ)\u2022 Thermal load - 3 hrs.......300\u00b0C\u00a0\u00a0\u00a0\u00a0\u00a0\u00a0\u00a0\u00a0\u00a0\u00a0\u00a0\u00a0\u00a0\u00a0\u00a0\u00a0\u00a0\u00a0\u00a0\u00a0\u00a0\u00a0\u00a0 - 30 min......320\u00b0C\u00a0\u00a0\u00a0\u00a0\u00a0\u00a0\u00a0\u00a0\u00a0\u00a0\u00a0\u00a0\u00a0\u00a0\u00a0\u00a0\u00a0\u00a0\u00a0\u00a0\u00a0\u00a0\u00a0 - 10 min......350\u00b0C\u00a0\u00a0\u00a0\u00a0\u00a0\u00a0\u00a0\u00a0\u00a0\u00a0\u00a0\u00a0\u00a0\u00a0\u00a0\u00a0\u00a0\u00a0\u00a0\u00a0\u00a0\u00a0\u00a0 ( No mechanical load all figures with out guarantee )\u2022 Suitable for covering external threads, pins, through and blind holes, etc.\u2022 Re-usability\u2022 Suitable for powder coating, electroplating, anodizing, etc.PRO MASK PRODUCTS s.r.o. - Maskovac\u00ed krytky, z\u00e1tky, p\u00e1sky, z\u00e1v\u011bsov\u00e1 technika - Silikonov\u00e9 ku\u017eelov\u00e9 ucp\u00e1vkyP\u0159\u00edm\u00fd dovozce a zpracovatel maskovac\u00edch prost\u0159edk\u016f pro povrchov\u00e9 \u00fapravy.","og_url":"http:\/\/pm.dev-designatelier.cz\/en\/products\/masking-for-hole\/premium-silicone-eu-en\/conic-wads\/","og_site_name":"PRO MASK PRODUCTS s.r.o.","article_modified_time":"2022-05-06T10:35:46+00:00","og_image":[{"width":1560,"height":1560,"url":"http:\/\/pm.dev-designatelier.cz\/wp-content\/uploads\/2021\/11\/KUZ\u030cELOVE\u0301-UCPA\u0301VKY_1.jpg","type":"image\/jpeg"}],"twitter_card":"summary_large_image","twitter_description":"\u2022 Material - SILICONE (made in CZ)\u2022 Thermal load - 3 hrs.......300\u00b0C\u00a0\u00a0\u00a0\u00a0\u00a0\u00a0\u00a0\u00a0\u00a0\u00a0\u00a0\u00a0\u00a0\u00a0\u00a0\u00a0\u00a0\u00a0\u00a0\u00a0\u00a0\u00a0\u00a0 - 30 min......320\u00b0C\u00a0\u00a0\u00a0\u00a0\u00a0\u00a0\u00a0\u00a0\u00a0\u00a0\u00a0\u00a0\u00a0\u00a0\u00a0\u00a0\u00a0\u00a0\u00a0\u00a0\u00a0\u00a0\u00a0 - 10 min......350\u00b0C\u00a0\u00a0\u00a0\u00a0\u00a0\u00a0\u00a0\u00a0\u00a0\u00a0\u00a0\u00a0\u00a0\u00a0\u00a0\u00a0\u00a0\u00a0\u00a0\u00a0\u00a0\u00a0\u00a0 ( No mechanical load all figures with out guarantee )\u2022 Suitable for covering external threads, pins, through and blind holes, etc.\u2022 Re-usability\u2022 Suitable for powder coating, electroplating, anodizing, etc.PRO MASK PRODUCTS s.r.o. - Maskovac\u00ed krytky, z\u00e1tky, p\u00e1sky, z\u00e1v\u011bsov\u00e1 technika - Silikonov\u00e9 ku\u017eelov\u00e9 ucp\u00e1vkyP\u0159\u00edm\u00fd dovozce a zpracovatel maskovac\u00edch prost\u0159edk\u016f pro povrchov\u00e9 \u00fapravy.","twitter_misc":{"Est. reading time":"1 minute"},"schema":{"@context":"https:\/\/schema.org","@graph":[{"@type":"WebPage","@id":"http:\/\/pm.dev-designatelier.cz\/en\/products\/masking-for-hole\/premium-silicone-eu-en\/conic-wads\/","url":"http:\/\/pm.dev-designatelier.cz\/en\/products\/masking-for-hole\/premium-silicone-eu-en\/conic-wads\/","name":"CONIC WADS - Silikonov\u00e9 ku\u017eelov\u00e9 ucp\u00e1vky - PRO MASK PRODUCTS s.r.o.","isPartOf":{"@id":"http:\/\/pm.dev-designatelier.cz\/en\/#website"},"datePublished":"2021-11-24T19:28:20+00:00","dateModified":"2022-05-06T10:35:46+00:00","description":"\u2022 Material - SILICONE (made in CZ)\u2022 Thermal load - 3 hrs.......300\u00b0C\u00a0\u00a0\u00a0\u00a0\u00a0\u00a0\u00a0\u00a0\u00a0\u00a0\u00a0\u00a0\u00a0\u00a0\u00a0\u00a0\u00a0\u00a0\u00a0\u00a0\u00a0\u00a0\u00a0 - 30 min......320\u00b0C\u00a0\u00a0\u00a0\u00a0\u00a0\u00a0\u00a0\u00a0\u00a0\u00a0\u00a0\u00a0\u00a0\u00a0\u00a0\u00a0\u00a0\u00a0\u00a0\u00a0\u00a0\u00a0\u00a0 - 10 min......350\u00b0C\u00a0\u00a0\u00a0\u00a0\u00a0\u00a0\u00a0\u00a0\u00a0\u00a0\u00a0\u00a0\u00a0\u00a0\u00a0\u00a0\u00a0\u00a0\u00a0\u00a0\u00a0\u00a0\u00a0 ( No mechanical load all figures with out guarantee )\u2022 Suitable for covering external threads, pins, through and blind holes, etc.\u2022 Re-usability\u2022 Suitable for powder coating, electroplating, anodizing, etc.","breadcrumb":{"@id":"http:\/\/pm.dev-designatelier.cz\/en\/products\/masking-for-hole\/premium-silicone-eu-en\/conic-wads\/#breadcrumb"},"inLanguage":"en-US","potentialAction":[{"@type":"ReadAction","target":["http:\/\/pm.dev-designatelier.cz\/en\/products\/masking-for-hole\/premium-silicone-eu-en\/conic-wads\/"]}]},{"@type":"BreadcrumbList","@id":"http:\/\/pm.dev-designatelier.cz\/en\/products\/masking-for-hole\/premium-silicone-eu-en\/conic-wads\/#breadcrumb","itemListElement":[{"@type":"ListItem","position":1,"name":"Home","item":"http:\/\/pm.dev-designatelier.cz\/en\/"},{"@type":"ListItem","position":2,"name":"Shop","item":"http:\/\/pm.dev-designatelier.cz\/en\/shop\/"},{"@type":"ListItem","position":3,"name":"MASKING FOR HOLE","item":"http:\/\/pm.dev-designatelier.cz\/en\/product-category\/masking-for-hole\/"},{"@type":"ListItem","position":4,"name":"PREMIUM silicone (EU)","item":"http:\/\/pm.dev-designatelier.cz\/en\/product-category\/masking-for-hole\/premium-silicone-eu-en\/"},{"@type":"ListItem","position":5,"name":"CONIC WADS"}]},{"@type":"WebSite","@id":"http:\/\/pm.dev-designatelier.cz\/en\/#website","url":"http:\/\/pm.dev-designatelier.cz\/en\/","name":"PRO MASK PRODUCTS s.r.o.","description":"","publisher":{"@id":"http:\/\/pm.dev-designatelier.cz\/en\/#organization"},"potentialAction":[{"@type":"SearchAction","target":{"@type":"EntryPoint","urlTemplate":"http:\/\/pm.dev-designatelier.cz\/en\/?s={search_term_string}"},"query-input":"required name=search_term_string"}],"inLanguage":"en-US"},{"@type":"Organization","@id":"http:\/\/pm.dev-designatelier.cz\/en\/#organization","name":"Pro Mask Products s.r.o.","url":"http:\/\/pm.dev-designatelier.cz\/en\/","logo":{"@type":"ImageObject","inLanguage":"en-US","@id":"http:\/\/pm.dev-designatelier.cz\/en\/#\/schema\/logo\/image\/","url":"http:\/\/pm.dev-designatelier.cz\/wp-content\/uploads\/2021\/12\/logo_PMP.png","contentUrl":"http:\/\/pm.dev-designatelier.cz\/wp-content\/uploads\/2021\/12\/logo_PMP.png","width":264,"height":110,"caption":"Pro Mask Products s.r.o."},"image":{"@id":"http:\/\/pm.dev-designatelier.cz\/en\/#\/schema\/logo\/image\/"}}]}},"_links":{"self":[{"href":"http:\/\/pm.dev-designatelier.cz\/en\/wp-json\/wp\/v2\/product\/2955"}],"collection":[{"href":"http:\/\/pm.dev-designatelier.cz\/en\/wp-json\/wp\/v2\/product"}],"about":[{"href":"http:\/\/pm.dev-designatelier.cz\/en\/wp-json\/wp\/v2\/types\/product"}],"replies":[{"embeddable":true,"href":"http:\/\/pm.dev-designatelier.cz\/en\/wp-json\/wp\/v2\/comments?post=2955"}],"version-history":[{"count":0,"href":"http:\/\/pm.dev-designatelier.cz\/en\/wp-json\/wp\/v2\/product\/2955\/revisions"}],"wp:featuredmedia":[{"embeddable":true,"href":"http:\/\/pm.dev-designatelier.cz\/en\/wp-json\/wp\/v2\/media\/3621"}],"wp:attachment":[{"href":"http:\/\/pm.dev-designatelier.cz\/en\/wp-json\/wp\/v2\/media?parent=2955"}],"wp:term":[{"taxonomy":"product_cat","embeddable":true,"href":"http:\/\/pm.dev-designatelier.cz\/en\/wp-json\/wp\/v2\/product_cat?post=2955"},{"taxonomy":"product_tag","embeddable":true,"href":"http:\/\/pm.dev-designatelier.cz\/en\/wp-json\/wp\/v2\/product_tag?post=2955"}],"curies":[{"name":"wp","href":"https:\/\/api.w.org\/{rel}","templated":true}]}}