{"id":2953,"date":"2021-11-24T20:21:38","date_gmt":"2021-11-24T19:28:20","guid":{"rendered":"http:\/\/pm.dev-designatelier.cz\/shop\/uncategorized\/covers-with-rectangle-cross-section\/"},"modified":"2022-05-06T12:18:06","modified_gmt":"2022-05-06T10:18:06","slug":"covers-with-rectangle-cross-section","status":"publish","type":"product","link":"http:\/\/pm.dev-designatelier.cz\/en\/products\/masking-for-axle\/premium-silicone-eu\/covers-with-rectangle-cross-section\/","title":{"rendered":"COVERS WITH RECTANGLE CROSS-SECTION"},"content":{"rendered":"<style type=\"text\/css\">\n.tableizer-table {font-family: Arial, Helvetica, sans-serif; font-size: 11px;}\n.tableizer-table td {padding: 3px 25px 3px 25px; border: 1px solid #fff; background-color: #ddd; color: #000; text-align: center;}\n.tableizer-table th {text-align:center;padding: 3px 25px 3px 25px; border: 1px solid #fff; background-color: #ebbc06; color: #fff; font-weight: bold;}\ntd:first-child {text-align: left; background-color: #ccc7c2; font-weight: bold;}\nth:first-child {text-align: left;}\n<\/style>\n<table class=\"tableizer-table\">\n<tr class=\"tableizer-firstrow\">\n<th>PART NO.<\/th>\n<th>A (mm)<\/th>\n<th>B (mm)<\/th>\n<th>C (mm)<\/th>\n<th>D (mm)<\/th>\n<th>L (mm)<\/th>\n<th>L2 (mm)<\/th>\n<\/tr>\n<tr>\n<td>B-0621-0000-00<\/td>\n<td>4.0<\/td>\n<td>0.7<\/td>\n<td>7.8<\/td>\n<td>3.0<\/td>\n<td>22.0<\/td>\n<td>20.0<\/td>\n<\/tr>\n<tr>\n<td>B-0128-0000-00<\/td>\n<td>4.4<\/td>\n<td>0.8<\/td>\n<td>8.0<\/td>\n<td>3.0<\/td>\n<td>8.6<\/td>\n<td>6.6<\/td>\n<\/tr>\n<tr>\n<td>B-0111-0000-00<\/td>\n<td>6.0<\/td>\n<td>0.8<\/td>\n<td>7.8<\/td>\n<td>3.0<\/td>\n<td>13.0<\/td>\n<td>11.0<\/td>\n<\/tr>\n<tr>\n<td>B-0472-0000-00<\/td>\n<td>8.0<\/td>\n<td>6.0<\/td>\n<td>12.0<\/td>\n<td>10.0<\/td>\n<td>19.0<\/td>\n<td>12.0<\/td>\n<\/tr>\n<tr>\n<td>B-0106-0000-00<\/td>\n<td>9.0<\/td>\n<td>4.0<\/td>\n<td>10.0<\/td>\n<td>6.0<\/td>\n<td>13.0<\/td>\n<td>11.0<\/td>\n<\/tr>\n<tr>\n<td>B-0316-0000-00<\/td>\n<td>9.6<\/td>\n<td>4.6<\/td>\n<td>11.6<\/td>\n<td>6.6<\/td>\n<td>9.0<\/td>\n<td>8.0<\/td>\n<\/tr>\n<tr>\n<td>B-1090-0000-00<\/td>\n<td>10.0<\/td>\n<td>1.0<\/td>\n<td>12.0<\/td>\n<td>3.0<\/td>\n<td>13.0<\/td>\n<td>12.0<\/td>\n<\/tr>\n<tr>\n<td>B-0317-0000-00<\/td>\n<td>12.2<\/td>\n<td>4.6<\/td>\n<td>14.2<\/td>\n<td>6.6<\/td>\n<td>9.0<\/td>\n<td>8.0<\/td>\n<\/tr>\n<tr>\n<td>B-0634-0000-00<\/td>\n<td>13.0<\/td>\n<td>1.0<\/td>\n<td>17.0<\/td>\n<td>5.0<\/td>\n<td>52.0<\/td>\n<td>50.0<\/td>\n<\/tr>\n<tr>\n<td>B-0635-0000-00<\/td>\n<td>14.0<\/td>\n<td>2.8<\/td>\n<td>18.0<\/td>\n<td>7.0<\/td>\n<td>52.0<\/td>\n<td>50.0<\/td>\n<\/tr>\n<tr>\n<td>B-1727-0000-00<\/td>\n<td>14.6<\/td>\n<td>3.8<\/td>\n<td>16.6<\/td>\n<td>5.2<\/td>\n<td>6.0<\/td>\n<td>4.7<\/td>\n<\/tr>\n<tr>\n<td>B-0782-0001-00<\/td>\n<td>17.0<\/td>\n<td>17.0<\/td>\n<td>22.0<\/td>\n<td>22.0<\/td>\n<td>8.0<\/td>\n<td>7.0<\/td>\n<\/tr>\n<tr>\n<td>B-0244-0001-00<\/td>\n<td>19.0<\/td>\n<td>16.5<\/td>\n<td>30.0<\/td>\n<td>24.0<\/td>\n<td>9.0<\/td>\n<td>7.0<\/td>\n<\/tr>\n<tr>\n<td>B-1218-0000-00<\/td>\n<td>20.0<\/td>\n<td>6.0<\/td>\n<td>22.5<\/td>\n<td>9.0<\/td>\n<td>54.0<\/td>\n<td>50.0<\/td>\n<\/tr>\n<tr>\n<td>B-0960-0000-00<\/td>\n<td>20.5<\/td>\n<td>5.0<\/td>\n<td>25.0<\/td>\n<td>9.0<\/td>\n<td>14.0<\/td>\n<td>11.0<\/td>\n<\/tr>\n<tr>\n<td>B-0782-0000-00<\/td>\n<td>20.5<\/td>\n<td>20.5<\/td>\n<td>22.5<\/td>\n<td>22.5<\/td>\n<td>8.0<\/td>\n<td>6.5<\/td>\n<\/tr>\n<tr>\n<td>B-0150-0000-00<\/td>\n<td>24.5<\/td>\n<td>4.3<\/td>\n<td>28.0<\/td>\n<td>5.9<\/td>\n<td>7.7<\/td>\n<td>6.40<\/td>\n<\/tr>\n<tr>\n<td>B-1148-0000-00<\/td>\n<td>24.5<\/td>\n<td>24.5<\/td>\n<td>27.5<\/td>\n<td>27.5<\/td>\n<td>8.0<\/td>\n<td>6.5<\/td>\n<\/tr>\n<tr>\n<td>B-1219-0000-00<\/td>\n<td>25.0<\/td>\n<td>6.0<\/td>\n<td>27.5<\/td>\n<td>9.0<\/td>\n<td>54.0<\/td>\n<td>50.0<\/td>\n<\/tr>\n<tr>\n<td>B-0965-0000-00<\/td>\n<td>25.3<\/td>\n<td>7.2<\/td>\n<td>29.3<\/td>\n<td>8.2<\/td>\n<td>7.5<\/td>\n<td>6.0<\/td>\n<\/tr>\n<tr>\n<td>B-0992-0000-00<\/td>\n<td>25.6<\/td>\n<td>12.8<\/td>\n<td>31.0<\/td>\n<td>17.0<\/td>\n<td>28.0<\/td>\n<td>26.0<\/td>\n<\/tr>\n<tr>\n<td>B-1017-0000-00<\/td>\n<td>28.2<\/td>\n<td>3.0<\/td>\n<td>30.0<\/td>\n<td>5.0<\/td>\n<td>14.5<\/td>\n<td>12.5<\/td>\n<\/tr>\n<tr>\n<td>B-1017-0001-00<\/td>\n<td>29.6<\/td>\n<td>4.6<\/td>\n<td>34.0<\/td>\n<td>8.6<\/td>\n<td>16.5<\/td>\n<td>14.5<\/td>\n<\/tr>\n<tr>\n<td>B-1058-0000-00<\/td>\n<td>29.6<\/td>\n<td>5.8<\/td>\n<td>35.3<\/td>\n<td>11.8<\/td>\n<td>32.4<\/td>\n<td>30.0<\/td>\n<\/tr>\n<tr>\n<td>B-1729-0000-00<\/td>\n<td>30.0<\/td>\n<td>3.8<\/td>\n<td>32.0<\/td>\n<td>5.2<\/td>\n<td>6.0<\/td>\n<td>4.7<\/td>\n<\/tr>\n<tr>\n<td>B-1225-0000-00<\/td>\n<td>30.0<\/td>\n<td>8.0<\/td>\n<td>32.2<\/td>\n<td>10.0<\/td>\n<td>13.0<\/td>\n<td>12.0<\/td>\n<\/tr>\n<tr>\n<td>B-1904-0000-00<\/td>\n<td>32.2<\/td>\n<td>3.0<\/td>\n<td>34.2<\/td>\n<td>4.2<\/td>\n<td>2.5<\/td>\n<td>1.4<\/td>\n<\/tr>\n<tr>\n<td>B-0368-0000-00<\/td>\n<td>33.5<\/td>\n<td>2.5<\/td>\n<td>35.5<\/td>\n<td>4.5<\/td>\n<td>6.0<\/td>\n<td>5.0<\/td>\n<\/tr>\n<tr>\n<td>B-0151-0000-00<\/td>\n<td>35.3<\/td>\n<td>4.4<\/td>\n<td>39.0<\/td>\n<td>5.9<\/td>\n<td>7.9<\/td>\n<td>6.4<\/td>\n<\/tr>\n<tr>\n<td>B-1903-0000-00<\/td>\n<td>36.0<\/td>\n<td>4.0<\/td>\n<td>37.6<\/td>\n<td>5.6<\/td>\n<td>2.5<\/td>\n<td>1.4<\/td>\n<\/tr>\n<tr>\n<td>B-1183-0000-00<\/td>\n<td>40.0<\/td>\n<td>12.0<\/td>\n<td>44.0<\/td>\n<td>16.0<\/td>\n<td>18.0<\/td>\n<td>16.0<\/td>\n<\/tr>\n<tr>\n<td>B-0152-0000-00<\/td>\n<td>43.0<\/td>\n<td>4.45<\/td>\n<td>47.0<\/td>\n<td>5.8<\/td>\n<td>7.8<\/td>\n<td>6.5<\/td>\n<\/tr>\n<tr>\n<td>B-0153-0000-00<\/td>\n<td>49.0<\/td>\n<td>4.45<\/td>\n<td>53.0<\/td>\n<td>5.8<\/td>\n<td>7.8<\/td>\n<td>6.5<\/td>\n<\/tr>\n<tr>\n<td>B-1728-0000-00<\/td>\n<td>49.6<\/td>\n<td>49.6<\/td>\n<td>53.6<\/td>\n<td>52.6<\/td>\n<td>4.2<\/td>\n<td>2.2<\/td>\n<\/tr>\n<tr>\n<td>B-0369-0000-00<\/td>\n<td>67.0<\/td>\n<td>2.5<\/td>\n<td>69.0<\/td>\n<td>4.5<\/td>\n<td>6.0<\/td>\n<td>5.0<\/td>\n<\/tr>\n<tr>\n<td>B-0549-0000-00<\/td>\n<td>70.0<\/td>\n<td>8.1<\/td>\n<td>73.0<\/td>\n<td>11.0<\/td>\n<td>18.5<\/td>\n<td>17.0<\/td>\n<\/tr>\n<tr>\n<td>B-0544-0000-00<\/td>\n<td>88.0<\/td>\n<td>4.8<\/td>\n<td>90.4<\/td>\n<td>7.2<\/td>\n<td>8.5<\/td>\n<td>7.5<\/td>\n<\/tr>\n<tr>\n<td>B-0140-0000-00<\/td>\n<td>90.0<\/td>\n<td>11.0<\/td>\n<td>95.0<\/td>\n<td>15.0<\/td>\n<td>15.4<\/td>\n<td>13.0<\/td>\n<\/tr>\n<tr>\n<td>B-0141-0000-00<\/td>\n<td>105.0<\/td>\n<td>11.0<\/td>\n<td>110.0<\/td>\n<td>15.0<\/td>\n<td>15.4<\/td>\n<td>13.0<\/td>\n<\/tr>\n<\/table>\n","protected":false},"excerpt":{"rendered":"<p>&bull; Material &#8211; SILICONE (made in CZ)<br \/>&bull;  Thermal load &#8211; 3 hrs&#8230;&#8230;.300&deg;C<br \/>&nbsp;&nbsp;&nbsp;&nbsp;&nbsp;&nbsp;&nbsp;&nbsp;&nbsp;&nbsp;&nbsp;&nbsp;&nbsp;&nbsp;&nbsp;&nbsp;&nbsp;&nbsp;&nbsp;&nbsp;&nbsp;&nbsp;&nbsp; &#8211; 30 min&#8230;&#8230;320&deg;C<br \/>&nbsp;&nbsp;&nbsp;&nbsp;&nbsp;&nbsp;&nbsp;&nbsp;&nbsp;&nbsp;&nbsp;&nbsp;&nbsp;&nbsp;&nbsp;&nbsp;&nbsp;&nbsp;&nbsp;&nbsp;&nbsp;&nbsp;&nbsp; &#8211; 10 min&#8230;&#8230;350&deg;C<br \/>&nbsp;&nbsp;&nbsp;&nbsp;&nbsp;&nbsp;&nbsp;&nbsp;&nbsp;&nbsp;&nbsp;&nbsp;&nbsp;&nbsp;&nbsp;&nbsp;&nbsp;&nbsp;&nbsp;&nbsp;&nbsp;&nbsp;&nbsp; ( No mechanical load all figures with out guarantee )<br \/>&bull; Designed to cover the earth and earth strips for connectors<br \/>&bull; Re-usability<br \/>&bull; Suitable for powder coating, electroplating, anodizing, etc.<\/p>\n","protected":false},"featured_media":3399,"comment_status":"closed","ping_status":"closed","template":"","meta":[],"product_cat":[153,156],"product_tag":[],"yoast_head":"<!-- This site is optimized with the Yoast SEO plugin v21.6 - https:\/\/yoast.com\/wordpress\/plugins\/seo\/ -->\n<title>COVERS WITH RECTANGLE CROSS-SECTION - Maskovac\u00ed krytky s obd\u00e9ln\u00edkov\u00fdm pr\u016f\u0159ezem - PRO MASK PRODUCTS s.r.o.<\/title>\n<meta name=\"description\" content=\"\u2022 Material - SILICONE (made in CZ)\u2022 Thermal load - 3 hrs.......300\u00b0C\u00a0\u00a0\u00a0\u00a0\u00a0\u00a0\u00a0\u00a0\u00a0\u00a0\u00a0\u00a0\u00a0\u00a0\u00a0\u00a0\u00a0\u00a0\u00a0\u00a0\u00a0\u00a0\u00a0 - 30 min......320\u00b0C\u00a0\u00a0\u00a0\u00a0\u00a0\u00a0\u00a0\u00a0\u00a0\u00a0\u00a0\u00a0\u00a0\u00a0\u00a0\u00a0\u00a0\u00a0\u00a0\u00a0\u00a0\u00a0\u00a0 - 10 min......350\u00b0C\u00a0\u00a0\u00a0\u00a0\u00a0\u00a0\u00a0\u00a0\u00a0\u00a0\u00a0\u00a0\u00a0\u00a0\u00a0\u00a0\u00a0\u00a0\u00a0\u00a0\u00a0\u00a0\u00a0 ( No mechanical load all figures with out guarantee )\u2022 Designed to cover the earth and earth strips for connectors\u2022 Re-usability\u2022 Suitable for powder coating, electroplating, anodizing, etc.\" \/>\n<meta name=\"robots\" content=\"noindex, follow, max-snippet:-1, max-image-preview:large, max-video-preview:-1\" \/>\n<meta property=\"og:locale\" content=\"en_US\" \/>\n<meta property=\"og:type\" content=\"article\" \/>\n<meta property=\"og:title\" content=\"COVERS WITH RECTANGLE CROSS-SECTION - Maskovac\u00ed krytky s obd\u00e9ln\u00edkov\u00fdm pr\u016f\u0159ezem - PRO MASK PRODUCTS s.r.o.\" \/>\n<meta property=\"og:description\" content=\"\u2022 Material - SILICONE (made in CZ)\u2022 Thermal load - 3 hrs.......300\u00b0C\u00a0\u00a0\u00a0\u00a0\u00a0\u00a0\u00a0\u00a0\u00a0\u00a0\u00a0\u00a0\u00a0\u00a0\u00a0\u00a0\u00a0\u00a0\u00a0\u00a0\u00a0\u00a0\u00a0 - 30 min......320\u00b0C\u00a0\u00a0\u00a0\u00a0\u00a0\u00a0\u00a0\u00a0\u00a0\u00a0\u00a0\u00a0\u00a0\u00a0\u00a0\u00a0\u00a0\u00a0\u00a0\u00a0\u00a0\u00a0\u00a0 - 10 min......350\u00b0C\u00a0\u00a0\u00a0\u00a0\u00a0\u00a0\u00a0\u00a0\u00a0\u00a0\u00a0\u00a0\u00a0\u00a0\u00a0\u00a0\u00a0\u00a0\u00a0\u00a0\u00a0\u00a0\u00a0 ( No mechanical load all figures with out guarantee )\u2022 Designed to cover the earth and earth strips for connectors\u2022 Re-usability\u2022 Suitable for powder coating, electroplating, anodizing, etc.PRO MASK PRODUCTS s.r.o. - Maskovac\u00ed krytky, z\u00e1tky, p\u00e1sky, z\u00e1v\u011bsov\u00e1 technika - Krytky s obd\u00e9ln\u00edkov\u00fdm pr\u016f\u0159ezemP\u0159\u00edm\u00fd dovozce a zpracovatel maskovac\u00edch prost\u0159edk\u016f pro povrchov\u00e9 \u00fapravy.\" \/>\n<meta property=\"og:url\" content=\"http:\/\/pm.dev-designatelier.cz\/en\/products\/masking-for-axle\/premium-silicone-eu\/covers-with-rectangle-cross-section\/\" \/>\n<meta property=\"og:site_name\" content=\"PRO MASK PRODUCTS s.r.o.\" \/>\n<meta property=\"article:modified_time\" content=\"2022-05-06T10:18:06+00:00\" \/>\n<meta property=\"og:image\" content=\"http:\/\/pm.dev-designatelier.cz\/wp-content\/uploads\/2021\/11\/KRYTKY-S-OBDE\u0301LNI\u0301KOVY\u0301M-PRU\u030aR\u030cEZEM_1.jpg\" \/>\n\t<meta property=\"og:image:width\" content=\"1102\" \/>\n\t<meta property=\"og:image:height\" content=\"1102\" \/>\n\t<meta property=\"og:image:type\" content=\"image\/jpeg\" \/>\n<meta name=\"twitter:card\" content=\"summary_large_image\" \/>\n<meta name=\"twitter:description\" content=\"\u2022 Material - SILICONE (made in CZ)\u2022 Thermal load - 3 hrs.......300\u00b0C\u00a0\u00a0\u00a0\u00a0\u00a0\u00a0\u00a0\u00a0\u00a0\u00a0\u00a0\u00a0\u00a0\u00a0\u00a0\u00a0\u00a0\u00a0\u00a0\u00a0\u00a0\u00a0\u00a0 - 30 min......320\u00b0C\u00a0\u00a0\u00a0\u00a0\u00a0\u00a0\u00a0\u00a0\u00a0\u00a0\u00a0\u00a0\u00a0\u00a0\u00a0\u00a0\u00a0\u00a0\u00a0\u00a0\u00a0\u00a0\u00a0 - 10 min......350\u00b0C\u00a0\u00a0\u00a0\u00a0\u00a0\u00a0\u00a0\u00a0\u00a0\u00a0\u00a0\u00a0\u00a0\u00a0\u00a0\u00a0\u00a0\u00a0\u00a0\u00a0\u00a0\u00a0\u00a0 ( No mechanical load all figures with out guarantee )\u2022 Designed to cover the earth and earth strips for connectors\u2022 Re-usability\u2022 Suitable for powder coating, electroplating, anodizing, etc.PRO MASK PRODUCTS s.r.o. - Maskovac\u00ed krytky, z\u00e1tky, p\u00e1sky, z\u00e1v\u011bsov\u00e1 technika - Krytky s obd\u00e9ln\u00edkov\u00fdm pr\u016f\u0159ezemP\u0159\u00edm\u00fd dovozce a zpracovatel maskovac\u00edch prost\u0159edk\u016f pro povrchov\u00e9 \u00fapravy.\" \/>\n<meta name=\"twitter:label1\" content=\"Est. reading time\" \/>\n\t<meta name=\"twitter:data1\" content=\"1 minute\" \/>\n<script type=\"application\/ld+json\" class=\"yoast-schema-graph\">{\"@context\":\"https:\/\/schema.org\",\"@graph\":[{\"@type\":\"WebPage\",\"@id\":\"http:\/\/pm.dev-designatelier.cz\/en\/products\/masking-for-axle\/premium-silicone-eu\/covers-with-rectangle-cross-section\/\",\"url\":\"http:\/\/pm.dev-designatelier.cz\/en\/products\/masking-for-axle\/premium-silicone-eu\/covers-with-rectangle-cross-section\/\",\"name\":\"COVERS WITH RECTANGLE CROSS-SECTION - Maskovac\u00ed krytky s obd\u00e9ln\u00edkov\u00fdm pr\u016f\u0159ezem - PRO MASK PRODUCTS s.r.o.\",\"isPartOf\":{\"@id\":\"http:\/\/pm.dev-designatelier.cz\/en\/#website\"},\"datePublished\":\"2021-11-24T19:28:20+00:00\",\"dateModified\":\"2022-05-06T10:18:06+00:00\",\"description\":\"\u2022 Material - SILICONE (made in CZ)\u2022 Thermal load - 3 hrs.......300\u00b0C\u00a0\u00a0\u00a0\u00a0\u00a0\u00a0\u00a0\u00a0\u00a0\u00a0\u00a0\u00a0\u00a0\u00a0\u00a0\u00a0\u00a0\u00a0\u00a0\u00a0\u00a0\u00a0\u00a0 - 30 min......320\u00b0C\u00a0\u00a0\u00a0\u00a0\u00a0\u00a0\u00a0\u00a0\u00a0\u00a0\u00a0\u00a0\u00a0\u00a0\u00a0\u00a0\u00a0\u00a0\u00a0\u00a0\u00a0\u00a0\u00a0 - 10 min......350\u00b0C\u00a0\u00a0\u00a0\u00a0\u00a0\u00a0\u00a0\u00a0\u00a0\u00a0\u00a0\u00a0\u00a0\u00a0\u00a0\u00a0\u00a0\u00a0\u00a0\u00a0\u00a0\u00a0\u00a0 ( No mechanical load all figures with out guarantee )\u2022 Designed to cover the earth and earth strips for connectors\u2022 Re-usability\u2022 Suitable for powder coating, electroplating, anodizing, etc.\",\"breadcrumb\":{\"@id\":\"http:\/\/pm.dev-designatelier.cz\/en\/products\/masking-for-axle\/premium-silicone-eu\/covers-with-rectangle-cross-section\/#breadcrumb\"},\"inLanguage\":\"en-US\",\"potentialAction\":[{\"@type\":\"ReadAction\",\"target\":[\"http:\/\/pm.dev-designatelier.cz\/en\/products\/masking-for-axle\/premium-silicone-eu\/covers-with-rectangle-cross-section\/\"]}]},{\"@type\":\"BreadcrumbList\",\"@id\":\"http:\/\/pm.dev-designatelier.cz\/en\/products\/masking-for-axle\/premium-silicone-eu\/covers-with-rectangle-cross-section\/#breadcrumb\",\"itemListElement\":[{\"@type\":\"ListItem\",\"position\":1,\"name\":\"Home\",\"item\":\"http:\/\/pm.dev-designatelier.cz\/en\/\"},{\"@type\":\"ListItem\",\"position\":2,\"name\":\"Shop\",\"item\":\"http:\/\/pm.dev-designatelier.cz\/en\/shop\/\"},{\"@type\":\"ListItem\",\"position\":3,\"name\":\"MASKING FOR AXLE\",\"item\":\"http:\/\/pm.dev-designatelier.cz\/en\/product-category\/masking-for-axle\/\"},{\"@type\":\"ListItem\",\"position\":4,\"name\":\"PREMIUM silicone (EU)\",\"item\":\"http:\/\/pm.dev-designatelier.cz\/en\/product-category\/masking-for-axle\/premium-silicone-eu\/\"},{\"@type\":\"ListItem\",\"position\":5,\"name\":\"COVERS WITH RECTANGLE CROSS-SECTION\"}]},{\"@type\":\"WebSite\",\"@id\":\"http:\/\/pm.dev-designatelier.cz\/en\/#website\",\"url\":\"http:\/\/pm.dev-designatelier.cz\/en\/\",\"name\":\"PRO MASK PRODUCTS s.r.o.\",\"description\":\"\",\"publisher\":{\"@id\":\"http:\/\/pm.dev-designatelier.cz\/en\/#organization\"},\"potentialAction\":[{\"@type\":\"SearchAction\",\"target\":{\"@type\":\"EntryPoint\",\"urlTemplate\":\"http:\/\/pm.dev-designatelier.cz\/en\/?s={search_term_string}\"},\"query-input\":\"required name=search_term_string\"}],\"inLanguage\":\"en-US\"},{\"@type\":\"Organization\",\"@id\":\"http:\/\/pm.dev-designatelier.cz\/en\/#organization\",\"name\":\"Pro Mask Products s.r.o.\",\"url\":\"http:\/\/pm.dev-designatelier.cz\/en\/\",\"logo\":{\"@type\":\"ImageObject\",\"inLanguage\":\"en-US\",\"@id\":\"http:\/\/pm.dev-designatelier.cz\/en\/#\/schema\/logo\/image\/\",\"url\":\"http:\/\/pm.dev-designatelier.cz\/wp-content\/uploads\/2021\/12\/logo_PMP.png\",\"contentUrl\":\"http:\/\/pm.dev-designatelier.cz\/wp-content\/uploads\/2021\/12\/logo_PMP.png\",\"width\":264,\"height\":110,\"caption\":\"Pro Mask Products s.r.o.\"},\"image\":{\"@id\":\"http:\/\/pm.dev-designatelier.cz\/en\/#\/schema\/logo\/image\/\"}}]}<\/script>\n<!-- \/ Yoast SEO plugin. -->","yoast_head_json":{"title":"COVERS WITH RECTANGLE CROSS-SECTION - Maskovac\u00ed krytky s obd\u00e9ln\u00edkov\u00fdm pr\u016f\u0159ezem - PRO MASK PRODUCTS s.r.o.","description":"\u2022 Material - SILICONE (made in CZ)\u2022 Thermal load - 3 hrs.......300\u00b0C\u00a0\u00a0\u00a0\u00a0\u00a0\u00a0\u00a0\u00a0\u00a0\u00a0\u00a0\u00a0\u00a0\u00a0\u00a0\u00a0\u00a0\u00a0\u00a0\u00a0\u00a0\u00a0\u00a0 - 30 min......320\u00b0C\u00a0\u00a0\u00a0\u00a0\u00a0\u00a0\u00a0\u00a0\u00a0\u00a0\u00a0\u00a0\u00a0\u00a0\u00a0\u00a0\u00a0\u00a0\u00a0\u00a0\u00a0\u00a0\u00a0 - 10 min......350\u00b0C\u00a0\u00a0\u00a0\u00a0\u00a0\u00a0\u00a0\u00a0\u00a0\u00a0\u00a0\u00a0\u00a0\u00a0\u00a0\u00a0\u00a0\u00a0\u00a0\u00a0\u00a0\u00a0\u00a0 ( No mechanical load all figures with out guarantee )\u2022 Designed to cover the earth and earth strips for connectors\u2022 Re-usability\u2022 Suitable for powder coating, electroplating, anodizing, etc.","robots":{"index":"noindex","follow":"follow","max-snippet":"max-snippet:-1","max-image-preview":"max-image-preview:large","max-video-preview":"max-video-preview:-1"},"og_locale":"en_US","og_type":"article","og_title":"COVERS WITH RECTANGLE CROSS-SECTION - Maskovac\u00ed krytky s obd\u00e9ln\u00edkov\u00fdm pr\u016f\u0159ezem - PRO MASK PRODUCTS s.r.o.","og_description":"\u2022 Material - SILICONE (made in CZ)\u2022 Thermal load - 3 hrs.......300\u00b0C\u00a0\u00a0\u00a0\u00a0\u00a0\u00a0\u00a0\u00a0\u00a0\u00a0\u00a0\u00a0\u00a0\u00a0\u00a0\u00a0\u00a0\u00a0\u00a0\u00a0\u00a0\u00a0\u00a0 - 30 min......320\u00b0C\u00a0\u00a0\u00a0\u00a0\u00a0\u00a0\u00a0\u00a0\u00a0\u00a0\u00a0\u00a0\u00a0\u00a0\u00a0\u00a0\u00a0\u00a0\u00a0\u00a0\u00a0\u00a0\u00a0 - 10 min......350\u00b0C\u00a0\u00a0\u00a0\u00a0\u00a0\u00a0\u00a0\u00a0\u00a0\u00a0\u00a0\u00a0\u00a0\u00a0\u00a0\u00a0\u00a0\u00a0\u00a0\u00a0\u00a0\u00a0\u00a0 ( No mechanical load all figures with out guarantee )\u2022 Designed to cover the earth and earth strips for connectors\u2022 Re-usability\u2022 Suitable for powder coating, electroplating, anodizing, etc.PRO MASK PRODUCTS s.r.o. - Maskovac\u00ed krytky, z\u00e1tky, p\u00e1sky, z\u00e1v\u011bsov\u00e1 technika - Krytky s obd\u00e9ln\u00edkov\u00fdm pr\u016f\u0159ezemP\u0159\u00edm\u00fd dovozce a zpracovatel maskovac\u00edch prost\u0159edk\u016f pro povrchov\u00e9 \u00fapravy.","og_url":"http:\/\/pm.dev-designatelier.cz\/en\/products\/masking-for-axle\/premium-silicone-eu\/covers-with-rectangle-cross-section\/","og_site_name":"PRO MASK PRODUCTS s.r.o.","article_modified_time":"2022-05-06T10:18:06+00:00","og_image":[{"width":1102,"height":1102,"url":"http:\/\/pm.dev-designatelier.cz\/wp-content\/uploads\/2021\/11\/KRYTKY-S-OBDE\u0301LNI\u0301KOVY\u0301M-PRU\u030aR\u030cEZEM_1.jpg","type":"image\/jpeg"}],"twitter_card":"summary_large_image","twitter_description":"\u2022 Material - SILICONE (made in CZ)\u2022 Thermal load - 3 hrs.......300\u00b0C\u00a0\u00a0\u00a0\u00a0\u00a0\u00a0\u00a0\u00a0\u00a0\u00a0\u00a0\u00a0\u00a0\u00a0\u00a0\u00a0\u00a0\u00a0\u00a0\u00a0\u00a0\u00a0\u00a0 - 30 min......320\u00b0C\u00a0\u00a0\u00a0\u00a0\u00a0\u00a0\u00a0\u00a0\u00a0\u00a0\u00a0\u00a0\u00a0\u00a0\u00a0\u00a0\u00a0\u00a0\u00a0\u00a0\u00a0\u00a0\u00a0 - 10 min......350\u00b0C\u00a0\u00a0\u00a0\u00a0\u00a0\u00a0\u00a0\u00a0\u00a0\u00a0\u00a0\u00a0\u00a0\u00a0\u00a0\u00a0\u00a0\u00a0\u00a0\u00a0\u00a0\u00a0\u00a0 ( No mechanical load all figures with out guarantee )\u2022 Designed to cover the earth and earth strips for connectors\u2022 Re-usability\u2022 Suitable for powder coating, electroplating, anodizing, etc.PRO MASK PRODUCTS s.r.o. - Maskovac\u00ed krytky, z\u00e1tky, p\u00e1sky, z\u00e1v\u011bsov\u00e1 technika - Krytky s obd\u00e9ln\u00edkov\u00fdm pr\u016f\u0159ezemP\u0159\u00edm\u00fd dovozce a zpracovatel maskovac\u00edch prost\u0159edk\u016f pro povrchov\u00e9 \u00fapravy.","twitter_misc":{"Est. reading time":"1 minute"},"schema":{"@context":"https:\/\/schema.org","@graph":[{"@type":"WebPage","@id":"http:\/\/pm.dev-designatelier.cz\/en\/products\/masking-for-axle\/premium-silicone-eu\/covers-with-rectangle-cross-section\/","url":"http:\/\/pm.dev-designatelier.cz\/en\/products\/masking-for-axle\/premium-silicone-eu\/covers-with-rectangle-cross-section\/","name":"COVERS WITH RECTANGLE CROSS-SECTION - Maskovac\u00ed krytky s obd\u00e9ln\u00edkov\u00fdm pr\u016f\u0159ezem - PRO MASK PRODUCTS s.r.o.","isPartOf":{"@id":"http:\/\/pm.dev-designatelier.cz\/en\/#website"},"datePublished":"2021-11-24T19:28:20+00:00","dateModified":"2022-05-06T10:18:06+00:00","description":"\u2022 Material - SILICONE (made in CZ)\u2022 Thermal load - 3 hrs.......300\u00b0C\u00a0\u00a0\u00a0\u00a0\u00a0\u00a0\u00a0\u00a0\u00a0\u00a0\u00a0\u00a0\u00a0\u00a0\u00a0\u00a0\u00a0\u00a0\u00a0\u00a0\u00a0\u00a0\u00a0 - 30 min......320\u00b0C\u00a0\u00a0\u00a0\u00a0\u00a0\u00a0\u00a0\u00a0\u00a0\u00a0\u00a0\u00a0\u00a0\u00a0\u00a0\u00a0\u00a0\u00a0\u00a0\u00a0\u00a0\u00a0\u00a0 - 10 min......350\u00b0C\u00a0\u00a0\u00a0\u00a0\u00a0\u00a0\u00a0\u00a0\u00a0\u00a0\u00a0\u00a0\u00a0\u00a0\u00a0\u00a0\u00a0\u00a0\u00a0\u00a0\u00a0\u00a0\u00a0 ( No mechanical load all figures with out guarantee )\u2022 Designed to cover the earth and earth strips for connectors\u2022 Re-usability\u2022 Suitable for powder coating, electroplating, anodizing, etc.","breadcrumb":{"@id":"http:\/\/pm.dev-designatelier.cz\/en\/products\/masking-for-axle\/premium-silicone-eu\/covers-with-rectangle-cross-section\/#breadcrumb"},"inLanguage":"en-US","potentialAction":[{"@type":"ReadAction","target":["http:\/\/pm.dev-designatelier.cz\/en\/products\/masking-for-axle\/premium-silicone-eu\/covers-with-rectangle-cross-section\/"]}]},{"@type":"BreadcrumbList","@id":"http:\/\/pm.dev-designatelier.cz\/en\/products\/masking-for-axle\/premium-silicone-eu\/covers-with-rectangle-cross-section\/#breadcrumb","itemListElement":[{"@type":"ListItem","position":1,"name":"Home","item":"http:\/\/pm.dev-designatelier.cz\/en\/"},{"@type":"ListItem","position":2,"name":"Shop","item":"http:\/\/pm.dev-designatelier.cz\/en\/shop\/"},{"@type":"ListItem","position":3,"name":"MASKING FOR AXLE","item":"http:\/\/pm.dev-designatelier.cz\/en\/product-category\/masking-for-axle\/"},{"@type":"ListItem","position":4,"name":"PREMIUM silicone (EU)","item":"http:\/\/pm.dev-designatelier.cz\/en\/product-category\/masking-for-axle\/premium-silicone-eu\/"},{"@type":"ListItem","position":5,"name":"COVERS WITH RECTANGLE CROSS-SECTION"}]},{"@type":"WebSite","@id":"http:\/\/pm.dev-designatelier.cz\/en\/#website","url":"http:\/\/pm.dev-designatelier.cz\/en\/","name":"PRO MASK PRODUCTS s.r.o.","description":"","publisher":{"@id":"http:\/\/pm.dev-designatelier.cz\/en\/#organization"},"potentialAction":[{"@type":"SearchAction","target":{"@type":"EntryPoint","urlTemplate":"http:\/\/pm.dev-designatelier.cz\/en\/?s={search_term_string}"},"query-input":"required name=search_term_string"}],"inLanguage":"en-US"},{"@type":"Organization","@id":"http:\/\/pm.dev-designatelier.cz\/en\/#organization","name":"Pro Mask Products s.r.o.","url":"http:\/\/pm.dev-designatelier.cz\/en\/","logo":{"@type":"ImageObject","inLanguage":"en-US","@id":"http:\/\/pm.dev-designatelier.cz\/en\/#\/schema\/logo\/image\/","url":"http:\/\/pm.dev-designatelier.cz\/wp-content\/uploads\/2021\/12\/logo_PMP.png","contentUrl":"http:\/\/pm.dev-designatelier.cz\/wp-content\/uploads\/2021\/12\/logo_PMP.png","width":264,"height":110,"caption":"Pro Mask Products s.r.o."},"image":{"@id":"http:\/\/pm.dev-designatelier.cz\/en\/#\/schema\/logo\/image\/"}}]}},"_links":{"self":[{"href":"http:\/\/pm.dev-designatelier.cz\/en\/wp-json\/wp\/v2\/product\/2953"}],"collection":[{"href":"http:\/\/pm.dev-designatelier.cz\/en\/wp-json\/wp\/v2\/product"}],"about":[{"href":"http:\/\/pm.dev-designatelier.cz\/en\/wp-json\/wp\/v2\/types\/product"}],"replies":[{"embeddable":true,"href":"http:\/\/pm.dev-designatelier.cz\/en\/wp-json\/wp\/v2\/comments?post=2953"}],"version-history":[{"count":0,"href":"http:\/\/pm.dev-designatelier.cz\/en\/wp-json\/wp\/v2\/product\/2953\/revisions"}],"wp:featuredmedia":[{"embeddable":true,"href":"http:\/\/pm.dev-designatelier.cz\/en\/wp-json\/wp\/v2\/media\/3399"}],"wp:attachment":[{"href":"http:\/\/pm.dev-designatelier.cz\/en\/wp-json\/wp\/v2\/media?parent=2953"}],"wp:term":[{"taxonomy":"product_cat","embeddable":true,"href":"http:\/\/pm.dev-designatelier.cz\/en\/wp-json\/wp\/v2\/product_cat?post=2953"},{"taxonomy":"product_tag","embeddable":true,"href":"http:\/\/pm.dev-designatelier.cz\/en\/wp-json\/wp\/v2\/product_tag?post=2953"}],"curies":[{"name":"wp","href":"https:\/\/api.w.org\/{rel}","templated":true}]}}