{"id":2945,"date":"2021-11-24T20:21:38","date_gmt":"2021-11-24T19:28:20","guid":{"rendered":"http:\/\/pm.dev-designatelier.cz\/shop\/uncategorized\/gc-500\/"},"modified":"2022-04-23T18:40:00","modified_gmt":"2022-04-23T16:40:00","slug":"gc-500","status":"publish","type":"product","link":"http:\/\/pm.dev-designatelier.cz\/en\/products\/masking-for-plane-surface\/glasscloth-tapes\/gc-500\/","title":{"rendered":"GC &#8211; 500"},"content":{"rendered":"","protected":false},"excerpt":{"rendered":"<ul>\n<li>Glasscloth film \/ silicone adhesive (made in China)<\/li>\n<li>Total thickness 0,18 mm<\/li>\n<li>Temperature range up to 250\u00b0C<\/li>\n<li>Roll &#8211; 30 m (white color)<\/li>\n<li>Suitable for high temperature masking, blasting<\/li>\n<li>No residue after removal<\/li>\n<li>Good tearing and abrasion resistance<\/li>\n<\/ul>\n","protected":false},"featured_media":4359,"comment_status":"closed","ping_status":"closed","template":"","meta":[],"product_cat":[164,183],"product_tag":[],"yoast_head":"<!-- This site is optimized with the Yoast SEO plugin v21.6 - https:\/\/yoast.com\/wordpress\/plugins\/seo\/ -->\n<title>GC - 500 - Sklotextilov\u00e1 maskovac\u00ed p\u00e1ska - PRO MASK PRODUCTS s.r.o.<\/title>\n<meta name=\"description\" content=\"\u2022 Glasscloth film \/ silicone adhesive (made in China)\u2022 Total thickness 0,18 mm\u2022 Temperature range up to 250\u00b0C\u2022 Roll - 30 m (white color)\u2022 Suitable for high temperature masking, blasting\u2022 No residue after removal\u2022 Good tearing and abrasion resistance\" \/>\n<meta name=\"robots\" content=\"noindex, follow, max-snippet:-1, max-image-preview:large, max-video-preview:-1\" \/>\n<meta property=\"og:locale\" content=\"en_US\" \/>\n<meta property=\"og:type\" content=\"article\" \/>\n<meta property=\"og:title\" content=\"GC - 500 - Sklotextilov\u00e1 maskovac\u00ed p\u00e1ska - PRO MASK PRODUCTS s.r.o.\" \/>\n<meta property=\"og:description\" content=\"\u2022 Glasscloth film \/ silicone adhesive (made in China)\u2022 Total thickness 0,18 mm\u2022 Temperature range up to 250\u00b0C\u2022 Roll - 30 m (white color)\u2022 Suitable for high temperature masking, blasting\u2022 No residue after removal\u2022 Good tearing and abrasion resistancePRO MASK PRODUCTS s.r.o. - Maskovac\u00ed krytky, z\u00e1tky, p\u00e1sky, z\u00e1v\u011bsov\u00e1 technika - sklotextilov\u00e1 maskovac\u00ed p\u00e1skaP\u0159\u00edm\u00fd dovozce a zpracovatel maskovac\u00edch prost\u0159edk\u016f pro povrchov\u00e9 \u00fapravy.\" \/>\n<meta property=\"og:url\" content=\"http:\/\/pm.dev-designatelier.cz\/en\/products\/masking-for-plane-surface\/glasscloth-tapes\/gc-500\/\" \/>\n<meta property=\"og:site_name\" content=\"PRO MASK PRODUCTS s.r.o.\" \/>\n<meta property=\"article:modified_time\" content=\"2022-04-23T16:40:00+00:00\" \/>\n<meta property=\"og:image\" content=\"http:\/\/pm.dev-designatelier.cz\/wp-content\/uploads\/2022\/05\/SKLOTEXTILOVA-PASKA_GC-500_2.jpg\" \/>\n\t<meta property=\"og:image:width\" content=\"2392\" \/>\n\t<meta property=\"og:image:height\" content=\"2392\" \/>\n\t<meta property=\"og:image:type\" content=\"image\/jpeg\" \/>\n<meta name=\"twitter:card\" content=\"summary_large_image\" \/>\n<meta name=\"twitter:description\" content=\"\u2022 Glasscloth film \/ silicone adhesive (made in China)\u2022 Total thickness 0,18 mm\u2022 Temperature range up to 250\u00b0C\u2022 Roll - 30 m (white color)\u2022 Suitable for high temperature masking, blasting\u2022 No residue after removal\u2022 Good tearing and abrasion resistancePRO MASK PRODUCTS s.r.o. - Maskovac\u00ed krytky, z\u00e1tky, p\u00e1sky, z\u00e1v\u011bsov\u00e1 technika - sklotextilov\u00e1 maskovac\u00ed p\u00e1skaP\u0159\u00edm\u00fd dovozce a zpracovatel maskovac\u00edch prost\u0159edk\u016f pro povrchov\u00e9 \u00fapravy.\" \/>\n<script type=\"application\/ld+json\" class=\"yoast-schema-graph\">{\"@context\":\"https:\/\/schema.org\",\"@graph\":[{\"@type\":\"WebPage\",\"@id\":\"http:\/\/pm.dev-designatelier.cz\/en\/products\/masking-for-plane-surface\/glasscloth-tapes\/gc-500\/\",\"url\":\"http:\/\/pm.dev-designatelier.cz\/en\/products\/masking-for-plane-surface\/glasscloth-tapes\/gc-500\/\",\"name\":\"GC - 500 - Sklotextilov\u00e1 maskovac\u00ed p\u00e1ska - PRO MASK PRODUCTS s.r.o.\",\"isPartOf\":{\"@id\":\"http:\/\/pm.dev-designatelier.cz\/en\/#website\"},\"datePublished\":\"2021-11-24T19:28:20+00:00\",\"dateModified\":\"2022-04-23T16:40:00+00:00\",\"description\":\"\u2022 Glasscloth film \/ silicone adhesive (made in China)\u2022 Total thickness 0,18 mm\u2022 Temperature range up to 250\u00b0C\u2022 Roll - 30 m (white color)\u2022 Suitable for high temperature masking, blasting\u2022 No residue after removal\u2022 Good tearing and abrasion resistance\",\"breadcrumb\":{\"@id\":\"http:\/\/pm.dev-designatelier.cz\/en\/products\/masking-for-plane-surface\/glasscloth-tapes\/gc-500\/#breadcrumb\"},\"inLanguage\":\"en-US\",\"potentialAction\":[{\"@type\":\"ReadAction\",\"target\":[\"http:\/\/pm.dev-designatelier.cz\/en\/products\/masking-for-plane-surface\/glasscloth-tapes\/gc-500\/\"]}]},{\"@type\":\"BreadcrumbList\",\"@id\":\"http:\/\/pm.dev-designatelier.cz\/en\/products\/masking-for-plane-surface\/glasscloth-tapes\/gc-500\/#breadcrumb\",\"itemListElement\":[{\"@type\":\"ListItem\",\"position\":1,\"name\":\"Home\",\"item\":\"http:\/\/pm.dev-designatelier.cz\/en\/\"},{\"@type\":\"ListItem\",\"position\":2,\"name\":\"Shop\",\"item\":\"http:\/\/pm.dev-designatelier.cz\/en\/shop\/\"},{\"@type\":\"ListItem\",\"position\":3,\"name\":\"MASKING FOR PLANE SURFACE\",\"item\":\"http:\/\/pm.dev-designatelier.cz\/en\/product-category\/masking-for-plane-surface\/\"},{\"@type\":\"ListItem\",\"position\":4,\"name\":\"GLASSCLOTH TAPES\",\"item\":\"http:\/\/pm.dev-designatelier.cz\/en\/product-category\/masking-for-plane-surface\/glasscloth-tapes\/\"},{\"@type\":\"ListItem\",\"position\":5,\"name\":\"GC &#8211; 500\"}]},{\"@type\":\"WebSite\",\"@id\":\"http:\/\/pm.dev-designatelier.cz\/en\/#website\",\"url\":\"http:\/\/pm.dev-designatelier.cz\/en\/\",\"name\":\"PRO MASK PRODUCTS s.r.o.\",\"description\":\"\",\"publisher\":{\"@id\":\"http:\/\/pm.dev-designatelier.cz\/en\/#organization\"},\"potentialAction\":[{\"@type\":\"SearchAction\",\"target\":{\"@type\":\"EntryPoint\",\"urlTemplate\":\"http:\/\/pm.dev-designatelier.cz\/en\/?s={search_term_string}\"},\"query-input\":\"required name=search_term_string\"}],\"inLanguage\":\"en-US\"},{\"@type\":\"Organization\",\"@id\":\"http:\/\/pm.dev-designatelier.cz\/en\/#organization\",\"name\":\"Pro Mask Products s.r.o.\",\"url\":\"http:\/\/pm.dev-designatelier.cz\/en\/\",\"logo\":{\"@type\":\"ImageObject\",\"inLanguage\":\"en-US\",\"@id\":\"http:\/\/pm.dev-designatelier.cz\/en\/#\/schema\/logo\/image\/\",\"url\":\"http:\/\/pm.dev-designatelier.cz\/wp-content\/uploads\/2021\/12\/logo_PMP.png\",\"contentUrl\":\"http:\/\/pm.dev-designatelier.cz\/wp-content\/uploads\/2021\/12\/logo_PMP.png\",\"width\":264,\"height\":110,\"caption\":\"Pro Mask Products s.r.o.\"},\"image\":{\"@id\":\"http:\/\/pm.dev-designatelier.cz\/en\/#\/schema\/logo\/image\/\"}}]}<\/script>\n<!-- \/ Yoast SEO plugin. -->","yoast_head_json":{"title":"GC - 500 - Sklotextilov\u00e1 maskovac\u00ed p\u00e1ska - PRO MASK PRODUCTS s.r.o.","description":"\u2022 Glasscloth film \/ silicone adhesive (made in China)\u2022 Total thickness 0,18 mm\u2022 Temperature range up to 250\u00b0C\u2022 Roll - 30 m (white color)\u2022 Suitable for high temperature masking, blasting\u2022 No residue after removal\u2022 Good tearing and abrasion resistance","robots":{"index":"noindex","follow":"follow","max-snippet":"max-snippet:-1","max-image-preview":"max-image-preview:large","max-video-preview":"max-video-preview:-1"},"og_locale":"en_US","og_type":"article","og_title":"GC - 500 - Sklotextilov\u00e1 maskovac\u00ed p\u00e1ska - PRO MASK PRODUCTS s.r.o.","og_description":"\u2022 Glasscloth film \/ silicone adhesive (made in China)\u2022 Total thickness 0,18 mm\u2022 Temperature range up to 250\u00b0C\u2022 Roll - 30 m (white color)\u2022 Suitable for high temperature masking, blasting\u2022 No residue after removal\u2022 Good tearing and abrasion resistancePRO MASK PRODUCTS s.r.o. - Maskovac\u00ed krytky, z\u00e1tky, p\u00e1sky, z\u00e1v\u011bsov\u00e1 technika - sklotextilov\u00e1 maskovac\u00ed p\u00e1skaP\u0159\u00edm\u00fd dovozce a zpracovatel maskovac\u00edch prost\u0159edk\u016f pro povrchov\u00e9 \u00fapravy.","og_url":"http:\/\/pm.dev-designatelier.cz\/en\/products\/masking-for-plane-surface\/glasscloth-tapes\/gc-500\/","og_site_name":"PRO MASK PRODUCTS s.r.o.","article_modified_time":"2022-04-23T16:40:00+00:00","og_image":[{"width":2392,"height":2392,"url":"http:\/\/pm.dev-designatelier.cz\/wp-content\/uploads\/2022\/05\/SKLOTEXTILOVA-PASKA_GC-500_2.jpg","type":"image\/jpeg"}],"twitter_card":"summary_large_image","twitter_description":"\u2022 Glasscloth film \/ silicone adhesive (made in China)\u2022 Total thickness 0,18 mm\u2022 Temperature range up to 250\u00b0C\u2022 Roll - 30 m (white color)\u2022 Suitable for high temperature masking, blasting\u2022 No residue after removal\u2022 Good tearing and abrasion resistancePRO MASK PRODUCTS s.r.o. - Maskovac\u00ed krytky, z\u00e1tky, p\u00e1sky, z\u00e1v\u011bsov\u00e1 technika - sklotextilov\u00e1 maskovac\u00ed p\u00e1skaP\u0159\u00edm\u00fd dovozce a zpracovatel maskovac\u00edch prost\u0159edk\u016f pro povrchov\u00e9 \u00fapravy.","schema":{"@context":"https:\/\/schema.org","@graph":[{"@type":"WebPage","@id":"http:\/\/pm.dev-designatelier.cz\/en\/products\/masking-for-plane-surface\/glasscloth-tapes\/gc-500\/","url":"http:\/\/pm.dev-designatelier.cz\/en\/products\/masking-for-plane-surface\/glasscloth-tapes\/gc-500\/","name":"GC - 500 - Sklotextilov\u00e1 maskovac\u00ed p\u00e1ska - PRO MASK PRODUCTS s.r.o.","isPartOf":{"@id":"http:\/\/pm.dev-designatelier.cz\/en\/#website"},"datePublished":"2021-11-24T19:28:20+00:00","dateModified":"2022-04-23T16:40:00+00:00","description":"\u2022 Glasscloth film \/ silicone adhesive (made in China)\u2022 Total thickness 0,18 mm\u2022 Temperature range up to 250\u00b0C\u2022 Roll - 30 m (white color)\u2022 Suitable for high temperature masking, blasting\u2022 No residue after removal\u2022 Good tearing and abrasion resistance","breadcrumb":{"@id":"http:\/\/pm.dev-designatelier.cz\/en\/products\/masking-for-plane-surface\/glasscloth-tapes\/gc-500\/#breadcrumb"},"inLanguage":"en-US","potentialAction":[{"@type":"ReadAction","target":["http:\/\/pm.dev-designatelier.cz\/en\/products\/masking-for-plane-surface\/glasscloth-tapes\/gc-500\/"]}]},{"@type":"BreadcrumbList","@id":"http:\/\/pm.dev-designatelier.cz\/en\/products\/masking-for-plane-surface\/glasscloth-tapes\/gc-500\/#breadcrumb","itemListElement":[{"@type":"ListItem","position":1,"name":"Home","item":"http:\/\/pm.dev-designatelier.cz\/en\/"},{"@type":"ListItem","position":2,"name":"Shop","item":"http:\/\/pm.dev-designatelier.cz\/en\/shop\/"},{"@type":"ListItem","position":3,"name":"MASKING FOR PLANE SURFACE","item":"http:\/\/pm.dev-designatelier.cz\/en\/product-category\/masking-for-plane-surface\/"},{"@type":"ListItem","position":4,"name":"GLASSCLOTH TAPES","item":"http:\/\/pm.dev-designatelier.cz\/en\/product-category\/masking-for-plane-surface\/glasscloth-tapes\/"},{"@type":"ListItem","position":5,"name":"GC &#8211; 500"}]},{"@type":"WebSite","@id":"http:\/\/pm.dev-designatelier.cz\/en\/#website","url":"http:\/\/pm.dev-designatelier.cz\/en\/","name":"PRO MASK PRODUCTS s.r.o.","description":"","publisher":{"@id":"http:\/\/pm.dev-designatelier.cz\/en\/#organization"},"potentialAction":[{"@type":"SearchAction","target":{"@type":"EntryPoint","urlTemplate":"http:\/\/pm.dev-designatelier.cz\/en\/?s={search_term_string}"},"query-input":"required name=search_term_string"}],"inLanguage":"en-US"},{"@type":"Organization","@id":"http:\/\/pm.dev-designatelier.cz\/en\/#organization","name":"Pro Mask Products s.r.o.","url":"http:\/\/pm.dev-designatelier.cz\/en\/","logo":{"@type":"ImageObject","inLanguage":"en-US","@id":"http:\/\/pm.dev-designatelier.cz\/en\/#\/schema\/logo\/image\/","url":"http:\/\/pm.dev-designatelier.cz\/wp-content\/uploads\/2021\/12\/logo_PMP.png","contentUrl":"http:\/\/pm.dev-designatelier.cz\/wp-content\/uploads\/2021\/12\/logo_PMP.png","width":264,"height":110,"caption":"Pro Mask Products s.r.o."},"image":{"@id":"http:\/\/pm.dev-designatelier.cz\/en\/#\/schema\/logo\/image\/"}}]}},"_links":{"self":[{"href":"http:\/\/pm.dev-designatelier.cz\/en\/wp-json\/wp\/v2\/product\/2945"}],"collection":[{"href":"http:\/\/pm.dev-designatelier.cz\/en\/wp-json\/wp\/v2\/product"}],"about":[{"href":"http:\/\/pm.dev-designatelier.cz\/en\/wp-json\/wp\/v2\/types\/product"}],"replies":[{"embeddable":true,"href":"http:\/\/pm.dev-designatelier.cz\/en\/wp-json\/wp\/v2\/comments?post=2945"}],"version-history":[{"count":0,"href":"http:\/\/pm.dev-designatelier.cz\/en\/wp-json\/wp\/v2\/product\/2945\/revisions"}],"wp:featuredmedia":[{"embeddable":true,"href":"http:\/\/pm.dev-designatelier.cz\/en\/wp-json\/wp\/v2\/media\/4359"}],"wp:attachment":[{"href":"http:\/\/pm.dev-designatelier.cz\/en\/wp-json\/wp\/v2\/media?parent=2945"}],"wp:term":[{"taxonomy":"product_cat","embeddable":true,"href":"http:\/\/pm.dev-designatelier.cz\/en\/wp-json\/wp\/v2\/product_cat?post=2945"},{"taxonomy":"product_tag","embeddable":true,"href":"http:\/\/pm.dev-designatelier.cz\/en\/wp-json\/wp\/v2\/product_tag?post=2945"}],"curies":[{"name":"wp","href":"https:\/\/api.w.org\/{rel}","templated":true}]}}