{"id":2938,"date":"2021-11-24T20:21:31","date_gmt":"2021-11-24T19:28:13","guid":{"rendered":"http:\/\/pm.dev-designatelier.cz\/shop\/uncategorized\/washer-plugs-2\/"},"modified":"2022-05-06T12:39:00","modified_gmt":"2022-05-06T10:39:00","slug":"washer-plugs-2","status":"publish","type":"product","link":"http:\/\/pm.dev-designatelier.cz\/en\/products\/masking-for-hole\/epdm-en-2\/washer-plugs-2\/","title":{"rendered":"WASHER PLUGS"},"content":{"rendered":"<p><strong>In case you don&#8217;t find requested sizes, do not hasitate to <a href=\"http:\/\/pm.dev-designatelier.cz\/en\/contact-us\/\">contact us<\/a>.<\/strong><\/p>\n<style type=\"text\/css\">\n.tableizer-table {font-family: Arial, Helvetica, sans-serif; font-size: 11px;}\n.tableizer-table td {padding: 3px 25px 3px 25px; border: 1px solid #fff; background-color: #ddd; color: #000; text-align: center;}\n.tableizer-table th {text-align:center;padding: 3px 25px 3px 25px; border: 1px solid #fff; background-color: #ebbc06; color: #fff; font-weight: bold;}\ntd:first-child {text-align: left; background-color: #ccc7c2; font-weight: bold;}\nth:first-child {text-align: left;}\n<\/style>\n<table class=\"tableizer-table\">\n<tr class=\"tableizer-firstrow\">\n<th>PART NO.<\/th>\n<th>A (mm)<\/th>\n<th>B (mm)<\/th>\n<th>C (mm)<\/th>\n<th>L (mm)<\/th>\n<\/tr>\n<tr>\n<td>ESP-0118<\/td>\n<td>3.00 <\/td>\n<td>7.00 <\/td>\n<td>4.90 <\/td>\n<td>12.70 <\/td>\n<\/tr>\n<tr>\n<td>ESP-0311<\/td>\n<td>5.10 <\/td>\n<td>7.90 <\/td>\n<td>4.90 <\/td>\n<td>12.70 <\/td>\n<\/tr>\n<tr>\n<td>ESP-0256<\/td>\n<td>6.50 <\/td>\n<td>10.00 <\/td>\n<td>4.90 <\/td>\n<td>12.70 <\/td>\n<\/tr>\n<tr>\n<td>ESP-0327<\/td>\n<td>8.31 <\/td>\n<td>12.60 <\/td>\n<td>5.00 <\/td>\n<td>12.70 <\/td>\n<\/tr>\n<\/table>\n","protected":false},"excerpt":{"rendered":"<p>&bull; Material &#8211; EPDM <br \/>&bull; \t\t\t\t\t Thermal load  &#8211; long withstand temperatures up to 120&deg;C<br \/>&nbsp;&nbsp;&nbsp;&nbsp;&nbsp;&nbsp;&nbsp;&nbsp;&nbsp;&nbsp;&nbsp;&nbsp;&nbsp;&nbsp;&nbsp;&nbsp;&nbsp;&nbsp;&nbsp;&nbsp;&nbsp;&nbsp;&nbsp; &#8211; briefly up to 180&deg;C<br \/>&bull; Suitable for masking holes threaded and unthreaded including contact&nbsp;&nbsp; &nbsp; &nbsp; surfaces<br \/>&bull; Re-usability<br \/>&bull; Suitable for painting, electroplating, anodizing, etc.<\/p>\n","protected":false},"featured_media":3307,"comment_status":"closed","ping_status":"closed","template":"","meta":[],"product_cat":[158,159],"product_tag":[],"yoast_head":"<!-- This site is optimized with the Yoast SEO plugin v21.6 - https:\/\/yoast.com\/wordpress\/plugins\/seo\/ -->\n<title>WASHER PLUGS - Ku\u017eelov\u00e9 z\u00e1tky s podlo\u017ekou - PRO MASK PRODUCTS s.r.o.<\/title>\n<meta name=\"description\" content=\"\u2022 Material - EPDM \u2022 Thermal load - long withstand temperatures up to 120\u00b0C\u00a0\u00a0\u00a0\u00a0\u00a0\u00a0\u00a0\u00a0\u00a0\u00a0\u00a0\u00a0\u00a0\u00a0\u00a0\u00a0\u00a0\u00a0\u00a0\u00a0\u00a0\u00a0\u00a0 - briefly up to 180\u00b0C\u2022 Suitable for masking holes threaded and unthreaded including contact\u00a0\u00a0 \u00a0 \u00a0 surfaces\u2022 Re-usability\u2022 Suitable for painting, electroplating, anodizing, etc.\" \/>\n<meta name=\"robots\" content=\"noindex, follow, max-snippet:-1, max-image-preview:large, max-video-preview:-1\" \/>\n<meta property=\"og:locale\" content=\"en_US\" \/>\n<meta property=\"og:type\" content=\"article\" \/>\n<meta property=\"og:title\" content=\"WASHER PLUGS - Ku\u017eelov\u00e9 z\u00e1tky s podlo\u017ekou - PRO MASK PRODUCTS s.r.o.\" \/>\n<meta property=\"og:description\" content=\"\u2022 Material - EPDM \u2022 Thermal load - long withstand temperatures up to 120\u00b0C\u00a0\u00a0\u00a0\u00a0\u00a0\u00a0\u00a0\u00a0\u00a0\u00a0\u00a0\u00a0\u00a0\u00a0\u00a0\u00a0\u00a0\u00a0\u00a0\u00a0\u00a0\u00a0\u00a0 - briefly up to 180\u00b0C\u2022 Suitable for masking holes threaded and unthreaded including contact\u00a0\u00a0 \u00a0 \u00a0 surfaces\u2022 Re-usability\u2022 Suitable for painting, electroplating, anodizing, etc.PRO MASK PRODUCTS s.r.o. - Maskovac\u00ed krytky, z\u00e1tky, p\u00e1sky, z\u00e1v\u011bsov\u00e1 technika - ku\u017eelov\u00e9 z\u00e1tky s podlo\u017ekouP\u0159\u00edm\u00fd dovozce a zpracovatel maskovac\u00edch prost\u0159edk\u016f pro povrchov\u00e9 \u00fapravy.\" \/>\n<meta property=\"og:url\" content=\"http:\/\/pm.dev-designatelier.cz\/en\/products\/masking-for-hole\/epdm-en-2\/washer-plugs-2\/\" \/>\n<meta property=\"og:site_name\" content=\"PRO MASK PRODUCTS s.r.o.\" \/>\n<meta property=\"article:modified_time\" content=\"2022-05-06T10:39:00+00:00\" \/>\n<meta property=\"og:image\" content=\"http:\/\/pm.dev-designatelier.cz\/wp-content\/uploads\/2022\/01\/KUZ\u030cELOVE\u0301-ZA\u0301TKY-S-PODLOZ\u030cKOU-ESP_1.jpg\" \/>\n\t<meta property=\"og:image:width\" content=\"596\" \/>\n\t<meta property=\"og:image:height\" content=\"596\" \/>\n\t<meta property=\"og:image:type\" content=\"image\/jpeg\" \/>\n<meta name=\"twitter:card\" content=\"summary_large_image\" \/>\n<meta name=\"twitter:description\" content=\"\u2022 Material - EPDM \u2022 Thermal load - long withstand temperatures up to 120\u00b0C\u00a0\u00a0\u00a0\u00a0\u00a0\u00a0\u00a0\u00a0\u00a0\u00a0\u00a0\u00a0\u00a0\u00a0\u00a0\u00a0\u00a0\u00a0\u00a0\u00a0\u00a0\u00a0\u00a0 - briefly up to 180\u00b0C\u2022 Suitable for masking holes threaded and unthreaded including contact\u00a0\u00a0 \u00a0 \u00a0 surfaces\u2022 Re-usability\u2022 Suitable for painting, electroplating, anodizing, etc.PRO MASK PRODUCTS s.r.o. - Maskovac\u00ed krytky, z\u00e1tky, p\u00e1sky, z\u00e1v\u011bsov\u00e1 technika - ku\u017eelov\u00e9 z\u00e1tky s podlo\u017ekouP\u0159\u00edm\u00fd dovozce a zpracovatel maskovac\u00edch prost\u0159edk\u016f pro povrchov\u00e9 \u00fapravy.\" \/>\n<script type=\"application\/ld+json\" class=\"yoast-schema-graph\">{\"@context\":\"https:\/\/schema.org\",\"@graph\":[{\"@type\":\"WebPage\",\"@id\":\"http:\/\/pm.dev-designatelier.cz\/en\/products\/masking-for-hole\/epdm-en-2\/washer-plugs-2\/\",\"url\":\"http:\/\/pm.dev-designatelier.cz\/en\/products\/masking-for-hole\/epdm-en-2\/washer-plugs-2\/\",\"name\":\"WASHER PLUGS - Ku\u017eelov\u00e9 z\u00e1tky s podlo\u017ekou - PRO MASK PRODUCTS s.r.o.\",\"isPartOf\":{\"@id\":\"http:\/\/pm.dev-designatelier.cz\/en\/#website\"},\"datePublished\":\"2021-11-24T19:28:13+00:00\",\"dateModified\":\"2022-05-06T10:39:00+00:00\",\"description\":\"\u2022 Material - EPDM \u2022 Thermal load - long withstand temperatures up to 120\u00b0C\u00a0\u00a0\u00a0\u00a0\u00a0\u00a0\u00a0\u00a0\u00a0\u00a0\u00a0\u00a0\u00a0\u00a0\u00a0\u00a0\u00a0\u00a0\u00a0\u00a0\u00a0\u00a0\u00a0 - briefly up to 180\u00b0C\u2022 Suitable for masking holes threaded and unthreaded including contact\u00a0\u00a0 \u00a0 \u00a0 surfaces\u2022 Re-usability\u2022 Suitable for painting, electroplating, anodizing, etc.\",\"breadcrumb\":{\"@id\":\"http:\/\/pm.dev-designatelier.cz\/en\/products\/masking-for-hole\/epdm-en-2\/washer-plugs-2\/#breadcrumb\"},\"inLanguage\":\"en-US\",\"potentialAction\":[{\"@type\":\"ReadAction\",\"target\":[\"http:\/\/pm.dev-designatelier.cz\/en\/products\/masking-for-hole\/epdm-en-2\/washer-plugs-2\/\"]}]},{\"@type\":\"BreadcrumbList\",\"@id\":\"http:\/\/pm.dev-designatelier.cz\/en\/products\/masking-for-hole\/epdm-en-2\/washer-plugs-2\/#breadcrumb\",\"itemListElement\":[{\"@type\":\"ListItem\",\"position\":1,\"name\":\"Home\",\"item\":\"http:\/\/pm.dev-designatelier.cz\/en\/\"},{\"@type\":\"ListItem\",\"position\":2,\"name\":\"Shop\",\"item\":\"http:\/\/pm.dev-designatelier.cz\/en\/shop\/\"},{\"@type\":\"ListItem\",\"position\":3,\"name\":\"MASKING FOR HOLE\",\"item\":\"http:\/\/pm.dev-designatelier.cz\/en\/product-category\/masking-for-hole\/\"},{\"@type\":\"ListItem\",\"position\":4,\"name\":\"EPDM\",\"item\":\"http:\/\/pm.dev-designatelier.cz\/en\/product-category\/masking-for-hole\/epdm-en-2\/\"},{\"@type\":\"ListItem\",\"position\":5,\"name\":\"WASHER PLUGS\"}]},{\"@type\":\"WebSite\",\"@id\":\"http:\/\/pm.dev-designatelier.cz\/en\/#website\",\"url\":\"http:\/\/pm.dev-designatelier.cz\/en\/\",\"name\":\"PRO MASK PRODUCTS s.r.o.\",\"description\":\"\",\"publisher\":{\"@id\":\"http:\/\/pm.dev-designatelier.cz\/en\/#organization\"},\"potentialAction\":[{\"@type\":\"SearchAction\",\"target\":{\"@type\":\"EntryPoint\",\"urlTemplate\":\"http:\/\/pm.dev-designatelier.cz\/en\/?s={search_term_string}\"},\"query-input\":\"required name=search_term_string\"}],\"inLanguage\":\"en-US\"},{\"@type\":\"Organization\",\"@id\":\"http:\/\/pm.dev-designatelier.cz\/en\/#organization\",\"name\":\"Pro Mask Products s.r.o.\",\"url\":\"http:\/\/pm.dev-designatelier.cz\/en\/\",\"logo\":{\"@type\":\"ImageObject\",\"inLanguage\":\"en-US\",\"@id\":\"http:\/\/pm.dev-designatelier.cz\/en\/#\/schema\/logo\/image\/\",\"url\":\"http:\/\/pm.dev-designatelier.cz\/wp-content\/uploads\/2021\/12\/logo_PMP.png\",\"contentUrl\":\"http:\/\/pm.dev-designatelier.cz\/wp-content\/uploads\/2021\/12\/logo_PMP.png\",\"width\":264,\"height\":110,\"caption\":\"Pro Mask Products s.r.o.\"},\"image\":{\"@id\":\"http:\/\/pm.dev-designatelier.cz\/en\/#\/schema\/logo\/image\/\"}}]}<\/script>\n<!-- \/ Yoast SEO plugin. -->","yoast_head_json":{"title":"WASHER PLUGS - Ku\u017eelov\u00e9 z\u00e1tky s podlo\u017ekou - PRO MASK PRODUCTS s.r.o.","description":"\u2022 Material - EPDM \u2022 Thermal load - long withstand temperatures up to 120\u00b0C\u00a0\u00a0\u00a0\u00a0\u00a0\u00a0\u00a0\u00a0\u00a0\u00a0\u00a0\u00a0\u00a0\u00a0\u00a0\u00a0\u00a0\u00a0\u00a0\u00a0\u00a0\u00a0\u00a0 - briefly up to 180\u00b0C\u2022 Suitable for masking holes threaded and unthreaded including contact\u00a0\u00a0 \u00a0 \u00a0 surfaces\u2022 Re-usability\u2022 Suitable for painting, electroplating, anodizing, etc.","robots":{"index":"noindex","follow":"follow","max-snippet":"max-snippet:-1","max-image-preview":"max-image-preview:large","max-video-preview":"max-video-preview:-1"},"og_locale":"en_US","og_type":"article","og_title":"WASHER PLUGS - Ku\u017eelov\u00e9 z\u00e1tky s podlo\u017ekou - PRO MASK PRODUCTS s.r.o.","og_description":"\u2022 Material - EPDM \u2022 Thermal load - long withstand temperatures up to 120\u00b0C\u00a0\u00a0\u00a0\u00a0\u00a0\u00a0\u00a0\u00a0\u00a0\u00a0\u00a0\u00a0\u00a0\u00a0\u00a0\u00a0\u00a0\u00a0\u00a0\u00a0\u00a0\u00a0\u00a0 - briefly up to 180\u00b0C\u2022 Suitable for masking holes threaded and unthreaded including contact\u00a0\u00a0 \u00a0 \u00a0 surfaces\u2022 Re-usability\u2022 Suitable for painting, electroplating, anodizing, etc.PRO MASK PRODUCTS s.r.o. - Maskovac\u00ed krytky, z\u00e1tky, p\u00e1sky, z\u00e1v\u011bsov\u00e1 technika - ku\u017eelov\u00e9 z\u00e1tky s podlo\u017ekouP\u0159\u00edm\u00fd dovozce a zpracovatel maskovac\u00edch prost\u0159edk\u016f pro povrchov\u00e9 \u00fapravy.","og_url":"http:\/\/pm.dev-designatelier.cz\/en\/products\/masking-for-hole\/epdm-en-2\/washer-plugs-2\/","og_site_name":"PRO MASK PRODUCTS s.r.o.","article_modified_time":"2022-05-06T10:39:00+00:00","og_image":[{"width":596,"height":596,"url":"http:\/\/pm.dev-designatelier.cz\/wp-content\/uploads\/2022\/01\/KUZ\u030cELOVE\u0301-ZA\u0301TKY-S-PODLOZ\u030cKOU-ESP_1.jpg","type":"image\/jpeg"}],"twitter_card":"summary_large_image","twitter_description":"\u2022 Material - EPDM \u2022 Thermal load - long withstand temperatures up to 120\u00b0C\u00a0\u00a0\u00a0\u00a0\u00a0\u00a0\u00a0\u00a0\u00a0\u00a0\u00a0\u00a0\u00a0\u00a0\u00a0\u00a0\u00a0\u00a0\u00a0\u00a0\u00a0\u00a0\u00a0 - briefly up to 180\u00b0C\u2022 Suitable for masking holes threaded and unthreaded including contact\u00a0\u00a0 \u00a0 \u00a0 surfaces\u2022 Re-usability\u2022 Suitable for painting, electroplating, anodizing, etc.PRO MASK PRODUCTS s.r.o. - Maskovac\u00ed krytky, z\u00e1tky, p\u00e1sky, z\u00e1v\u011bsov\u00e1 technika - ku\u017eelov\u00e9 z\u00e1tky s podlo\u017ekouP\u0159\u00edm\u00fd dovozce a zpracovatel maskovac\u00edch prost\u0159edk\u016f pro povrchov\u00e9 \u00fapravy.","schema":{"@context":"https:\/\/schema.org","@graph":[{"@type":"WebPage","@id":"http:\/\/pm.dev-designatelier.cz\/en\/products\/masking-for-hole\/epdm-en-2\/washer-plugs-2\/","url":"http:\/\/pm.dev-designatelier.cz\/en\/products\/masking-for-hole\/epdm-en-2\/washer-plugs-2\/","name":"WASHER PLUGS - Ku\u017eelov\u00e9 z\u00e1tky s podlo\u017ekou - PRO MASK PRODUCTS s.r.o.","isPartOf":{"@id":"http:\/\/pm.dev-designatelier.cz\/en\/#website"},"datePublished":"2021-11-24T19:28:13+00:00","dateModified":"2022-05-06T10:39:00+00:00","description":"\u2022 Material - EPDM \u2022 Thermal load - long withstand temperatures up to 120\u00b0C\u00a0\u00a0\u00a0\u00a0\u00a0\u00a0\u00a0\u00a0\u00a0\u00a0\u00a0\u00a0\u00a0\u00a0\u00a0\u00a0\u00a0\u00a0\u00a0\u00a0\u00a0\u00a0\u00a0 - briefly up to 180\u00b0C\u2022 Suitable for masking holes threaded and unthreaded including contact\u00a0\u00a0 \u00a0 \u00a0 surfaces\u2022 Re-usability\u2022 Suitable for painting, electroplating, anodizing, etc.","breadcrumb":{"@id":"http:\/\/pm.dev-designatelier.cz\/en\/products\/masking-for-hole\/epdm-en-2\/washer-plugs-2\/#breadcrumb"},"inLanguage":"en-US","potentialAction":[{"@type":"ReadAction","target":["http:\/\/pm.dev-designatelier.cz\/en\/products\/masking-for-hole\/epdm-en-2\/washer-plugs-2\/"]}]},{"@type":"BreadcrumbList","@id":"http:\/\/pm.dev-designatelier.cz\/en\/products\/masking-for-hole\/epdm-en-2\/washer-plugs-2\/#breadcrumb","itemListElement":[{"@type":"ListItem","position":1,"name":"Home","item":"http:\/\/pm.dev-designatelier.cz\/en\/"},{"@type":"ListItem","position":2,"name":"Shop","item":"http:\/\/pm.dev-designatelier.cz\/en\/shop\/"},{"@type":"ListItem","position":3,"name":"MASKING FOR HOLE","item":"http:\/\/pm.dev-designatelier.cz\/en\/product-category\/masking-for-hole\/"},{"@type":"ListItem","position":4,"name":"EPDM","item":"http:\/\/pm.dev-designatelier.cz\/en\/product-category\/masking-for-hole\/epdm-en-2\/"},{"@type":"ListItem","position":5,"name":"WASHER PLUGS"}]},{"@type":"WebSite","@id":"http:\/\/pm.dev-designatelier.cz\/en\/#website","url":"http:\/\/pm.dev-designatelier.cz\/en\/","name":"PRO MASK PRODUCTS s.r.o.","description":"","publisher":{"@id":"http:\/\/pm.dev-designatelier.cz\/en\/#organization"},"potentialAction":[{"@type":"SearchAction","target":{"@type":"EntryPoint","urlTemplate":"http:\/\/pm.dev-designatelier.cz\/en\/?s={search_term_string}"},"query-input":"required name=search_term_string"}],"inLanguage":"en-US"},{"@type":"Organization","@id":"http:\/\/pm.dev-designatelier.cz\/en\/#organization","name":"Pro Mask Products s.r.o.","url":"http:\/\/pm.dev-designatelier.cz\/en\/","logo":{"@type":"ImageObject","inLanguage":"en-US","@id":"http:\/\/pm.dev-designatelier.cz\/en\/#\/schema\/logo\/image\/","url":"http:\/\/pm.dev-designatelier.cz\/wp-content\/uploads\/2021\/12\/logo_PMP.png","contentUrl":"http:\/\/pm.dev-designatelier.cz\/wp-content\/uploads\/2021\/12\/logo_PMP.png","width":264,"height":110,"caption":"Pro Mask Products s.r.o."},"image":{"@id":"http:\/\/pm.dev-designatelier.cz\/en\/#\/schema\/logo\/image\/"}}]}},"_links":{"self":[{"href":"http:\/\/pm.dev-designatelier.cz\/en\/wp-json\/wp\/v2\/product\/2938"}],"collection":[{"href":"http:\/\/pm.dev-designatelier.cz\/en\/wp-json\/wp\/v2\/product"}],"about":[{"href":"http:\/\/pm.dev-designatelier.cz\/en\/wp-json\/wp\/v2\/types\/product"}],"replies":[{"embeddable":true,"href":"http:\/\/pm.dev-designatelier.cz\/en\/wp-json\/wp\/v2\/comments?post=2938"}],"version-history":[{"count":0,"href":"http:\/\/pm.dev-designatelier.cz\/en\/wp-json\/wp\/v2\/product\/2938\/revisions"}],"wp:featuredmedia":[{"embeddable":true,"href":"http:\/\/pm.dev-designatelier.cz\/en\/wp-json\/wp\/v2\/media\/3307"}],"wp:attachment":[{"href":"http:\/\/pm.dev-designatelier.cz\/en\/wp-json\/wp\/v2\/media?parent=2938"}],"wp:term":[{"taxonomy":"product_cat","embeddable":true,"href":"http:\/\/pm.dev-designatelier.cz\/en\/wp-json\/wp\/v2\/product_cat?post=2938"},{"taxonomy":"product_tag","embeddable":true,"href":"http:\/\/pm.dev-designatelier.cz\/en\/wp-json\/wp\/v2\/product_tag?post=2938"}],"curies":[{"name":"wp","href":"https:\/\/api.w.org\/{rel}","templated":true}]}}