{"id":2933,"date":"2021-11-24T20:21:31","date_gmt":"2021-11-24T19:28:13","guid":{"rendered":"http:\/\/pm.dev-designatelier.cz\/shop\/uncategorized\/tube-plugs\/"},"modified":"2022-05-09T15:44:31","modified_gmt":"2022-05-09T13:44:31","slug":"tube-plugs","status":"publish","type":"product","link":"http:\/\/pm.dev-designatelier.cz\/en\/products\/masking-for-hole\/standard-silicone-cn-en\/tube-plugs\/","title":{"rendered":"TUBE PLUGS (CTP)"},"content":{"rendered":"<p><strong>In case you don&#8217;t find requested sizes, do not hasitate to <a href=\"http:\/\/pm.dev-designatelier.cz\/en\/contact-us\/\">contact us<\/a>.<\/strong><\/p>\n<style type=\"text\/css\">\n.tableizer-table {font-family: Arial, Helvetica, sans-serif; font-size: 11px;}\n.tableizer-table td {padding: 3px 25px 3px 25px; border: 1px solid #fff; background-color: #ddd; color: #000; text-align: center;}\n.tableizer-table th {text-align:center;padding: 3px 25px 3px 25px; border: 1px solid #fff; background-color: #ebbc06; color: #fff; font-weight: bold;}\ntd:first-child {text-align: left; background-color: #ccc7c2; font-weight: bold;}\nth:first-child {text-align: left;}\n<\/style>\n<table class=\"tableizer-table\">\n<tbody>\n<tr class=\"tableizer-firstrow\">\n<th>PART No.<\/th>\n<th>A (mm)<\/th>\n<th>B (mm)<\/th>\n<th>C (mm)<\/th>\n<th>D (mm)<\/th>\n<th>E (mm)<\/th>\n<th>L1 (mm)<\/th>\n<th>L2 (mm)<\/th>\n<\/tr>\n<tr>\n<td>CTP-0234<\/td>\n<td>5,94<\/td>\n<td>9,53<\/td>\n<td>3,18<\/td>\n<td>3,18<\/td>\n<td>13,49<\/td>\n<td>13,49<\/td>\n<td>9,53<\/td>\n<\/tr>\n<tr>\n<td>CTP-0250<\/td>\n<td>6,35<\/td>\n<td>8,89<\/td>\n<td>3,18<\/td>\n<td>3,18<\/td>\n<td>12,70<\/td>\n<td>13,49<\/td>\n<td>9,53<\/td>\n<\/tr>\n<tr>\n<td>CTP-0272<\/td>\n<td>6,90<\/td>\n<td>8,40<\/td>\n<td>3,00<\/td>\n<td>2,50<\/td>\n<td>5,00<\/td>\n<td>12,00<\/td>\n<td>9,00<\/td>\n<\/tr>\n<tr>\n<td>CTP-0285<\/td>\n<td>7,24<\/td>\n<td>11,07<\/td>\n<td>3,86<\/td>\n<td>3,56<\/td>\n<td>13,44<\/td>\n<td>14,35<\/td>\n<td>10,72<\/td>\n<\/tr>\n<tr>\n<td>CTP-0307<\/td>\n<td>7,80<\/td>\n<td>9,20<\/td>\n<td>3,50<\/td>\n<td>2,50<\/td>\n<td>14,50<\/td>\n<td>14,00<\/td>\n<td>10,25<\/td>\n<\/tr>\n<tr>\n<td>CTP-0313<\/td>\n<td>7,95<\/td>\n<td>10,95<\/td>\n<td>3,81<\/td>\n<td>3,18<\/td>\n<td>14,27<\/td>\n<td>14,68<\/td>\n<td>10,54<\/td>\n<\/tr>\n<tr>\n<td>CTP-0338<\/td>\n<td>8,57<\/td>\n<td>12,70<\/td>\n<td>3,96<\/td>\n<td>3,18<\/td>\n<td>14,30<\/td>\n<td>15,09<\/td>\n<td>11,13<\/td>\n<\/tr>\n<tr>\n<td>CTP-0350<\/td>\n<td>8,89<\/td>\n<td>12,70<\/td>\n<td>4,75<\/td>\n<td>4,75<\/td>\n<td>16,51<\/td>\n<td>17,25<\/td>\n<td>11,43<\/td>\n<\/tr>\n<tr>\n<td>CTP-0411<\/td>\n<td>10,44<\/td>\n<td>16,94<\/td>\n<td>4,50<\/td>\n<td>3,50<\/td>\n<td>15,30<\/td>\n<td>14,80<\/td>\n<td>11,27<\/td>\n<\/tr>\n<tr>\n<td>CTP-0413<\/td>\n<td>10,50<\/td>\n<td>12,70<\/td>\n<td>4,50<\/td>\n<td>3,50<\/td>\n<td>16,50<\/td>\n<td>16,00<\/td>\n<td>12,43<\/td>\n<\/tr>\n<tr>\n<td>CTP-0471<\/td>\n<td>11,95<\/td>\n<td>14,30<\/td>\n<td>5,56<\/td>\n<td>4,76<\/td>\n<td>16,69<\/td>\n<td>19,06<\/td>\n<td>12,70<\/td>\n<\/tr>\n<tr>\n<td>CTP-0530<\/td>\n<td>13,45<\/td>\n<td>15,35<\/td>\n<td>5,00<\/td>\n<td>3,50<\/td>\n<td>18,50<\/td>\n<td>18,00<\/td>\n<td>12,68<\/td>\n<\/tr>\n<tr>\n<td>CTP-0628<\/td>\n<td>15,94<\/td>\n<td>19,05<\/td>\n<td>7,95<\/td>\n<td>4,76<\/td>\n<td>23,04<\/td>\n<td>23,84<\/td>\n<td>17,48<\/td>\n<\/tr>\n<tr>\n<td>CTP-0705<\/td>\n<td>17,90<\/td>\n<td>22,00<\/td>\n<td>7,50<\/td>\n<td>5,00<\/td>\n<td>26,40<\/td>\n<td>25,40<\/td>\n<td>18,69<\/td>\n<\/tr>\n<tr>\n<td>CTP-0722<\/td>\n<td>18,35<\/td>\n<td>22,00<\/td>\n<td>20,85<\/td>\n<td>5,00<\/td>\n<td>20,85<\/td>\n<td>19,85<\/td>\n<td>8,00<\/td>\n<\/tr>\n<tr>\n<td>CTP-0753<\/td>\n<td>19,11<\/td>\n<td>21,34<\/td>\n<td>8,74<\/td>\n<td>4,76<\/td>\n<td>21,44<\/td>\n<td>22,24<\/td>\n<td>15,88<\/td>\n<\/tr>\n<tr>\n<td>CTP-0827<\/td>\n<td>21,00<\/td>\n<td>25,40<\/td>\n<td>11,00<\/td>\n<td>5,00<\/td>\n<td>22,80<\/td>\n<td>23,80<\/td>\n<td>15,95<\/td>\n<\/tr>\n<tr>\n<td>CTP-0828<\/td>\n<td>21,03<\/td>\n<td>25,40<\/td>\n<td>9,63<\/td>\n<td>5,26<\/td>\n<td>24,13<\/td>\n<td>24,13<\/td>\n<td>15,24<\/td>\n<\/tr>\n<tr>\n<td>CTP-0877<\/td>\n<td>22,28<\/td>\n<td>25,40<\/td>\n<td>9,58<\/td>\n<td>6,35<\/td>\n<td>22,23<\/td>\n<td>22,23<\/td>\n<td>15,88<\/td>\n<\/tr>\n<tr>\n<td>CTP-0883<\/td>\n<td>22,42<\/td>\n<td>25,40<\/td>\n<td>9,53<\/td>\n<td>4,93<\/td>\n<td>23,19<\/td>\n<td>23,83<\/td>\n<td>17,48<\/td>\n<\/tr>\n<tr>\n<td>CTP-1120<\/td>\n<td>28,45<\/td>\n<td>34,93<\/td>\n<td>11,91<\/td>\n<td>6,35<\/td>\n<td>33,34<\/td>\n<td>34,93<\/td>\n<td>26,99<\/td>\n<\/tr>\n<\/tbody>\n<\/table>\n","protected":false},"excerpt":{"rendered":"<p>\u2022 Material &#8211; SILICONE (made in China)<br \/>\n\u2022 Thermal load: long withstand temperatures up to 210\u00b0C, briefly up to 315\u00b0C<br \/>\n\u2022 Suitable for covering holes with thread and without including leading edge<br \/>\n\u2022 Re-usability<br \/>\n\u2022 Suitable for powder coating, electroplating, anodizing, etc.<\/p>\n","protected":false},"featured_media":4306,"comment_status":"closed","ping_status":"closed","template":"","meta":[],"product_cat":[158,163],"product_tag":[],"yoast_head":"<!-- This site is optimized with the Yoast SEO plugin v21.6 - https:\/\/yoast.com\/wordpress\/plugins\/seo\/ -->\n<title>TUBE PLUGS - Silikonov\u00e9 trubkov\u00e9 z\u00e1tky - PRO MASK PRODUCTS s.r.o.<\/title>\n<meta name=\"description\" content=\"\u2022 Material - SILICONE (made in China)\u2022 Thermal load - long withstand temperatures up to 210\u00b0C\u00a0\u00a0\u00a0\u00a0\u00a0\u00a0\u00a0\u00a0\u00a0\u00a0\u00a0\u00a0\u00a0\u00a0\u00a0\u00a0\u00a0\u00a0\u00a0\u00a0\u00a0\u00a0\u00a0 - briefly up to 315\u00b0C\u2022 Suitable for covering holes with thread and without including leading edge\u2022 Re-usability\u2022 Suitable for powder coating, electroplating, anodizing, etc.\" \/>\n<meta name=\"robots\" content=\"noindex, follow, max-snippet:-1, max-image-preview:large, max-video-preview:-1\" \/>\n<meta property=\"og:locale\" content=\"en_US\" \/>\n<meta property=\"og:type\" content=\"article\" \/>\n<meta property=\"og:title\" content=\"TUBE PLUGS - Silikonov\u00e9 trubkov\u00e9 z\u00e1tky - PRO MASK PRODUCTS s.r.o.\" \/>\n<meta property=\"og:description\" content=\"\u2022 Material - SILICONE (made in China)\u2022 Thermal load - long withstand temperatures up to 210\u00b0C\u00a0\u00a0\u00a0\u00a0\u00a0\u00a0\u00a0\u00a0\u00a0\u00a0\u00a0\u00a0\u00a0\u00a0\u00a0\u00a0\u00a0\u00a0\u00a0\u00a0\u00a0\u00a0\u00a0 - briefly up to 315\u00b0C\u2022 Suitable for covering holes with thread and without including leading edge\u2022 Re-usability\u2022 Suitable for powder coating, electroplating, anodizing, etc.PRO MASK PRODUCTS s.r.o. - Maskovac\u00ed krytky, z\u00e1tky, p\u00e1sky, z\u00e1v\u011bsov\u00e1 technika - trubkov\u00e9 z\u00e1tkyP\u0159\u00edm\u00fd dovozce a zpracovatel maskovac\u00edch prost\u0159edk\u016f pro povrchov\u00e9 \u00fapravy.\" \/>\n<meta property=\"og:url\" content=\"http:\/\/pm.dev-designatelier.cz\/en\/products\/masking-for-hole\/standard-silicone-cn-en\/tube-plugs\/\" \/>\n<meta property=\"og:site_name\" content=\"PRO MASK PRODUCTS s.r.o.\" \/>\n<meta property=\"article:modified_time\" content=\"2022-05-09T13:44:31+00:00\" \/>\n<meta property=\"og:image\" content=\"http:\/\/pm.dev-designatelier.cz\/wp-content\/uploads\/2022\/05\/TRUBKOVE-ZATKY_CTP_1.jpg\" \/>\n\t<meta property=\"og:image:width\" content=\"2316\" \/>\n\t<meta property=\"og:image:height\" content=\"2316\" \/>\n\t<meta property=\"og:image:type\" content=\"image\/jpeg\" \/>\n<meta name=\"twitter:card\" content=\"summary_large_image\" \/>\n<meta name=\"twitter:description\" content=\"\u2022 Material - SILICONE (made in China)\u2022 Thermal load - long withstand temperatures up to 210\u00b0C\u00a0\u00a0\u00a0\u00a0\u00a0\u00a0\u00a0\u00a0\u00a0\u00a0\u00a0\u00a0\u00a0\u00a0\u00a0\u00a0\u00a0\u00a0\u00a0\u00a0\u00a0\u00a0\u00a0 - briefly up to 315\u00b0C\u2022 Suitable for covering holes with thread and without including leading edge\u2022 Re-usability\u2022 Suitable for powder coating, electroplating, anodizing, etc.PRO MASK PRODUCTS s.r.o. - Maskovac\u00ed krytky, z\u00e1tky, p\u00e1sky, z\u00e1v\u011bsov\u00e1 technika - trubkov\u00e9 z\u00e1tkyP\u0159\u00edm\u00fd dovozce a zpracovatel maskovac\u00edch prost\u0159edk\u016f pro povrchov\u00e9 \u00fapravy.\" \/>\n<script type=\"application\/ld+json\" class=\"yoast-schema-graph\">{\"@context\":\"https:\/\/schema.org\",\"@graph\":[{\"@type\":\"WebPage\",\"@id\":\"http:\/\/pm.dev-designatelier.cz\/en\/products\/masking-for-hole\/standard-silicone-cn-en\/tube-plugs\/\",\"url\":\"http:\/\/pm.dev-designatelier.cz\/en\/products\/masking-for-hole\/standard-silicone-cn-en\/tube-plugs\/\",\"name\":\"TUBE PLUGS - Silikonov\u00e9 trubkov\u00e9 z\u00e1tky - PRO MASK PRODUCTS s.r.o.\",\"isPartOf\":{\"@id\":\"http:\/\/pm.dev-designatelier.cz\/en\/#website\"},\"datePublished\":\"2021-11-24T19:28:13+00:00\",\"dateModified\":\"2022-05-09T13:44:31+00:00\",\"description\":\"\u2022 Material - SILICONE (made in China)\u2022 Thermal load - long withstand temperatures up to 210\u00b0C\u00a0\u00a0\u00a0\u00a0\u00a0\u00a0\u00a0\u00a0\u00a0\u00a0\u00a0\u00a0\u00a0\u00a0\u00a0\u00a0\u00a0\u00a0\u00a0\u00a0\u00a0\u00a0\u00a0 - briefly up to 315\u00b0C\u2022 Suitable for covering holes with thread and without including leading edge\u2022 Re-usability\u2022 Suitable for powder coating, electroplating, anodizing, etc.\",\"breadcrumb\":{\"@id\":\"http:\/\/pm.dev-designatelier.cz\/en\/products\/masking-for-hole\/standard-silicone-cn-en\/tube-plugs\/#breadcrumb\"},\"inLanguage\":\"en-US\",\"potentialAction\":[{\"@type\":\"ReadAction\",\"target\":[\"http:\/\/pm.dev-designatelier.cz\/en\/products\/masking-for-hole\/standard-silicone-cn-en\/tube-plugs\/\"]}]},{\"@type\":\"BreadcrumbList\",\"@id\":\"http:\/\/pm.dev-designatelier.cz\/en\/products\/masking-for-hole\/standard-silicone-cn-en\/tube-plugs\/#breadcrumb\",\"itemListElement\":[{\"@type\":\"ListItem\",\"position\":1,\"name\":\"Home\",\"item\":\"http:\/\/pm.dev-designatelier.cz\/en\/\"},{\"@type\":\"ListItem\",\"position\":2,\"name\":\"Shop\",\"item\":\"http:\/\/pm.dev-designatelier.cz\/en\/shop\/\"},{\"@type\":\"ListItem\",\"position\":3,\"name\":\"MASKING FOR HOLE\",\"item\":\"http:\/\/pm.dev-designatelier.cz\/en\/product-category\/masking-for-hole\/\"},{\"@type\":\"ListItem\",\"position\":4,\"name\":\"STANDARD silicone (CN)\",\"item\":\"http:\/\/pm.dev-designatelier.cz\/en\/product-category\/masking-for-hole\/standard-silicone-cn-en\/\"},{\"@type\":\"ListItem\",\"position\":5,\"name\":\"TUBE PLUGS (CTP)\"}]},{\"@type\":\"WebSite\",\"@id\":\"http:\/\/pm.dev-designatelier.cz\/en\/#website\",\"url\":\"http:\/\/pm.dev-designatelier.cz\/en\/\",\"name\":\"PRO MASK PRODUCTS s.r.o.\",\"description\":\"\",\"publisher\":{\"@id\":\"http:\/\/pm.dev-designatelier.cz\/en\/#organization\"},\"potentialAction\":[{\"@type\":\"SearchAction\",\"target\":{\"@type\":\"EntryPoint\",\"urlTemplate\":\"http:\/\/pm.dev-designatelier.cz\/en\/?s={search_term_string}\"},\"query-input\":\"required name=search_term_string\"}],\"inLanguage\":\"en-US\"},{\"@type\":\"Organization\",\"@id\":\"http:\/\/pm.dev-designatelier.cz\/en\/#organization\",\"name\":\"Pro Mask Products s.r.o.\",\"url\":\"http:\/\/pm.dev-designatelier.cz\/en\/\",\"logo\":{\"@type\":\"ImageObject\",\"inLanguage\":\"en-US\",\"@id\":\"http:\/\/pm.dev-designatelier.cz\/en\/#\/schema\/logo\/image\/\",\"url\":\"http:\/\/pm.dev-designatelier.cz\/wp-content\/uploads\/2021\/12\/logo_PMP.png\",\"contentUrl\":\"http:\/\/pm.dev-designatelier.cz\/wp-content\/uploads\/2021\/12\/logo_PMP.png\",\"width\":264,\"height\":110,\"caption\":\"Pro Mask Products s.r.o.\"},\"image\":{\"@id\":\"http:\/\/pm.dev-designatelier.cz\/en\/#\/schema\/logo\/image\/\"}}]}<\/script>\n<!-- \/ Yoast SEO plugin. -->","yoast_head_json":{"title":"TUBE PLUGS - Silikonov\u00e9 trubkov\u00e9 z\u00e1tky - PRO MASK PRODUCTS s.r.o.","description":"\u2022 Material - SILICONE (made in China)\u2022 Thermal load - long withstand temperatures up to 210\u00b0C\u00a0\u00a0\u00a0\u00a0\u00a0\u00a0\u00a0\u00a0\u00a0\u00a0\u00a0\u00a0\u00a0\u00a0\u00a0\u00a0\u00a0\u00a0\u00a0\u00a0\u00a0\u00a0\u00a0 - briefly up to 315\u00b0C\u2022 Suitable for covering holes with thread and without including leading edge\u2022 Re-usability\u2022 Suitable for powder coating, electroplating, anodizing, etc.","robots":{"index":"noindex","follow":"follow","max-snippet":"max-snippet:-1","max-image-preview":"max-image-preview:large","max-video-preview":"max-video-preview:-1"},"og_locale":"en_US","og_type":"article","og_title":"TUBE PLUGS - Silikonov\u00e9 trubkov\u00e9 z\u00e1tky - PRO MASK PRODUCTS s.r.o.","og_description":"\u2022 Material - SILICONE (made in China)\u2022 Thermal load - long withstand temperatures up to 210\u00b0C\u00a0\u00a0\u00a0\u00a0\u00a0\u00a0\u00a0\u00a0\u00a0\u00a0\u00a0\u00a0\u00a0\u00a0\u00a0\u00a0\u00a0\u00a0\u00a0\u00a0\u00a0\u00a0\u00a0 - briefly up to 315\u00b0C\u2022 Suitable for covering holes with thread and without including leading edge\u2022 Re-usability\u2022 Suitable for powder coating, electroplating, anodizing, etc.PRO MASK PRODUCTS s.r.o. - Maskovac\u00ed krytky, z\u00e1tky, p\u00e1sky, z\u00e1v\u011bsov\u00e1 technika - trubkov\u00e9 z\u00e1tkyP\u0159\u00edm\u00fd dovozce a zpracovatel maskovac\u00edch prost\u0159edk\u016f pro povrchov\u00e9 \u00fapravy.","og_url":"http:\/\/pm.dev-designatelier.cz\/en\/products\/masking-for-hole\/standard-silicone-cn-en\/tube-plugs\/","og_site_name":"PRO MASK PRODUCTS s.r.o.","article_modified_time":"2022-05-09T13:44:31+00:00","og_image":[{"width":2316,"height":2316,"url":"http:\/\/pm.dev-designatelier.cz\/wp-content\/uploads\/2022\/05\/TRUBKOVE-ZATKY_CTP_1.jpg","type":"image\/jpeg"}],"twitter_card":"summary_large_image","twitter_description":"\u2022 Material - SILICONE (made in China)\u2022 Thermal load - long withstand temperatures up to 210\u00b0C\u00a0\u00a0\u00a0\u00a0\u00a0\u00a0\u00a0\u00a0\u00a0\u00a0\u00a0\u00a0\u00a0\u00a0\u00a0\u00a0\u00a0\u00a0\u00a0\u00a0\u00a0\u00a0\u00a0 - briefly up to 315\u00b0C\u2022 Suitable for covering holes with thread and without including leading edge\u2022 Re-usability\u2022 Suitable for powder coating, electroplating, anodizing, etc.PRO MASK PRODUCTS s.r.o. - Maskovac\u00ed krytky, z\u00e1tky, p\u00e1sky, z\u00e1v\u011bsov\u00e1 technika - trubkov\u00e9 z\u00e1tkyP\u0159\u00edm\u00fd dovozce a zpracovatel maskovac\u00edch prost\u0159edk\u016f pro povrchov\u00e9 \u00fapravy.","schema":{"@context":"https:\/\/schema.org","@graph":[{"@type":"WebPage","@id":"http:\/\/pm.dev-designatelier.cz\/en\/products\/masking-for-hole\/standard-silicone-cn-en\/tube-plugs\/","url":"http:\/\/pm.dev-designatelier.cz\/en\/products\/masking-for-hole\/standard-silicone-cn-en\/tube-plugs\/","name":"TUBE PLUGS - Silikonov\u00e9 trubkov\u00e9 z\u00e1tky - PRO MASK PRODUCTS s.r.o.","isPartOf":{"@id":"http:\/\/pm.dev-designatelier.cz\/en\/#website"},"datePublished":"2021-11-24T19:28:13+00:00","dateModified":"2022-05-09T13:44:31+00:00","description":"\u2022 Material - SILICONE (made in China)\u2022 Thermal load - long withstand temperatures up to 210\u00b0C\u00a0\u00a0\u00a0\u00a0\u00a0\u00a0\u00a0\u00a0\u00a0\u00a0\u00a0\u00a0\u00a0\u00a0\u00a0\u00a0\u00a0\u00a0\u00a0\u00a0\u00a0\u00a0\u00a0 - briefly up to 315\u00b0C\u2022 Suitable for covering holes with thread and without including leading edge\u2022 Re-usability\u2022 Suitable for powder coating, electroplating, anodizing, etc.","breadcrumb":{"@id":"http:\/\/pm.dev-designatelier.cz\/en\/products\/masking-for-hole\/standard-silicone-cn-en\/tube-plugs\/#breadcrumb"},"inLanguage":"en-US","potentialAction":[{"@type":"ReadAction","target":["http:\/\/pm.dev-designatelier.cz\/en\/products\/masking-for-hole\/standard-silicone-cn-en\/tube-plugs\/"]}]},{"@type":"BreadcrumbList","@id":"http:\/\/pm.dev-designatelier.cz\/en\/products\/masking-for-hole\/standard-silicone-cn-en\/tube-plugs\/#breadcrumb","itemListElement":[{"@type":"ListItem","position":1,"name":"Home","item":"http:\/\/pm.dev-designatelier.cz\/en\/"},{"@type":"ListItem","position":2,"name":"Shop","item":"http:\/\/pm.dev-designatelier.cz\/en\/shop\/"},{"@type":"ListItem","position":3,"name":"MASKING FOR HOLE","item":"http:\/\/pm.dev-designatelier.cz\/en\/product-category\/masking-for-hole\/"},{"@type":"ListItem","position":4,"name":"STANDARD silicone (CN)","item":"http:\/\/pm.dev-designatelier.cz\/en\/product-category\/masking-for-hole\/standard-silicone-cn-en\/"},{"@type":"ListItem","position":5,"name":"TUBE PLUGS (CTP)"}]},{"@type":"WebSite","@id":"http:\/\/pm.dev-designatelier.cz\/en\/#website","url":"http:\/\/pm.dev-designatelier.cz\/en\/","name":"PRO MASK PRODUCTS s.r.o.","description":"","publisher":{"@id":"http:\/\/pm.dev-designatelier.cz\/en\/#organization"},"potentialAction":[{"@type":"SearchAction","target":{"@type":"EntryPoint","urlTemplate":"http:\/\/pm.dev-designatelier.cz\/en\/?s={search_term_string}"},"query-input":"required name=search_term_string"}],"inLanguage":"en-US"},{"@type":"Organization","@id":"http:\/\/pm.dev-designatelier.cz\/en\/#organization","name":"Pro Mask Products s.r.o.","url":"http:\/\/pm.dev-designatelier.cz\/en\/","logo":{"@type":"ImageObject","inLanguage":"en-US","@id":"http:\/\/pm.dev-designatelier.cz\/en\/#\/schema\/logo\/image\/","url":"http:\/\/pm.dev-designatelier.cz\/wp-content\/uploads\/2021\/12\/logo_PMP.png","contentUrl":"http:\/\/pm.dev-designatelier.cz\/wp-content\/uploads\/2021\/12\/logo_PMP.png","width":264,"height":110,"caption":"Pro Mask Products s.r.o."},"image":{"@id":"http:\/\/pm.dev-designatelier.cz\/en\/#\/schema\/logo\/image\/"}}]}},"_links":{"self":[{"href":"http:\/\/pm.dev-designatelier.cz\/en\/wp-json\/wp\/v2\/product\/2933"}],"collection":[{"href":"http:\/\/pm.dev-designatelier.cz\/en\/wp-json\/wp\/v2\/product"}],"about":[{"href":"http:\/\/pm.dev-designatelier.cz\/en\/wp-json\/wp\/v2\/types\/product"}],"replies":[{"embeddable":true,"href":"http:\/\/pm.dev-designatelier.cz\/en\/wp-json\/wp\/v2\/comments?post=2933"}],"version-history":[{"count":0,"href":"http:\/\/pm.dev-designatelier.cz\/en\/wp-json\/wp\/v2\/product\/2933\/revisions"}],"wp:featuredmedia":[{"embeddable":true,"href":"http:\/\/pm.dev-designatelier.cz\/en\/wp-json\/wp\/v2\/media\/4306"}],"wp:attachment":[{"href":"http:\/\/pm.dev-designatelier.cz\/en\/wp-json\/wp\/v2\/media?parent=2933"}],"wp:term":[{"taxonomy":"product_cat","embeddable":true,"href":"http:\/\/pm.dev-designatelier.cz\/en\/wp-json\/wp\/v2\/product_cat?post=2933"},{"taxonomy":"product_tag","embeddable":true,"href":"http:\/\/pm.dev-designatelier.cz\/en\/wp-json\/wp\/v2\/product_tag?post=2933"}],"curies":[{"name":"wp","href":"https:\/\/api.w.org\/{rel}","templated":true}]}}