{"id":2927,"date":"2021-11-24T20:21:27","date_gmt":"2021-11-24T19:28:06","guid":{"rendered":"http:\/\/pm.dev-designatelier.cz\/shop\/uncategorized\/threaded-plugs\/"},"modified":"2022-05-09T15:42:49","modified_gmt":"2022-05-09T13:42:49","slug":"threaded-plugs","status":"publish","type":"product","link":"http:\/\/pm.dev-designatelier.cz\/en\/products\/masking-for-hole\/standard-silicone-cn-en\/threaded-plugs\/","title":{"rendered":"THREADED PLUGS (SFP)"},"content":{"rendered":"<p><strong>In case you don&#8217;t find requested sizes, do not hasitate to <a href=\"http:\/\/pm.dev-designatelier.cz\/en\/contact-us\/\">contact us<\/a>.<\/strong><\/p>\n<style type=\"text\/css\">\n.tableizer-table {font-family: Arial, Helvetica, sans-serif; font-size: 11px;}\n.tableizer-table td {padding: 3px 25px 3px 25px; border: 1px solid #fff; background-color: #ddd; color: #000; text-align: center;}\n.tableizer-table th {text-align:center;padding: 3px 25px 3px 25px; border: 1px solid #fff; background-color: #ebbc06; color: #fff; font-weight: bold;}\ntd:first-child {text-align: left; background-color: #ccc7c2; font-weight: bold;}\nth:first-child {text-align: left;}\n<\/style>\n<table class=\"tableizer-table\">\n<tbody>\n<tr class=\"tableizer-firstrow\">\n<th>PART No.<\/th>\n<th>A(mm)<\/th>\n<th>B (mm)<\/th>\n<th>L (mm)<\/th>\n<\/tr>\n<tr>\n<td>SFP-157-079<\/td>\n<td>2,01<\/td>\n<td>3,99<\/td>\n<td>19,05<\/td>\n<\/tr>\n<tr>\n<td>SFP-236-157<\/td>\n<td>3,99<\/td>\n<td>5,99<\/td>\n<td>25,40<\/td>\n<\/tr>\n<tr>\n<td>SFP-315-236<\/td>\n<td>5,99<\/td>\n<td>8,00<\/td>\n<td>25,40<\/td>\n<\/tr>\n<tr>\n<td>SFP-406-313<\/td>\n<td>7,95<\/td>\n<td>10,31<\/td>\n<td>25,40<\/td>\n<\/tr>\n<tr>\n<td>SFP-472-394<\/td>\n<td>10,01<\/td>\n<td>11,99<\/td>\n<td>25,40<\/td>\n<\/tr>\n<tr>\n<td>SFP-551-472<\/td>\n<td>11,99<\/td>\n<td>14,00<\/td>\n<td>25,40<\/td>\n<\/tr>\n<tr>\n<td>SFP-562-468<\/td>\n<td>11,89<\/td>\n<td>14,27<\/td>\n<td>25,40<\/td>\n<\/tr>\n<tr>\n<td>SFP-630-551<\/td>\n<td>14,00<\/td>\n<td>16,00<\/td>\n<td>25,40<\/td>\n<\/tr>\n<tr>\n<td>SFP-709-630<\/td>\n<td>16,00<\/td>\n<td>18,01<\/td>\n<td>25,40<\/td>\n<\/tr>\n<tr>\n<td>SFP-750-718<\/td>\n<td>18,24<\/td>\n<td>19,05<\/td>\n<td>25,40<\/td>\n<\/tr>\n<tr>\n<td>SFP-787-709<\/td>\n<td>18,01<\/td>\n<td>19,99<\/td>\n<td>25,40<\/td>\n<\/tr>\n<tr>\n<td>SFP-875-750<\/td>\n<td>19,05<\/td>\n<td>22,23<\/td>\n<td>25,40<\/td>\n<\/tr>\n<tr>\n<td>SFP-886-787<\/td>\n<td>19,99<\/td>\n<td>22,50<\/td>\n<td>25,40<\/td>\n<\/tr>\n<tr>\n<td>SFP-945-886<\/td>\n<td>22,50<\/td>\n<td>24,00<\/td>\n<td>25,40<\/td>\n<\/tr>\n<tr>\n<td>SFP-1000-875<\/td>\n<td>22,23<\/td>\n<td>25,40<\/td>\n<td>25,40<\/td>\n<\/tr>\n<tr>\n<td>SFP-1024-945<\/td>\n<td>24,00<\/td>\n<td>26,01<\/td>\n<td>25,40<\/td>\n<\/tr>\n<tr>\n<td>SFP-1094-868<\/td>\n<td>22,05<\/td>\n<td>27,79<\/td>\n<td>25,40<\/td>\n<\/tr>\n<tr>\n<td>SFP-1102-1024<\/td>\n<td>26,01<\/td>\n<td>27,99<\/td>\n<td>25,40<\/td>\n<\/tr>\n<tr>\n<td>SFP-1125-1000<\/td>\n<td>25,40<\/td>\n<td>28,58<\/td>\n<td>25,40<\/td>\n<\/tr>\n<tr>\n<td>SFP-1250-1125<\/td>\n<td>28,58<\/td>\n<td>31,75<\/td>\n<td>25,40<\/td>\n<\/tr>\n<tr>\n<td>SFP-1320-1094<\/td>\n<td>27,79<\/td>\n<td>33,53<\/td>\n<td>25,40<\/td>\n<\/tr>\n<tr>\n<td>SFP-1547-1320<\/td>\n<td>33,53<\/td>\n<td>39,29<\/td>\n<td>25,40<\/td>\n<\/tr>\n<tr>\n<td>SFP-1774-1547<\/td>\n<td>39,29<\/td>\n<td>45,06<\/td>\n<td>25,40<\/td>\n<\/tr>\n<tr>\n<td>SFP-2000-1774<\/td>\n<td>45,06<\/td>\n<td>50,80<\/td>\n<td>25,40<\/td>\n<\/tr>\n<\/tbody>\n<\/table>\n","protected":false},"excerpt":{"rendered":"<p>\u2022 Material &#8211; SILICONE (made in China)<br \/>\n\u2022 Thermal load: long withstand temperatures up to 210\u00b0C, briefly up to 315\u00b0C<br \/>\n\u2022 Suitable for masking the through and blind holes with thread<br \/>\n\u2022 Soft ribbing achieves effective cover threaded holes<br \/>\n\u2022 Minimizes the possibility of unwanted clogging the paint to the start of the thread<br \/>\n\u2022 Re-usability<br \/>\n\u2022 Suitable for powder coating, electroplating, anodizing, etc.<\/p>\n","protected":false},"featured_media":3593,"comment_status":"closed","ping_status":"closed","template":"","meta":[],"product_cat":[158,163],"product_tag":[],"yoast_head":"<!-- This site is optimized with the Yoast SEO plugin v21.6 - https:\/\/yoast.com\/wordpress\/plugins\/seo\/ -->\n<title>THREADED PLUGS - Silikonov\u00e9 z\u00e1vitov\u00e9 z\u00e1tky - PRO MASK PRODUCTS s.r.o.<\/title>\n<meta name=\"description\" content=\"\u2022 Material - SILICONE (made in China)\u2022 Thermal load - long withstand temperatures up to 210\u00b0C\u00a0\u00a0\u00a0\u00a0\u00a0\u00a0\u00a0\u00a0\u00a0\u00a0\u00a0\u00a0\u00a0\u00a0\u00a0\u00a0\u00a0\u00a0\u00a0\u00a0\u00a0\u00a0\u00a0 - briefly up to 315\u00b0C\u2022 Suitable for masking the through and blind holes with thread\u2022 Soft ribbing achieves effective cover threaded holes\u2022 Minimizes the possibility of unwanted clogging the paint to the start of the thread\u2022 Re-usability\u2022 Suitable for powder coating, electroplating, anodizing, etc.\" \/>\n<meta name=\"robots\" content=\"noindex, follow, max-snippet:-1, max-image-preview:large, max-video-preview:-1\" \/>\n<meta property=\"og:locale\" content=\"en_US\" \/>\n<meta property=\"og:type\" content=\"article\" \/>\n<meta property=\"og:title\" content=\"THREADED PLUGS - Silikonov\u00e9 z\u00e1vitov\u00e9 z\u00e1tky - PRO MASK PRODUCTS s.r.o.\" \/>\n<meta property=\"og:description\" content=\"\u2022 Material - SILICONE (made in China)\u2022 Thermal load - long withstand temperatures up to 210\u00b0C\u00a0\u00a0\u00a0\u00a0\u00a0\u00a0\u00a0\u00a0\u00a0\u00a0\u00a0\u00a0\u00a0\u00a0\u00a0\u00a0\u00a0\u00a0\u00a0\u00a0\u00a0\u00a0\u00a0 - briefly up to 315\u00b0C\u2022 Suitable for masking the through and blind holes with thread\u2022 Soft ribbing achieves effective cover threaded holes\u2022 Minimizes the possibility of unwanted clogging the paint to the start of the thread\u2022 Re-usability\u2022 Suitable for powder coating, electroplating, anodizing, etc.PRO MASK PRODUCTS s.r.o. - Maskovac\u00ed krytky, z\u00e1tky, p\u00e1sky, z\u00e1v\u011bsov\u00e1 technika - z\u00e1vitov\u00e9 z\u00e1tkyP\u0159\u00edm\u00fd dovozce a zpracovatel maskovac\u00edch prost\u0159edk\u016f pro povrchov\u00e9 \u00fapravy.\" \/>\n<meta property=\"og:url\" content=\"http:\/\/pm.dev-designatelier.cz\/en\/products\/masking-for-hole\/standard-silicone-cn-en\/threaded-plugs\/\" \/>\n<meta property=\"og:site_name\" content=\"PRO MASK PRODUCTS s.r.o.\" \/>\n<meta property=\"article:modified_time\" content=\"2022-05-09T13:42:49+00:00\" \/>\n<meta property=\"og:image\" content=\"http:\/\/pm.dev-designatelier.cz\/wp-content\/uploads\/2021\/11\/ZA\u0301VITOVE\u0301-ZA\u0301TKY_SFP_1.jpg\" \/>\n\t<meta property=\"og:image:width\" content=\"1299\" \/>\n\t<meta property=\"og:image:height\" content=\"1299\" \/>\n\t<meta property=\"og:image:type\" content=\"image\/jpeg\" \/>\n<meta name=\"twitter:card\" content=\"summary_large_image\" \/>\n<meta name=\"twitter:description\" content=\"\u2022 Material - SILICONE (made in China)\u2022 Thermal load - long withstand temperatures up to 210\u00b0C\u00a0\u00a0\u00a0\u00a0\u00a0\u00a0\u00a0\u00a0\u00a0\u00a0\u00a0\u00a0\u00a0\u00a0\u00a0\u00a0\u00a0\u00a0\u00a0\u00a0\u00a0\u00a0\u00a0 - briefly up to 315\u00b0C\u2022 Suitable for masking the through and blind holes with thread\u2022 Soft ribbing achieves effective cover threaded holes\u2022 Minimizes the possibility of unwanted clogging the paint to the start of the thread\u2022 Re-usability\u2022 Suitable for powder coating, electroplating, anodizing, etc.PRO MASK PRODUCTS s.r.o. - Maskovac\u00ed krytky, z\u00e1tky, p\u00e1sky, z\u00e1v\u011bsov\u00e1 technika - z\u00e1vitov\u00e9 z\u00e1tkyP\u0159\u00edm\u00fd dovozce a zpracovatel maskovac\u00edch prost\u0159edk\u016f pro povrchov\u00e9 \u00fapravy.\" \/>\n<script type=\"application\/ld+json\" class=\"yoast-schema-graph\">{\"@context\":\"https:\/\/schema.org\",\"@graph\":[{\"@type\":\"WebPage\",\"@id\":\"http:\/\/pm.dev-designatelier.cz\/en\/products\/masking-for-hole\/standard-silicone-cn-en\/threaded-plugs\/\",\"url\":\"http:\/\/pm.dev-designatelier.cz\/en\/products\/masking-for-hole\/standard-silicone-cn-en\/threaded-plugs\/\",\"name\":\"THREADED PLUGS - Silikonov\u00e9 z\u00e1vitov\u00e9 z\u00e1tky - PRO MASK PRODUCTS s.r.o.\",\"isPartOf\":{\"@id\":\"http:\/\/pm.dev-designatelier.cz\/en\/#website\"},\"datePublished\":\"2021-11-24T19:28:06+00:00\",\"dateModified\":\"2022-05-09T13:42:49+00:00\",\"description\":\"\u2022 Material - SILICONE (made in China)\u2022 Thermal load - long withstand temperatures up to 210\u00b0C\u00a0\u00a0\u00a0\u00a0\u00a0\u00a0\u00a0\u00a0\u00a0\u00a0\u00a0\u00a0\u00a0\u00a0\u00a0\u00a0\u00a0\u00a0\u00a0\u00a0\u00a0\u00a0\u00a0 - briefly up to 315\u00b0C\u2022 Suitable for masking the through and blind holes with thread\u2022 Soft ribbing achieves effective cover threaded holes\u2022 Minimizes the possibility of unwanted clogging the paint to the start of the thread\u2022 Re-usability\u2022 Suitable for powder coating, electroplating, anodizing, etc.\",\"breadcrumb\":{\"@id\":\"http:\/\/pm.dev-designatelier.cz\/en\/products\/masking-for-hole\/standard-silicone-cn-en\/threaded-plugs\/#breadcrumb\"},\"inLanguage\":\"en-US\",\"potentialAction\":[{\"@type\":\"ReadAction\",\"target\":[\"http:\/\/pm.dev-designatelier.cz\/en\/products\/masking-for-hole\/standard-silicone-cn-en\/threaded-plugs\/\"]}]},{\"@type\":\"BreadcrumbList\",\"@id\":\"http:\/\/pm.dev-designatelier.cz\/en\/products\/masking-for-hole\/standard-silicone-cn-en\/threaded-plugs\/#breadcrumb\",\"itemListElement\":[{\"@type\":\"ListItem\",\"position\":1,\"name\":\"Home\",\"item\":\"http:\/\/pm.dev-designatelier.cz\/en\/\"},{\"@type\":\"ListItem\",\"position\":2,\"name\":\"Shop\",\"item\":\"http:\/\/pm.dev-designatelier.cz\/en\/shop\/\"},{\"@type\":\"ListItem\",\"position\":3,\"name\":\"MASKING FOR HOLE\",\"item\":\"http:\/\/pm.dev-designatelier.cz\/en\/product-category\/masking-for-hole\/\"},{\"@type\":\"ListItem\",\"position\":4,\"name\":\"STANDARD silicone (CN)\",\"item\":\"http:\/\/pm.dev-designatelier.cz\/en\/product-category\/masking-for-hole\/standard-silicone-cn-en\/\"},{\"@type\":\"ListItem\",\"position\":5,\"name\":\"THREADED PLUGS (SFP)\"}]},{\"@type\":\"WebSite\",\"@id\":\"http:\/\/pm.dev-designatelier.cz\/en\/#website\",\"url\":\"http:\/\/pm.dev-designatelier.cz\/en\/\",\"name\":\"PRO MASK PRODUCTS s.r.o.\",\"description\":\"\",\"publisher\":{\"@id\":\"http:\/\/pm.dev-designatelier.cz\/en\/#organization\"},\"potentialAction\":[{\"@type\":\"SearchAction\",\"target\":{\"@type\":\"EntryPoint\",\"urlTemplate\":\"http:\/\/pm.dev-designatelier.cz\/en\/?s={search_term_string}\"},\"query-input\":\"required name=search_term_string\"}],\"inLanguage\":\"en-US\"},{\"@type\":\"Organization\",\"@id\":\"http:\/\/pm.dev-designatelier.cz\/en\/#organization\",\"name\":\"Pro Mask Products s.r.o.\",\"url\":\"http:\/\/pm.dev-designatelier.cz\/en\/\",\"logo\":{\"@type\":\"ImageObject\",\"inLanguage\":\"en-US\",\"@id\":\"http:\/\/pm.dev-designatelier.cz\/en\/#\/schema\/logo\/image\/\",\"url\":\"http:\/\/pm.dev-designatelier.cz\/wp-content\/uploads\/2021\/12\/logo_PMP.png\",\"contentUrl\":\"http:\/\/pm.dev-designatelier.cz\/wp-content\/uploads\/2021\/12\/logo_PMP.png\",\"width\":264,\"height\":110,\"caption\":\"Pro Mask Products s.r.o.\"},\"image\":{\"@id\":\"http:\/\/pm.dev-designatelier.cz\/en\/#\/schema\/logo\/image\/\"}}]}<\/script>\n<!-- \/ Yoast SEO plugin. -->","yoast_head_json":{"title":"THREADED PLUGS - Silikonov\u00e9 z\u00e1vitov\u00e9 z\u00e1tky - PRO MASK PRODUCTS s.r.o.","description":"\u2022 Material - SILICONE (made in China)\u2022 Thermal load - long withstand temperatures up to 210\u00b0C\u00a0\u00a0\u00a0\u00a0\u00a0\u00a0\u00a0\u00a0\u00a0\u00a0\u00a0\u00a0\u00a0\u00a0\u00a0\u00a0\u00a0\u00a0\u00a0\u00a0\u00a0\u00a0\u00a0 - briefly up to 315\u00b0C\u2022 Suitable for masking the through and blind holes with thread\u2022 Soft ribbing achieves effective cover threaded holes\u2022 Minimizes the possibility of unwanted clogging the paint to the start of the thread\u2022 Re-usability\u2022 Suitable for powder coating, electroplating, anodizing, etc.","robots":{"index":"noindex","follow":"follow","max-snippet":"max-snippet:-1","max-image-preview":"max-image-preview:large","max-video-preview":"max-video-preview:-1"},"og_locale":"en_US","og_type":"article","og_title":"THREADED PLUGS - Silikonov\u00e9 z\u00e1vitov\u00e9 z\u00e1tky - PRO MASK PRODUCTS s.r.o.","og_description":"\u2022 Material - SILICONE (made in China)\u2022 Thermal load - long withstand temperatures up to 210\u00b0C\u00a0\u00a0\u00a0\u00a0\u00a0\u00a0\u00a0\u00a0\u00a0\u00a0\u00a0\u00a0\u00a0\u00a0\u00a0\u00a0\u00a0\u00a0\u00a0\u00a0\u00a0\u00a0\u00a0 - briefly up to 315\u00b0C\u2022 Suitable for masking the through and blind holes with thread\u2022 Soft ribbing achieves effective cover threaded holes\u2022 Minimizes the possibility of unwanted clogging the paint to the start of the thread\u2022 Re-usability\u2022 Suitable for powder coating, electroplating, anodizing, etc.PRO MASK PRODUCTS s.r.o. - Maskovac\u00ed krytky, z\u00e1tky, p\u00e1sky, z\u00e1v\u011bsov\u00e1 technika - z\u00e1vitov\u00e9 z\u00e1tkyP\u0159\u00edm\u00fd dovozce a zpracovatel maskovac\u00edch prost\u0159edk\u016f pro povrchov\u00e9 \u00fapravy.","og_url":"http:\/\/pm.dev-designatelier.cz\/en\/products\/masking-for-hole\/standard-silicone-cn-en\/threaded-plugs\/","og_site_name":"PRO MASK PRODUCTS s.r.o.","article_modified_time":"2022-05-09T13:42:49+00:00","og_image":[{"width":1299,"height":1299,"url":"http:\/\/pm.dev-designatelier.cz\/wp-content\/uploads\/2021\/11\/ZA\u0301VITOVE\u0301-ZA\u0301TKY_SFP_1.jpg","type":"image\/jpeg"}],"twitter_card":"summary_large_image","twitter_description":"\u2022 Material - SILICONE (made in China)\u2022 Thermal load - long withstand temperatures up to 210\u00b0C\u00a0\u00a0\u00a0\u00a0\u00a0\u00a0\u00a0\u00a0\u00a0\u00a0\u00a0\u00a0\u00a0\u00a0\u00a0\u00a0\u00a0\u00a0\u00a0\u00a0\u00a0\u00a0\u00a0 - briefly up to 315\u00b0C\u2022 Suitable for masking the through and blind holes with thread\u2022 Soft ribbing achieves effective cover threaded holes\u2022 Minimizes the possibility of unwanted clogging the paint to the start of the thread\u2022 Re-usability\u2022 Suitable for powder coating, electroplating, anodizing, etc.PRO MASK PRODUCTS s.r.o. - Maskovac\u00ed krytky, z\u00e1tky, p\u00e1sky, z\u00e1v\u011bsov\u00e1 technika - z\u00e1vitov\u00e9 z\u00e1tkyP\u0159\u00edm\u00fd dovozce a zpracovatel maskovac\u00edch prost\u0159edk\u016f pro povrchov\u00e9 \u00fapravy.","schema":{"@context":"https:\/\/schema.org","@graph":[{"@type":"WebPage","@id":"http:\/\/pm.dev-designatelier.cz\/en\/products\/masking-for-hole\/standard-silicone-cn-en\/threaded-plugs\/","url":"http:\/\/pm.dev-designatelier.cz\/en\/products\/masking-for-hole\/standard-silicone-cn-en\/threaded-plugs\/","name":"THREADED PLUGS - Silikonov\u00e9 z\u00e1vitov\u00e9 z\u00e1tky - PRO MASK PRODUCTS s.r.o.","isPartOf":{"@id":"http:\/\/pm.dev-designatelier.cz\/en\/#website"},"datePublished":"2021-11-24T19:28:06+00:00","dateModified":"2022-05-09T13:42:49+00:00","description":"\u2022 Material - SILICONE (made in China)\u2022 Thermal load - long withstand temperatures up to 210\u00b0C\u00a0\u00a0\u00a0\u00a0\u00a0\u00a0\u00a0\u00a0\u00a0\u00a0\u00a0\u00a0\u00a0\u00a0\u00a0\u00a0\u00a0\u00a0\u00a0\u00a0\u00a0\u00a0\u00a0 - briefly up to 315\u00b0C\u2022 Suitable for masking the through and blind holes with thread\u2022 Soft ribbing achieves effective cover threaded holes\u2022 Minimizes the possibility of unwanted clogging the paint to the start of the thread\u2022 Re-usability\u2022 Suitable for powder coating, electroplating, anodizing, etc.","breadcrumb":{"@id":"http:\/\/pm.dev-designatelier.cz\/en\/products\/masking-for-hole\/standard-silicone-cn-en\/threaded-plugs\/#breadcrumb"},"inLanguage":"en-US","potentialAction":[{"@type":"ReadAction","target":["http:\/\/pm.dev-designatelier.cz\/en\/products\/masking-for-hole\/standard-silicone-cn-en\/threaded-plugs\/"]}]},{"@type":"BreadcrumbList","@id":"http:\/\/pm.dev-designatelier.cz\/en\/products\/masking-for-hole\/standard-silicone-cn-en\/threaded-plugs\/#breadcrumb","itemListElement":[{"@type":"ListItem","position":1,"name":"Home","item":"http:\/\/pm.dev-designatelier.cz\/en\/"},{"@type":"ListItem","position":2,"name":"Shop","item":"http:\/\/pm.dev-designatelier.cz\/en\/shop\/"},{"@type":"ListItem","position":3,"name":"MASKING FOR HOLE","item":"http:\/\/pm.dev-designatelier.cz\/en\/product-category\/masking-for-hole\/"},{"@type":"ListItem","position":4,"name":"STANDARD silicone (CN)","item":"http:\/\/pm.dev-designatelier.cz\/en\/product-category\/masking-for-hole\/standard-silicone-cn-en\/"},{"@type":"ListItem","position":5,"name":"THREADED PLUGS (SFP)"}]},{"@type":"WebSite","@id":"http:\/\/pm.dev-designatelier.cz\/en\/#website","url":"http:\/\/pm.dev-designatelier.cz\/en\/","name":"PRO MASK PRODUCTS s.r.o.","description":"","publisher":{"@id":"http:\/\/pm.dev-designatelier.cz\/en\/#organization"},"potentialAction":[{"@type":"SearchAction","target":{"@type":"EntryPoint","urlTemplate":"http:\/\/pm.dev-designatelier.cz\/en\/?s={search_term_string}"},"query-input":"required name=search_term_string"}],"inLanguage":"en-US"},{"@type":"Organization","@id":"http:\/\/pm.dev-designatelier.cz\/en\/#organization","name":"Pro Mask Products s.r.o.","url":"http:\/\/pm.dev-designatelier.cz\/en\/","logo":{"@type":"ImageObject","inLanguage":"en-US","@id":"http:\/\/pm.dev-designatelier.cz\/en\/#\/schema\/logo\/image\/","url":"http:\/\/pm.dev-designatelier.cz\/wp-content\/uploads\/2021\/12\/logo_PMP.png","contentUrl":"http:\/\/pm.dev-designatelier.cz\/wp-content\/uploads\/2021\/12\/logo_PMP.png","width":264,"height":110,"caption":"Pro Mask Products s.r.o."},"image":{"@id":"http:\/\/pm.dev-designatelier.cz\/en\/#\/schema\/logo\/image\/"}}]}},"_links":{"self":[{"href":"http:\/\/pm.dev-designatelier.cz\/en\/wp-json\/wp\/v2\/product\/2927"}],"collection":[{"href":"http:\/\/pm.dev-designatelier.cz\/en\/wp-json\/wp\/v2\/product"}],"about":[{"href":"http:\/\/pm.dev-designatelier.cz\/en\/wp-json\/wp\/v2\/types\/product"}],"replies":[{"embeddable":true,"href":"http:\/\/pm.dev-designatelier.cz\/en\/wp-json\/wp\/v2\/comments?post=2927"}],"version-history":[{"count":0,"href":"http:\/\/pm.dev-designatelier.cz\/en\/wp-json\/wp\/v2\/product\/2927\/revisions"}],"wp:featuredmedia":[{"embeddable":true,"href":"http:\/\/pm.dev-designatelier.cz\/en\/wp-json\/wp\/v2\/media\/3593"}],"wp:attachment":[{"href":"http:\/\/pm.dev-designatelier.cz\/en\/wp-json\/wp\/v2\/media?parent=2927"}],"wp:term":[{"taxonomy":"product_cat","embeddable":true,"href":"http:\/\/pm.dev-designatelier.cz\/en\/wp-json\/wp\/v2\/product_cat?post=2927"},{"taxonomy":"product_tag","embeddable":true,"href":"http:\/\/pm.dev-designatelier.cz\/en\/wp-json\/wp\/v2\/product_tag?post=2927"}],"curies":[{"name":"wp","href":"https:\/\/api.w.org\/{rel}","templated":true}]}}