{"id":2926,"date":"2021-11-24T20:21:27","date_gmt":"2021-11-24T19:28:06","guid":{"rendered":"http:\/\/pm.dev-designatelier.cz\/shop\/uncategorized\/pull-plugs\/"},"modified":"2022-05-09T15:50:19","modified_gmt":"2022-05-09T13:50:19","slug":"pull-plugs","status":"publish","type":"product","link":"http:\/\/pm.dev-designatelier.cz\/en\/products\/masking-for-hole\/standard-silicone-cn-en\/pull-plugs\/","title":{"rendered":"PULL PLUGS (SPP)"},"content":{"rendered":"<p><strong>In case you don&#8217;t find requested sizes, do not hasitate to <a href=\"http:\/\/pm.dev-designatelier.cz\/en\/contact-us\/\">contact us<\/a>.<\/strong><\/p>\n<style type=\"text\/css\">\n.tableizer-table {font-family: Arial, Helvetica, sans-serif; font-size: 11px;}\n.tableizer-table td {padding: 3px 25px 3px 25px; border: 1px solid #fff; background-color: #ddd; color: #000; text-align: center;}\n.tableizer-table th {text-align:center;padding: 3px 25px 3px 25px; border: 1px solid #fff; background-color: #ebbc06; color: #fff; font-weight: bold;}\ntd:first-child {text-align: left; background-color: #ccc7c2; font-weight: bold;}\nth:first-child {text-align: left;}\n<\/style>\n<table class=\"tableizer-table\">\n<thead>\n<tr class=\"tableizer-firstrow\">\n<th>PRODUKT \u010c.<\/th>\n<th>Z\u00c1VIT<\/th>\n<th>A (mm)<\/th>\n<th>B (mm)<\/th>\n<th>C (mm)<\/th>\n<th>L (mm)<\/th>\n<\/tr>\n<\/thead>\n<tbody>\n<tr>\n<td>SPP-62-500<\/td>\n<td><\/td>\n<td>1,57<\/td>\n<td>1,02<\/td>\n<td>12,70<\/td>\n<td>12,70<\/td>\n<\/tr>\n<tr>\n<td>SPP-73-612<\/td>\n<td><\/td>\n<td>1,85<\/td>\n<td>1,17<\/td>\n<td>14,99<\/td>\n<td>15,54<\/td>\n<\/tr>\n<tr>\n<td>SPP-91-625<\/td>\n<td>M3<\/td>\n<td>2,31<\/td>\n<td>1,32<\/td>\n<td>15,88<\/td>\n<td>15,88<\/td>\n<\/tr>\n<tr>\n<td>SPP-125-625<\/td>\n<td><\/td>\n<td>3,18<\/td>\n<td>1,57<\/td>\n<td>15,88<\/td>\n<td>15,88<\/td>\n<\/tr>\n<tr>\n<td>SPP-142-1250<\/td>\n<td>M4<\/td>\n<td>3,61<\/td>\n<td>2,29<\/td>\n<td>31,75<\/td>\n<td>31,75<\/td>\n<\/tr>\n<tr>\n<td>SPP-162-625<\/td>\n<td><\/td>\n<td>4,11<\/td>\n<td>2,44<\/td>\n<td>14,76<\/td>\n<td>15,88<\/td>\n<\/tr>\n<tr>\n<td>SPP-195-625<\/td>\n<td>M5<\/td>\n<td>4,95<\/td>\n<td>2,79<\/td>\n<td>15,88<\/td>\n<td>15,88<\/td>\n<\/tr>\n<tr>\n<td>SPP-218-1000<\/td>\n<td><\/td>\n<td>5,54<\/td>\n<td>3,30<\/td>\n<td>25,40<\/td>\n<td>25,40<\/td>\n<\/tr>\n<tr>\n<td>SPP-236-1250<\/td>\n<td>M6<\/td>\n<td>5,99<\/td>\n<td>4,19<\/td>\n<td>31,75<\/td>\n<td>31,75<\/td>\n<\/tr>\n<tr>\n<td>SPP-244-1250<\/td>\n<td><\/td>\n<td>6,20<\/td>\n<td>4,32<\/td>\n<td>31,75<\/td>\n<td>31,75<\/td>\n<\/tr>\n<tr>\n<td>SPP-257-1000<\/td>\n<td><\/td>\n<td>6,53<\/td>\n<td>3,30<\/td>\n<td>25,40<\/td>\n<td>25,40<\/td>\n<\/tr>\n<tr>\n<td>SPP-275-937<\/td>\n<td><\/td>\n<td>6,99<\/td>\n<td>3,18<\/td>\n<td>23,37<\/td>\n<td>23,80<\/td>\n<\/tr>\n<tr>\n<td>SPP-281-1000<\/td>\n<td>M8<\/td>\n<td>7,14<\/td>\n<td>3,51<\/td>\n<td>25,40<\/td>\n<td>25,40<\/td>\n<\/tr>\n<tr>\n<td>SPP-316-1000<\/td>\n<td><\/td>\n<td>8,03<\/td>\n<td>3,86<\/td>\n<td>21,59<\/td>\n<td>25,40<\/td>\n<\/tr>\n<tr>\n<td>SPP-335-1000<\/td>\n<td><\/td>\n<td>8,51<\/td>\n<td>3,89<\/td>\n<td>25,40<\/td>\n<td>25,40<\/td>\n<\/tr>\n<tr>\n<td>SPP-355-1000<\/td>\n<td>M10<\/td>\n<td>9,02<\/td>\n<td>3,99<\/td>\n<td>25,40<\/td>\n<td>25,40<\/td>\n<\/tr>\n<tr>\n<td>SPP-388-1000<\/td>\n<td><\/td>\n<td>9,86<\/td>\n<td>3,99<\/td>\n<td>25,40<\/td>\n<td>25,40<\/td>\n<\/tr>\n<tr>\n<td>SPP-400-500<\/td>\n<td><\/td>\n<td>10,16<\/td>\n<td>3,99<\/td>\n<td>12,70<\/td>\n<td>12,70<\/td>\n<\/tr>\n<tr>\n<td>SPP-408-1000<\/td>\n<td>M12<\/td>\n<td>10,36<\/td>\n<td>4,85<\/td>\n<td>25,40<\/td>\n<td>25,63<\/td>\n<\/tr>\n<tr>\n<td>SPP-440-1000<\/td>\n<td><\/td>\n<td>11,18<\/td>\n<td>6,60<\/td>\n<td>25,40<\/td>\n<td>25,40<\/td>\n<\/tr>\n<tr>\n<td>SPP-496-1000<\/td>\n<td><\/td>\n<td>12,60<\/td>\n<td>6,35<\/td>\n<td>25,40<\/td>\n<td>25,40<\/td>\n<\/tr>\n<tr>\n<td>SPP-530-1000<\/td>\n<td>M14<\/td>\n<td>13,46<\/td>\n<td>6,35<\/td>\n<td>25,40<\/td>\n<td>25,40<\/td>\n<\/tr>\n<tr>\n<td>SPP-570-1000<\/td>\n<td>M16<\/td>\n<td>14,48<\/td>\n<td>7,92<\/td>\n<td>25,40<\/td>\n<td>25,40<\/td>\n<\/tr>\n<tr>\n<td>SPP-640-1000<\/td>\n<td>M18<\/td>\n<td>16,26<\/td>\n<td>9,53<\/td>\n<td>25,40<\/td>\n<td>25,40<\/td>\n<\/tr>\n<tr>\n<td>SPP-729-1000<\/td>\n<td>M20<\/td>\n<td>18,52<\/td>\n<td>8,00<\/td>\n<td>25,40<\/td>\n<td>25,40<\/td>\n<\/tr>\n<tr>\n<td>SPP-770-1000<\/td>\n<td><\/td>\n<td>19,56<\/td>\n<td>9,53<\/td>\n<td>23,55<\/td>\n<td>25,40<\/td>\n<\/tr>\n<tr>\n<td>SPP-798-650<\/td>\n<td><\/td>\n<td>20,27<\/td>\n<td>10,16<\/td>\n<td>20,32<\/td>\n<td>16,51<\/td>\n<\/tr>\n<tr>\n<td>SPP-888-1000<\/td>\n<td><\/td>\n<td>22,56<\/td>\n<td>9,45<\/td>\n<td>25,40<\/td>\n<td>25,40<\/td>\n<\/tr>\n<tr>\n<td>SPP-1000-1000<\/td>\n<td><\/td>\n<td>25,40<\/td>\n<td>9,53<\/td>\n<td>25,40<\/td>\n<td>25,40<\/td>\n<\/tr>\n<tr>\n<td>SPP-1020-1000<\/td>\n<td><\/td>\n<td>25,91<\/td>\n<td>9,53<\/td>\n<td>24,64<\/td>\n<td>25,40<\/td>\n<\/tr>\n<tr>\n<td>SPP-1380-1500<\/td>\n<td><\/td>\n<td>35,05<\/td>\n<td>18,57<\/td>\n<td>38,10<\/td>\n<td>38,10<\/td>\n<\/tr>\n<tr>\n<td>SPP-1450-1000<\/td>\n<td><\/td>\n<td>36,83<\/td>\n<td>12,70<\/td>\n<td>25,40<\/td>\n<td>25,40<\/td>\n<\/tr>\n<tr>\n<td>SPP-1575-1378<\/td>\n<td><\/td>\n<td>40,01<\/td>\n<td>19,99<\/td>\n<td>35,00<\/td>\n<td>35,00<\/td>\n<\/tr>\n<tr>\n<td>SPP-1713-2756<\/td>\n<td><\/td>\n<td>43,51<\/td>\n<td>22,00<\/td>\n<td>70,00<\/td>\n<td>70,00<\/td>\n<\/tr>\n<\/tbody>\n<\/table>\n","protected":false},"excerpt":{"rendered":"<p>\u2022 Material &#8211; SILICONE (made in China)<br \/>\n\u2022 Thermal load: long withstand temperatures up to 210\u00b0C, briefly up to 315\u00b0C<br \/>\n\u2022 Suitable for masking long through-hole is threaded and unthreaded<br \/>\n\u2022 Re-usability<br \/>\n\u2022 Suitable for powder coating, electroplating, anodizing, etc.<\/p>\n","protected":false},"featured_media":4260,"comment_status":"closed","ping_status":"closed","template":"","meta":[],"product_cat":[158,163],"product_tag":[],"yoast_head":"<!-- This site is optimized with the Yoast SEO plugin v21.6 - https:\/\/yoast.com\/wordpress\/plugins\/seo\/ -->\n<title>PULL PLUGS - Silikonov\u00e9 pr\u016fvle\u010dn\u00e9 z\u00e1tky - PRO MASK PRODUCTS s.r.o.<\/title>\n<meta name=\"description\" content=\"\u2022 Material - SILICONE (made in China)\u2022 Thermal load - long withstand temperatures up to 210\u00b0C\u00a0\u00a0\u00a0\u00a0\u00a0\u00a0\u00a0\u00a0\u00a0\u00a0\u00a0\u00a0\u00a0\u00a0\u00a0\u00a0\u00a0\u00a0\u00a0\u00a0\u00a0\u00a0\u00a0 - briefly up to 315\u00b0C\u2022 Suitable for masking long through-hole is threaded and unthreaded\u2022 Re-usability\u2022 Suitable for powder coating, electroplating, anodizing, etc.\" \/>\n<meta name=\"robots\" content=\"noindex, follow, max-snippet:-1, max-image-preview:large, max-video-preview:-1\" \/>\n<meta property=\"og:locale\" content=\"en_US\" \/>\n<meta property=\"og:type\" content=\"article\" \/>\n<meta property=\"og:title\" content=\"PULL PLUGS - Silikonov\u00e9 pr\u016fvle\u010dn\u00e9 z\u00e1tky - PRO MASK PRODUCTS s.r.o.\" \/>\n<meta property=\"og:description\" content=\"\u2022 Material - SILICONE (made in China)\u2022 Thermal load - long withstand temperatures up to 210\u00b0C\u00a0\u00a0\u00a0\u00a0\u00a0\u00a0\u00a0\u00a0\u00a0\u00a0\u00a0\u00a0\u00a0\u00a0\u00a0\u00a0\u00a0\u00a0\u00a0\u00a0\u00a0\u00a0\u00a0 - briefly up to 315\u00b0C\u2022 Suitable for masking long through-hole is threaded and unthreaded\u2022 Re-usability\u2022 Suitable for powder coating, electroplating, anodizing, etc.PRO MASK PRODUCTS s.r.o. - Maskovac\u00ed krytky, z\u00e1tky, p\u00e1sky, z\u00e1v\u011bsov\u00e1 technika - pr\u016fvle\u010dn\u00e9 z\u00e1tkyP\u0159\u00edm\u00fd dovozce a zpracovatel maskovac\u00edch prost\u0159edk\u016f pro povrchov\u00e9 \u00fapravy.\" \/>\n<meta property=\"og:url\" content=\"http:\/\/pm.dev-designatelier.cz\/en\/products\/masking-for-hole\/standard-silicone-cn-en\/pull-plugs\/\" \/>\n<meta property=\"og:site_name\" content=\"PRO MASK PRODUCTS s.r.o.\" \/>\n<meta property=\"article:modified_time\" content=\"2022-05-09T13:50:19+00:00\" \/>\n<meta property=\"og:image\" content=\"http:\/\/pm.dev-designatelier.cz\/wp-content\/uploads\/2022\/05\/PRUVLECNE-ZATKY_SPP_1.jpg\" \/>\n\t<meta property=\"og:image:width\" content=\"2325\" \/>\n\t<meta property=\"og:image:height\" content=\"2325\" \/>\n\t<meta property=\"og:image:type\" content=\"image\/jpeg\" \/>\n<meta name=\"twitter:card\" content=\"summary_large_image\" \/>\n<meta name=\"twitter:description\" content=\"\u2022 Material - SILICONE (made in China)\u2022 Thermal load - long withstand temperatures up to 210\u00b0C\u00a0\u00a0\u00a0\u00a0\u00a0\u00a0\u00a0\u00a0\u00a0\u00a0\u00a0\u00a0\u00a0\u00a0\u00a0\u00a0\u00a0\u00a0\u00a0\u00a0\u00a0\u00a0\u00a0 - briefly up to 315\u00b0C\u2022 Suitable for masking long through-hole is threaded and unthreaded\u2022 Re-usability\u2022 Suitable for powder coating, electroplating, anodizing, etc.PRO MASK PRODUCTS s.r.o. - Maskovac\u00ed krytky, z\u00e1tky, p\u00e1sky, z\u00e1v\u011bsov\u00e1 technika - pr\u016fvle\u010dn\u00e9 z\u00e1tkyP\u0159\u00edm\u00fd dovozce a zpracovatel maskovac\u00edch prost\u0159edk\u016f pro povrchov\u00e9 \u00fapravy.\" \/>\n<meta name=\"twitter:label1\" content=\"Est. reading time\" \/>\n\t<meta name=\"twitter:data1\" content=\"1 minute\" \/>\n<script type=\"application\/ld+json\" class=\"yoast-schema-graph\">{\"@context\":\"https:\/\/schema.org\",\"@graph\":[{\"@type\":\"WebPage\",\"@id\":\"http:\/\/pm.dev-designatelier.cz\/en\/products\/masking-for-hole\/standard-silicone-cn-en\/pull-plugs\/\",\"url\":\"http:\/\/pm.dev-designatelier.cz\/en\/products\/masking-for-hole\/standard-silicone-cn-en\/pull-plugs\/\",\"name\":\"PULL PLUGS - Silikonov\u00e9 pr\u016fvle\u010dn\u00e9 z\u00e1tky - PRO MASK PRODUCTS s.r.o.\",\"isPartOf\":{\"@id\":\"http:\/\/pm.dev-designatelier.cz\/en\/#website\"},\"datePublished\":\"2021-11-24T19:28:06+00:00\",\"dateModified\":\"2022-05-09T13:50:19+00:00\",\"description\":\"\u2022 Material - SILICONE (made in China)\u2022 Thermal load - long withstand temperatures up to 210\u00b0C\u00a0\u00a0\u00a0\u00a0\u00a0\u00a0\u00a0\u00a0\u00a0\u00a0\u00a0\u00a0\u00a0\u00a0\u00a0\u00a0\u00a0\u00a0\u00a0\u00a0\u00a0\u00a0\u00a0 - briefly up to 315\u00b0C\u2022 Suitable for masking long through-hole is threaded and unthreaded\u2022 Re-usability\u2022 Suitable for powder coating, electroplating, anodizing, etc.\",\"breadcrumb\":{\"@id\":\"http:\/\/pm.dev-designatelier.cz\/en\/products\/masking-for-hole\/standard-silicone-cn-en\/pull-plugs\/#breadcrumb\"},\"inLanguage\":\"en-US\",\"potentialAction\":[{\"@type\":\"ReadAction\",\"target\":[\"http:\/\/pm.dev-designatelier.cz\/en\/products\/masking-for-hole\/standard-silicone-cn-en\/pull-plugs\/\"]}]},{\"@type\":\"BreadcrumbList\",\"@id\":\"http:\/\/pm.dev-designatelier.cz\/en\/products\/masking-for-hole\/standard-silicone-cn-en\/pull-plugs\/#breadcrumb\",\"itemListElement\":[{\"@type\":\"ListItem\",\"position\":1,\"name\":\"Home\",\"item\":\"http:\/\/pm.dev-designatelier.cz\/en\/\"},{\"@type\":\"ListItem\",\"position\":2,\"name\":\"Shop\",\"item\":\"http:\/\/pm.dev-designatelier.cz\/en\/shop\/\"},{\"@type\":\"ListItem\",\"position\":3,\"name\":\"MASKING FOR HOLE\",\"item\":\"http:\/\/pm.dev-designatelier.cz\/en\/product-category\/masking-for-hole\/\"},{\"@type\":\"ListItem\",\"position\":4,\"name\":\"STANDARD silicone (CN)\",\"item\":\"http:\/\/pm.dev-designatelier.cz\/en\/product-category\/masking-for-hole\/standard-silicone-cn-en\/\"},{\"@type\":\"ListItem\",\"position\":5,\"name\":\"PULL PLUGS (SPP)\"}]},{\"@type\":\"WebSite\",\"@id\":\"http:\/\/pm.dev-designatelier.cz\/en\/#website\",\"url\":\"http:\/\/pm.dev-designatelier.cz\/en\/\",\"name\":\"PRO MASK PRODUCTS s.r.o.\",\"description\":\"\",\"publisher\":{\"@id\":\"http:\/\/pm.dev-designatelier.cz\/en\/#organization\"},\"potentialAction\":[{\"@type\":\"SearchAction\",\"target\":{\"@type\":\"EntryPoint\",\"urlTemplate\":\"http:\/\/pm.dev-designatelier.cz\/en\/?s={search_term_string}\"},\"query-input\":\"required name=search_term_string\"}],\"inLanguage\":\"en-US\"},{\"@type\":\"Organization\",\"@id\":\"http:\/\/pm.dev-designatelier.cz\/en\/#organization\",\"name\":\"Pro Mask Products s.r.o.\",\"url\":\"http:\/\/pm.dev-designatelier.cz\/en\/\",\"logo\":{\"@type\":\"ImageObject\",\"inLanguage\":\"en-US\",\"@id\":\"http:\/\/pm.dev-designatelier.cz\/en\/#\/schema\/logo\/image\/\",\"url\":\"http:\/\/pm.dev-designatelier.cz\/wp-content\/uploads\/2021\/12\/logo_PMP.png\",\"contentUrl\":\"http:\/\/pm.dev-designatelier.cz\/wp-content\/uploads\/2021\/12\/logo_PMP.png\",\"width\":264,\"height\":110,\"caption\":\"Pro Mask Products s.r.o.\"},\"image\":{\"@id\":\"http:\/\/pm.dev-designatelier.cz\/en\/#\/schema\/logo\/image\/\"}}]}<\/script>\n<!-- \/ Yoast SEO plugin. -->","yoast_head_json":{"title":"PULL PLUGS - Silikonov\u00e9 pr\u016fvle\u010dn\u00e9 z\u00e1tky - PRO MASK PRODUCTS s.r.o.","description":"\u2022 Material - SILICONE (made in China)\u2022 Thermal load - long withstand temperatures up to 210\u00b0C\u00a0\u00a0\u00a0\u00a0\u00a0\u00a0\u00a0\u00a0\u00a0\u00a0\u00a0\u00a0\u00a0\u00a0\u00a0\u00a0\u00a0\u00a0\u00a0\u00a0\u00a0\u00a0\u00a0 - briefly up to 315\u00b0C\u2022 Suitable for masking long through-hole is threaded and unthreaded\u2022 Re-usability\u2022 Suitable for powder coating, electroplating, anodizing, etc.","robots":{"index":"noindex","follow":"follow","max-snippet":"max-snippet:-1","max-image-preview":"max-image-preview:large","max-video-preview":"max-video-preview:-1"},"og_locale":"en_US","og_type":"article","og_title":"PULL PLUGS - Silikonov\u00e9 pr\u016fvle\u010dn\u00e9 z\u00e1tky - PRO MASK PRODUCTS s.r.o.","og_description":"\u2022 Material - SILICONE (made in China)\u2022 Thermal load - long withstand temperatures up to 210\u00b0C\u00a0\u00a0\u00a0\u00a0\u00a0\u00a0\u00a0\u00a0\u00a0\u00a0\u00a0\u00a0\u00a0\u00a0\u00a0\u00a0\u00a0\u00a0\u00a0\u00a0\u00a0\u00a0\u00a0 - briefly up to 315\u00b0C\u2022 Suitable for masking long through-hole is threaded and unthreaded\u2022 Re-usability\u2022 Suitable for powder coating, electroplating, anodizing, etc.PRO MASK PRODUCTS s.r.o. - Maskovac\u00ed krytky, z\u00e1tky, p\u00e1sky, z\u00e1v\u011bsov\u00e1 technika - pr\u016fvle\u010dn\u00e9 z\u00e1tkyP\u0159\u00edm\u00fd dovozce a zpracovatel maskovac\u00edch prost\u0159edk\u016f pro povrchov\u00e9 \u00fapravy.","og_url":"http:\/\/pm.dev-designatelier.cz\/en\/products\/masking-for-hole\/standard-silicone-cn-en\/pull-plugs\/","og_site_name":"PRO MASK PRODUCTS s.r.o.","article_modified_time":"2022-05-09T13:50:19+00:00","og_image":[{"width":2325,"height":2325,"url":"http:\/\/pm.dev-designatelier.cz\/wp-content\/uploads\/2022\/05\/PRUVLECNE-ZATKY_SPP_1.jpg","type":"image\/jpeg"}],"twitter_card":"summary_large_image","twitter_description":"\u2022 Material - SILICONE (made in China)\u2022 Thermal load - long withstand temperatures up to 210\u00b0C\u00a0\u00a0\u00a0\u00a0\u00a0\u00a0\u00a0\u00a0\u00a0\u00a0\u00a0\u00a0\u00a0\u00a0\u00a0\u00a0\u00a0\u00a0\u00a0\u00a0\u00a0\u00a0\u00a0 - briefly up to 315\u00b0C\u2022 Suitable for masking long through-hole is threaded and unthreaded\u2022 Re-usability\u2022 Suitable for powder coating, electroplating, anodizing, etc.PRO MASK PRODUCTS s.r.o. - Maskovac\u00ed krytky, z\u00e1tky, p\u00e1sky, z\u00e1v\u011bsov\u00e1 technika - pr\u016fvle\u010dn\u00e9 z\u00e1tkyP\u0159\u00edm\u00fd dovozce a zpracovatel maskovac\u00edch prost\u0159edk\u016f pro povrchov\u00e9 \u00fapravy.","twitter_misc":{"Est. reading time":"1 minute"},"schema":{"@context":"https:\/\/schema.org","@graph":[{"@type":"WebPage","@id":"http:\/\/pm.dev-designatelier.cz\/en\/products\/masking-for-hole\/standard-silicone-cn-en\/pull-plugs\/","url":"http:\/\/pm.dev-designatelier.cz\/en\/products\/masking-for-hole\/standard-silicone-cn-en\/pull-plugs\/","name":"PULL PLUGS - Silikonov\u00e9 pr\u016fvle\u010dn\u00e9 z\u00e1tky - PRO MASK PRODUCTS s.r.o.","isPartOf":{"@id":"http:\/\/pm.dev-designatelier.cz\/en\/#website"},"datePublished":"2021-11-24T19:28:06+00:00","dateModified":"2022-05-09T13:50:19+00:00","description":"\u2022 Material - SILICONE (made in China)\u2022 Thermal load - long withstand temperatures up to 210\u00b0C\u00a0\u00a0\u00a0\u00a0\u00a0\u00a0\u00a0\u00a0\u00a0\u00a0\u00a0\u00a0\u00a0\u00a0\u00a0\u00a0\u00a0\u00a0\u00a0\u00a0\u00a0\u00a0\u00a0 - briefly up to 315\u00b0C\u2022 Suitable for masking long through-hole is threaded and unthreaded\u2022 Re-usability\u2022 Suitable for powder coating, electroplating, anodizing, etc.","breadcrumb":{"@id":"http:\/\/pm.dev-designatelier.cz\/en\/products\/masking-for-hole\/standard-silicone-cn-en\/pull-plugs\/#breadcrumb"},"inLanguage":"en-US","potentialAction":[{"@type":"ReadAction","target":["http:\/\/pm.dev-designatelier.cz\/en\/products\/masking-for-hole\/standard-silicone-cn-en\/pull-plugs\/"]}]},{"@type":"BreadcrumbList","@id":"http:\/\/pm.dev-designatelier.cz\/en\/products\/masking-for-hole\/standard-silicone-cn-en\/pull-plugs\/#breadcrumb","itemListElement":[{"@type":"ListItem","position":1,"name":"Home","item":"http:\/\/pm.dev-designatelier.cz\/en\/"},{"@type":"ListItem","position":2,"name":"Shop","item":"http:\/\/pm.dev-designatelier.cz\/en\/shop\/"},{"@type":"ListItem","position":3,"name":"MASKING FOR HOLE","item":"http:\/\/pm.dev-designatelier.cz\/en\/product-category\/masking-for-hole\/"},{"@type":"ListItem","position":4,"name":"STANDARD silicone (CN)","item":"http:\/\/pm.dev-designatelier.cz\/en\/product-category\/masking-for-hole\/standard-silicone-cn-en\/"},{"@type":"ListItem","position":5,"name":"PULL PLUGS (SPP)"}]},{"@type":"WebSite","@id":"http:\/\/pm.dev-designatelier.cz\/en\/#website","url":"http:\/\/pm.dev-designatelier.cz\/en\/","name":"PRO MASK PRODUCTS s.r.o.","description":"","publisher":{"@id":"http:\/\/pm.dev-designatelier.cz\/en\/#organization"},"potentialAction":[{"@type":"SearchAction","target":{"@type":"EntryPoint","urlTemplate":"http:\/\/pm.dev-designatelier.cz\/en\/?s={search_term_string}"},"query-input":"required name=search_term_string"}],"inLanguage":"en-US"},{"@type":"Organization","@id":"http:\/\/pm.dev-designatelier.cz\/en\/#organization","name":"Pro Mask Products s.r.o.","url":"http:\/\/pm.dev-designatelier.cz\/en\/","logo":{"@type":"ImageObject","inLanguage":"en-US","@id":"http:\/\/pm.dev-designatelier.cz\/en\/#\/schema\/logo\/image\/","url":"http:\/\/pm.dev-designatelier.cz\/wp-content\/uploads\/2021\/12\/logo_PMP.png","contentUrl":"http:\/\/pm.dev-designatelier.cz\/wp-content\/uploads\/2021\/12\/logo_PMP.png","width":264,"height":110,"caption":"Pro Mask Products s.r.o."},"image":{"@id":"http:\/\/pm.dev-designatelier.cz\/en\/#\/schema\/logo\/image\/"}}]}},"_links":{"self":[{"href":"http:\/\/pm.dev-designatelier.cz\/en\/wp-json\/wp\/v2\/product\/2926"}],"collection":[{"href":"http:\/\/pm.dev-designatelier.cz\/en\/wp-json\/wp\/v2\/product"}],"about":[{"href":"http:\/\/pm.dev-designatelier.cz\/en\/wp-json\/wp\/v2\/types\/product"}],"replies":[{"embeddable":true,"href":"http:\/\/pm.dev-designatelier.cz\/en\/wp-json\/wp\/v2\/comments?post=2926"}],"version-history":[{"count":0,"href":"http:\/\/pm.dev-designatelier.cz\/en\/wp-json\/wp\/v2\/product\/2926\/revisions"}],"wp:featuredmedia":[{"embeddable":true,"href":"http:\/\/pm.dev-designatelier.cz\/en\/wp-json\/wp\/v2\/media\/4260"}],"wp:attachment":[{"href":"http:\/\/pm.dev-designatelier.cz\/en\/wp-json\/wp\/v2\/media?parent=2926"}],"wp:term":[{"taxonomy":"product_cat","embeddable":true,"href":"http:\/\/pm.dev-designatelier.cz\/en\/wp-json\/wp\/v2\/product_cat?post=2926"},{"taxonomy":"product_tag","embeddable":true,"href":"http:\/\/pm.dev-designatelier.cz\/en\/wp-json\/wp\/v2\/product_tag?post=2926"}],"curies":[{"name":"wp","href":"https:\/\/api.w.org\/{rel}","templated":true}]}}