{"id":2920,"date":"2021-11-24T20:21:24","date_gmt":"2021-11-24T19:27:24","guid":{"rendered":"http:\/\/pm.dev-designatelier.cz\/shop\/uncategorized\/caps\/"},"modified":"2022-05-09T15:29:58","modified_gmt":"2022-05-09T13:29:58","slug":"caps","status":"publish","type":"product","link":"http:\/\/pm.dev-designatelier.cz\/en\/products\/masking-for-axle\/standard-silicone-cn\/caps\/","title":{"rendered":"CAPS (SC)"},"content":{"rendered":"<p><strong>In case you don&#8217;t find requested sizes, do not hasitate to <a href=\"http:\/\/pm.dev-designatelier.cz\/en\/contact-us\/\">contact us<\/a>.<\/strong><\/p>\n<style type=\"text\/css\">\n.tableizer-table {font-family: Arial, Helvetica, sans-serif; font-size: 11px;}\n.tableizer-table td {padding: 3px 25px 3px 25px; border: 1px solid #fff; background-color: #ddd; color: #000; text-align: center;}\n.tableizer-table th {text-align:center;padding: 3px 25px 3px 25px; border: 1px solid #fff; background-color: #ebbc06; color: #fff; font-weight: bold;}\ntd:first-child {text-align: left; background-color: #ccc7c2; font-weight: bold;}\nth:first-child {text-align: left;}\n<\/style>\n<table class=\"tableizer-table\">\n<thead>\n<tr class=\"tableizer-firstrow\">\n<th>PRODUKT \u010c.<\/th>\n<th>Z\u00c1VIT<\/th>\n<th>A (mm)<\/th>\n<th>B (mm)<\/th>\n<th>L (mm)<\/th>\n<\/tr>\n<\/thead>\n<tbody>\n<tr>\n<td>SC-70-1000<\/td>\n<td>M2<\/td>\n<td>1,78 <\/td>\n<td>4,08 <\/td>\n<td>25,40 <\/td>\n<\/tr>\n<tr>\n<td>SC-80-750<\/td>\n<td>&nbsp;<\/td>\n<td>2,03 <\/td>\n<td>5,08 <\/td>\n<td>19,05 <\/td>\n<\/tr>\n<tr>\n<td>SC-100-500<\/td>\n<td>M3<\/td>\n<td>2,54 <\/td>\n<td>5,13 <\/td>\n<td>12,70 <\/td>\n<\/tr>\n<tr>\n<td>SC-100-750<\/td>\n<td>M3<\/td>\n<td>2,54 <\/td>\n<td>5,13 <\/td>\n<td>19,05 <\/td>\n<\/tr>\n<tr>\n<td>SC-100-1000<\/td>\n<td>M3<\/td>\n<td>2,54 <\/td>\n<td>5,13 <\/td>\n<td>25,40 <\/td>\n<\/tr>\n<tr>\n<td>SC-100-1500<\/td>\n<td>M3<\/td>\n<td>2,54 <\/td>\n<td>5,13 <\/td>\n<td>38,10\n <\/td>\n<\/tr>\n<tr>\n<td>SC-109-500<\/td>\n<td>&nbsp;<\/td>\n<td>2,77 <\/td>\n<td>5,82 <\/td>\n<td>12,70 <\/td>\n<\/tr>\n<tr>\n<td>SC-109-750<\/td>\n<td>&nbsp;<\/td>\n<td>2,77 <\/td>\n<td>5,36 <\/td>\n<td>19,05 <\/td>\n<\/tr>\n<tr>\n<td>SC-109-1000<\/td>\n<td>&nbsp;<\/td>\n<td>2,77 <\/td>\n<td>5,36 <\/td>\n<td>25,40 <\/td>\n<\/tr>\n<tr>\n<td>SC-125-500<\/td>\n<td>&nbsp;<\/td>\n<td>3,18 <\/td>\n<td>5,77 <\/td>\n<td>12,70 <\/td>\n<\/tr>\n<tr>\n<td>SC-125-1000<\/td>\n<td>&nbsp;<\/td>\n<td>3,18 <\/td>\n<td>5,77 <\/td>\n<td>25,40 <\/td>\n<\/tr>\n<tr>\n<td>SC-140-1000<\/td>\n<td>&nbsp;<\/td>\n<td>3,56 <\/td>\n<td>6,60 <\/td>\n<td>25,40 <\/td>\n<\/tr>\n<tr>\n<td>SC-148-500<\/td>\n<td>M4<\/td>\n<td>3,76 <\/td>\n<td>6,81 <\/td>\n<td>12,70 <\/td>\n<\/tr>\n<tr>\n<td>SC-148-750<\/td>\n<td>M4<\/td>\n<td>3,76 <\/td>\n<td>3,85 <\/td>\n<td>19,05 <\/td>\n<\/tr>\n<tr>\n<td>SC-148-1000<\/td>\n<td>M4<\/td>\n<td>3,76 <\/td>\n<td>6,81 <\/td>\n<td>25,40 <\/td>\n<\/tr>\n<tr>\n<td>SC-148-1500<\/td>\n<td>M4<\/td>\n<td>3,76 <\/td>\n<td>6,81 <\/td>\n<td>38,10 <\/td>\n<\/tr>\n<tr>\n<td>SC-156-1000<\/td>\n<td>&nbsp;<\/td>\n<td>3,96 <\/td>\n<td>7,01 <\/td>\n<td>25,40 <\/td>\n<\/tr>\n<tr>\n<td>SC-156-1250<\/td>\n<td>&nbsp;<\/td>\n<td>3,96 <\/td>\n<td>7,01 <\/td>\n<td>31,75 <\/td>\n<\/tr>\n<tr>\n<td>SC-156-1500<\/td>\n<td>&nbsp;<\/td>\n<td>3,96 <\/td>\n<td>7,01 <\/td>\n<td>38,10 <\/td>\n<\/tr>\n<tr>\n<td>SC-172-1000<\/td>\n<td>&nbsp;<\/td>\n<td>4,37 <\/td>\n<td>7,42 <\/td>\n<td>25,40 <\/td>\n<\/tr>\n<tr>\n<td>SC-180-1000<\/td>\n<td>&nbsp;<\/td>\n<td>4,57 <\/td>\n<td>7,62 <\/td>\n<td>25,40 <\/td>\n<\/tr>\n<tr>\n<td>SC-187-500<\/td>\n<td>M5<\/td>\n<td>4,75 <\/td>\n<td>7,80 <\/td>\n<td>12,70 <\/td>\n<\/tr>\n<tr>\n<td>SC-187-610<\/td>\n<td>M5<\/td>\n<td>4,75 <\/td>\n<td>7,80 <\/td>\n<td>15,49 <\/td>\n<\/tr>\n<tr>\n<td>SC-187-750<\/td>\n<td>M5<\/td>\n<td>4,75 <\/td>\n<td>7,80 <\/td>\n<td>19,05 <\/td>\n<\/tr>\n<tr>\n<td>SC-187-1000<\/td>\n<td>M5<\/td>\n<td>4,75 <\/td>\n<td>7,80 <\/td>\n<td>25,40 <\/td>\n<\/tr>\n<tr>\n<td>SC-187-1500<\/td>\n<td>M5<\/td>\n<td>4,75 <\/td>\n<td>7,80 <\/td>\n<td>38,10 <\/td>\n<\/tr>\n<tr>\n<td>SC-197-1000<\/td>\n<td>&nbsp;<\/td>\n<td>5,00 <\/td>\n<td>8,05 <\/td>\n<td>25,40 <\/td>\n<\/tr>\n<tr>\n<td>SC-218-1000<\/td>\n<td>&nbsp;<\/td>\n<td>5,54 <\/td>\n<td>8,59 <\/td>\n<td>25,40 <\/td>\n<\/tr>\n<tr>\n<td>SC-223-500<\/td>\n<td>M6<\/td>\n<td>5,66 <\/td>\n<td>8,71 <\/td>\n<td>12,70 <\/td>\n<\/tr>\n<tr>\n<td>SC-223-750<\/td>\n<td>M6<\/td>\n<td>5,66 <\/td>\n<td>8,71 <\/td>\n<td>19,05 <\/td>\n<\/tr>\n<tr>\n<td>SC-223-1000<\/td>\n<td>M6<\/td>\n<td>5,66 <\/td>\n<td>8,71 <\/td>\n<td>25,40 <\/td>\n<\/tr>\n<tr>\n<td>SC-223-1500<\/td>\n<td>M6<\/td>\n<td>5,66 <\/td>\n<td>8,71 <\/td>\n<td>38,10 <\/td>\n<\/tr>\n<tr>\n<td>SC-234-500<\/td>\n<td>&nbsp;<\/td>\n<td>5,94 <\/td>\n<td>8,99 <\/td>\n<td>12,70 <\/td>\n<\/tr>\n<tr>\n<td>SC-234-1000<\/td>\n<td>&nbsp;<\/td>\n<td>5,94 <\/td>\n<td>8,99 <\/td>\n<td>25,40 <\/td>\n<\/tr>\n<tr>\n<td>SC-234-1500<\/td>\n<td>&nbsp;<\/td>\n<td>5,94 <\/td>\n<td>8,99 <\/td>\n<td>38,10 <\/td>\n<\/tr>\n<tr>\n<td>SC-250-1500<\/td>\n<td>&nbsp;<\/td>\n<td>6,35 <\/td>\n<td>9,40 <\/td>\n<td>38,10 <\/td>\n<\/tr>\n<tr>\n<td>SC-281-1000<\/td>\n<td>&nbsp;<\/td>\n<td>7,14 <\/td>\n<td>10,19 <\/td>\n<td>25,40 <\/td>\n<\/tr>\n<tr>\n<td>SC-295-500<\/td>\n<td>M8<\/td>\n<td>7,49 <\/td>\n<td>10,54 <\/td>\n<td>12,70 <\/td>\n<\/tr>\n<tr>\n<td>SC-295-750<\/td>\n<td>M8<\/td>\n<td>7,49 <\/td>\n<td>10,54 <\/td>\n<td>19,05 <\/td>\n<\/tr>\n<tr>\n<td>SC-295-1000<\/td>\n<td>M8<\/td>\n<td>7,49 <\/td>\n<td>10,54 <\/td>\n<td>25,40 <\/td>\n<\/tr>\n<tr>\n<td>SC-295-1500<\/td>\n<td>M8<\/td>\n<td>7,49 <\/td>\n<td>10,54 <\/td>\n<td>38,10 <\/td>\n<\/tr>\n<tr>\n<td>SC-295-2350<\/td>\n<td>M8<\/td>\n<td>7,49 <\/td>\n<td>10,54 <\/td>\n<td>59,69 <\/td>\n<\/tr>\n<tr>\n<td>SC-312-1500<\/td>\n<td>&nbsp;<\/td>\n<td>7,92 <\/td>\n<td>10,97 <\/td>\n<td>38,10 <\/td>\n<\/tr>\n<tr>\n<td>SC-340-1000<\/td>\n<td>&nbsp;<\/td>\n<td>8,64 <\/td>\n<td>11,68 <\/td>\n<td>25,40 <\/td>\n<\/tr>\n<tr>\n<td>SC-355-1500<\/td>\n<td>&nbsp;<\/td>\n<td>9,02 <\/td>\n<td>12,07 <\/td>\n<td>38,10 <\/td>\n<\/tr>\n<tr>\n<td>SC-366-1500<\/td>\n<td>&nbsp;<\/td>\n<td>9,30 <\/td>\n<td>12,34 <\/td>\n<td>38,10 <\/td>\n<\/tr>\n<tr>\n<td>SC-375-500<\/td>\n<td>M10<\/td>\n<td>9,53 <\/td>\n<td>12,57 <\/td>\n<td>12,70 <\/td>\n<\/tr>\n<tr>\n<td>SC-375-750<\/td>\n<td>M10<\/td>\n<td>9,53 <\/td>\n<td>12,57 <\/td>\n<td>19,05 <\/td>\n<\/tr>\n<tr>\n<td>SC-375-1000<\/td>\n<td>M10<\/td>\n<td>9,53 <\/td>\n<td>12,57 <\/td>\n<td>25,40 <\/td>\n<\/tr>\n<tr>\n<td>SC-375-1500<\/td>\n<td>M10<\/td>\n<td>9,53 <\/td>\n<td>12,57 <\/td>\n<td>38,10 <\/td>\n<\/tr>\n<tr>\n<td>SC-375-1969<\/td>\n<td>M10<\/td>\n<td>9,53 <\/td>\n<td>12,57 <\/td>\n<td>50,01 <\/td>\n<\/tr>\n<tr>\n<td>SC-406-1000<\/td>\n<td>&nbsp;<\/td>\n<td>10,31 <\/td>\n<td>13,36 <\/td>\n<td>25,40 <\/td>\n<\/tr>\n<tr>\n<td>SC-456-500<\/td>\n<td>M12<\/td>\n<td>11,58 <\/td>\n<td>14,63 <\/td>\n<td>12,70 <\/td>\n<\/tr>\n<tr>\n<td>SC-456-750<\/td>\n<td>M12<\/td>\n<td>11,58 <\/td>\n<td>14,63 <\/td>\n<td>19,05 <\/td>\n<\/tr>\n<tr>\n<td>SC-456-1000<\/td>\n<td>M12<\/td>\n<td>11,58 <\/td>\n<td>14,63 <\/td>\n<td>25,40 <\/td>\n<\/tr>\n<tr>\n<td>SC-456-1500<\/td>\n<td>M12<\/td>\n<td>11,58 <\/td>\n<td>14,63 <\/td>\n<td>38,10 <\/td>\n<\/tr>\n<tr>\n<td>SC-468-1000<\/td>\n<td>&nbsp;<\/td>\n<td>11,89 <\/td>\n<td>14,94 <\/td>\n<td>25,40 <\/td>\n<\/tr>\n<tr>\n<td>SC-480-1500<\/td>\n<td>&nbsp;<\/td>\n<td>12,19 <\/td>\n<td>15,24 <\/td>\n<td>38,10 <\/td>\n<\/tr>\n<tr>\n<td>SC-535-750<\/td>\n<td>M14<\/td>\n<td>13,59 <\/td>\n<td>16,64 <\/td>\n<td>19,05 <\/td>\n<\/tr>\n<tr>\n<td>SC-535-1000<\/td>\n<td>M14<\/td>\n<td>13,59 <\/td>\n<td>16,64 <\/td>\n<td>25,40 <\/td>\n<\/tr>\n<tr>\n<td>SC-535-1500<\/td>\n<td>M14<\/td>\n<td>13,59 <\/td>\n<td>16,64 <\/td>\n<td>38,10 <\/td>\n<\/tr>\n<tr>\n<td>SC-535-3000<\/td>\n<td>M14<\/td>\n<td>13,59 <\/td>\n<td>16,64 <\/td>\n<td>76,20 <\/td>\n<\/tr>\n<tr>\n<td>SC-562-800<\/td>\n<td>&nbsp;<\/td>\n<td>14,27 <\/td>\n<td>17,32 <\/td>\n<td>20,32 <\/td>\n<\/tr>\n<tr>\n<td>SC-600-1500<\/td>\n<td>&nbsp;<\/td>\n<td>15,24 <\/td>\n<td>18,29 <\/td>\n<td>38,10 <\/td>\n<\/tr>\n<tr>\n<td>SC-625-1500<\/td>\n<td>&nbsp;<\/td>\n<td>15,88 <\/td>\n<td>18,92 <\/td>\n<td>38,10 <\/td>\n<\/tr>\n<tr>\n<td>SC-625-2500<\/td>\n<td>&nbsp;<\/td>\n<td>15,88 <\/td>\n<td>18,92 <\/td>\n<td>63,50 <\/td>\n<\/tr>\n<tr>\n<td>SC-750-2000<\/td>\n<td>&nbsp;<\/td>\n<td>19,05 <\/td>\n<td>22,10 <\/td>\n<td>50,80 <\/td>\n<\/tr>\n<tr>\n<td>SC-780-1500<\/td>\n<td>&nbsp;<\/td>\n<td>19,81 <\/td>\n<td>22,86 <\/td>\n<td>38,10 <\/td>\n<\/tr>\n<tr>\n<td>SC-845-2844<\/td>\n<td>&nbsp;<\/td>\n<td>21,46 <\/td>\n<td>24,51 <\/td>\n<td>72,24 <\/td>\n<\/tr>\n<tr>\n<td>SC-875-1000<\/td>\n<td>&nbsp;<\/td>\n<td>22,23 <\/td>\n<td>25,27 <\/td>\n<td>25,40 <\/td>\n<\/tr>\n<tr>\n<td>SC-875-1500<\/td>\n<td>&nbsp;<\/td>\n<td>22,23 <\/td>\n<td>25,27 <\/td>\n<td>38,10 <\/td>\n<\/tr>\n<tr>\n<td>SC-970-1500<\/td>\n<td>&nbsp;<\/td>\n<td>24,64 <\/td>\n<td>27,69 <\/td>\n<td>38,10 <\/td>\n<\/tr>\n<tr>\n<td>SC-970-4000<\/td>\n<td>&nbsp;<\/td>\n<td>24,64 <\/td>\n<td>27,69 <\/td>\n<td>101,60 <\/td>\n<\/tr>\n<tr>\n<td>SC-1000-2000<\/td>\n<td>&nbsp;<\/td>\n<td>25,40 <\/td>\n<td>28,45 <\/td>\n<td>50,80 <\/td>\n<\/tr>\n<tr>\n<td>SC-1062-2000<\/td>\n<td>&nbsp;<\/td>\n<td>26,97 <\/td>\n<td>30,02 <\/td>\n<td>50,80 <\/td>\n<\/tr>\n<tr>\n<td>SC-1062-3414<\/td>\n<td>&nbsp;<\/td>\n<td>26,97 <\/td>\n<td>30,02 <\/td>\n<td>86,72 <\/td>\n<\/tr>\n<tr>\n<td>SC-1250-1500<\/td>\n<td>&nbsp;<\/td>\n<td>31,75 <\/td>\n<td>34,80 <\/td>\n<td>38,10 <\/td>\n<\/tr>\n<\/tbody>\n<\/table>\n","protected":false},"excerpt":{"rendered":"<p>\u2022 Material &#8211; SILICONE (made in China)<br \/>\n\u2022 Thermal load: long withstand temperatures up to 210\u00b0C, briefly up to 315\u00b0C<br \/>\n\u2022 Suitable for covering external threads, pins, through and blind holes, etc.<br \/>\n\u2022 Re-usability<br \/>\n\u2022 Suitable for powder coating, electroplating, anodizing, etc.<\/p>\n","protected":false},"featured_media":3365,"comment_status":"closed","ping_status":"closed","template":"","meta":[],"product_cat":[153,157],"product_tag":[],"yoast_head":"<!-- This site is optimized with the Yoast SEO plugin v21.6 - https:\/\/yoast.com\/wordpress\/plugins\/seo\/ -->\n<title>CAPS - Silikonov\u00e9 n\u00e1suvn\u00e9 krytky - PRO MASK PRODUCTS s.r.o<\/title>\n<meta name=\"description\" content=\"\u2022 Material - SILICONE (made in China)\u2022 Thermal load - long withstand temperatures up to 210\u00b0C\u00a0\u00a0\u00a0\u00a0\u00a0\u00a0\u00a0\u00a0\u00a0\u00a0\u00a0\u00a0\u00a0\u00a0\u00a0\u00a0\u00a0\u00a0\u00a0\u00a0\u00a0\u00a0\u00a0 - briefly up to 315\u00b0C\u2022 Suitable for covering external threads, pins, through and blind holes, etc.\u2022 Re-usability\u2022 Suitable for powder coating, electroplating, anodizing, etc.\" \/>\n<meta name=\"robots\" content=\"noindex, follow, max-snippet:-1, max-image-preview:large, max-video-preview:-1\" \/>\n<meta property=\"og:locale\" content=\"en_US\" \/>\n<meta property=\"og:type\" content=\"article\" \/>\n<meta property=\"og:title\" content=\"CAPS - Silikonov\u00e9 n\u00e1suvn\u00e9 krytky - PRO MASK PRODUCTS s.r.o\" \/>\n<meta property=\"og:description\" content=\"\u2022 Material - SILICONE (made in China)\u2022 Thermal load - long withstand temperatures up to 210\u00b0C\u00a0\u00a0\u00a0\u00a0\u00a0\u00a0\u00a0\u00a0\u00a0\u00a0\u00a0\u00a0\u00a0\u00a0\u00a0\u00a0\u00a0\u00a0\u00a0\u00a0\u00a0\u00a0\u00a0 - briefly up to 315\u00b0C\u2022 Suitable for covering external threads, pins, through and blind holes, etc.\u2022 Re-usability\u2022 Suitable for powder coating, electroplating, anodizing, etc.PRO MASK PRODUCTS s.r.o. - Maskovac\u00ed krytky, z\u00e1tky, p\u00e1sky, z\u00e1v\u011bsov\u00e1 technika - silikonov\u00e9 n\u00e1suvn\u00e9 krytkyP\u0159\u00edm\u00fd dovozce a zpracovatel maskovac\u00edch prost\u0159edk\u016f pro povrchov\u00e9 \u00fapravy.\" \/>\n<meta property=\"og:url\" content=\"http:\/\/pm.dev-designatelier.cz\/en\/products\/masking-for-axle\/standard-silicone-cn\/caps\/\" \/>\n<meta property=\"og:site_name\" content=\"PRO MASK PRODUCTS s.r.o.\" \/>\n<meta property=\"article:modified_time\" content=\"2022-05-09T13:29:58+00:00\" \/>\n<meta property=\"og:image\" content=\"http:\/\/pm.dev-designatelier.cz\/wp-content\/uploads\/2021\/11\/NA\u0301SUVNE\u0301-KRYTKY_SC_1.jpg\" \/>\n\t<meta property=\"og:image:width\" content=\"1651\" \/>\n\t<meta property=\"og:image:height\" content=\"1651\" \/>\n\t<meta property=\"og:image:type\" content=\"image\/jpeg\" \/>\n<meta name=\"twitter:card\" content=\"summary_large_image\" \/>\n<meta name=\"twitter:description\" content=\"\u2022 Material - SILICONE (made in China)\u2022 Thermal load - long withstand temperatures up to 210\u00b0C\u00a0\u00a0\u00a0\u00a0\u00a0\u00a0\u00a0\u00a0\u00a0\u00a0\u00a0\u00a0\u00a0\u00a0\u00a0\u00a0\u00a0\u00a0\u00a0\u00a0\u00a0\u00a0\u00a0 - briefly up to 315\u00b0C\u2022 Suitable for covering external threads, pins, through and blind holes, etc.\u2022 Re-usability\u2022 Suitable for powder coating, electroplating, anodizing, etc.PRO MASK PRODUCTS s.r.o. - Maskovac\u00ed krytky, z\u00e1tky, p\u00e1sky, z\u00e1v\u011bsov\u00e1 technika - silikonov\u00e9 n\u00e1suvn\u00e9 krytkyP\u0159\u00edm\u00fd dovozce a zpracovatel maskovac\u00edch prost\u0159edk\u016f pro povrchov\u00e9 \u00fapravy.\" \/>\n<meta name=\"twitter:label1\" content=\"Est. reading time\" \/>\n\t<meta name=\"twitter:data1\" content=\"1 minute\" \/>\n<script type=\"application\/ld+json\" class=\"yoast-schema-graph\">{\"@context\":\"https:\/\/schema.org\",\"@graph\":[{\"@type\":\"WebPage\",\"@id\":\"http:\/\/pm.dev-designatelier.cz\/en\/products\/masking-for-axle\/standard-silicone-cn\/caps\/\",\"url\":\"http:\/\/pm.dev-designatelier.cz\/en\/products\/masking-for-axle\/standard-silicone-cn\/caps\/\",\"name\":\"CAPS - Silikonov\u00e9 n\u00e1suvn\u00e9 krytky - PRO MASK PRODUCTS s.r.o\",\"isPartOf\":{\"@id\":\"http:\/\/pm.dev-designatelier.cz\/en\/#website\"},\"datePublished\":\"2021-11-24T19:27:24+00:00\",\"dateModified\":\"2022-05-09T13:29:58+00:00\",\"description\":\"\u2022 Material - SILICONE (made in China)\u2022 Thermal load - long withstand temperatures up to 210\u00b0C\u00a0\u00a0\u00a0\u00a0\u00a0\u00a0\u00a0\u00a0\u00a0\u00a0\u00a0\u00a0\u00a0\u00a0\u00a0\u00a0\u00a0\u00a0\u00a0\u00a0\u00a0\u00a0\u00a0 - briefly up to 315\u00b0C\u2022 Suitable for covering external threads, pins, through and blind holes, etc.\u2022 Re-usability\u2022 Suitable for powder coating, electroplating, anodizing, etc.\",\"breadcrumb\":{\"@id\":\"http:\/\/pm.dev-designatelier.cz\/en\/products\/masking-for-axle\/standard-silicone-cn\/caps\/#breadcrumb\"},\"inLanguage\":\"en-US\",\"potentialAction\":[{\"@type\":\"ReadAction\",\"target\":[\"http:\/\/pm.dev-designatelier.cz\/en\/products\/masking-for-axle\/standard-silicone-cn\/caps\/\"]}]},{\"@type\":\"BreadcrumbList\",\"@id\":\"http:\/\/pm.dev-designatelier.cz\/en\/products\/masking-for-axle\/standard-silicone-cn\/caps\/#breadcrumb\",\"itemListElement\":[{\"@type\":\"ListItem\",\"position\":1,\"name\":\"Home\",\"item\":\"http:\/\/pm.dev-designatelier.cz\/en\/\"},{\"@type\":\"ListItem\",\"position\":2,\"name\":\"Shop\",\"item\":\"http:\/\/pm.dev-designatelier.cz\/en\/shop\/\"},{\"@type\":\"ListItem\",\"position\":3,\"name\":\"MASKING FOR AXLE\",\"item\":\"http:\/\/pm.dev-designatelier.cz\/en\/product-category\/masking-for-axle\/\"},{\"@type\":\"ListItem\",\"position\":4,\"name\":\"STANDARD silicone (CN)\",\"item\":\"http:\/\/pm.dev-designatelier.cz\/en\/product-category\/masking-for-axle\/standard-silicone-cn\/\"},{\"@type\":\"ListItem\",\"position\":5,\"name\":\"CAPS (SC)\"}]},{\"@type\":\"WebSite\",\"@id\":\"http:\/\/pm.dev-designatelier.cz\/en\/#website\",\"url\":\"http:\/\/pm.dev-designatelier.cz\/en\/\",\"name\":\"PRO MASK PRODUCTS s.r.o.\",\"description\":\"\",\"publisher\":{\"@id\":\"http:\/\/pm.dev-designatelier.cz\/en\/#organization\"},\"potentialAction\":[{\"@type\":\"SearchAction\",\"target\":{\"@type\":\"EntryPoint\",\"urlTemplate\":\"http:\/\/pm.dev-designatelier.cz\/en\/?s={search_term_string}\"},\"query-input\":\"required name=search_term_string\"}],\"inLanguage\":\"en-US\"},{\"@type\":\"Organization\",\"@id\":\"http:\/\/pm.dev-designatelier.cz\/en\/#organization\",\"name\":\"Pro Mask Products s.r.o.\",\"url\":\"http:\/\/pm.dev-designatelier.cz\/en\/\",\"logo\":{\"@type\":\"ImageObject\",\"inLanguage\":\"en-US\",\"@id\":\"http:\/\/pm.dev-designatelier.cz\/en\/#\/schema\/logo\/image\/\",\"url\":\"http:\/\/pm.dev-designatelier.cz\/wp-content\/uploads\/2021\/12\/logo_PMP.png\",\"contentUrl\":\"http:\/\/pm.dev-designatelier.cz\/wp-content\/uploads\/2021\/12\/logo_PMP.png\",\"width\":264,\"height\":110,\"caption\":\"Pro Mask Products s.r.o.\"},\"image\":{\"@id\":\"http:\/\/pm.dev-designatelier.cz\/en\/#\/schema\/logo\/image\/\"}}]}<\/script>\n<!-- \/ Yoast SEO plugin. -->","yoast_head_json":{"title":"CAPS - Silikonov\u00e9 n\u00e1suvn\u00e9 krytky - PRO MASK PRODUCTS s.r.o","description":"\u2022 Material - SILICONE (made in China)\u2022 Thermal load - long withstand temperatures up to 210\u00b0C\u00a0\u00a0\u00a0\u00a0\u00a0\u00a0\u00a0\u00a0\u00a0\u00a0\u00a0\u00a0\u00a0\u00a0\u00a0\u00a0\u00a0\u00a0\u00a0\u00a0\u00a0\u00a0\u00a0 - briefly up to 315\u00b0C\u2022 Suitable for covering external threads, pins, through and blind holes, etc.\u2022 Re-usability\u2022 Suitable for powder coating, electroplating, anodizing, etc.","robots":{"index":"noindex","follow":"follow","max-snippet":"max-snippet:-1","max-image-preview":"max-image-preview:large","max-video-preview":"max-video-preview:-1"},"og_locale":"en_US","og_type":"article","og_title":"CAPS - Silikonov\u00e9 n\u00e1suvn\u00e9 krytky - PRO MASK PRODUCTS s.r.o","og_description":"\u2022 Material - SILICONE (made in China)\u2022 Thermal load - long withstand temperatures up to 210\u00b0C\u00a0\u00a0\u00a0\u00a0\u00a0\u00a0\u00a0\u00a0\u00a0\u00a0\u00a0\u00a0\u00a0\u00a0\u00a0\u00a0\u00a0\u00a0\u00a0\u00a0\u00a0\u00a0\u00a0 - briefly up to 315\u00b0C\u2022 Suitable for covering external threads, pins, through and blind holes, etc.\u2022 Re-usability\u2022 Suitable for powder coating, electroplating, anodizing, etc.PRO MASK PRODUCTS s.r.o. - Maskovac\u00ed krytky, z\u00e1tky, p\u00e1sky, z\u00e1v\u011bsov\u00e1 technika - silikonov\u00e9 n\u00e1suvn\u00e9 krytkyP\u0159\u00edm\u00fd dovozce a zpracovatel maskovac\u00edch prost\u0159edk\u016f pro povrchov\u00e9 \u00fapravy.","og_url":"http:\/\/pm.dev-designatelier.cz\/en\/products\/masking-for-axle\/standard-silicone-cn\/caps\/","og_site_name":"PRO MASK PRODUCTS s.r.o.","article_modified_time":"2022-05-09T13:29:58+00:00","og_image":[{"width":1651,"height":1651,"url":"http:\/\/pm.dev-designatelier.cz\/wp-content\/uploads\/2021\/11\/NA\u0301SUVNE\u0301-KRYTKY_SC_1.jpg","type":"image\/jpeg"}],"twitter_card":"summary_large_image","twitter_description":"\u2022 Material - SILICONE (made in China)\u2022 Thermal load - long withstand temperatures up to 210\u00b0C\u00a0\u00a0\u00a0\u00a0\u00a0\u00a0\u00a0\u00a0\u00a0\u00a0\u00a0\u00a0\u00a0\u00a0\u00a0\u00a0\u00a0\u00a0\u00a0\u00a0\u00a0\u00a0\u00a0 - briefly up to 315\u00b0C\u2022 Suitable for covering external threads, pins, through and blind holes, etc.\u2022 Re-usability\u2022 Suitable for powder coating, electroplating, anodizing, etc.PRO MASK PRODUCTS s.r.o. - Maskovac\u00ed krytky, z\u00e1tky, p\u00e1sky, z\u00e1v\u011bsov\u00e1 technika - silikonov\u00e9 n\u00e1suvn\u00e9 krytkyP\u0159\u00edm\u00fd dovozce a zpracovatel maskovac\u00edch prost\u0159edk\u016f pro povrchov\u00e9 \u00fapravy.","twitter_misc":{"Est. reading time":"1 minute"},"schema":{"@context":"https:\/\/schema.org","@graph":[{"@type":"WebPage","@id":"http:\/\/pm.dev-designatelier.cz\/en\/products\/masking-for-axle\/standard-silicone-cn\/caps\/","url":"http:\/\/pm.dev-designatelier.cz\/en\/products\/masking-for-axle\/standard-silicone-cn\/caps\/","name":"CAPS - Silikonov\u00e9 n\u00e1suvn\u00e9 krytky - PRO MASK PRODUCTS s.r.o","isPartOf":{"@id":"http:\/\/pm.dev-designatelier.cz\/en\/#website"},"datePublished":"2021-11-24T19:27:24+00:00","dateModified":"2022-05-09T13:29:58+00:00","description":"\u2022 Material - SILICONE (made in China)\u2022 Thermal load - long withstand temperatures up to 210\u00b0C\u00a0\u00a0\u00a0\u00a0\u00a0\u00a0\u00a0\u00a0\u00a0\u00a0\u00a0\u00a0\u00a0\u00a0\u00a0\u00a0\u00a0\u00a0\u00a0\u00a0\u00a0\u00a0\u00a0 - briefly up to 315\u00b0C\u2022 Suitable for covering external threads, pins, through and blind holes, etc.\u2022 Re-usability\u2022 Suitable for powder coating, electroplating, anodizing, etc.","breadcrumb":{"@id":"http:\/\/pm.dev-designatelier.cz\/en\/products\/masking-for-axle\/standard-silicone-cn\/caps\/#breadcrumb"},"inLanguage":"en-US","potentialAction":[{"@type":"ReadAction","target":["http:\/\/pm.dev-designatelier.cz\/en\/products\/masking-for-axle\/standard-silicone-cn\/caps\/"]}]},{"@type":"BreadcrumbList","@id":"http:\/\/pm.dev-designatelier.cz\/en\/products\/masking-for-axle\/standard-silicone-cn\/caps\/#breadcrumb","itemListElement":[{"@type":"ListItem","position":1,"name":"Home","item":"http:\/\/pm.dev-designatelier.cz\/en\/"},{"@type":"ListItem","position":2,"name":"Shop","item":"http:\/\/pm.dev-designatelier.cz\/en\/shop\/"},{"@type":"ListItem","position":3,"name":"MASKING FOR AXLE","item":"http:\/\/pm.dev-designatelier.cz\/en\/product-category\/masking-for-axle\/"},{"@type":"ListItem","position":4,"name":"STANDARD silicone (CN)","item":"http:\/\/pm.dev-designatelier.cz\/en\/product-category\/masking-for-axle\/standard-silicone-cn\/"},{"@type":"ListItem","position":5,"name":"CAPS (SC)"}]},{"@type":"WebSite","@id":"http:\/\/pm.dev-designatelier.cz\/en\/#website","url":"http:\/\/pm.dev-designatelier.cz\/en\/","name":"PRO MASK PRODUCTS s.r.o.","description":"","publisher":{"@id":"http:\/\/pm.dev-designatelier.cz\/en\/#organization"},"potentialAction":[{"@type":"SearchAction","target":{"@type":"EntryPoint","urlTemplate":"http:\/\/pm.dev-designatelier.cz\/en\/?s={search_term_string}"},"query-input":"required name=search_term_string"}],"inLanguage":"en-US"},{"@type":"Organization","@id":"http:\/\/pm.dev-designatelier.cz\/en\/#organization","name":"Pro Mask Products s.r.o.","url":"http:\/\/pm.dev-designatelier.cz\/en\/","logo":{"@type":"ImageObject","inLanguage":"en-US","@id":"http:\/\/pm.dev-designatelier.cz\/en\/#\/schema\/logo\/image\/","url":"http:\/\/pm.dev-designatelier.cz\/wp-content\/uploads\/2021\/12\/logo_PMP.png","contentUrl":"http:\/\/pm.dev-designatelier.cz\/wp-content\/uploads\/2021\/12\/logo_PMP.png","width":264,"height":110,"caption":"Pro Mask Products s.r.o."},"image":{"@id":"http:\/\/pm.dev-designatelier.cz\/en\/#\/schema\/logo\/image\/"}}]}},"_links":{"self":[{"href":"http:\/\/pm.dev-designatelier.cz\/en\/wp-json\/wp\/v2\/product\/2920"}],"collection":[{"href":"http:\/\/pm.dev-designatelier.cz\/en\/wp-json\/wp\/v2\/product"}],"about":[{"href":"http:\/\/pm.dev-designatelier.cz\/en\/wp-json\/wp\/v2\/types\/product"}],"replies":[{"embeddable":true,"href":"http:\/\/pm.dev-designatelier.cz\/en\/wp-json\/wp\/v2\/comments?post=2920"}],"version-history":[{"count":0,"href":"http:\/\/pm.dev-designatelier.cz\/en\/wp-json\/wp\/v2\/product\/2920\/revisions"}],"wp:featuredmedia":[{"embeddable":true,"href":"http:\/\/pm.dev-designatelier.cz\/en\/wp-json\/wp\/v2\/media\/3365"}],"wp:attachment":[{"href":"http:\/\/pm.dev-designatelier.cz\/en\/wp-json\/wp\/v2\/media?parent=2920"}],"wp:term":[{"taxonomy":"product_cat","embeddable":true,"href":"http:\/\/pm.dev-designatelier.cz\/en\/wp-json\/wp\/v2\/product_cat?post=2920"},{"taxonomy":"product_tag","embeddable":true,"href":"http:\/\/pm.dev-designatelier.cz\/en\/wp-json\/wp\/v2\/product_tag?post=2920"}],"curies":[{"name":"wp","href":"https:\/\/api.w.org\/{rel}","templated":true}]}}