{"id":3128,"date":"2021-12-05T20:22:51","date_gmt":"2021-12-05T19:22:51","guid":{"rendered":"http:\/\/pm.dev-designatelier.cz\/privacy-policy\/"},"modified":"2021-12-05T20:23:00","modified_gmt":"2021-12-05T19:23:00","slug":"privacy-policy","status":"publish","type":"page","link":"http:\/\/pm.dev-designatelier.cz\/en\/privacy-policy\/","title":{"rendered":"Privacy policy"},"content":{"rendered":"<p>[vc_row][vc_column width=&#8221;1\/4&#8243;][\/vc_column][vc_column width=&#8221;3\/4&#8243;][vc_column_text]<\/p>\n<p><!-- \/wp:paragraph --> <\/p>\n<p><!-- wp:paragraph --><\/p>\n<h1>Z\u00e1sady ochrany osobn\u00edch \u00fadaj\u016f<\/h1>\n<p><!-- \/wp:paragraph --> <\/p>\n<p><!-- wp:paragraph --><\/p>\n<div class=\" vc_custom_1612945501020\">\n<div id=\"text-block-7\" class=\"mk-text-block jupiter-donut- \">\n<div> <\/div>\n<div class=\"clearboth\">Vlastn\u00edkem a provozovatelem internetov\u00fdch str\u00e1nek www.pro-mask.com je spole\u010dnost<\/div>\n<div>\n<p>&nbsp;<\/p>\n<h5>Pro Mask Products s.r.o.<br \/>Rudolfovsk\u00e1 t\u0159. 111<br \/>370 01 \u010cesk\u00e9 Bud\u011bjovice<br \/>\u010cesk\u00e1 republika<\/h5>\n<h5>I\u010c: <strong><span class=\"nowrap\">28159047<\/span><\/strong><br \/>DI\u010c: CZ<strong><span class=\"nowrap\">28159047<\/span><\/strong><\/h5>\n<\/div>\n<p>&nbsp;<\/p>\n<p>PRO MASK PRODUCTS s.r.o. \/ Spisov\u00e1 zna\u010dka: C 21024 veden\u00e1 u Krajsk\u00e9ho soudu v \u010cesk\u00fdch Bud\u011bjovic\u00edch\/, kter\u00e1 je v souladu se z\u00e1k. \u010d. 121\/2000 Sb., autorsk\u00fd z\u00e1kon, opr\u00e1vn\u011bna vykon\u00e1vat majetkov\u00e1 pr\u00e1va k t\u011bmto internetov\u00fdm str\u00e1nk\u00e1m (d\u00e1le jen \u201eProvozovatel\u201c).<\/p>\n<p>&nbsp;<\/p>\n<p>PRO MASK PRODUCTS s.r.o. (d\u00e1le \u201ePRO MASK PRODUCTS\u201c, \u201emy\u201c, \u201en\u00e1s\u201c, nebo \u201ena\u0161e spole\u010dnost\u201c) je pot\u011b\u0161en Va\u0161\u00ed n\u00e1v\u0161t\u011bvou na\u0161ich webov\u00fdch str\u00e1nek a mobiln\u00edch aplikac\u00ed (spole\u010dn\u011b tak\u00e9 ozna\u010dovan\u00fdch jako \u201eon-line aplikace\u201c) a Va\u0161\u00edm z\u00e1jmem o na\u0161i firmu a v\u00fdrobky. PRO MASK PRODUCTS n\u00e1le\u017e\u00ed v\u0161echna autorsk\u00e1 pr\u00e1va k ve\u0161ker\u00e9mu obsahu, kter\u00fd Provozovatel um\u00eds\u0165uje na str\u00e1nk\u00e1ch www.isuzucars.cz, v\u010detn\u011b textu, designu str\u00e1nek, technick\u00fdch n\u00e1\u010drt\u016f, grafiky, ve\u0161ker\u00fdch vyobrazen\u00ed na t\u011bchto str\u00e1nk\u00e1ch, jako\u017e i k v\u00fdb\u011bru a zp\u016fsobu uspo\u0159\u00e1d\u00e1n\u00ed soubor\u016f obsa\u017een\u00fdch na t\u011bchto str\u00e1nk\u00e1ch. Pr\u00e1va a povinnosti Provozovatele a u\u017eivatel\u016f p\u0159i pou\u017e\u00edv\u00e1n\u00ed t\u011bchto str\u00e1nek se \u0159\u00edd\u00ed t\u011bmito Pravidly. Tato Pravidla se vztahuj\u00ed na v\u0161echny osoby, kter\u00e9 nav\u0161t\u00edv\u00ed tyto str\u00e1nky (d\u00e1le jen \u201eU\u017eivatel\u00e9\u201c). U\u017eivatel vyj\u00e1d\u0159\u00ed souhlas s t\u011bmito Pravidly t\u00edm, \u017ee vstoup\u00ed na kteroukoliv z www str\u00e1nek Provozovatele \u010di jak\u00fdmkoliv zp\u016fsobem u\u017eije jakoukoliv informaci um\u00edst\u011bnou v r\u00e1mci www str\u00e1nek Provozovatele. Zve\u0159ejn\u011bn\u00ed jak\u00fdchkoliv \u00fadaj\u016f \u010di informac\u00ed na str\u00e1nk\u00e1ch www.isuzucars.cz, s v\u00fdjimkou tohoto dokumentu, nem\u00e1 povahu \u017e\u00e1dn\u00e9ho pr\u00e1vn\u00edho \u00fakonu, nebude-li v jednotliv\u00fdch p\u0159\u00edpadech v\u00fdslovn\u011b stanoveno jinak. PRO MASK PRODUCTS respektuje Va\u0161e soukrom\u00ed Velmi n\u00e1m z\u00e1le\u017e\u00ed na tom, abychom chr\u00e1nili Va\u0161e soukrom\u00ed b\u011bhem cel\u00e9ho procesu zpracov\u00e1n\u00ed osobn\u00edch \u00fadaj\u016f a abychom chr\u00e1nili i Va\u0161e obchodn\u00ed data. Osobn\u00ed \u00fadaje, kter\u00e9 jsme z\u00edskali p\u0159i Va\u0161\u00ed n\u00e1v\u0161t\u011bv\u011b na\u0161ich on-line aplikac\u00ed zpracov\u00e1v\u00e1me d\u016fv\u011brn\u011b a v souladu se z\u00e1konn\u00fdmi po\u017eadavky. Ochrana osobn\u00edch \u00fadaj\u016f a bezpe\u010dnost dat jsou sou\u010d\u00e1st\u00ed na\u0161\u00ed firemn\u00ed politiky.<\/p>\n<h3>Ochrana dat \/ kontaktn\u00ed formul\u00e1\u0159e<\/h3>\n<p>Shroma\u017e\u010fovan\u00e9 informace a jejich vyu\u017eit\u00ed Ochranu osobn\u00edch \u00fadaj\u016f pova\u017eujeme za d\u016fle\u017eitou a nezbytnou sou\u010d\u00e1st na\u0161ich syst\u00e9m\u016f a proces\u016f a s ve\u0161ker\u00fdmi osobn\u00edmi \u00fadaji nakl\u00e1d\u00e1me v souladu s na\u0159\u00edzen\u00edm Evropsk\u00e9ho Parlamentu a Rady (EU) 2016\/679 o ochran\u011b fyzick\u00fdch osob v souvislosti se zpracov\u00e1n\u00edm osobn\u00edch \u00fadaj\u016f a o voln\u00e9m pohybu t\u011bchto \u00fadaj\u016f (d\u00e1le tak\u00e9 \u201eGDPR\u201c). V\u00edce informac\u00ed o rozsahu a zp\u016fsobu zpracov\u00e1n\u00ed osobn\u00edch \u00fadaj\u016f naleznete v Prohl\u00e1\u0161en\u00ed o ochran\u011b osobn\u00edch \u00fadaj\u016f.<\/p>\n<h3>Cookies<\/h3>\n<p>Pokud na na\u0161e str\u00e1nky p\u0159id\u00e1te koment\u00e1\u0159, m\u016f\u017eete povolit ulo\u017een\u00ed jm\u00e9na, emailov\u00e9 adresy a webov\u00e9 str\u00e1nky do cookies. T\u00edmto zp\u016fsobem se sna\u017e\u00edme zv\u00fd\u0161it v\u00e1\u0161 komfort, kdy\u017e budete ps\u00e1t nov\u00fd koment\u00e1\u0159 u\u017e pak nebudete muset tyto \u00fadaje znovu vypl\u0148ovat. Tyto soubory cookies budou m\u00edt \u017eivotnost jeden rok. Pokud m\u00e1te \u00fa\u010det a p\u0159ihla\u0161ujete se k tomuto webu, nastav\u00edme do\u010dasn\u00e9 cookie pro ov\u011b\u0159en\u00ed, zda v\u00e1\u0161 prohl\u00ed\u017ee\u010d p\u0159ij\u00edm\u00e1 soubory cookies. Tento soubor cookie neobsahuje \u017e\u00e1dn\u00e1 osobn\u00ed data a p\u0159i zav\u0159en\u00ed prohl\u00ed\u017ee\u010de se zru\u0161\u00ed. P\u0159i p\u0159ihla\u0161ov\u00e1n\u00ed v\u00e1m nastav\u00edme tak\u00e9 n\u011bkolik soubor\u016f cookies pro ulo\u017een\u00ed va\u0161ich p\u0159ihla\u0161ovac\u00edch \u00fadaj\u016f a pro nastaven\u00ed zobrazen\u00ed obrazovky. P\u0159ihla\u0161ovac\u00ed soubory cookies maj\u00ed \u017eivotnost dva dny a cookies pro nastaven\u00ed zobrazen\u00ed maj\u00ed \u017eivotnost jeden rok. Pokud potvrd\u00edte mo\u017enost \u201eZapamatovat si m\u011b\u201c, va\u0161e p\u0159ihl\u00e1\u0161en\u00ed bude trvat dva t\u00fddny. Pokud se ze sv\u00e9ho \u00fa\u010dtu odhl\u00e1s\u00edte, p\u0159ihla\u0161ovac\u00ed cookies budou odstran\u011bny. Pokud upravujete nebo publikujete \u010dl\u00e1nek, bude ve va\u0161em prohl\u00ed\u017ee\u010di ulo\u017een dal\u0161\u00ed cookie. Tento cookie neobsahuje \u017e\u00e1dn\u00e1 osobn\u00ed data a jednodu\u0161e ozna\u010duje ID p\u0159\u00edsp\u011bvku, kter\u00fd jste pr\u00e1v\u011b upravili. Jeho platnost vypr\u0161\u00ed po 1 dni.<\/p>\n<h3><strong>Vlo\u017een\u00fd obsah z dal\u0161\u00edch web\u016f<\/strong><\/h3>\n<p>P\u0159\u00edsp\u011bvky na t\u011bchto str\u00e1nk\u00e1ch mohou obsahovat vlo\u017een\u00fd obsah (nap\u0159\u00edklad videa, obr\u00e1zky, \u010dl\u00e1nky atd.). Vlo\u017een\u00fd obsah z jin\u00fdch webov\u00fdch str\u00e1nek se chov\u00e1 stejn\u00fdm zp\u016fsobem, jako kdyby n\u00e1v\u0161t\u011bvn\u00edk nav\u0161t\u00edvil jin\u00fd web. Tyto webov\u00e9 str\u00e1nky mohou shroma\u017e\u010fovat data o v\u00e1s, pou\u017e\u00edvat soubory cookies, vkl\u00e1dat dal\u0161\u00ed sledov\u00e1n\u00ed od t\u0159et\u00edch stran a sledovat va\u0161i interakci s t\u00edmto vlo\u017een\u00fdm obsahem, v\u010detn\u011b sledov\u00e1n\u00ed interakce s vlo\u017een\u00fdm obsahem, pokud m\u00e1te \u00fa\u010det a jste p\u0159ihl\u00e1\u0161eni na danou webovou str\u00e1nku.<\/p>\n<h3><strong>Analytika \/ K\u00f3dy t\u0159et\u00edch stran<\/strong><\/h3>\n<p>Na tomto webu pou\u017e\u00edv\u00e1me k\u00f3dy od spole\u010dnost\u00ed Google, kter\u00e9 n\u00e1m pom\u00e1haj\u00ed analyzovat chov\u00e1n\u00ed n\u00e1v\u0161t\u011bvn\u00edk\u016f webu.<\/p>\n<h3><strong>Google Analytics<\/strong><\/h3>\n<p>Tyto str\u00e1nky vyu\u017e\u00edvaj\u00ed slu\u017ebu Google Analytics, poskytovanou spole\u010dnost\u00ed Google, Inc. (d\u00e1le jen \u201eGoogle\u201c). Slu\u017eba Google Analytics pou\u017e\u00edv\u00e1 soubor\u016f \u201ecookies\u201c, kter\u00e9 jsou textov\u00fdmi soubory ukl\u00e1dan\u00fdmi do va\u0161eho po\u010d\u00edta\u010de, umo\u017e\u0148uj\u00edc\u00ed anal\u00fdzu zp\u016fsobu u\u017e\u00edv\u00e1n\u00ed t\u00e9to str\u00e1nky jej\u00edmi u\u017eivateli. Informace vygenerovan\u00e9 souborem cookie o u\u017e\u00edv\u00e1n\u00ed str\u00e1nky (v\u010detn\u011b va\u0161\u00ed IP adresy) budou spole\u010dnost\u00ed Google p\u0159eneseny a ulo\u017eeny na serverech ve Spojen\u00fdch st\u00e1tech. Google bude u\u017e\u00edvat tyto informace pro \u00fa\u010dely vyhodnocov\u00e1n\u00ed u\u017e\u00edv\u00e1n\u00ed str\u00e1nky a vytv\u00e1\u0159en\u00ed zpr\u00e1v o jej\u00ed aktivit\u011b, ur\u010den\u00fdch pro jej\u00ed provozovatele, a pro poskytov\u00e1n\u00ed dal\u0161\u00edch slu\u017eeb t\u00fdkaj\u00edc\u00edch se \u010dinnost\u00ed na str\u00e1nce a u\u017e\u00edv\u00e1n\u00ed internetu v\u016fbec. Google m\u016f\u017ee tak\u00e9 poskytnout tyto informace t\u0159et\u00edm osob\u00e1m, bude-li to po\u017eadov\u00e1no z\u00e1konem nebo budou-li takov\u00e9to t\u0159et\u00ed osoby zpracov\u00e1vat tyto informace pro Google. Google nebude spojovat va\u0161i IP adresu s jak\u00fdmikoli jin\u00fdmi daty, kter\u00e1 m\u00e1 k dispozici. M\u016f\u017eete odm\u00edtnout pou\u017e\u00edv\u00e1n\u00ed soubor\u016f cookies volbou v p\u0159\u00edslu\u0161n\u00e9m nastaven\u00ed ve va\u0161em prohl\u00ed\u017ee\u010di, av\u0161ak uv\u011bdomte si, \u017ee jestli\u017ee tak u\u010din\u00edte, nebudete schopni pln\u011b vyu\u017e\u00edvat ve\u0161ker\u00e9 funkce t\u00e9to str\u00e1nky. Pou\u017e\u00edv\u00e1n\u00edm t\u00e9to str\u00e1nky souhlas\u00edte se zpracov\u00e1v\u00e1n\u00edm \u00fadaj\u016f o v\u00e1s spole\u010dnost\u00ed Google, a to zp\u016fsobem a k \u00fa\u010delu shora uveden\u00fdm. Detailn\u00ed informace o Google Analytics a ochran\u011b osobn\u00edch \u00fadaj\u016f naleznete na https:\/\/www.google.com\/intl\/cs\/privacy\/privacy-policy.html. Pokud chcete zabr\u00e1nit sledov\u00e1n\u00ed, m\u016f\u017eete instalovat dopln\u011bk do va\u0161eho webov\u00e9ho prohl\u00ed\u017ee\u010de (https:\/\/tools.google.com\/dlpage\/gaoptout).<\/p>\n<\/div>\n<\/div>\n<p>[\/vc_column_text][\/vc_column][\/vc_row]<\/p>\n","protected":false},"excerpt":{"rendered":"<p>[vc_row][vc_column width=&#8221;1\/4&#8243;][\/vc_column][vc_column width=&#8221;3\/4&#8243;][vc_column_text] Z\u00e1sady ochrany osobn\u00edch \u00fadaj\u016f Vlastn\u00edkem a provozovatelem internetov\u00fdch str\u00e1nek www.pro-mask.com je spole\u010dnost &nbsp; Pro Mask Products s.r.o.Rudolfovsk\u00e1 t\u0159. 111370 01 \u010cesk\u00e9 Bud\u011bjovice\u010cesk\u00e1 republika I\u010c: 28159047DI\u010c: CZ28159047 &nbsp; PRO MASK PRODUCTS s.r.o. \/ Spisov\u00e1 zna\u010dka: C 21024 veden\u00e1 u Krajsk\u00e9ho soudu v \u010cesk\u00fdch Bud\u011bjovic\u00edch\/, kter\u00e1 je v souladu se z\u00e1k. \u010d. 121\/2000 Sb., [&hellip;]<\/p>\n","protected":false},"author":2,"featured_media":0,"parent":0,"menu_order":0,"comment_status":"closed","ping_status":"closed","template":"","meta":{"footnotes":""},"yoast_head":"<!-- This site is optimized with the Yoast SEO plugin v21.6 - https:\/\/yoast.com\/wordpress\/plugins\/seo\/ -->\n<title>Privacy policy - PRO MASK PRODUCTS s.r.o.<\/title>\n<meta name=\"robots\" content=\"noindex, follow, max-snippet:-1, max-image-preview:large, max-video-preview:-1\" \/>\n<meta property=\"og:locale\" content=\"en_US\" \/>\n<meta property=\"og:type\" content=\"article\" \/>\n<meta property=\"og:title\" content=\"Privacy policy - PRO MASK PRODUCTS s.r.o.\" \/>\n<meta property=\"og:description\" content=\"[vc_row][vc_column width=&#8221;1\/4&#8243;][\/vc_column][vc_column width=&#8221;3\/4&#8243;][vc_column_text] Z\u00e1sady ochrany osobn\u00edch \u00fadaj\u016f Vlastn\u00edkem a provozovatelem internetov\u00fdch str\u00e1nek www.pro-mask.com je spole\u010dnost &nbsp; Pro Mask Products s.r.o.Rudolfovsk\u00e1 t\u0159. 111370 01 \u010cesk\u00e9 Bud\u011bjovice\u010cesk\u00e1 republika I\u010c: 28159047DI\u010c: CZ28159047 &nbsp; PRO MASK PRODUCTS s.r.o. \/ Spisov\u00e1 zna\u010dka: C 21024 veden\u00e1 u Krajsk\u00e9ho soudu v \u010cesk\u00fdch Bud\u011bjovic\u00edch\/, kter\u00e1 je v souladu se z\u00e1k. \u010d. 121\/2000 Sb., [&hellip;]\" \/>\n<meta property=\"og:url\" content=\"http:\/\/pm.dev-designatelier.cz\/en\/privacy-policy\/\" \/>\n<meta property=\"og:site_name\" content=\"PRO MASK PRODUCTS s.r.o.\" \/>\n<meta property=\"article:modified_time\" content=\"2021-12-05T19:23:00+00:00\" \/>\n<meta name=\"twitter:card\" content=\"summary_large_image\" \/>\n<meta name=\"twitter:label1\" content=\"Est. reading time\" \/>\n\t<meta name=\"twitter:data1\" content=\"6 minutes\" \/>\n<script type=\"application\/ld+json\" class=\"yoast-schema-graph\">{\"@context\":\"https:\/\/schema.org\",\"@graph\":[{\"@type\":\"WebPage\",\"@id\":\"http:\/\/pm.dev-designatelier.cz\/en\/privacy-policy\/\",\"url\":\"http:\/\/pm.dev-designatelier.cz\/en\/privacy-policy\/\",\"name\":\"Privacy policy - PRO MASK PRODUCTS s.r.o.\",\"isPartOf\":{\"@id\":\"http:\/\/pm.dev-designatelier.cz\/en\/#website\"},\"datePublished\":\"2021-12-05T19:22:51+00:00\",\"dateModified\":\"2021-12-05T19:23:00+00:00\",\"breadcrumb\":{\"@id\":\"http:\/\/pm.dev-designatelier.cz\/en\/privacy-policy\/#breadcrumb\"},\"inLanguage\":\"en-US\",\"potentialAction\":[{\"@type\":\"ReadAction\",\"target\":[\"http:\/\/pm.dev-designatelier.cz\/en\/privacy-policy\/\"]}]},{\"@type\":\"BreadcrumbList\",\"@id\":\"http:\/\/pm.dev-designatelier.cz\/en\/privacy-policy\/#breadcrumb\",\"itemListElement\":[{\"@type\":\"ListItem\",\"position\":1,\"name\":\"Home\",\"item\":\"http:\/\/pm.dev-designatelier.cz\/en\/\"},{\"@type\":\"ListItem\",\"position\":2,\"name\":\"Privacy policy\"}]},{\"@type\":\"WebSite\",\"@id\":\"http:\/\/pm.dev-designatelier.cz\/en\/#website\",\"url\":\"http:\/\/pm.dev-designatelier.cz\/en\/\",\"name\":\"PRO MASK PRODUCTS s.r.o.\",\"description\":\"\",\"publisher\":{\"@id\":\"http:\/\/pm.dev-designatelier.cz\/en\/#organization\"},\"potentialAction\":[{\"@type\":\"SearchAction\",\"target\":{\"@type\":\"EntryPoint\",\"urlTemplate\":\"http:\/\/pm.dev-designatelier.cz\/en\/?s={search_term_string}\"},\"query-input\":\"required name=search_term_string\"}],\"inLanguage\":\"en-US\"},{\"@type\":\"Organization\",\"@id\":\"http:\/\/pm.dev-designatelier.cz\/en\/#organization\",\"name\":\"Pro Mask Products s.r.o.\",\"url\":\"http:\/\/pm.dev-designatelier.cz\/en\/\",\"logo\":{\"@type\":\"ImageObject\",\"inLanguage\":\"en-US\",\"@id\":\"http:\/\/pm.dev-designatelier.cz\/en\/#\/schema\/logo\/image\/\",\"url\":\"http:\/\/pm.dev-designatelier.cz\/wp-content\/uploads\/2021\/12\/logo_PMP.png\",\"contentUrl\":\"http:\/\/pm.dev-designatelier.cz\/wp-content\/uploads\/2021\/12\/logo_PMP.png\",\"width\":264,\"height\":110,\"caption\":\"Pro Mask Products s.r.o.\"},\"image\":{\"@id\":\"http:\/\/pm.dev-designatelier.cz\/en\/#\/schema\/logo\/image\/\"}}]}<\/script>\n<!-- \/ Yoast SEO plugin. -->","yoast_head_json":{"title":"Privacy policy - PRO MASK PRODUCTS s.r.o.","robots":{"index":"noindex","follow":"follow","max-snippet":"max-snippet:-1","max-image-preview":"max-image-preview:large","max-video-preview":"max-video-preview:-1"},"og_locale":"en_US","og_type":"article","og_title":"Privacy policy - PRO MASK PRODUCTS s.r.o.","og_description":"[vc_row][vc_column width=&#8221;1\/4&#8243;][\/vc_column][vc_column width=&#8221;3\/4&#8243;][vc_column_text] Z\u00e1sady ochrany osobn\u00edch \u00fadaj\u016f Vlastn\u00edkem a provozovatelem internetov\u00fdch str\u00e1nek www.pro-mask.com je spole\u010dnost &nbsp; Pro Mask Products s.r.o.Rudolfovsk\u00e1 t\u0159. 111370 01 \u010cesk\u00e9 Bud\u011bjovice\u010cesk\u00e1 republika I\u010c: 28159047DI\u010c: CZ28159047 &nbsp; PRO MASK PRODUCTS s.r.o. \/ Spisov\u00e1 zna\u010dka: C 21024 veden\u00e1 u Krajsk\u00e9ho soudu v \u010cesk\u00fdch Bud\u011bjovic\u00edch\/, kter\u00e1 je v souladu se z\u00e1k. \u010d. 121\/2000 Sb., [&hellip;]","og_url":"http:\/\/pm.dev-designatelier.cz\/en\/privacy-policy\/","og_site_name":"PRO MASK PRODUCTS s.r.o.","article_modified_time":"2021-12-05T19:23:00+00:00","twitter_card":"summary_large_image","twitter_misc":{"Est. reading time":"6 minutes"},"schema":{"@context":"https:\/\/schema.org","@graph":[{"@type":"WebPage","@id":"http:\/\/pm.dev-designatelier.cz\/en\/privacy-policy\/","url":"http:\/\/pm.dev-designatelier.cz\/en\/privacy-policy\/","name":"Privacy policy - PRO MASK PRODUCTS s.r.o.","isPartOf":{"@id":"http:\/\/pm.dev-designatelier.cz\/en\/#website"},"datePublished":"2021-12-05T19:22:51+00:00","dateModified":"2021-12-05T19:23:00+00:00","breadcrumb":{"@id":"http:\/\/pm.dev-designatelier.cz\/en\/privacy-policy\/#breadcrumb"},"inLanguage":"en-US","potentialAction":[{"@type":"ReadAction","target":["http:\/\/pm.dev-designatelier.cz\/en\/privacy-policy\/"]}]},{"@type":"BreadcrumbList","@id":"http:\/\/pm.dev-designatelier.cz\/en\/privacy-policy\/#breadcrumb","itemListElement":[{"@type":"ListItem","position":1,"name":"Home","item":"http:\/\/pm.dev-designatelier.cz\/en\/"},{"@type":"ListItem","position":2,"name":"Privacy policy"}]},{"@type":"WebSite","@id":"http:\/\/pm.dev-designatelier.cz\/en\/#website","url":"http:\/\/pm.dev-designatelier.cz\/en\/","name":"PRO MASK PRODUCTS s.r.o.","description":"","publisher":{"@id":"http:\/\/pm.dev-designatelier.cz\/en\/#organization"},"potentialAction":[{"@type":"SearchAction","target":{"@type":"EntryPoint","urlTemplate":"http:\/\/pm.dev-designatelier.cz\/en\/?s={search_term_string}"},"query-input":"required name=search_term_string"}],"inLanguage":"en-US"},{"@type":"Organization","@id":"http:\/\/pm.dev-designatelier.cz\/en\/#organization","name":"Pro Mask Products s.r.o.","url":"http:\/\/pm.dev-designatelier.cz\/en\/","logo":{"@type":"ImageObject","inLanguage":"en-US","@id":"http:\/\/pm.dev-designatelier.cz\/en\/#\/schema\/logo\/image\/","url":"http:\/\/pm.dev-designatelier.cz\/wp-content\/uploads\/2021\/12\/logo_PMP.png","contentUrl":"http:\/\/pm.dev-designatelier.cz\/wp-content\/uploads\/2021\/12\/logo_PMP.png","width":264,"height":110,"caption":"Pro Mask Products s.r.o."},"image":{"@id":"http:\/\/pm.dev-designatelier.cz\/en\/#\/schema\/logo\/image\/"}}]}},"_links":{"self":[{"href":"http:\/\/pm.dev-designatelier.cz\/en\/wp-json\/wp\/v2\/pages\/3128"}],"collection":[{"href":"http:\/\/pm.dev-designatelier.cz\/en\/wp-json\/wp\/v2\/pages"}],"about":[{"href":"http:\/\/pm.dev-designatelier.cz\/en\/wp-json\/wp\/v2\/types\/page"}],"author":[{"embeddable":true,"href":"http:\/\/pm.dev-designatelier.cz\/en\/wp-json\/wp\/v2\/users\/2"}],"replies":[{"embeddable":true,"href":"http:\/\/pm.dev-designatelier.cz\/en\/wp-json\/wp\/v2\/comments?post=3128"}],"version-history":[{"count":0,"href":"http:\/\/pm.dev-designatelier.cz\/en\/wp-json\/wp\/v2\/pages\/3128\/revisions"}],"wp:attachment":[{"href":"http:\/\/pm.dev-designatelier.cz\/en\/wp-json\/wp\/v2\/media?parent=3128"}],"curies":[{"name":"wp","href":"https:\/\/api.w.org\/{rel}","templated":true}]}}