{"id":2662,"date":"2021-11-16T15:17:30","date_gmt":"2021-11-16T14:17:30","guid":{"rendered":"http:\/\/pm.dev-designatelier.cz\/contact-us\/"},"modified":"2022-04-23T18:04:24","modified_gmt":"2022-04-23T16:04:24","slug":"contact-us","status":"publish","type":"page","link":"http:\/\/pm.dev-designatelier.cz\/en\/contact-us\/","title":{"rendered":"Contact"},"content":{"rendered":"<p>[vc_row full_width=&#8221;stretch_row_content_no_spaces&#8221;][vc_column]<div id='wrap_map_69e4a4c79dc4d' class='porto-map-wrapper porto-adjust-bottom-margin ' style='height:500px;'><div id='map_69e4a4c79dc4d' data-map_override='0' class='porto_google_map wpb_content_element ' style='width:100%;height:500px;'><\/div><\/div><script>\r\n(function($) {\r\n\t'use strict';\r\n\tjQuery(document).ready(function($) {\r\n\t\tif (typeof google == 'undefined') {\r\n\t\t\treturn;\r\n\t\t}\r\n\t\tvar map_map_69e4a4c79dc4d = null;\r\n\t\tvar coordinate_map_69e4a4c79dc4d;\r\n\t\ttry {\r\n\t\t\tcoordinate_map_69e4a4c79dc4d=new google.maps.LatLng(48.984300, 14.509060);\r\n\t\t\tvar isDraggable = $(document).width() > 640 ? true : true;\r\n\t\t\tvar mapOptions = {\r\n\t\t\t\tzoom: 16,\r\n\t\t\t\tcenter: coordinate_map_69e4a4c79dc4d,\r\n\t\t\t\tscaleControl: true,\r\n\t\t\t\tstreetViewControl: true,\r\n\t\t\t\tmapTypeControl: true,\r\n\t\t\t\tpanControl: true,\r\n\t\t\t\tzoomControl: true,\r\n\t\t\t\tscrollwheel: false,\r\n\t\t\t\tdraggable: isDraggable,\r\n\t\t\t\tzoomControlOptions: {\r\n\t\t\t\t\tposition: google.maps.ControlPosition.RIGHT_BOTTOM\r\n\t\t\t\t},mapTypeId: google.maps.MapTypeId.ROADMAP,};var map_map_69e4a4c79dc4d = new google.maps.Map(document.getElementById('map_69e4a4c79dc4d'),mapOptions);\r\n\t\t\t\t\tvar x = 'off';\r\n\t\t\t\t\tvar marker_map_69e4a4c79dc4d = new google.maps.Marker({\r\n\t\t\t\t\tposition: new google.maps.LatLng(48.984300, 14.509060),\r\n\t\t\t\t\tanimation:  google.maps.Animation.DROP,\r\n\t\t\t\t\tmap: map_map_69e4a4c79dc4d,\r\n\t\t\t\t\ticon: 'http:\/\/pm.dev-designatelier.cz\/wp-content\/uploads\/2016\/06\/pin.png'\r\n\t\t\t\t});\r\n\t\t\t\tgoogle.maps.event.addListener(marker_map_69e4a4c79dc4d, 'click', toggleBounce);var infowindow = new google.maps.InfoWindow();\r\n\t\t\t\t\t\tinfowindow.setContent('<div class=\"map_info_text\" style=\\'color:#000;\\'><strong>Pro Mask Products s.r.o.<\/strong><\/p> <div>Rudolfovsk\u00e1 t\u0159. 111, 370 01 \u010cesk\u00e9 Bud\u011bjovice<\/div> <p><\/div>');infowindow.open(map_map_69e4a4c79dc4d,marker_map_69e4a4c79dc4d);google.maps.event.addListener(marker_map_69e4a4c79dc4d, 'click', function() {\r\n\t\t\t\t\t\t\tinfowindow.open(map_map_69e4a4c79dc4d,marker_map_69e4a4c79dc4d);\r\n\t\t\t\t\t\t});}\r\n\t\tcatch(e){};\r\n\t\tgoogle.maps.event.trigger(map_map_69e4a4c79dc4d, 'resize');\r\n\t\t$(window).on('resize', function(){\r\n\t\t\tgoogle.maps.event.trigger(map_map_69e4a4c79dc4d, 'resize');\r\n\t\t\tif(map_map_69e4a4c79dc4d!=null) {\r\n\t\t\t\tmap_map_69e4a4c79dc4d.setCenter(coordinate_map_69e4a4c79dc4d);\r\n\t\t\t}\r\n\t\t});\r\n\t\t$('.ui-tabs').on('tabsactivate', function(event, ui) {\r\n\t\t   if($(this).find('.porto-map-wrapper').length > 0)\r\n\t\t\t{\r\n\t\t\t\tsetTimeout(function(){\r\n\t\t\t\t\t$(window).trigger('resize');\r\n\t\t\t\t},200);\r\n\t\t\t}\r\n\t\t});\r\n\t\t$('.ui-accordion').on('accordionactivate', function(event, ui) {\r\n\t\t\tif($(this).find('.porto-map-wrapper').length > 0) {\r\n\t\t\t\tsetTimeout(function(){\r\n\t\t\t\t\t$(window).trigger('resize');\r\n\t\t\t\t},200);\r\n\t\t\t}\r\n\t\t});\r\n\t\t$(document).on('onPortoModalPopupOpen', function(){\r\n\t\t\tif($(map_map_69e4a4c79dc4d).parents('.porto_modal-content')) {\r\n\t\t\t\tsetTimeout(function(){\r\n\t\t\t\t\t$(window).trigger('resize');\r\n\t\t\t\t},200);\r\n\t\t\t}\r\n\t\t});\r\n\t\tfunction toggleBounce() {\r\n\t\t\tif (marker_map_69e4a4c79dc4d.getAnimation() != null) {\r\n\t\t\t\tmarker_map_69e4a4c79dc4d.setAnimation(null);\r\n\t\t\t} else {\r\n\t\t\t\tmarker_map_69e4a4c79dc4d.setAnimation(google.maps.Animation.BOUNCE);\r\n\t\t\t}\r\n\t\t}\r\n\t});\r\n\r\n\t$(window).on('load', function() {\r\n\t\tsetTimeout(function() {\r\n\t\t\t$(window).trigger('resize');\r\n\t\t},200);\r\n\t});\r\n})(jQuery);\r\n<\/script>[\/vc_column][\/vc_row][vc_row wrap_container=&#8221;yes&#8221; el_class=&#8221;m-t-md&#8221;][vc_column]<div class=\"porto-u-heading m-b-xxl  wpb_custom_95aa9a11c17ad45cfabaf210d84ee7cc\" data-hspacer=\"no_spacer\" data-halign=\"left\" style=\"text-align:left\"><div class=\"porto-u-main-heading\"><h2   style=\"margin-bottom: 5px;font-size:24px;letter-spacing:-0.025em;\">Contact<\/h2><\/div><\/div>[\/vc_column][vc_column width=&#8221;1\/2&#8243; offset=&#8221;vc_col-lg-3 vc_col-md-3 vc_col-xs-12&#8243;]<div class=\"porto-sicon-box custom-info-1  wpb_custom_1efe903570d178ff0a9b7bfa5febd3a4 style_1 top-icon\"><div class=\"porto-sicon-top\"><div class=\"porto-just-icon-wrapper porto-icon none\" style=\"color:#f5a301;font-size:45px;\"><i class=\"Simple-Line-Icons-pointer\"><\/i><\/div><\/div><div class=\"porto-sicon-header\"><h3 class=\"porto-sicon-title\" style=\"font-weight:700;font-size:20px;line-height:22px;letter-spacing:-0.025em;\">Address<\/h3><p style=\"font-size:14px;line-height:22px;letter-spacing:-0.025em;\">Rudolfovsk\u00e1 476\/111370 01 \u010cesk\u00e9 Bud\u011bjovice<\/p><\/div> <!-- header --><\/div><!-- porto-sicon-box -->[\/vc_column][vc_column width=&#8221;1\/2&#8243; offset=&#8221;vc_col-lg-3 vc_col-md-3 vc_col-xs-12&#8243;]<a class=\"porto-sicon-box-link\" href=\"tel:(+420)774-071-097\"><div class=\"porto-sicon-box text-color-body custom-info-1  wpb_custom_1efe903570d178ff0a9b7bfa5febd3a4 style_1 top-icon\"><div class=\"porto-sicon-top\"><div class=\"porto-just-icon-wrapper porto-icon none\" style=\"color:#f5a301;font-size:45px;\"><i class=\"fas fa-mobile-alt\"><\/i><\/div><\/div><div class=\"porto-sicon-header\"><h3 class=\"porto-sicon-title\" style=\"font-weight:700;font-size:20px;line-height:22px;letter-spacing:-0.025em;\">Phone CZ<\/h3><p style=\"font-size:14px;line-height:22px;letter-spacing:-0.025em;\">(+420) 774 071 097<\/p><\/div> <!-- header --><\/div><!-- porto-sicon-box --><\/a>[\/vc_column][vc_column width=&#8221;1\/2&#8243; offset=&#8221;vc_col-lg-3 vc_col-md-3 vc_col-xs-12&#8243;]<a class=\"porto-sicon-box-link\" href=\"tel:(00420)608-058-965\"><div class=\"porto-sicon-box text-color-body custom-info-1  wpb_custom_1efe903570d178ff0a9b7bfa5febd3a4 style_1 top-icon\"><div class=\"porto-sicon-top\"><div class=\"porto-just-icon-wrapper porto-icon none\" style=\"color:#f5a301;font-size:45px;\"><i class=\"fas fa-mobile-alt\"><\/i><\/div><\/div><div class=\"porto-sicon-header\"><h3 class=\"porto-sicon-title\" style=\"font-weight:700;font-size:20px;line-height:22px;letter-spacing:-0.025em;\">Phone ENG<\/h3><p style=\"font-size:14px;line-height:22px;letter-spacing:-0.025em;\">(+420) 608 058 965<\/p><\/div> <!-- header --><\/div><!-- porto-sicon-box --><\/a>[\/vc_column][vc_column width=&#8221;1\/2&#8243; offset=&#8221;vc_col-lg-3 vc_col-md-3 vc_col-xs-12&#8243;]<a class=\"porto-sicon-box-link\" href=\"mailto:info@pro-mask.com\"><div class=\"porto-sicon-box text-color-body custom-info-1  wpb_custom_1efe903570d178ff0a9b7bfa5febd3a4 style_1 top-icon\"><div class=\"porto-sicon-top\"><div class=\"porto-just-icon-wrapper porto-icon none\" style=\"color:#f5a301;font-size:45px;\"><i class=\"far fa-envelope\"><\/i><\/div><\/div><div class=\"porto-sicon-header\"><h3 class=\"porto-sicon-title\" style=\"font-weight:700;font-size:20px;line-height:22px;letter-spacing:-0.025em;\">E-mail<\/h3><p style=\"font-size:14px;line-height:22px;letter-spacing:-0.025em;\">info@pro-mask.com<\/p><\/div> <!-- header --><\/div><!-- porto-sicon-box --><\/a>[\/vc_column][vc_column][vc_separator color=&#8221;custom&#8221; accent_color=&#8221;#e7e7e7&#8243; el_class=&#8221;mt-5 m-b-xlg pb-2&#8243;][\/vc_column][\/vc_row][vc_row wrap_container=&#8221;yes&#8221; el_class=&#8221;m-b-xxl p-b-sm&#8221;][vc_column offset=&#8221;vc_col-lg-6 vc_col-md-6&#8243;][vc_custom_heading text=&#8221;Send Us a Message&#8221; font_container=&#8221;tag:h2|font_size:24px|text_align:left&#8221; use_theme_fonts=&#8221;yes&#8221; el_class=&#8221;ls-negative-1 mb-3&#8243;][vc_raw_html]W2Zvcm1pZGFibGUgaWQ9IjIiXQ==[\/vc_raw_html][\/vc_column][vc_column offset=&#8221;vc_col-lg-6 vc_col-md-6&#8243; el_class=&#8221;mt-5 mt-lg-0&#8243;][\/vc_column][\/vc_row]<\/p>\n","protected":false},"excerpt":{"rendered":"<p>[vc_row full_width=&#8221;stretch_row_content_no_spaces&#8221;][vc_column][\/vc_column][\/vc_row][vc_row wrap_container=&#8221;yes&#8221; el_class=&#8221;m-t-md&#8221;][vc_column][\/vc_column][vc_column width=&#8221;1\/2&#8243; offset=&#8221;vc_col-lg-3 vc_col-md-3 vc_col-xs-12&#8243;][\/vc_column][vc_column width=&#8221;1\/2&#8243; offset=&#8221;vc_col-lg-3 vc_col-md-3 vc_col-xs-12&#8243;][\/vc_column][vc_column width=&#8221;1\/2&#8243; offset=&#8221;vc_col-lg-3 vc_col-md-3 vc_col-xs-12&#8243;][\/vc_column][vc_column width=&#8221;1\/2&#8243; offset=&#8221;vc_col-lg-3 vc_col-md-3 vc_col-xs-12&#8243;][\/vc_column][vc_column][vc_separator color=&#8221;custom&#8221; accent_color=&#8221;#e7e7e7&#8243; el_class=&#8221;mt-5 m-b-xlg pb-2&#8243;][\/vc_column][\/vc_row][vc_row wrap_container=&#8221;yes&#8221; el_class=&#8221;m-b-xxl p-b-sm&#8221;][vc_column offset=&#8221;vc_col-lg-6 vc_col-md-6&#8243;][vc_custom_heading text=&#8221;Send Us a Message&#8221; font_container=&#8221;tag:h2|font_size:24px|text_align:left&#8221; use_theme_fonts=&#8221;yes&#8221; el_class=&#8221;ls-negative-1 mb-3&#8243;][vc_raw_html]W2Zvcm1pZGFibGUgaWQ9IjIiXQ==[\/vc_raw_html][\/vc_column][vc_column offset=&#8221;vc_col-lg-6 vc_col-md-6&#8243; el_class=&#8221;mt-5 mt-lg-0&#8243;][\/vc_column][\/vc_row]<\/p>\n","protected":false},"author":2,"featured_media":0,"parent":0,"menu_order":0,"comment_status":"closed","ping_status":"closed","template":"","meta":{"footnotes":""},"yoast_head":"<!-- This site is optimized with the Yoast SEO plugin v21.6 - https:\/\/yoast.com\/wordpress\/plugins\/seo\/ -->\n<title>Contact - PRO MASK PRODUCTS s.r.o.<\/title>\n<meta name=\"robots\" content=\"noindex, follow, max-snippet:-1, max-image-preview:large, max-video-preview:-1\" \/>\n<meta property=\"og:locale\" content=\"en_US\" \/>\n<meta property=\"og:type\" content=\"article\" \/>\n<meta property=\"og:title\" content=\"Contact - PRO MASK PRODUCTS s.r.o.\" \/>\n<meta property=\"og:description\" content=\"[vc_row full_width=&#8221;stretch_row_content_no_spaces&#8221;][vc_column][\/vc_column][\/vc_row][vc_row wrap_container=&#8221;yes&#8221; el_class=&#8221;m-t-md&#8221;][vc_column][\/vc_column][vc_column width=&#8221;1\/2&#8243; offset=&#8221;vc_col-lg-3 vc_col-md-3 vc_col-xs-12&#8243;][\/vc_column][vc_column width=&#8221;1\/2&#8243; offset=&#8221;vc_col-lg-3 vc_col-md-3 vc_col-xs-12&#8243;][\/vc_column][vc_column width=&#8221;1\/2&#8243; offset=&#8221;vc_col-lg-3 vc_col-md-3 vc_col-xs-12&#8243;][\/vc_column][vc_column width=&#8221;1\/2&#8243; offset=&#8221;vc_col-lg-3 vc_col-md-3 vc_col-xs-12&#8243;][\/vc_column][vc_column][vc_separator color=&#8221;custom&#8221; accent_color=&#8221;#e7e7e7&#8243; el_class=&#8221;mt-5 m-b-xlg pb-2&#8243;][\/vc_column][\/vc_row][vc_row wrap_container=&#8221;yes&#8221; el_class=&#8221;m-b-xxl p-b-sm&#8221;][vc_column offset=&#8221;vc_col-lg-6 vc_col-md-6&#8243;][vc_custom_heading text=&#8221;Send Us a Message&#8221; font_container=&#8221;tag:h2|font_size:24px|text_align:left&#8221; use_theme_fonts=&#8221;yes&#8221; el_class=&#8221;ls-negative-1 mb-3&#8243;][vc_raw_html]W2Zvcm1pZGFibGUgaWQ9IjIiXQ==[\/vc_raw_html][\/vc_column][vc_column offset=&#8221;vc_col-lg-6 vc_col-md-6&#8243; el_class=&#8221;mt-5 mt-lg-0&#8243;][\/vc_column][\/vc_row]\" \/>\n<meta property=\"og:url\" content=\"http:\/\/pm.dev-designatelier.cz\/en\/contact-us\/\" \/>\n<meta property=\"og:site_name\" content=\"PRO MASK PRODUCTS s.r.o.\" \/>\n<meta property=\"article:modified_time\" content=\"2022-04-23T16:04:24+00:00\" \/>\n<meta name=\"twitter:card\" content=\"summary_large_image\" \/>\n<meta name=\"twitter:label1\" content=\"Est. reading time\" \/>\n\t<meta name=\"twitter:data1\" content=\"1 minute\" \/>\n<script type=\"application\/ld+json\" class=\"yoast-schema-graph\">{\"@context\":\"https:\/\/schema.org\",\"@graph\":[{\"@type\":\"WebPage\",\"@id\":\"http:\/\/pm.dev-designatelier.cz\/en\/contact-us\/\",\"url\":\"http:\/\/pm.dev-designatelier.cz\/en\/contact-us\/\",\"name\":\"Contact - PRO MASK PRODUCTS s.r.o.\",\"isPartOf\":{\"@id\":\"http:\/\/pm.dev-designatelier.cz\/en\/#website\"},\"datePublished\":\"2021-11-16T14:17:30+00:00\",\"dateModified\":\"2022-04-23T16:04:24+00:00\",\"breadcrumb\":{\"@id\":\"http:\/\/pm.dev-designatelier.cz\/en\/contact-us\/#breadcrumb\"},\"inLanguage\":\"en-US\",\"potentialAction\":[{\"@type\":\"ReadAction\",\"target\":[\"http:\/\/pm.dev-designatelier.cz\/en\/contact-us\/\"]}]},{\"@type\":\"BreadcrumbList\",\"@id\":\"http:\/\/pm.dev-designatelier.cz\/en\/contact-us\/#breadcrumb\",\"itemListElement\":[{\"@type\":\"ListItem\",\"position\":1,\"name\":\"Home\",\"item\":\"http:\/\/pm.dev-designatelier.cz\/en\/\"},{\"@type\":\"ListItem\",\"position\":2,\"name\":\"Contact\"}]},{\"@type\":\"WebSite\",\"@id\":\"http:\/\/pm.dev-designatelier.cz\/en\/#website\",\"url\":\"http:\/\/pm.dev-designatelier.cz\/en\/\",\"name\":\"PRO MASK PRODUCTS s.r.o.\",\"description\":\"\",\"publisher\":{\"@id\":\"http:\/\/pm.dev-designatelier.cz\/en\/#organization\"},\"potentialAction\":[{\"@type\":\"SearchAction\",\"target\":{\"@type\":\"EntryPoint\",\"urlTemplate\":\"http:\/\/pm.dev-designatelier.cz\/en\/?s={search_term_string}\"},\"query-input\":\"required name=search_term_string\"}],\"inLanguage\":\"en-US\"},{\"@type\":\"Organization\",\"@id\":\"http:\/\/pm.dev-designatelier.cz\/en\/#organization\",\"name\":\"Pro Mask Products s.r.o.\",\"url\":\"http:\/\/pm.dev-designatelier.cz\/en\/\",\"logo\":{\"@type\":\"ImageObject\",\"inLanguage\":\"en-US\",\"@id\":\"http:\/\/pm.dev-designatelier.cz\/en\/#\/schema\/logo\/image\/\",\"url\":\"http:\/\/pm.dev-designatelier.cz\/wp-content\/uploads\/2021\/12\/logo_PMP.png\",\"contentUrl\":\"http:\/\/pm.dev-designatelier.cz\/wp-content\/uploads\/2021\/12\/logo_PMP.png\",\"width\":264,\"height\":110,\"caption\":\"Pro Mask Products s.r.o.\"},\"image\":{\"@id\":\"http:\/\/pm.dev-designatelier.cz\/en\/#\/schema\/logo\/image\/\"}}]}<\/script>\n<!-- \/ Yoast SEO plugin. -->","yoast_head_json":{"title":"Contact - PRO MASK PRODUCTS s.r.o.","robots":{"index":"noindex","follow":"follow","max-snippet":"max-snippet:-1","max-image-preview":"max-image-preview:large","max-video-preview":"max-video-preview:-1"},"og_locale":"en_US","og_type":"article","og_title":"Contact - PRO MASK PRODUCTS s.r.o.","og_description":"[vc_row full_width=&#8221;stretch_row_content_no_spaces&#8221;][vc_column][\/vc_column][\/vc_row][vc_row wrap_container=&#8221;yes&#8221; el_class=&#8221;m-t-md&#8221;][vc_column][\/vc_column][vc_column width=&#8221;1\/2&#8243; offset=&#8221;vc_col-lg-3 vc_col-md-3 vc_col-xs-12&#8243;][\/vc_column][vc_column width=&#8221;1\/2&#8243; offset=&#8221;vc_col-lg-3 vc_col-md-3 vc_col-xs-12&#8243;][\/vc_column][vc_column width=&#8221;1\/2&#8243; offset=&#8221;vc_col-lg-3 vc_col-md-3 vc_col-xs-12&#8243;][\/vc_column][vc_column width=&#8221;1\/2&#8243; offset=&#8221;vc_col-lg-3 vc_col-md-3 vc_col-xs-12&#8243;][\/vc_column][vc_column][vc_separator color=&#8221;custom&#8221; accent_color=&#8221;#e7e7e7&#8243; el_class=&#8221;mt-5 m-b-xlg pb-2&#8243;][\/vc_column][\/vc_row][vc_row wrap_container=&#8221;yes&#8221; el_class=&#8221;m-b-xxl p-b-sm&#8221;][vc_column offset=&#8221;vc_col-lg-6 vc_col-md-6&#8243;][vc_custom_heading text=&#8221;Send Us a Message&#8221; font_container=&#8221;tag:h2|font_size:24px|text_align:left&#8221; use_theme_fonts=&#8221;yes&#8221; el_class=&#8221;ls-negative-1 mb-3&#8243;][vc_raw_html]W2Zvcm1pZGFibGUgaWQ9IjIiXQ==[\/vc_raw_html][\/vc_column][vc_column offset=&#8221;vc_col-lg-6 vc_col-md-6&#8243; el_class=&#8221;mt-5 mt-lg-0&#8243;][\/vc_column][\/vc_row]","og_url":"http:\/\/pm.dev-designatelier.cz\/en\/contact-us\/","og_site_name":"PRO MASK PRODUCTS s.r.o.","article_modified_time":"2022-04-23T16:04:24+00:00","twitter_card":"summary_large_image","twitter_misc":{"Est. reading time":"1 minute"},"schema":{"@context":"https:\/\/schema.org","@graph":[{"@type":"WebPage","@id":"http:\/\/pm.dev-designatelier.cz\/en\/contact-us\/","url":"http:\/\/pm.dev-designatelier.cz\/en\/contact-us\/","name":"Contact - PRO MASK PRODUCTS s.r.o.","isPartOf":{"@id":"http:\/\/pm.dev-designatelier.cz\/en\/#website"},"datePublished":"2021-11-16T14:17:30+00:00","dateModified":"2022-04-23T16:04:24+00:00","breadcrumb":{"@id":"http:\/\/pm.dev-designatelier.cz\/en\/contact-us\/#breadcrumb"},"inLanguage":"en-US","potentialAction":[{"@type":"ReadAction","target":["http:\/\/pm.dev-designatelier.cz\/en\/contact-us\/"]}]},{"@type":"BreadcrumbList","@id":"http:\/\/pm.dev-designatelier.cz\/en\/contact-us\/#breadcrumb","itemListElement":[{"@type":"ListItem","position":1,"name":"Home","item":"http:\/\/pm.dev-designatelier.cz\/en\/"},{"@type":"ListItem","position":2,"name":"Contact"}]},{"@type":"WebSite","@id":"http:\/\/pm.dev-designatelier.cz\/en\/#website","url":"http:\/\/pm.dev-designatelier.cz\/en\/","name":"PRO MASK PRODUCTS s.r.o.","description":"","publisher":{"@id":"http:\/\/pm.dev-designatelier.cz\/en\/#organization"},"potentialAction":[{"@type":"SearchAction","target":{"@type":"EntryPoint","urlTemplate":"http:\/\/pm.dev-designatelier.cz\/en\/?s={search_term_string}"},"query-input":"required name=search_term_string"}],"inLanguage":"en-US"},{"@type":"Organization","@id":"http:\/\/pm.dev-designatelier.cz\/en\/#organization","name":"Pro Mask Products s.r.o.","url":"http:\/\/pm.dev-designatelier.cz\/en\/","logo":{"@type":"ImageObject","inLanguage":"en-US","@id":"http:\/\/pm.dev-designatelier.cz\/en\/#\/schema\/logo\/image\/","url":"http:\/\/pm.dev-designatelier.cz\/wp-content\/uploads\/2021\/12\/logo_PMP.png","contentUrl":"http:\/\/pm.dev-designatelier.cz\/wp-content\/uploads\/2021\/12\/logo_PMP.png","width":264,"height":110,"caption":"Pro Mask Products s.r.o."},"image":{"@id":"http:\/\/pm.dev-designatelier.cz\/en\/#\/schema\/logo\/image\/"}}]}},"_links":{"self":[{"href":"http:\/\/pm.dev-designatelier.cz\/en\/wp-json\/wp\/v2\/pages\/2662"}],"collection":[{"href":"http:\/\/pm.dev-designatelier.cz\/en\/wp-json\/wp\/v2\/pages"}],"about":[{"href":"http:\/\/pm.dev-designatelier.cz\/en\/wp-json\/wp\/v2\/types\/page"}],"author":[{"embeddable":true,"href":"http:\/\/pm.dev-designatelier.cz\/en\/wp-json\/wp\/v2\/users\/2"}],"replies":[{"embeddable":true,"href":"http:\/\/pm.dev-designatelier.cz\/en\/wp-json\/wp\/v2\/comments?post=2662"}],"version-history":[{"count":0,"href":"http:\/\/pm.dev-designatelier.cz\/en\/wp-json\/wp\/v2\/pages\/2662\/revisions"}],"wp:attachment":[{"href":"http:\/\/pm.dev-designatelier.cz\/en\/wp-json\/wp\/v2\/media?parent=2662"}],"curies":[{"name":"wp","href":"https:\/\/api.w.org\/{rel}","templated":true}]}}